{"id":213035,"date":"2025-10-13T12:39:12","date_gmt":"2025-10-13T10:39:12","guid":{"rendered":"https:\/\/www.voustensports.com\/c-p-company-rollkragenpullover-grau-41736\/"},"modified":"2026-04-07T06:30:05","modified_gmt":"2026-04-07T04:30:05","slug":"c-p-company-rollkragenpullover-grau-41736","status":"publish","type":"product","link":"https:\/\/www.voustensports.com\/de\/c-p-company-rollkragenpullover-grau-41736\/","title":{"rendered":"C.P. Company &#8211; Rollkragenpullover grau (41736)"},"content":{"rendered":"<div>PRODUKTDETAILS<\/div>\n<div>Rollkragenpullover aus extrafeiner Merinowolle. Der Strick ist mit der ikonischen Linse von C.P. Company verziert. Abgerundet mit gerippten B\u00fcndchen und Saum. Maschenweite 3. Normale Passform.<\/div>\n<div><\/div>\n<div>STIL<\/div>\n<ul>\n<li>Gerippter Rollkragen<\/li>\n<li>Linsendetail<\/li>\n<li>Gerippte B\u00fcndchen und Saum<\/li>\n<li>Maschenweite 3<\/li>\n<li>Normale Passform<\/li>\n<\/ul>\n<div>ZUSAMMENSETZUNG<\/div>\n<ul>\n<li>Au\u00dfenmaterial: 85 % Wolle, 13 % Polyamid\/Nylon, 2 % Elastan\/Spandex<\/li>\n<\/ul>\n","protected":false},"excerpt":{"rendered":"<p>PRODUKTDETAILS Rollkragenpullover aus extrafeiner Merinowolle. Der Strick ist mit der ikonischen Linse von C.P. Company verziert. Abgerundet mit gerippten B\u00fcndchen und Saum. Maschenweite 3. Normale Passform. STIL Gerippter Rollkragen Linsendetail Gerippte B\u00fcndchen und Saum Maschenweite 3 Normale Passform ZUSAMMENSETZUNG Au\u00dfenmaterial: 85 % Wolle, 13 % Polyamid\/Nylon, 2 % Elastan\/Spandex<\/p>\n","protected":false},"featured_media":213019,"comment_status":"open","ping_status":"closed","template":"","meta":{"rank_math_lock_modified_date":false},"product_cat":[439,447,451,463,535,539,695,698],"product_tag":[],"class_list":{"0":"post-213035","1":"product","2":"type-product","3":"status-publish","4":"has-post-thumbnail","6":"product_cat-cp-company-de","7":"product_cat-kleding-de","8":"product_cat-heren-de","9":"product_cat-vousten-sports-de-2","10":"product_cat-truien-de-2","11":"product_cat-knitwear-de","12":"product_cat-truien-vesten-de-2","13":"product_cat-sweaters-de-2","15":"first","16":"instock","17":"taxable","18":"shipping-taxable","19":"purchasable","20":"product-type-variable"},"acf":[],"yoast_head":"<!-- This site is optimized with the Yoast SEO plugin v23.9 - https:\/\/yoast.com\/wordpress\/plugins\/seo\/ -->\n<title>C.P. Company - Rollkragenpullover grau (41736) - Vousten Sports<\/title>\n<meta name=\"robots\" content=\"index, follow, max-snippet:-1, max-image-preview:large, max-video-preview:-1\" \/>\n<link rel=\"canonical\" href=\"https:\/\/www.voustensports.com\/de\/c-p-company-rollkragenpullover-grau-41736\/\" \/>\n<meta property=\"og:locale\" content=\"de_DE\" \/>\n<meta property=\"og:type\" content=\"article\" \/>\n<meta property=\"og:title\" content=\"C.P. Company - Rollkragenpullover grau (41736) - Vousten Sports\" \/>\n<meta property=\"og:description\" content=\"PRODUKTDETAILS Rollkragenpullover aus extrafeiner Merinowolle. Der Strick ist mit der ikonischen Linse von C.P. Company verziert. Abgerundet mit gerippten B\u00fcndchen und Saum. Maschenweite 3. Normale Passform. STIL Gerippter Rollkragen Linsendetail Gerippte B\u00fcndchen und Saum Maschenweite 3 Normale Passform ZUSAMMENSETZUNG Au\u00dfenmaterial: 85 % Wolle, 13 % Polyamid\/Nylon, 2 % Elastan\/Spandex\" \/>\n<meta property=\"og:url\" content=\"https:\/\/www.voustensports.com\/de\/c-p-company-rollkragenpullover-grau-41736\/\" \/>\n<meta property=\"og:site_name\" content=\"Vousten Sports\" \/>\n<meta property=\"article:modified_time\" content=\"2026-04-07T04:30:05+00:00\" \/>\n<meta property=\"og:image\" content=\"https:\/\/www.voustensports.com\/wp-content\/uploads\/2023\/06\/Mockneck-sweater-grijs-417361.jpg\" \/>\n\t<meta property=\"og:image:width\" content=\"1638\" \/>\n\t<meta property=\"og:image:height\" content=\"2048\" \/>\n\t<meta property=\"og:image:type\" content=\"image\/jpeg\" \/>\n<meta name=\"twitter:card\" content=\"summary_large_image\" \/>\n<script type=\"application\/ld+json\" class=\"yoast-schema-graph\">{\"@context\":\"https:\/\/schema.org\",\"@graph\":[{\"@type\":\"WebPage\",\"@id\":\"https:\/\/www.voustensports.com\/de\/c-p-company-rollkragenpullover-grau-41736\/\",\"url\":\"https:\/\/www.voustensports.com\/de\/c-p-company-rollkragenpullover-grau-41736\/\",\"name\":\"C.P. Company - Rollkragenpullover grau (41736) - Vousten Sports\",\"isPartOf\":{\"@id\":\"https:\/\/www.voustensports.com\/nl\/#website\"},\"primaryImageOfPage\":{\"@id\":\"https:\/\/www.voustensports.com\/de\/c-p-company-rollkragenpullover-grau-41736\/#primaryimage\"},\"image\":{\"@id\":\"https:\/\/www.voustensports.com\/de\/c-p-company-rollkragenpullover-grau-41736\/#primaryimage\"},\"thumbnailUrl\":\"https:\/\/www.voustensports.com\/wp-content\/uploads\/2023\/06\/Mockneck-sweater-grijs-417361.jpg\",\"datePublished\":\"2025-10-13T10:39:12+00:00\",\"dateModified\":\"2026-04-07T04:30:05+00:00\",\"breadcrumb\":{\"@id\":\"https:\/\/www.voustensports.com\/de\/c-p-company-rollkragenpullover-grau-41736\/#breadcrumb\"},\"inLanguage\":\"de-DE\",\"potentialAction\":[{\"@type\":\"ReadAction\",\"target\":[\"https:\/\/www.voustensports.com\/de\/c-p-company-rollkragenpullover-grau-41736\/\"]}]},{\"@type\":\"ImageObject\",\"inLanguage\":\"de-DE\",\"@id\":\"https:\/\/www.voustensports.com\/de\/c-p-company-rollkragenpullover-grau-41736\/#primaryimage\",\"url\":\"https:\/\/www.voustensports.com\/wp-content\/uploads\/2023\/06\/Mockneck-sweater-grijs-417361.jpg\",\"contentUrl\":\"https:\/\/www.voustensports.com\/wp-content\/uploads\/2023\/06\/Mockneck-sweater-grijs-417361.jpg\",\"width\":1638,\"height\":2048},{\"@type\":\"BreadcrumbList\",\"@id\":\"https:\/\/www.voustensports.com\/de\/c-p-company-rollkragenpullover-grau-41736\/#breadcrumb\",\"itemListElement\":[{\"@type\":\"ListItem\",\"position\":1,\"name\":\"Home\",\"item\":\"https:\/\/www.voustensports.com\/de\/\"},{\"@type\":\"ListItem\",\"position\":2,\"name\":\"Shop\",\"item\":\"https:\/\/www.voustensports.com\/de\/shop\/\"},{\"@type\":\"ListItem\",\"position\":3,\"name\":\"C.P. Company &#8211; Rollkragenpullover grau (41736)\"}]},{\"@type\":\"WebSite\",\"@id\":\"https:\/\/www.voustensports.com\/nl\/#website\",\"url\":\"https:\/\/www.voustensports.com\/nl\/\",\"name\":\"Vousten Sports\",\"description\":\"\",\"potentialAction\":[{\"@type\":\"SearchAction\",\"target\":{\"@type\":\"EntryPoint\",\"urlTemplate\":\"https:\/\/www.voustensports.com\/nl\/?s={search_term_string}\"},\"query-input\":{\"@type\":\"PropertyValueSpecification\",\"valueRequired\":true,\"valueName\":\"search_term_string\"}}],\"inLanguage\":\"de-DE\"}]}<\/script>\n<!-- \/ Yoast SEO plugin. -->","yoast_head_json":{"title":"C.P. Company - Rollkragenpullover grau (41736) - Vousten Sports","robots":{"index":"index","follow":"follow","max-snippet":"max-snippet:-1","max-image-preview":"max-image-preview:large","max-video-preview":"max-video-preview:-1"},"canonical":"https:\/\/www.voustensports.com\/de\/c-p-company-rollkragenpullover-grau-41736\/","og_locale":"de_DE","og_type":"article","og_title":"C.P. Company - Rollkragenpullover grau (41736) - Vousten Sports","og_description":"PRODUKTDETAILS Rollkragenpullover aus extrafeiner Merinowolle. Der Strick ist mit der ikonischen Linse von C.P. Company verziert. Abgerundet mit gerippten B\u00fcndchen und Saum. Maschenweite 3. Normale Passform. STIL Gerippter Rollkragen Linsendetail Gerippte B\u00fcndchen und Saum Maschenweite 3 Normale Passform ZUSAMMENSETZUNG Au\u00dfenmaterial: 85 % Wolle, 13 % Polyamid\/Nylon, 2 % Elastan\/Spandex","og_url":"https:\/\/www.voustensports.com\/de\/c-p-company-rollkragenpullover-grau-41736\/","og_site_name":"Vousten Sports","article_modified_time":"2026-04-07T04:30:05+00:00","og_image":[{"width":1638,"height":2048,"url":"https:\/\/www.voustensports.com\/wp-content\/uploads\/2023\/06\/Mockneck-sweater-grijs-417361.jpg","type":"image\/jpeg"}],"twitter_card":"summary_large_image","schema":{"@context":"https:\/\/schema.org","@graph":[{"@type":"WebPage","@id":"https:\/\/www.voustensports.com\/de\/c-p-company-rollkragenpullover-grau-41736\/","url":"https:\/\/www.voustensports.com\/de\/c-p-company-rollkragenpullover-grau-41736\/","name":"C.P. Company - Rollkragenpullover grau (41736) - Vousten Sports","isPartOf":{"@id":"https:\/\/www.voustensports.com\/nl\/#website"},"primaryImageOfPage":{"@id":"https:\/\/www.voustensports.com\/de\/c-p-company-rollkragenpullover-grau-41736\/#primaryimage"},"image":{"@id":"https:\/\/www.voustensports.com\/de\/c-p-company-rollkragenpullover-grau-41736\/#primaryimage"},"thumbnailUrl":"https:\/\/www.voustensports.com\/wp-content\/uploads\/2023\/06\/Mockneck-sweater-grijs-417361.jpg","datePublished":"2025-10-13T10:39:12+00:00","dateModified":"2026-04-07T04:30:05+00:00","breadcrumb":{"@id":"https:\/\/www.voustensports.com\/de\/c-p-company-rollkragenpullover-grau-41736\/#breadcrumb"},"inLanguage":"de-DE","potentialAction":[{"@type":"ReadAction","target":["https:\/\/www.voustensports.com\/de\/c-p-company-rollkragenpullover-grau-41736\/"]}]},{"@type":"ImageObject","inLanguage":"de-DE","@id":"https:\/\/www.voustensports.com\/de\/c-p-company-rollkragenpullover-grau-41736\/#primaryimage","url":"https:\/\/www.voustensports.com\/wp-content\/uploads\/2023\/06\/Mockneck-sweater-grijs-417361.jpg","contentUrl":"https:\/\/www.voustensports.com\/wp-content\/uploads\/2023\/06\/Mockneck-sweater-grijs-417361.jpg","width":1638,"height":2048},{"@type":"BreadcrumbList","@id":"https:\/\/www.voustensports.com\/de\/c-p-company-rollkragenpullover-grau-41736\/#breadcrumb","itemListElement":[{"@type":"ListItem","position":1,"name":"Home","item":"https:\/\/www.voustensports.com\/de\/"},{"@type":"ListItem","position":2,"name":"Shop","item":"https:\/\/www.voustensports.com\/de\/shop\/"},{"@type":"ListItem","position":3,"name":"C.P. Company &#8211; Rollkragenpullover grau (41736)"}]},{"@type":"WebSite","@id":"https:\/\/www.voustensports.com\/nl\/#website","url":"https:\/\/www.voustensports.com\/nl\/","name":"Vousten Sports","description":"","potentialAction":[{"@type":"SearchAction","target":{"@type":"EntryPoint","urlTemplate":"https:\/\/www.voustensports.com\/nl\/?s={search_term_string}"},"query-input":{"@type":"PropertyValueSpecification","valueRequired":true,"valueName":"search_term_string"}}],"inLanguage":"de-DE"}]}},"_links":{"self":[{"href":"https:\/\/www.voustensports.com\/de\/wp-json\/wp\/v2\/product\/213035","targetHints":{"allow":["GET"]}}],"collection":[{"href":"https:\/\/www.voustensports.com\/de\/wp-json\/wp\/v2\/product"}],"about":[{"href":"https:\/\/www.voustensports.com\/de\/wp-json\/wp\/v2\/types\/product"}],"replies":[{"embeddable":true,"href":"https:\/\/www.voustensports.com\/de\/wp-json\/wp\/v2\/comments?post=213035"}],"wp:featuredmedia":[{"embeddable":true,"href":"https:\/\/www.voustensports.com\/de\/wp-json\/wp\/v2\/media\/213019"}],"wp:attachment":[{"href":"https:\/\/www.voustensports.com\/de\/wp-json\/wp\/v2\/media?parent=213035"}],"wp:term":[{"taxonomy":"product_cat","embeddable":true,"href":"https:\/\/www.voustensports.com\/de\/wp-json\/wp\/v2\/product_cat?post=213035"},{"taxonomy":"product_tag","embeddable":true,"href":"https:\/\/www.voustensports.com\/de\/wp-json\/wp\/v2\/product_tag?post=213035"}],"curies":[{"name":"wp","href":"https:\/\/api.w.org\/{rel}","templated":true}]}}