{"id":212928,"date":"2025-10-13T03:00:17","date_gmt":"2025-10-13T01:00:17","guid":{"rendered":"https:\/\/www.voustensports.com\/c-p-company-halbreisverschluss-pullover-grau-41724\/"},"modified":"2026-04-07T06:30:07","modified_gmt":"2026-04-07T04:30:07","slug":"c-p-company-halbreisverschluss-pullover-grau-41724","status":"publish","type":"product","link":"https:\/\/www.voustensports.com\/de\/c-p-company-halbreisverschluss-pullover-grau-41724\/","title":{"rendered":"C.P. Company &#8211; Halbrei\u00dfverschluss-Pullover grau (41724)"},"content":{"rendered":"<div>PRODUKTDETAILS<\/div>\n<div>Halbrei\u00dfverschluss-Pullover aus Re-Wool, einer extrafeinen Merinowollmischung, zertifiziert nach dem Responsible Wool Standard (RWS), kombiniert mit recyceltem Polyester, zertifiziert nach dem Global Recycled Standard (GRS). Der Strick verf\u00fcgt \u00fcber einen gerippten Kragen und das ikonische C.P. Company-Logo. Abgerundet wird das Design durch gerippte B\u00fcndchen und Saum. Maschenweite 12. Normale Passform.<\/div>\n<div><\/div>\n<div>STYLE<\/div>\n<ul>\n<li>Gerippter Kragen<\/li>\n<li>Halbrei\u00dfverschluss<\/li>\n<li>Logo-Detail<\/li>\n<li>Gerippte B\u00fcndchen und Saum<\/li>\n<li>12-Gauge-Strick<\/li>\n<li>Normale Passform<\/li>\n<\/ul>\n<div>ZUSAMMENSETZUNG<\/div>\n<ul>\n<li>Au\u00dfenmaterial: 55 % Schurwolle, 45 % Polyester<\/li>\n<\/ul>\n","protected":false},"excerpt":{"rendered":"<p>PRODUKTDETAILS Halbrei\u00dfverschluss-Pullover aus Re-Wool, einer extrafeinen Merinowollmischung, zertifiziert nach dem Responsible Wool Standard (RWS), kombiniert mit recyceltem Polyester, zertifiziert nach dem Global Recycled Standard (GRS). Der Strick verf\u00fcgt \u00fcber einen gerippten Kragen und das ikonische C.P. Company-Logo. Abgerundet wird das Design durch gerippte B\u00fcndchen und Saum. Maschenweite 12. Normale Passform. STYLE Gerippter Kragen Halbrei\u00dfverschluss Logo-Detail [&#8230;]\n","protected":false},"featured_media":212912,"comment_status":"open","ping_status":"closed","template":"","meta":{"rank_math_lock_modified_date":false},"product_cat":[439,447,451,463,535,539,695,698],"product_tag":[],"class_list":{"0":"post-212928","1":"product","2":"type-product","3":"status-publish","4":"has-post-thumbnail","6":"product_cat-cp-company-de","7":"product_cat-kleding-de","8":"product_cat-heren-de","9":"product_cat-vousten-sports-de-2","10":"product_cat-truien-de-2","11":"product_cat-knitwear-de","12":"product_cat-truien-vesten-de-2","13":"product_cat-sweaters-de-2","15":"first","16":"instock","17":"taxable","18":"shipping-taxable","19":"purchasable","20":"product-type-variable"},"acf":[],"yoast_head":"<!-- This site is optimized with the Yoast SEO plugin v23.9 - https:\/\/yoast.com\/wordpress\/plugins\/seo\/ -->\n<title>C.P. Company - Halbrei\u00dfverschluss-Pullover grau (41724) - Vousten Sports<\/title>\n<meta name=\"robots\" content=\"index, follow, max-snippet:-1, max-image-preview:large, max-video-preview:-1\" \/>\n<link rel=\"canonical\" href=\"https:\/\/www.voustensports.com\/de\/c-p-company-halbreisverschluss-pullover-grau-41724\/\" \/>\n<meta property=\"og:locale\" content=\"de_DE\" \/>\n<meta property=\"og:type\" content=\"article\" \/>\n<meta property=\"og:title\" content=\"C.P. Company - Halbrei\u00dfverschluss-Pullover grau (41724) - Vousten Sports\" \/>\n<meta property=\"og:description\" content=\"PRODUKTDETAILS Halbrei\u00dfverschluss-Pullover aus Re-Wool, einer extrafeinen Merinowollmischung, zertifiziert nach dem Responsible Wool Standard (RWS), kombiniert mit recyceltem Polyester, zertifiziert nach dem Global Recycled Standard (GRS). Der Strick verf\u00fcgt \u00fcber einen gerippten Kragen und das ikonische C.P. Company-Logo. Abgerundet wird das Design durch gerippte B\u00fcndchen und Saum. Maschenweite 12. Normale Passform. STYLE Gerippter Kragen Halbrei\u00dfverschluss Logo-Detail [...]\" \/>\n<meta property=\"og:url\" content=\"https:\/\/www.voustensports.com\/de\/c-p-company-halbreisverschluss-pullover-grau-41724\/\" \/>\n<meta property=\"og:site_name\" content=\"Vousten Sports\" \/>\n<meta property=\"article:modified_time\" content=\"2026-04-07T04:30:07+00:00\" \/>\n<meta property=\"og:image\" content=\"https:\/\/www.voustensports.com\/wp-content\/uploads\/2023\/06\/Half-Zip-Sweater-grijs-417241.jpg\" \/>\n\t<meta property=\"og:image:width\" content=\"1638\" \/>\n\t<meta property=\"og:image:height\" content=\"2048\" \/>\n\t<meta property=\"og:image:type\" content=\"image\/jpeg\" \/>\n<meta name=\"twitter:card\" content=\"summary_large_image\" \/>\n<script type=\"application\/ld+json\" class=\"yoast-schema-graph\">{\"@context\":\"https:\/\/schema.org\",\"@graph\":[{\"@type\":\"WebPage\",\"@id\":\"https:\/\/www.voustensports.com\/de\/c-p-company-halbreisverschluss-pullover-grau-41724\/\",\"url\":\"https:\/\/www.voustensports.com\/de\/c-p-company-halbreisverschluss-pullover-grau-41724\/\",\"name\":\"C.P. Company - Halbrei\u00dfverschluss-Pullover grau (41724) - Vousten Sports\",\"isPartOf\":{\"@id\":\"https:\/\/www.voustensports.com\/nl\/#website\"},\"primaryImageOfPage\":{\"@id\":\"https:\/\/www.voustensports.com\/de\/c-p-company-halbreisverschluss-pullover-grau-41724\/#primaryimage\"},\"image\":{\"@id\":\"https:\/\/www.voustensports.com\/de\/c-p-company-halbreisverschluss-pullover-grau-41724\/#primaryimage\"},\"thumbnailUrl\":\"https:\/\/www.voustensports.com\/wp-content\/uploads\/2023\/06\/Half-Zip-Sweater-grijs-417241.jpg\",\"datePublished\":\"2025-10-13T01:00:17+00:00\",\"dateModified\":\"2026-04-07T04:30:07+00:00\",\"breadcrumb\":{\"@id\":\"https:\/\/www.voustensports.com\/de\/c-p-company-halbreisverschluss-pullover-grau-41724\/#breadcrumb\"},\"inLanguage\":\"de-DE\",\"potentialAction\":[{\"@type\":\"ReadAction\",\"target\":[\"https:\/\/www.voustensports.com\/de\/c-p-company-halbreisverschluss-pullover-grau-41724\/\"]}]},{\"@type\":\"ImageObject\",\"inLanguage\":\"de-DE\",\"@id\":\"https:\/\/www.voustensports.com\/de\/c-p-company-halbreisverschluss-pullover-grau-41724\/#primaryimage\",\"url\":\"https:\/\/www.voustensports.com\/wp-content\/uploads\/2023\/06\/Half-Zip-Sweater-grijs-417241.jpg\",\"contentUrl\":\"https:\/\/www.voustensports.com\/wp-content\/uploads\/2023\/06\/Half-Zip-Sweater-grijs-417241.jpg\",\"width\":1638,\"height\":2048},{\"@type\":\"BreadcrumbList\",\"@id\":\"https:\/\/www.voustensports.com\/de\/c-p-company-halbreisverschluss-pullover-grau-41724\/#breadcrumb\",\"itemListElement\":[{\"@type\":\"ListItem\",\"position\":1,\"name\":\"Home\",\"item\":\"https:\/\/www.voustensports.com\/de\/\"},{\"@type\":\"ListItem\",\"position\":2,\"name\":\"Shop\",\"item\":\"https:\/\/www.voustensports.com\/de\/shop\/\"},{\"@type\":\"ListItem\",\"position\":3,\"name\":\"C.P. Company &#8211; Halbrei\u00dfverschluss-Pullover grau (41724)\"}]},{\"@type\":\"WebSite\",\"@id\":\"https:\/\/www.voustensports.com\/nl\/#website\",\"url\":\"https:\/\/www.voustensports.com\/nl\/\",\"name\":\"Vousten Sports\",\"description\":\"\",\"potentialAction\":[{\"@type\":\"SearchAction\",\"target\":{\"@type\":\"EntryPoint\",\"urlTemplate\":\"https:\/\/www.voustensports.com\/nl\/?s={search_term_string}\"},\"query-input\":{\"@type\":\"PropertyValueSpecification\",\"valueRequired\":true,\"valueName\":\"search_term_string\"}}],\"inLanguage\":\"de-DE\"}]}<\/script>\n<!-- \/ Yoast SEO plugin. -->","yoast_head_json":{"title":"C.P. Company - Halbrei\u00dfverschluss-Pullover grau (41724) - Vousten Sports","robots":{"index":"index","follow":"follow","max-snippet":"max-snippet:-1","max-image-preview":"max-image-preview:large","max-video-preview":"max-video-preview:-1"},"canonical":"https:\/\/www.voustensports.com\/de\/c-p-company-halbreisverschluss-pullover-grau-41724\/","og_locale":"de_DE","og_type":"article","og_title":"C.P. Company - Halbrei\u00dfverschluss-Pullover grau (41724) - Vousten Sports","og_description":"PRODUKTDETAILS Halbrei\u00dfverschluss-Pullover aus Re-Wool, einer extrafeinen Merinowollmischung, zertifiziert nach dem Responsible Wool Standard (RWS), kombiniert mit recyceltem Polyester, zertifiziert nach dem Global Recycled Standard (GRS). Der Strick verf\u00fcgt \u00fcber einen gerippten Kragen und das ikonische C.P. Company-Logo. Abgerundet wird das Design durch gerippte B\u00fcndchen und Saum. Maschenweite 12. Normale Passform. STYLE Gerippter Kragen Halbrei\u00dfverschluss Logo-Detail [...]","og_url":"https:\/\/www.voustensports.com\/de\/c-p-company-halbreisverschluss-pullover-grau-41724\/","og_site_name":"Vousten Sports","article_modified_time":"2026-04-07T04:30:07+00:00","og_image":[{"width":1638,"height":2048,"url":"https:\/\/www.voustensports.com\/wp-content\/uploads\/2023\/06\/Half-Zip-Sweater-grijs-417241.jpg","type":"image\/jpeg"}],"twitter_card":"summary_large_image","schema":{"@context":"https:\/\/schema.org","@graph":[{"@type":"WebPage","@id":"https:\/\/www.voustensports.com\/de\/c-p-company-halbreisverschluss-pullover-grau-41724\/","url":"https:\/\/www.voustensports.com\/de\/c-p-company-halbreisverschluss-pullover-grau-41724\/","name":"C.P. Company - Halbrei\u00dfverschluss-Pullover grau (41724) - Vousten Sports","isPartOf":{"@id":"https:\/\/www.voustensports.com\/nl\/#website"},"primaryImageOfPage":{"@id":"https:\/\/www.voustensports.com\/de\/c-p-company-halbreisverschluss-pullover-grau-41724\/#primaryimage"},"image":{"@id":"https:\/\/www.voustensports.com\/de\/c-p-company-halbreisverschluss-pullover-grau-41724\/#primaryimage"},"thumbnailUrl":"https:\/\/www.voustensports.com\/wp-content\/uploads\/2023\/06\/Half-Zip-Sweater-grijs-417241.jpg","datePublished":"2025-10-13T01:00:17+00:00","dateModified":"2026-04-07T04:30:07+00:00","breadcrumb":{"@id":"https:\/\/www.voustensports.com\/de\/c-p-company-halbreisverschluss-pullover-grau-41724\/#breadcrumb"},"inLanguage":"de-DE","potentialAction":[{"@type":"ReadAction","target":["https:\/\/www.voustensports.com\/de\/c-p-company-halbreisverschluss-pullover-grau-41724\/"]}]},{"@type":"ImageObject","inLanguage":"de-DE","@id":"https:\/\/www.voustensports.com\/de\/c-p-company-halbreisverschluss-pullover-grau-41724\/#primaryimage","url":"https:\/\/www.voustensports.com\/wp-content\/uploads\/2023\/06\/Half-Zip-Sweater-grijs-417241.jpg","contentUrl":"https:\/\/www.voustensports.com\/wp-content\/uploads\/2023\/06\/Half-Zip-Sweater-grijs-417241.jpg","width":1638,"height":2048},{"@type":"BreadcrumbList","@id":"https:\/\/www.voustensports.com\/de\/c-p-company-halbreisverschluss-pullover-grau-41724\/#breadcrumb","itemListElement":[{"@type":"ListItem","position":1,"name":"Home","item":"https:\/\/www.voustensports.com\/de\/"},{"@type":"ListItem","position":2,"name":"Shop","item":"https:\/\/www.voustensports.com\/de\/shop\/"},{"@type":"ListItem","position":3,"name":"C.P. Company &#8211; Halbrei\u00dfverschluss-Pullover grau (41724)"}]},{"@type":"WebSite","@id":"https:\/\/www.voustensports.com\/nl\/#website","url":"https:\/\/www.voustensports.com\/nl\/","name":"Vousten Sports","description":"","potentialAction":[{"@type":"SearchAction","target":{"@type":"EntryPoint","urlTemplate":"https:\/\/www.voustensports.com\/nl\/?s={search_term_string}"},"query-input":{"@type":"PropertyValueSpecification","valueRequired":true,"valueName":"search_term_string"}}],"inLanguage":"de-DE"}]}},"_links":{"self":[{"href":"https:\/\/www.voustensports.com\/de\/wp-json\/wp\/v2\/product\/212928","targetHints":{"allow":["GET"]}}],"collection":[{"href":"https:\/\/www.voustensports.com\/de\/wp-json\/wp\/v2\/product"}],"about":[{"href":"https:\/\/www.voustensports.com\/de\/wp-json\/wp\/v2\/types\/product"}],"replies":[{"embeddable":true,"href":"https:\/\/www.voustensports.com\/de\/wp-json\/wp\/v2\/comments?post=212928"}],"wp:featuredmedia":[{"embeddable":true,"href":"https:\/\/www.voustensports.com\/de\/wp-json\/wp\/v2\/media\/212912"}],"wp:attachment":[{"href":"https:\/\/www.voustensports.com\/de\/wp-json\/wp\/v2\/media?parent=212928"}],"wp:term":[{"taxonomy":"product_cat","embeddable":true,"href":"https:\/\/www.voustensports.com\/de\/wp-json\/wp\/v2\/product_cat?post=212928"},{"taxonomy":"product_tag","embeddable":true,"href":"https:\/\/www.voustensports.com\/de\/wp-json\/wp\/v2\/product_tag?post=212928"}],"curies":[{"name":"wp","href":"https:\/\/api.w.org\/{rel}","templated":true}]}}