{"id":212892,"date":"2025-10-13T01:15:11","date_gmt":"2025-10-12T23:15:11","guid":{"rendered":"https:\/\/www.voustensports.com\/c-p-company-pullover-mit-halbem-reisverschluss-hellgrau-41724\/"},"modified":"2026-04-07T06:03:05","modified_gmt":"2026-04-07T04:03:05","slug":"c-p-company-pullover-mit-halbem-reisverschluss-hellgrau-41724","status":"publish","type":"product","link":"https:\/\/www.voustensports.com\/de\/c-p-company-pullover-mit-halbem-reisverschluss-hellgrau-41724\/","title":{"rendered":"C.P. Company &#8211; Pullover mit halbem Rei\u00dfverschluss hellgrau (41724)"},"content":{"rendered":"<div>PRODUKTDETAILS<\/div>\n<div>Sweatshirt mit halbem Rei\u00dfverschluss aus geb\u00fcrstetem und geschmirgeltem, diagonal gewebtem Gaze-Fleece. Das weiche Material sorgt f\u00fcr Tragekomfort und Bewegungsfreiheit. Das Sweatshirt ist mit dem ikonischen Objektiv von C.P. Company sowie gerippten B\u00fcndchen und Saum versehen. Das Resist-Dyed-Verfahren verwendet Direktf\u00e4rbungen auf mit kationischem Harz vorbehandelten Kleidungsst\u00fccken, wodurch ein unregelm\u00e4\u00dfiger Farbeffekt entsteht, der Textur und Details hervorhebt. Normale Passform.<\/div>\n<div><\/div>\n<div>STYLE<\/div>\n<ul>\n<li>Halbrei\u00dfverschluss<\/li>\n<li>Objektivdetail<\/li>\n<li>Gerippte B\u00fcndchen und Saum<\/li>\n<li>Resist-Dyed<\/li>\n<li>Normale Passform<\/li>\n<\/ul>\n<div>ZUSAMMENSETZUNG<\/div>\n<ul>\n<li>Au\u00dfenmaterial: 100 % Baumwolle<\/li>\n<\/ul>\n","protected":false},"excerpt":{"rendered":"<p>PRODUKTDETAILS Sweatshirt mit halbem Rei\u00dfverschluss aus geb\u00fcrstetem und geschmirgeltem, diagonal gewebtem Gaze-Fleece. Das weiche Material sorgt f\u00fcr Tragekomfort und Bewegungsfreiheit. Das Sweatshirt ist mit dem ikonischen Objektiv von C.P. Company sowie gerippten B\u00fcndchen und Saum versehen. Das Resist-Dyed-Verfahren verwendet Direktf\u00e4rbungen auf mit kationischem Harz vorbehandelten Kleidungsst\u00fccken, wodurch ein unregelm\u00e4\u00dfiger Farbeffekt entsteht, der Textur und Details [&#8230;]\n","protected":false},"featured_media":212884,"comment_status":"open","ping_status":"closed","template":"","meta":{"rank_math_lock_modified_date":false},"product_cat":[439,447,451,463,535,695,698],"product_tag":[],"class_list":{"0":"post-212892","1":"product","2":"type-product","3":"status-publish","4":"has-post-thumbnail","6":"product_cat-cp-company-de","7":"product_cat-kleding-de","8":"product_cat-heren-de","9":"product_cat-vousten-sports-de-2","10":"product_cat-truien-de-2","11":"product_cat-truien-vesten-de-2","12":"product_cat-sweaters-de-2","14":"first","15":"outofstock","16":"taxable","17":"shipping-taxable","18":"purchasable","19":"product-type-variable"},"acf":[],"yoast_head":"<!-- This site is optimized with the Yoast SEO plugin v23.9 - https:\/\/yoast.com\/wordpress\/plugins\/seo\/ -->\n<title>C.P. Company - Pullover mit halbem Rei\u00dfverschluss hellgrau (41724) - Vousten Sports<\/title>\n<meta name=\"robots\" content=\"index, follow, max-snippet:-1, max-image-preview:large, max-video-preview:-1\" \/>\n<link rel=\"canonical\" href=\"https:\/\/www.voustensports.com\/de\/c-p-company-pullover-mit-halbem-reisverschluss-hellgrau-41724\/\" \/>\n<meta property=\"og:locale\" content=\"de_DE\" \/>\n<meta property=\"og:type\" content=\"article\" \/>\n<meta property=\"og:title\" content=\"C.P. Company - Pullover mit halbem Rei\u00dfverschluss hellgrau (41724) - Vousten Sports\" \/>\n<meta property=\"og:description\" content=\"PRODUKTDETAILS Sweatshirt mit halbem Rei\u00dfverschluss aus geb\u00fcrstetem und geschmirgeltem, diagonal gewebtem Gaze-Fleece. Das weiche Material sorgt f\u00fcr Tragekomfort und Bewegungsfreiheit. Das Sweatshirt ist mit dem ikonischen Objektiv von C.P. Company sowie gerippten B\u00fcndchen und Saum versehen. Das Resist-Dyed-Verfahren verwendet Direktf\u00e4rbungen auf mit kationischem Harz vorbehandelten Kleidungsst\u00fccken, wodurch ein unregelm\u00e4\u00dfiger Farbeffekt entsteht, der Textur und Details [...]\" \/>\n<meta property=\"og:url\" content=\"https:\/\/www.voustensports.com\/de\/c-p-company-pullover-mit-halbem-reisverschluss-hellgrau-41724\/\" \/>\n<meta property=\"og:site_name\" content=\"Vousten Sports\" \/>\n<meta property=\"article:modified_time\" content=\"2026-04-07T04:03:05+00:00\" \/>\n<meta property=\"og:image\" content=\"https:\/\/www.voustensports.com\/wp-content\/uploads\/2023\/06\/Half-Zip-Sweater-lichtgrijs-417241.jpg\" \/>\n\t<meta property=\"og:image:width\" content=\"1638\" \/>\n\t<meta property=\"og:image:height\" content=\"2048\" \/>\n\t<meta property=\"og:image:type\" content=\"image\/jpeg\" \/>\n<meta name=\"twitter:card\" content=\"summary_large_image\" \/>\n<script type=\"application\/ld+json\" class=\"yoast-schema-graph\">{\"@context\":\"https:\/\/schema.org\",\"@graph\":[{\"@type\":\"WebPage\",\"@id\":\"https:\/\/www.voustensports.com\/de\/c-p-company-pullover-mit-halbem-reisverschluss-hellgrau-41724\/\",\"url\":\"https:\/\/www.voustensports.com\/de\/c-p-company-pullover-mit-halbem-reisverschluss-hellgrau-41724\/\",\"name\":\"C.P. Company - Pullover mit halbem Rei\u00dfverschluss hellgrau (41724) - Vousten Sports\",\"isPartOf\":{\"@id\":\"https:\/\/www.voustensports.com\/nl\/#website\"},\"primaryImageOfPage\":{\"@id\":\"https:\/\/www.voustensports.com\/de\/c-p-company-pullover-mit-halbem-reisverschluss-hellgrau-41724\/#primaryimage\"},\"image\":{\"@id\":\"https:\/\/www.voustensports.com\/de\/c-p-company-pullover-mit-halbem-reisverschluss-hellgrau-41724\/#primaryimage\"},\"thumbnailUrl\":\"https:\/\/www.voustensports.com\/wp-content\/uploads\/2023\/06\/Half-Zip-Sweater-lichtgrijs-417241.jpg\",\"datePublished\":\"2025-10-12T23:15:11+00:00\",\"dateModified\":\"2026-04-07T04:03:05+00:00\",\"breadcrumb\":{\"@id\":\"https:\/\/www.voustensports.com\/de\/c-p-company-pullover-mit-halbem-reisverschluss-hellgrau-41724\/#breadcrumb\"},\"inLanguage\":\"de-DE\",\"potentialAction\":[{\"@type\":\"ReadAction\",\"target\":[\"https:\/\/www.voustensports.com\/de\/c-p-company-pullover-mit-halbem-reisverschluss-hellgrau-41724\/\"]}]},{\"@type\":\"ImageObject\",\"inLanguage\":\"de-DE\",\"@id\":\"https:\/\/www.voustensports.com\/de\/c-p-company-pullover-mit-halbem-reisverschluss-hellgrau-41724\/#primaryimage\",\"url\":\"https:\/\/www.voustensports.com\/wp-content\/uploads\/2023\/06\/Half-Zip-Sweater-lichtgrijs-417241.jpg\",\"contentUrl\":\"https:\/\/www.voustensports.com\/wp-content\/uploads\/2023\/06\/Half-Zip-Sweater-lichtgrijs-417241.jpg\",\"width\":1638,\"height\":2048},{\"@type\":\"BreadcrumbList\",\"@id\":\"https:\/\/www.voustensports.com\/de\/c-p-company-pullover-mit-halbem-reisverschluss-hellgrau-41724\/#breadcrumb\",\"itemListElement\":[{\"@type\":\"ListItem\",\"position\":1,\"name\":\"Home\",\"item\":\"https:\/\/www.voustensports.com\/de\/\"},{\"@type\":\"ListItem\",\"position\":2,\"name\":\"Shop\",\"item\":\"https:\/\/www.voustensports.com\/de\/shop\/\"},{\"@type\":\"ListItem\",\"position\":3,\"name\":\"C.P. Company &#8211; Pullover mit halbem Rei\u00dfverschluss hellgrau (41724)\"}]},{\"@type\":\"WebSite\",\"@id\":\"https:\/\/www.voustensports.com\/nl\/#website\",\"url\":\"https:\/\/www.voustensports.com\/nl\/\",\"name\":\"Vousten Sports\",\"description\":\"\",\"potentialAction\":[{\"@type\":\"SearchAction\",\"target\":{\"@type\":\"EntryPoint\",\"urlTemplate\":\"https:\/\/www.voustensports.com\/nl\/?s={search_term_string}\"},\"query-input\":{\"@type\":\"PropertyValueSpecification\",\"valueRequired\":true,\"valueName\":\"search_term_string\"}}],\"inLanguage\":\"de-DE\"}]}<\/script>\n<!-- \/ Yoast SEO plugin. -->","yoast_head_json":{"title":"C.P. Company - Pullover mit halbem Rei\u00dfverschluss hellgrau (41724) - Vousten Sports","robots":{"index":"index","follow":"follow","max-snippet":"max-snippet:-1","max-image-preview":"max-image-preview:large","max-video-preview":"max-video-preview:-1"},"canonical":"https:\/\/www.voustensports.com\/de\/c-p-company-pullover-mit-halbem-reisverschluss-hellgrau-41724\/","og_locale":"de_DE","og_type":"article","og_title":"C.P. Company - Pullover mit halbem Rei\u00dfverschluss hellgrau (41724) - Vousten Sports","og_description":"PRODUKTDETAILS Sweatshirt mit halbem Rei\u00dfverschluss aus geb\u00fcrstetem und geschmirgeltem, diagonal gewebtem Gaze-Fleece. Das weiche Material sorgt f\u00fcr Tragekomfort und Bewegungsfreiheit. Das Sweatshirt ist mit dem ikonischen Objektiv von C.P. Company sowie gerippten B\u00fcndchen und Saum versehen. Das Resist-Dyed-Verfahren verwendet Direktf\u00e4rbungen auf mit kationischem Harz vorbehandelten Kleidungsst\u00fccken, wodurch ein unregelm\u00e4\u00dfiger Farbeffekt entsteht, der Textur und Details [...]","og_url":"https:\/\/www.voustensports.com\/de\/c-p-company-pullover-mit-halbem-reisverschluss-hellgrau-41724\/","og_site_name":"Vousten Sports","article_modified_time":"2026-04-07T04:03:05+00:00","og_image":[{"width":1638,"height":2048,"url":"https:\/\/www.voustensports.com\/wp-content\/uploads\/2023\/06\/Half-Zip-Sweater-lichtgrijs-417241.jpg","type":"image\/jpeg"}],"twitter_card":"summary_large_image","schema":{"@context":"https:\/\/schema.org","@graph":[{"@type":"WebPage","@id":"https:\/\/www.voustensports.com\/de\/c-p-company-pullover-mit-halbem-reisverschluss-hellgrau-41724\/","url":"https:\/\/www.voustensports.com\/de\/c-p-company-pullover-mit-halbem-reisverschluss-hellgrau-41724\/","name":"C.P. Company - Pullover mit halbem Rei\u00dfverschluss hellgrau (41724) - Vousten Sports","isPartOf":{"@id":"https:\/\/www.voustensports.com\/nl\/#website"},"primaryImageOfPage":{"@id":"https:\/\/www.voustensports.com\/de\/c-p-company-pullover-mit-halbem-reisverschluss-hellgrau-41724\/#primaryimage"},"image":{"@id":"https:\/\/www.voustensports.com\/de\/c-p-company-pullover-mit-halbem-reisverschluss-hellgrau-41724\/#primaryimage"},"thumbnailUrl":"https:\/\/www.voustensports.com\/wp-content\/uploads\/2023\/06\/Half-Zip-Sweater-lichtgrijs-417241.jpg","datePublished":"2025-10-12T23:15:11+00:00","dateModified":"2026-04-07T04:03:05+00:00","breadcrumb":{"@id":"https:\/\/www.voustensports.com\/de\/c-p-company-pullover-mit-halbem-reisverschluss-hellgrau-41724\/#breadcrumb"},"inLanguage":"de-DE","potentialAction":[{"@type":"ReadAction","target":["https:\/\/www.voustensports.com\/de\/c-p-company-pullover-mit-halbem-reisverschluss-hellgrau-41724\/"]}]},{"@type":"ImageObject","inLanguage":"de-DE","@id":"https:\/\/www.voustensports.com\/de\/c-p-company-pullover-mit-halbem-reisverschluss-hellgrau-41724\/#primaryimage","url":"https:\/\/www.voustensports.com\/wp-content\/uploads\/2023\/06\/Half-Zip-Sweater-lichtgrijs-417241.jpg","contentUrl":"https:\/\/www.voustensports.com\/wp-content\/uploads\/2023\/06\/Half-Zip-Sweater-lichtgrijs-417241.jpg","width":1638,"height":2048},{"@type":"BreadcrumbList","@id":"https:\/\/www.voustensports.com\/de\/c-p-company-pullover-mit-halbem-reisverschluss-hellgrau-41724\/#breadcrumb","itemListElement":[{"@type":"ListItem","position":1,"name":"Home","item":"https:\/\/www.voustensports.com\/de\/"},{"@type":"ListItem","position":2,"name":"Shop","item":"https:\/\/www.voustensports.com\/de\/shop\/"},{"@type":"ListItem","position":3,"name":"C.P. Company &#8211; Pullover mit halbem Rei\u00dfverschluss hellgrau (41724)"}]},{"@type":"WebSite","@id":"https:\/\/www.voustensports.com\/nl\/#website","url":"https:\/\/www.voustensports.com\/nl\/","name":"Vousten Sports","description":"","potentialAction":[{"@type":"SearchAction","target":{"@type":"EntryPoint","urlTemplate":"https:\/\/www.voustensports.com\/nl\/?s={search_term_string}"},"query-input":{"@type":"PropertyValueSpecification","valueRequired":true,"valueName":"search_term_string"}}],"inLanguage":"de-DE"}]}},"_links":{"self":[{"href":"https:\/\/www.voustensports.com\/de\/wp-json\/wp\/v2\/product\/212892","targetHints":{"allow":["GET"]}}],"collection":[{"href":"https:\/\/www.voustensports.com\/de\/wp-json\/wp\/v2\/product"}],"about":[{"href":"https:\/\/www.voustensports.com\/de\/wp-json\/wp\/v2\/types\/product"}],"replies":[{"embeddable":true,"href":"https:\/\/www.voustensports.com\/de\/wp-json\/wp\/v2\/comments?post=212892"}],"wp:featuredmedia":[{"embeddable":true,"href":"https:\/\/www.voustensports.com\/de\/wp-json\/wp\/v2\/media\/212884"}],"wp:attachment":[{"href":"https:\/\/www.voustensports.com\/de\/wp-json\/wp\/v2\/media?parent=212892"}],"wp:term":[{"taxonomy":"product_cat","embeddable":true,"href":"https:\/\/www.voustensports.com\/de\/wp-json\/wp\/v2\/product_cat?post=212892"},{"taxonomy":"product_tag","embeddable":true,"href":"https:\/\/www.voustensports.com\/de\/wp-json\/wp\/v2\/product_tag?post=212892"}],"curies":[{"name":"wp","href":"https:\/\/api.w.org\/{rel}","templated":true}]}}