{"id":212868,"date":"2025-10-12T22:51:12","date_gmt":"2025-10-12T20:51:12","guid":{"rendered":"https:\/\/www.voustensports.com\/c-p-company-logo-rundhalspullover-grau-41732\/"},"modified":"2026-02-05T12:39:02","modified_gmt":"2026-02-05T11:39:02","slug":"c-p-company-logo-rundhalspullover-grau-41732","status":"publish","type":"product","link":"https:\/\/www.voustensports.com\/de\/c-p-company-logo-rundhalspullover-grau-41732\/","title":{"rendered":"C.P. Company &#8211; Logo-Rundhalspullover grau (41732)"},"content":{"rendered":"<div>PRODUKTDETAILS<\/div>\n<div>Rundhalspullover aus extrafeiner Merinowolle. Der Strick verf\u00fcgt \u00fcber ein aufgesticktes Logo auf der Vorderseite und Raglan\u00e4rmel mit erhabenen Kontrastn\u00e4hten. Rippb\u00fcndchen an \u00c4rmeln und Saum. Maschenweite 3. Normale Passform.<\/div>\n<div><\/div>\n<div>STIL<\/div>\n<ul>\n<li>Gerippter Rundhalsausschnitt<\/li>\n<li>Aufgesticktes Logo auf der Vorderseite<\/li>\n<li>Raglan\u00e4rmel mit erhabenen Kontrastn\u00e4hten<\/li>\n<li>Rippb\u00fcndchen an \u00c4rmeln und Saum<\/li>\n<li>Maschenweite 3<\/li>\n<li>Normale Passform<\/li>\n<\/ul>\n<div>ZUSAMMENSETZUNG<\/div>\n<ul>\n<li>Au\u00dfenmaterial: 85 % Wolle, 13 % Polyamid\/Nylon, 2 % Elastan\/Spandex<\/li>\n<\/ul>\n","protected":false},"excerpt":{"rendered":"<p>PRODUKTDETAILS Rundhalspullover aus extrafeiner Merinowolle. Der Strick verf\u00fcgt \u00fcber ein aufgesticktes Logo auf der Vorderseite und Raglan\u00e4rmel mit erhabenen Kontrastn\u00e4hten. Rippb\u00fcndchen an \u00c4rmeln und Saum. Maschenweite 3. Normale Passform. STIL Gerippter Rundhalsausschnitt Aufgesticktes Logo auf der Vorderseite Raglan\u00e4rmel mit erhabenen Kontrastn\u00e4hten Rippb\u00fcndchen an \u00c4rmeln und Saum Maschenweite 3 Normale Passform ZUSAMMENSETZUNG Au\u00dfenmaterial: 85 % Wolle, [&#8230;]\n","protected":false},"featured_media":212852,"comment_status":"open","ping_status":"closed","template":"","meta":{"rank_math_lock_modified_date":false},"product_cat":[439,447,451,463,535,539,695,698],"product_tag":[],"class_list":{"0":"post-212868","1":"product","2":"type-product","3":"status-publish","4":"has-post-thumbnail","6":"product_cat-cp-company-de","7":"product_cat-kleding-de","8":"product_cat-heren-de","9":"product_cat-vousten-sports-de-2","10":"product_cat-truien-de-2","11":"product_cat-knitwear-de","12":"product_cat-truien-vesten-de-2","13":"product_cat-sweaters-de-2","15":"first","16":"outofstock","17":"taxable","18":"shipping-taxable","19":"purchasable","20":"product-type-variable"},"acf":[],"yoast_head":"<!-- This site is optimized with the Yoast SEO plugin v23.9 - https:\/\/yoast.com\/wordpress\/plugins\/seo\/ -->\n<title>C.P. Company - Logo-Rundhalspullover grau (41732) - Vousten Sports<\/title>\n<meta name=\"robots\" content=\"index, follow, max-snippet:-1, max-image-preview:large, max-video-preview:-1\" \/>\n<link rel=\"canonical\" href=\"https:\/\/www.voustensports.com\/de\/c-p-company-logo-rundhalspullover-grau-41732\/\" \/>\n<meta property=\"og:locale\" content=\"de_DE\" \/>\n<meta property=\"og:type\" content=\"article\" \/>\n<meta property=\"og:title\" content=\"C.P. Company - Logo-Rundhalspullover grau (41732) - Vousten Sports\" \/>\n<meta property=\"og:description\" content=\"PRODUKTDETAILS Rundhalspullover aus extrafeiner Merinowolle. Der Strick verf\u00fcgt \u00fcber ein aufgesticktes Logo auf der Vorderseite und Raglan\u00e4rmel mit erhabenen Kontrastn\u00e4hten. Rippb\u00fcndchen an \u00c4rmeln und Saum. Maschenweite 3. Normale Passform. STIL Gerippter Rundhalsausschnitt Aufgesticktes Logo auf der Vorderseite Raglan\u00e4rmel mit erhabenen Kontrastn\u00e4hten Rippb\u00fcndchen an \u00c4rmeln und Saum Maschenweite 3 Normale Passform ZUSAMMENSETZUNG Au\u00dfenmaterial: 85 % Wolle, [...]\" \/>\n<meta property=\"og:url\" content=\"https:\/\/www.voustensports.com\/de\/c-p-company-logo-rundhalspullover-grau-41732\/\" \/>\n<meta property=\"og:site_name\" content=\"Vousten Sports\" \/>\n<meta property=\"article:modified_time\" content=\"2026-02-05T11:39:02+00:00\" \/>\n<meta property=\"og:image\" content=\"https:\/\/www.voustensports.com\/wp-content\/uploads\/2023\/06\/Logo-Crewneck-Sweater-gray-417321.jpg\" \/>\n\t<meta property=\"og:image:width\" content=\"1638\" \/>\n\t<meta property=\"og:image:height\" content=\"2048\" \/>\n\t<meta property=\"og:image:type\" content=\"image\/jpeg\" \/>\n<meta name=\"twitter:card\" content=\"summary_large_image\" \/>\n<script type=\"application\/ld+json\" class=\"yoast-schema-graph\">{\"@context\":\"https:\/\/schema.org\",\"@graph\":[{\"@type\":\"WebPage\",\"@id\":\"https:\/\/www.voustensports.com\/de\/c-p-company-logo-rundhalspullover-grau-41732\/\",\"url\":\"https:\/\/www.voustensports.com\/de\/c-p-company-logo-rundhalspullover-grau-41732\/\",\"name\":\"C.P. Company - Logo-Rundhalspullover grau (41732) - Vousten Sports\",\"isPartOf\":{\"@id\":\"https:\/\/www.voustensports.com\/nl\/#website\"},\"primaryImageOfPage\":{\"@id\":\"https:\/\/www.voustensports.com\/de\/c-p-company-logo-rundhalspullover-grau-41732\/#primaryimage\"},\"image\":{\"@id\":\"https:\/\/www.voustensports.com\/de\/c-p-company-logo-rundhalspullover-grau-41732\/#primaryimage\"},\"thumbnailUrl\":\"https:\/\/www.voustensports.com\/wp-content\/uploads\/2023\/06\/Logo-Crewneck-Sweater-gray-417321.jpg\",\"datePublished\":\"2025-10-12T20:51:12+00:00\",\"dateModified\":\"2026-02-05T11:39:02+00:00\",\"breadcrumb\":{\"@id\":\"https:\/\/www.voustensports.com\/de\/c-p-company-logo-rundhalspullover-grau-41732\/#breadcrumb\"},\"inLanguage\":\"de-DE\",\"potentialAction\":[{\"@type\":\"ReadAction\",\"target\":[\"https:\/\/www.voustensports.com\/de\/c-p-company-logo-rundhalspullover-grau-41732\/\"]}]},{\"@type\":\"ImageObject\",\"inLanguage\":\"de-DE\",\"@id\":\"https:\/\/www.voustensports.com\/de\/c-p-company-logo-rundhalspullover-grau-41732\/#primaryimage\",\"url\":\"https:\/\/www.voustensports.com\/wp-content\/uploads\/2023\/06\/Logo-Crewneck-Sweater-gray-417321.jpg\",\"contentUrl\":\"https:\/\/www.voustensports.com\/wp-content\/uploads\/2023\/06\/Logo-Crewneck-Sweater-gray-417321.jpg\",\"width\":1638,\"height\":2048},{\"@type\":\"BreadcrumbList\",\"@id\":\"https:\/\/www.voustensports.com\/de\/c-p-company-logo-rundhalspullover-grau-41732\/#breadcrumb\",\"itemListElement\":[{\"@type\":\"ListItem\",\"position\":1,\"name\":\"Home\",\"item\":\"https:\/\/www.voustensports.com\/de\/\"},{\"@type\":\"ListItem\",\"position\":2,\"name\":\"Shop\",\"item\":\"https:\/\/www.voustensports.com\/de\/shop\/\"},{\"@type\":\"ListItem\",\"position\":3,\"name\":\"C.P. Company &#8211; Logo-Rundhalspullover grau (41732)\"}]},{\"@type\":\"WebSite\",\"@id\":\"https:\/\/www.voustensports.com\/nl\/#website\",\"url\":\"https:\/\/www.voustensports.com\/nl\/\",\"name\":\"Vousten Sports\",\"description\":\"\",\"potentialAction\":[{\"@type\":\"SearchAction\",\"target\":{\"@type\":\"EntryPoint\",\"urlTemplate\":\"https:\/\/www.voustensports.com\/nl\/?s={search_term_string}\"},\"query-input\":{\"@type\":\"PropertyValueSpecification\",\"valueRequired\":true,\"valueName\":\"search_term_string\"}}],\"inLanguage\":\"de-DE\"}]}<\/script>\n<!-- \/ Yoast SEO plugin. -->","yoast_head_json":{"title":"C.P. Company - Logo-Rundhalspullover grau (41732) - Vousten Sports","robots":{"index":"index","follow":"follow","max-snippet":"max-snippet:-1","max-image-preview":"max-image-preview:large","max-video-preview":"max-video-preview:-1"},"canonical":"https:\/\/www.voustensports.com\/de\/c-p-company-logo-rundhalspullover-grau-41732\/","og_locale":"de_DE","og_type":"article","og_title":"C.P. Company - Logo-Rundhalspullover grau (41732) - Vousten Sports","og_description":"PRODUKTDETAILS Rundhalspullover aus extrafeiner Merinowolle. Der Strick verf\u00fcgt \u00fcber ein aufgesticktes Logo auf der Vorderseite und Raglan\u00e4rmel mit erhabenen Kontrastn\u00e4hten. Rippb\u00fcndchen an \u00c4rmeln und Saum. Maschenweite 3. Normale Passform. STIL Gerippter Rundhalsausschnitt Aufgesticktes Logo auf der Vorderseite Raglan\u00e4rmel mit erhabenen Kontrastn\u00e4hten Rippb\u00fcndchen an \u00c4rmeln und Saum Maschenweite 3 Normale Passform ZUSAMMENSETZUNG Au\u00dfenmaterial: 85 % Wolle, [...]","og_url":"https:\/\/www.voustensports.com\/de\/c-p-company-logo-rundhalspullover-grau-41732\/","og_site_name":"Vousten Sports","article_modified_time":"2026-02-05T11:39:02+00:00","og_image":[{"width":1638,"height":2048,"url":"https:\/\/www.voustensports.com\/wp-content\/uploads\/2023\/06\/Logo-Crewneck-Sweater-gray-417321.jpg","type":"image\/jpeg"}],"twitter_card":"summary_large_image","schema":{"@context":"https:\/\/schema.org","@graph":[{"@type":"WebPage","@id":"https:\/\/www.voustensports.com\/de\/c-p-company-logo-rundhalspullover-grau-41732\/","url":"https:\/\/www.voustensports.com\/de\/c-p-company-logo-rundhalspullover-grau-41732\/","name":"C.P. Company - Logo-Rundhalspullover grau (41732) - Vousten Sports","isPartOf":{"@id":"https:\/\/www.voustensports.com\/nl\/#website"},"primaryImageOfPage":{"@id":"https:\/\/www.voustensports.com\/de\/c-p-company-logo-rundhalspullover-grau-41732\/#primaryimage"},"image":{"@id":"https:\/\/www.voustensports.com\/de\/c-p-company-logo-rundhalspullover-grau-41732\/#primaryimage"},"thumbnailUrl":"https:\/\/www.voustensports.com\/wp-content\/uploads\/2023\/06\/Logo-Crewneck-Sweater-gray-417321.jpg","datePublished":"2025-10-12T20:51:12+00:00","dateModified":"2026-02-05T11:39:02+00:00","breadcrumb":{"@id":"https:\/\/www.voustensports.com\/de\/c-p-company-logo-rundhalspullover-grau-41732\/#breadcrumb"},"inLanguage":"de-DE","potentialAction":[{"@type":"ReadAction","target":["https:\/\/www.voustensports.com\/de\/c-p-company-logo-rundhalspullover-grau-41732\/"]}]},{"@type":"ImageObject","inLanguage":"de-DE","@id":"https:\/\/www.voustensports.com\/de\/c-p-company-logo-rundhalspullover-grau-41732\/#primaryimage","url":"https:\/\/www.voustensports.com\/wp-content\/uploads\/2023\/06\/Logo-Crewneck-Sweater-gray-417321.jpg","contentUrl":"https:\/\/www.voustensports.com\/wp-content\/uploads\/2023\/06\/Logo-Crewneck-Sweater-gray-417321.jpg","width":1638,"height":2048},{"@type":"BreadcrumbList","@id":"https:\/\/www.voustensports.com\/de\/c-p-company-logo-rundhalspullover-grau-41732\/#breadcrumb","itemListElement":[{"@type":"ListItem","position":1,"name":"Home","item":"https:\/\/www.voustensports.com\/de\/"},{"@type":"ListItem","position":2,"name":"Shop","item":"https:\/\/www.voustensports.com\/de\/shop\/"},{"@type":"ListItem","position":3,"name":"C.P. Company &#8211; Logo-Rundhalspullover grau (41732)"}]},{"@type":"WebSite","@id":"https:\/\/www.voustensports.com\/nl\/#website","url":"https:\/\/www.voustensports.com\/nl\/","name":"Vousten Sports","description":"","potentialAction":[{"@type":"SearchAction","target":{"@type":"EntryPoint","urlTemplate":"https:\/\/www.voustensports.com\/nl\/?s={search_term_string}"},"query-input":{"@type":"PropertyValueSpecification","valueRequired":true,"valueName":"search_term_string"}}],"inLanguage":"de-DE"}]}},"_links":{"self":[{"href":"https:\/\/www.voustensports.com\/de\/wp-json\/wp\/v2\/product\/212868","targetHints":{"allow":["GET"]}}],"collection":[{"href":"https:\/\/www.voustensports.com\/de\/wp-json\/wp\/v2\/product"}],"about":[{"href":"https:\/\/www.voustensports.com\/de\/wp-json\/wp\/v2\/types\/product"}],"replies":[{"embeddable":true,"href":"https:\/\/www.voustensports.com\/de\/wp-json\/wp\/v2\/comments?post=212868"}],"wp:featuredmedia":[{"embeddable":true,"href":"https:\/\/www.voustensports.com\/de\/wp-json\/wp\/v2\/media\/212852"}],"wp:attachment":[{"href":"https:\/\/www.voustensports.com\/de\/wp-json\/wp\/v2\/media?parent=212868"}],"wp:term":[{"taxonomy":"product_cat","embeddable":true,"href":"https:\/\/www.voustensports.com\/de\/wp-json\/wp\/v2\/product_cat?post=212868"},{"taxonomy":"product_tag","embeddable":true,"href":"https:\/\/www.voustensports.com\/de\/wp-json\/wp\/v2\/product_tag?post=212868"}],"curies":[{"name":"wp","href":"https:\/\/api.w.org\/{rel}","templated":true}]}}