{"id":212708,"date":"2025-10-12T13:21:10","date_gmt":"2025-10-12T11:21:10","guid":{"rendered":"https:\/\/www.voustensports.com\/stone-island-strickpullover-mit-halbem-reissverschluss-marineblau-41538\/"},"modified":"2026-02-05T12:36:36","modified_gmt":"2026-02-05T11:36:36","slug":"stone-island-strickpullover-mit-halbem-reissverschluss-marineblau-41538","status":"publish","type":"product","link":"https:\/\/www.voustensports.com\/de\/stone-island-strickpullover-mit-halbem-reissverschluss-marineblau-41538\/","title":{"rendered":"STONE ISLAND &#8211; STRICKPULLOVER MIT HALBEM REISSVERSCHLUSS MARINEBLAU (41538)"},"content":{"rendered":"<div>PRODUKTDETAILS<\/div>\n<div>Strickpullover mit halbem Rei\u00dfverschluss aus einer Mischung aus Lammwolle und Nylon. Glatt rechts gestrickt. Maschenprobe 7.<\/div>\n<div><\/div>\n<div>STIL<\/div>\n<ul>\n<li>Gerippter Stehkragen mit Filzbesatz innen und Rei\u00dfverschluss unter der filzgef\u00fctterten Knopfleiste.<\/li>\n<li>R\u00fcckw\u00e4rtsmaschenb\u00fcndchen an Schultern und Armausschnitten.<\/li>\n<li>Stone Island-Logo am linken \u00c4rmel.<\/li>\n<li>Gerippte B\u00fcndchen und Saum.<\/li>\n<li>Normale Passform.<\/li>\n<\/ul>\n<div>ZUSAMMENSETZUNG<\/div>\n<ul>\n<li>80 % Wolle, 20 % Polyamid\/Nylon<\/li>\n<li>Stone Island-Nr.: 5100040 0020<\/li>\n<li>ID-Nr.: 41538<\/li>\n<\/ul>\n","protected":false},"excerpt":{"rendered":"<p>PRODUKTDETAILS Strickpullover mit halbem Rei\u00dfverschluss aus einer Mischung aus Lammwolle und Nylon. Glatt rechts gestrickt. Maschenprobe 7. STIL Gerippter Stehkragen mit Filzbesatz innen und Rei\u00dfverschluss unter der filzgef\u00fctterten Knopfleiste. R\u00fcckw\u00e4rtsmaschenb\u00fcndchen an Schultern und Armausschnitten. Stone Island-Logo am linken \u00c4rmel. Gerippte B\u00fcndchen und Saum. Normale Passform. ZUSAMMENSETZUNG 80 % Wolle, 20 % Polyamid\/Nylon Stone Island-Nr.: 5100040 [&#8230;]\n","protected":false},"featured_media":212696,"comment_status":"open","ping_status":"closed","template":"","meta":{"rank_math_lock_modified_date":false},"product_cat":[447,451,463,483,535,695,698],"product_tag":[],"class_list":{"0":"post-212708","1":"product","2":"type-product","3":"status-publish","4":"has-post-thumbnail","6":"product_cat-kleding-de","7":"product_cat-heren-de","8":"product_cat-vousten-sports-de-2","9":"product_cat-stone-island-de-2","10":"product_cat-truien-de-2","11":"product_cat-truien-vesten-de-2","12":"product_cat-sweaters-de-2","14":"first","15":"instock","16":"taxable","17":"shipping-taxable","18":"purchasable","19":"product-type-variable"},"acf":[],"yoast_head":"<!-- This site is optimized with the Yoast SEO plugin v23.9 - https:\/\/yoast.com\/wordpress\/plugins\/seo\/ -->\n<title>STONE ISLAND - STRICKPULLOVER MIT HALBEM REISSVERSCHLUSS MARINEBLAU (41538) - Vousten Sports<\/title>\n<meta name=\"robots\" content=\"index, follow, max-snippet:-1, max-image-preview:large, max-video-preview:-1\" \/>\n<link rel=\"canonical\" href=\"https:\/\/www.voustensports.com\/de\/stone-island-strickpullover-mit-halbem-reissverschluss-marineblau-41538\/\" \/>\n<meta property=\"og:locale\" content=\"de_DE\" \/>\n<meta property=\"og:type\" content=\"article\" \/>\n<meta property=\"og:title\" content=\"STONE ISLAND - STRICKPULLOVER MIT HALBEM REISSVERSCHLUSS MARINEBLAU (41538) - Vousten Sports\" \/>\n<meta property=\"og:description\" content=\"PRODUKTDETAILS Strickpullover mit halbem Rei\u00dfverschluss aus einer Mischung aus Lammwolle und Nylon. Glatt rechts gestrickt. Maschenprobe 7. STIL Gerippter Stehkragen mit Filzbesatz innen und Rei\u00dfverschluss unter der filzgef\u00fctterten Knopfleiste. R\u00fcckw\u00e4rtsmaschenb\u00fcndchen an Schultern und Armausschnitten. Stone Island-Logo am linken \u00c4rmel. Gerippte B\u00fcndchen und Saum. Normale Passform. ZUSAMMENSETZUNG 80 % Wolle, 20 % Polyamid\/Nylon Stone Island-Nr.: 5100040 [...]\" \/>\n<meta property=\"og:url\" content=\"https:\/\/www.voustensports.com\/de\/stone-island-strickpullover-mit-halbem-reissverschluss-marineblau-41538\/\" \/>\n<meta property=\"og:site_name\" content=\"Vousten Sports\" \/>\n<meta property=\"article:modified_time\" content=\"2026-02-05T11:36:36+00:00\" \/>\n<meta property=\"og:image\" content=\"https:\/\/www.voustensports.com\/wp-content\/uploads\/2023\/06\/HALF-ZIP-KNIT-JUMPER-NAVY-415381.jpg\" \/>\n\t<meta property=\"og:image:width\" content=\"1365\" \/>\n\t<meta property=\"og:image:height\" content=\"2048\" \/>\n\t<meta property=\"og:image:type\" content=\"image\/jpeg\" \/>\n<meta name=\"twitter:card\" content=\"summary_large_image\" \/>\n<script type=\"application\/ld+json\" class=\"yoast-schema-graph\">{\"@context\":\"https:\/\/schema.org\",\"@graph\":[{\"@type\":\"WebPage\",\"@id\":\"https:\/\/www.voustensports.com\/de\/stone-island-strickpullover-mit-halbem-reissverschluss-marineblau-41538\/\",\"url\":\"https:\/\/www.voustensports.com\/de\/stone-island-strickpullover-mit-halbem-reissverschluss-marineblau-41538\/\",\"name\":\"STONE ISLAND - STRICKPULLOVER MIT HALBEM REISSVERSCHLUSS MARINEBLAU (41538) - Vousten Sports\",\"isPartOf\":{\"@id\":\"https:\/\/www.voustensports.com\/nl\/#website\"},\"primaryImageOfPage\":{\"@id\":\"https:\/\/www.voustensports.com\/de\/stone-island-strickpullover-mit-halbem-reissverschluss-marineblau-41538\/#primaryimage\"},\"image\":{\"@id\":\"https:\/\/www.voustensports.com\/de\/stone-island-strickpullover-mit-halbem-reissverschluss-marineblau-41538\/#primaryimage\"},\"thumbnailUrl\":\"https:\/\/www.voustensports.com\/wp-content\/uploads\/2023\/06\/HALF-ZIP-KNIT-JUMPER-NAVY-415381.jpg\",\"datePublished\":\"2025-10-12T11:21:10+00:00\",\"dateModified\":\"2026-02-05T11:36:36+00:00\",\"breadcrumb\":{\"@id\":\"https:\/\/www.voustensports.com\/de\/stone-island-strickpullover-mit-halbem-reissverschluss-marineblau-41538\/#breadcrumb\"},\"inLanguage\":\"de-DE\",\"potentialAction\":[{\"@type\":\"ReadAction\",\"target\":[\"https:\/\/www.voustensports.com\/de\/stone-island-strickpullover-mit-halbem-reissverschluss-marineblau-41538\/\"]}]},{\"@type\":\"ImageObject\",\"inLanguage\":\"de-DE\",\"@id\":\"https:\/\/www.voustensports.com\/de\/stone-island-strickpullover-mit-halbem-reissverschluss-marineblau-41538\/#primaryimage\",\"url\":\"https:\/\/www.voustensports.com\/wp-content\/uploads\/2023\/06\/HALF-ZIP-KNIT-JUMPER-NAVY-415381.jpg\",\"contentUrl\":\"https:\/\/www.voustensports.com\/wp-content\/uploads\/2023\/06\/HALF-ZIP-KNIT-JUMPER-NAVY-415381.jpg\",\"width\":1365,\"height\":2048},{\"@type\":\"BreadcrumbList\",\"@id\":\"https:\/\/www.voustensports.com\/de\/stone-island-strickpullover-mit-halbem-reissverschluss-marineblau-41538\/#breadcrumb\",\"itemListElement\":[{\"@type\":\"ListItem\",\"position\":1,\"name\":\"Home\",\"item\":\"https:\/\/www.voustensports.com\/de\/\"},{\"@type\":\"ListItem\",\"position\":2,\"name\":\"Shop\",\"item\":\"https:\/\/www.voustensports.com\/de\/shop\/\"},{\"@type\":\"ListItem\",\"position\":3,\"name\":\"STONE ISLAND &#8211; STRICKPULLOVER MIT HALBEM REISSVERSCHLUSS MARINEBLAU (41538)\"}]},{\"@type\":\"WebSite\",\"@id\":\"https:\/\/www.voustensports.com\/nl\/#website\",\"url\":\"https:\/\/www.voustensports.com\/nl\/\",\"name\":\"Vousten Sports\",\"description\":\"\",\"potentialAction\":[{\"@type\":\"SearchAction\",\"target\":{\"@type\":\"EntryPoint\",\"urlTemplate\":\"https:\/\/www.voustensports.com\/nl\/?s={search_term_string}\"},\"query-input\":{\"@type\":\"PropertyValueSpecification\",\"valueRequired\":true,\"valueName\":\"search_term_string\"}}],\"inLanguage\":\"de-DE\"}]}<\/script>\n<!-- \/ Yoast SEO plugin. -->","yoast_head_json":{"title":"STONE ISLAND - STRICKPULLOVER MIT HALBEM REISSVERSCHLUSS MARINEBLAU (41538) - Vousten Sports","robots":{"index":"index","follow":"follow","max-snippet":"max-snippet:-1","max-image-preview":"max-image-preview:large","max-video-preview":"max-video-preview:-1"},"canonical":"https:\/\/www.voustensports.com\/de\/stone-island-strickpullover-mit-halbem-reissverschluss-marineblau-41538\/","og_locale":"de_DE","og_type":"article","og_title":"STONE ISLAND - STRICKPULLOVER MIT HALBEM REISSVERSCHLUSS MARINEBLAU (41538) - Vousten Sports","og_description":"PRODUKTDETAILS Strickpullover mit halbem Rei\u00dfverschluss aus einer Mischung aus Lammwolle und Nylon. Glatt rechts gestrickt. Maschenprobe 7. STIL Gerippter Stehkragen mit Filzbesatz innen und Rei\u00dfverschluss unter der filzgef\u00fctterten Knopfleiste. R\u00fcckw\u00e4rtsmaschenb\u00fcndchen an Schultern und Armausschnitten. Stone Island-Logo am linken \u00c4rmel. Gerippte B\u00fcndchen und Saum. Normale Passform. ZUSAMMENSETZUNG 80 % Wolle, 20 % Polyamid\/Nylon Stone Island-Nr.: 5100040 [...]","og_url":"https:\/\/www.voustensports.com\/de\/stone-island-strickpullover-mit-halbem-reissverschluss-marineblau-41538\/","og_site_name":"Vousten Sports","article_modified_time":"2026-02-05T11:36:36+00:00","og_image":[{"width":1365,"height":2048,"url":"https:\/\/www.voustensports.com\/wp-content\/uploads\/2023\/06\/HALF-ZIP-KNIT-JUMPER-NAVY-415381.jpg","type":"image\/jpeg"}],"twitter_card":"summary_large_image","schema":{"@context":"https:\/\/schema.org","@graph":[{"@type":"WebPage","@id":"https:\/\/www.voustensports.com\/de\/stone-island-strickpullover-mit-halbem-reissverschluss-marineblau-41538\/","url":"https:\/\/www.voustensports.com\/de\/stone-island-strickpullover-mit-halbem-reissverschluss-marineblau-41538\/","name":"STONE ISLAND - STRICKPULLOVER MIT HALBEM REISSVERSCHLUSS MARINEBLAU (41538) - Vousten Sports","isPartOf":{"@id":"https:\/\/www.voustensports.com\/nl\/#website"},"primaryImageOfPage":{"@id":"https:\/\/www.voustensports.com\/de\/stone-island-strickpullover-mit-halbem-reissverschluss-marineblau-41538\/#primaryimage"},"image":{"@id":"https:\/\/www.voustensports.com\/de\/stone-island-strickpullover-mit-halbem-reissverschluss-marineblau-41538\/#primaryimage"},"thumbnailUrl":"https:\/\/www.voustensports.com\/wp-content\/uploads\/2023\/06\/HALF-ZIP-KNIT-JUMPER-NAVY-415381.jpg","datePublished":"2025-10-12T11:21:10+00:00","dateModified":"2026-02-05T11:36:36+00:00","breadcrumb":{"@id":"https:\/\/www.voustensports.com\/de\/stone-island-strickpullover-mit-halbem-reissverschluss-marineblau-41538\/#breadcrumb"},"inLanguage":"de-DE","potentialAction":[{"@type":"ReadAction","target":["https:\/\/www.voustensports.com\/de\/stone-island-strickpullover-mit-halbem-reissverschluss-marineblau-41538\/"]}]},{"@type":"ImageObject","inLanguage":"de-DE","@id":"https:\/\/www.voustensports.com\/de\/stone-island-strickpullover-mit-halbem-reissverschluss-marineblau-41538\/#primaryimage","url":"https:\/\/www.voustensports.com\/wp-content\/uploads\/2023\/06\/HALF-ZIP-KNIT-JUMPER-NAVY-415381.jpg","contentUrl":"https:\/\/www.voustensports.com\/wp-content\/uploads\/2023\/06\/HALF-ZIP-KNIT-JUMPER-NAVY-415381.jpg","width":1365,"height":2048},{"@type":"BreadcrumbList","@id":"https:\/\/www.voustensports.com\/de\/stone-island-strickpullover-mit-halbem-reissverschluss-marineblau-41538\/#breadcrumb","itemListElement":[{"@type":"ListItem","position":1,"name":"Home","item":"https:\/\/www.voustensports.com\/de\/"},{"@type":"ListItem","position":2,"name":"Shop","item":"https:\/\/www.voustensports.com\/de\/shop\/"},{"@type":"ListItem","position":3,"name":"STONE ISLAND &#8211; STRICKPULLOVER MIT HALBEM REISSVERSCHLUSS MARINEBLAU (41538)"}]},{"@type":"WebSite","@id":"https:\/\/www.voustensports.com\/nl\/#website","url":"https:\/\/www.voustensports.com\/nl\/","name":"Vousten Sports","description":"","potentialAction":[{"@type":"SearchAction","target":{"@type":"EntryPoint","urlTemplate":"https:\/\/www.voustensports.com\/nl\/?s={search_term_string}"},"query-input":{"@type":"PropertyValueSpecification","valueRequired":true,"valueName":"search_term_string"}}],"inLanguage":"de-DE"}]}},"_links":{"self":[{"href":"https:\/\/www.voustensports.com\/de\/wp-json\/wp\/v2\/product\/212708","targetHints":{"allow":["GET"]}}],"collection":[{"href":"https:\/\/www.voustensports.com\/de\/wp-json\/wp\/v2\/product"}],"about":[{"href":"https:\/\/www.voustensports.com\/de\/wp-json\/wp\/v2\/types\/product"}],"replies":[{"embeddable":true,"href":"https:\/\/www.voustensports.com\/de\/wp-json\/wp\/v2\/comments?post=212708"}],"wp:featuredmedia":[{"embeddable":true,"href":"https:\/\/www.voustensports.com\/de\/wp-json\/wp\/v2\/media\/212696"}],"wp:attachment":[{"href":"https:\/\/www.voustensports.com\/de\/wp-json\/wp\/v2\/media?parent=212708"}],"wp:term":[{"taxonomy":"product_cat","embeddable":true,"href":"https:\/\/www.voustensports.com\/de\/wp-json\/wp\/v2\/product_cat?post=212708"},{"taxonomy":"product_tag","embeddable":true,"href":"https:\/\/www.voustensports.com\/de\/wp-json\/wp\/v2\/product_tag?post=212708"}],"curies":[{"name":"wp","href":"https:\/\/api.w.org\/{rel}","templated":true}]}}