{"id":212668,"date":"2025-10-12T04:33:11","date_gmt":"2025-10-12T02:33:11","guid":{"rendered":"https:\/\/www.voustensports.com\/stone-island-stellina-kapuzenparka-bleigrau-41413\/"},"modified":"2026-02-05T12:33:36","modified_gmt":"2026-02-05T11:33:36","slug":"stone-island-stellina-kapuzenparka-bleigrau-41413","status":"publish","type":"product","link":"https:\/\/www.voustensports.com\/de\/stone-island-stellina-kapuzenparka-bleigrau-41413\/","title":{"rendered":"STONE ISLAND &#8211; STELLINA KAPUZENPARKA BLEIGRAU (41413)"},"content":{"rendered":"<div>PRODUKTDETAILS<\/div>\n<div>Dieser Daunenparka mit Kapuze aus leistungsstarkem GORE-TEX-Material tr\u00e4gt das Black Diamond-Label, das nur f\u00fcr Hochleistungsmodelle erh\u00e4ltlich ist. Die Au\u00dfenseite besteht aus BIONIC-Polyester-Canvas. Sie ist mit der d\u00fcnnen GORE-TEX-Membran und einem inneren Schutznetz aus d\u00fcsengef\u00e4rbtem Polyester verbunden. Das laminierte Gewebe wurde strengen Tests unterzogen, um die Einhaltung der strengen GORE-TEX-Qualit\u00e4ts- und Haltbarkeitsstandards zu gew\u00e4hrleisten. Es ist extrem atmungsaktiv, dauerhaft wasserdicht und absolut winddicht. Das hei\u00dfversiegelte Kleidungsst\u00fcck ist mit einem Abperlmittel behandelt. Die Innenschicht besteht aus PrimaLoft\u00ae Gold P.U.R.E\u2122, einer exklusiven, 100 % recycelten Mischung aus ultrad\u00fcnnen Fasern, die f\u00fcr hervorragende W\u00e4rmeleistung sorgt. Es bietet das beste W\u00e4rme-Gewichts-Verh\u00e4ltnis aller synthetischen Isolierungen.<\/div>\n<div><\/div>\n<div>STIL<\/div>\n<ul>\n<li>Stehkragen mit verstaubarer Kapuze mit Kontur und horizontalem Kordelzug und Schirm, geschlossen mit verdecktem, wasserdichtem Rei\u00dfverschluss.<\/li>\n<li>Stone Island-Sternstickerei unter dem Kragen.<\/li>\n<li>Schr\u00e4ge Brusttaschen \u00fcber zweiten Stehtaschen, beide mit verdecktem, wasserdichtem Rei\u00dfverschluss.<\/li>\n<li>Eingrifftaschen mit oberem Eingriff und verdecktem, wasserdichtem Rei\u00dfverschluss.<\/li>\n<li>Innentasche mit Knopf und gesticktem Kompass-Logo.<\/li>\n<li>Passe auf der R\u00fcckseite.<\/li>\n<li>Verstellbarer Klettverschluss an den \u00c4rmelb\u00fcndchen.<\/li>\n<li>Verdeckter, wasserdichter Zwei-Wege-Rei\u00dfverschluss.<\/li>\n<\/ul>\n<p>ZUSAMMENSETZUNG<\/p>\n<ul>\n<li>Au\u00dfenschicht: 100 % Polyester \u2013 ohne Beschichtung.<\/li>\n<li>Innenschicht: 100 % Polyester.<\/li>\n<li>Futter: 100 % Polyester.<\/li>\n<li>Wattierung: 100 % Polyester<\/li>\n<li>Stone Island-Nr.: 4100041 0062<\/li>\n<li>ID-Nr.: 41413<\/li>\n<\/ul>\n","protected":false},"excerpt":{"rendered":"<p>PRODUKTDETAILS Dieser Daunenparka mit Kapuze aus leistungsstarkem GORE-TEX-Material tr\u00e4gt das Black Diamond-Label, das nur f\u00fcr Hochleistungsmodelle erh\u00e4ltlich ist. Die Au\u00dfenseite besteht aus BIONIC-Polyester-Canvas. Sie ist mit der d\u00fcnnen GORE-TEX-Membran und einem inneren Schutznetz aus d\u00fcsengef\u00e4rbtem Polyester verbunden. Das laminierte Gewebe wurde strengen Tests unterzogen, um die Einhaltung der strengen GORE-TEX-Qualit\u00e4ts- und Haltbarkeitsstandards zu gew\u00e4hrleisten. Es [&#8230;]\n","protected":false},"featured_media":212656,"comment_status":"open","ping_status":"closed","template":"","meta":{"rank_math_lock_modified_date":false},"product_cat":[447,451,463,483,543,706],"product_tag":[],"class_list":{"0":"post-212668","1":"product","2":"type-product","3":"status-publish","4":"has-post-thumbnail","6":"product_cat-kleding-de","7":"product_cat-heren-de","8":"product_cat-vousten-sports-de-2","9":"product_cat-stone-island-de-2","10":"product_cat-jassen-de","11":"product_cat-jassen-jacks-de","13":"first","14":"instock","15":"taxable","16":"shipping-taxable","17":"purchasable","18":"product-type-variable"},"acf":[],"yoast_head":"<!-- This site is optimized with the Yoast SEO plugin v23.9 - https:\/\/yoast.com\/wordpress\/plugins\/seo\/ -->\n<title>STONE ISLAND - STELLINA KAPUZENPARKA BLEIGRAU (41413) - Vousten Sports<\/title>\n<meta name=\"robots\" content=\"index, follow, max-snippet:-1, max-image-preview:large, max-video-preview:-1\" \/>\n<link rel=\"canonical\" href=\"https:\/\/www.voustensports.com\/de\/stone-island-stellina-kapuzenparka-bleigrau-41413\/\" \/>\n<meta property=\"og:locale\" content=\"de_DE\" \/>\n<meta property=\"og:type\" content=\"article\" \/>\n<meta property=\"og:title\" content=\"STONE ISLAND - STELLINA KAPUZENPARKA BLEIGRAU (41413) - Vousten Sports\" \/>\n<meta property=\"og:description\" content=\"PRODUKTDETAILS Dieser Daunenparka mit Kapuze aus leistungsstarkem GORE-TEX-Material tr\u00e4gt das Black Diamond-Label, das nur f\u00fcr Hochleistungsmodelle erh\u00e4ltlich ist. Die Au\u00dfenseite besteht aus BIONIC-Polyester-Canvas. Sie ist mit der d\u00fcnnen GORE-TEX-Membran und einem inneren Schutznetz aus d\u00fcsengef\u00e4rbtem Polyester verbunden. Das laminierte Gewebe wurde strengen Tests unterzogen, um die Einhaltung der strengen GORE-TEX-Qualit\u00e4ts- und Haltbarkeitsstandards zu gew\u00e4hrleisten. Es [...]\" \/>\n<meta property=\"og:url\" content=\"https:\/\/www.voustensports.com\/de\/stone-island-stellina-kapuzenparka-bleigrau-41413\/\" \/>\n<meta property=\"og:site_name\" content=\"Vousten Sports\" \/>\n<meta property=\"article:modified_time\" content=\"2026-02-05T11:33:36+00:00\" \/>\n<meta property=\"og:image\" content=\"https:\/\/www.voustensports.com\/wp-content\/uploads\/2023\/06\/STELLINA-HOODED-PARKA-LEAD-GRAY-414131.jpg\" \/>\n\t<meta property=\"og:image:width\" content=\"1365\" \/>\n\t<meta property=\"og:image:height\" content=\"2048\" \/>\n\t<meta property=\"og:image:type\" content=\"image\/jpeg\" \/>\n<meta name=\"twitter:card\" content=\"summary_large_image\" \/>\n<meta name=\"twitter:label1\" content=\"Est. reading time\" \/>\n\t<meta name=\"twitter:data1\" content=\"1 Minute\" \/>\n<script type=\"application\/ld+json\" class=\"yoast-schema-graph\">{\"@context\":\"https:\/\/schema.org\",\"@graph\":[{\"@type\":\"WebPage\",\"@id\":\"https:\/\/www.voustensports.com\/de\/stone-island-stellina-kapuzenparka-bleigrau-41413\/\",\"url\":\"https:\/\/www.voustensports.com\/de\/stone-island-stellina-kapuzenparka-bleigrau-41413\/\",\"name\":\"STONE ISLAND - STELLINA KAPUZENPARKA BLEIGRAU (41413) - Vousten Sports\",\"isPartOf\":{\"@id\":\"https:\/\/www.voustensports.com\/nl\/#website\"},\"primaryImageOfPage\":{\"@id\":\"https:\/\/www.voustensports.com\/de\/stone-island-stellina-kapuzenparka-bleigrau-41413\/#primaryimage\"},\"image\":{\"@id\":\"https:\/\/www.voustensports.com\/de\/stone-island-stellina-kapuzenparka-bleigrau-41413\/#primaryimage\"},\"thumbnailUrl\":\"https:\/\/www.voustensports.com\/wp-content\/uploads\/2023\/06\/STELLINA-HOODED-PARKA-LEAD-GRAY-414131.jpg\",\"datePublished\":\"2025-10-12T02:33:11+00:00\",\"dateModified\":\"2026-02-05T11:33:36+00:00\",\"breadcrumb\":{\"@id\":\"https:\/\/www.voustensports.com\/de\/stone-island-stellina-kapuzenparka-bleigrau-41413\/#breadcrumb\"},\"inLanguage\":\"de-DE\",\"potentialAction\":[{\"@type\":\"ReadAction\",\"target\":[\"https:\/\/www.voustensports.com\/de\/stone-island-stellina-kapuzenparka-bleigrau-41413\/\"]}]},{\"@type\":\"ImageObject\",\"inLanguage\":\"de-DE\",\"@id\":\"https:\/\/www.voustensports.com\/de\/stone-island-stellina-kapuzenparka-bleigrau-41413\/#primaryimage\",\"url\":\"https:\/\/www.voustensports.com\/wp-content\/uploads\/2023\/06\/STELLINA-HOODED-PARKA-LEAD-GRAY-414131.jpg\",\"contentUrl\":\"https:\/\/www.voustensports.com\/wp-content\/uploads\/2023\/06\/STELLINA-HOODED-PARKA-LEAD-GRAY-414131.jpg\",\"width\":1365,\"height\":2048},{\"@type\":\"BreadcrumbList\",\"@id\":\"https:\/\/www.voustensports.com\/de\/stone-island-stellina-kapuzenparka-bleigrau-41413\/#breadcrumb\",\"itemListElement\":[{\"@type\":\"ListItem\",\"position\":1,\"name\":\"Home\",\"item\":\"https:\/\/www.voustensports.com\/de\/\"},{\"@type\":\"ListItem\",\"position\":2,\"name\":\"Shop\",\"item\":\"https:\/\/www.voustensports.com\/de\/shop\/\"},{\"@type\":\"ListItem\",\"position\":3,\"name\":\"STONE ISLAND &#8211; STELLINA KAPUZENPARKA BLEIGRAU (41413)\"}]},{\"@type\":\"WebSite\",\"@id\":\"https:\/\/www.voustensports.com\/nl\/#website\",\"url\":\"https:\/\/www.voustensports.com\/nl\/\",\"name\":\"Vousten Sports\",\"description\":\"\",\"potentialAction\":[{\"@type\":\"SearchAction\",\"target\":{\"@type\":\"EntryPoint\",\"urlTemplate\":\"https:\/\/www.voustensports.com\/nl\/?s={search_term_string}\"},\"query-input\":{\"@type\":\"PropertyValueSpecification\",\"valueRequired\":true,\"valueName\":\"search_term_string\"}}],\"inLanguage\":\"de-DE\"}]}<\/script>\n<!-- \/ Yoast SEO plugin. -->","yoast_head_json":{"title":"STONE ISLAND - STELLINA KAPUZENPARKA BLEIGRAU (41413) - Vousten Sports","robots":{"index":"index","follow":"follow","max-snippet":"max-snippet:-1","max-image-preview":"max-image-preview:large","max-video-preview":"max-video-preview:-1"},"canonical":"https:\/\/www.voustensports.com\/de\/stone-island-stellina-kapuzenparka-bleigrau-41413\/","og_locale":"de_DE","og_type":"article","og_title":"STONE ISLAND - STELLINA KAPUZENPARKA BLEIGRAU (41413) - Vousten Sports","og_description":"PRODUKTDETAILS Dieser Daunenparka mit Kapuze aus leistungsstarkem GORE-TEX-Material tr\u00e4gt das Black Diamond-Label, das nur f\u00fcr Hochleistungsmodelle erh\u00e4ltlich ist. Die Au\u00dfenseite besteht aus BIONIC-Polyester-Canvas. Sie ist mit der d\u00fcnnen GORE-TEX-Membran und einem inneren Schutznetz aus d\u00fcsengef\u00e4rbtem Polyester verbunden. Das laminierte Gewebe wurde strengen Tests unterzogen, um die Einhaltung der strengen GORE-TEX-Qualit\u00e4ts- und Haltbarkeitsstandards zu gew\u00e4hrleisten. Es [...]","og_url":"https:\/\/www.voustensports.com\/de\/stone-island-stellina-kapuzenparka-bleigrau-41413\/","og_site_name":"Vousten Sports","article_modified_time":"2026-02-05T11:33:36+00:00","og_image":[{"width":1365,"height":2048,"url":"https:\/\/www.voustensports.com\/wp-content\/uploads\/2023\/06\/STELLINA-HOODED-PARKA-LEAD-GRAY-414131.jpg","type":"image\/jpeg"}],"twitter_card":"summary_large_image","twitter_misc":{"Est. reading time":"1 Minute"},"schema":{"@context":"https:\/\/schema.org","@graph":[{"@type":"WebPage","@id":"https:\/\/www.voustensports.com\/de\/stone-island-stellina-kapuzenparka-bleigrau-41413\/","url":"https:\/\/www.voustensports.com\/de\/stone-island-stellina-kapuzenparka-bleigrau-41413\/","name":"STONE ISLAND - STELLINA KAPUZENPARKA BLEIGRAU (41413) - Vousten Sports","isPartOf":{"@id":"https:\/\/www.voustensports.com\/nl\/#website"},"primaryImageOfPage":{"@id":"https:\/\/www.voustensports.com\/de\/stone-island-stellina-kapuzenparka-bleigrau-41413\/#primaryimage"},"image":{"@id":"https:\/\/www.voustensports.com\/de\/stone-island-stellina-kapuzenparka-bleigrau-41413\/#primaryimage"},"thumbnailUrl":"https:\/\/www.voustensports.com\/wp-content\/uploads\/2023\/06\/STELLINA-HOODED-PARKA-LEAD-GRAY-414131.jpg","datePublished":"2025-10-12T02:33:11+00:00","dateModified":"2026-02-05T11:33:36+00:00","breadcrumb":{"@id":"https:\/\/www.voustensports.com\/de\/stone-island-stellina-kapuzenparka-bleigrau-41413\/#breadcrumb"},"inLanguage":"de-DE","potentialAction":[{"@type":"ReadAction","target":["https:\/\/www.voustensports.com\/de\/stone-island-stellina-kapuzenparka-bleigrau-41413\/"]}]},{"@type":"ImageObject","inLanguage":"de-DE","@id":"https:\/\/www.voustensports.com\/de\/stone-island-stellina-kapuzenparka-bleigrau-41413\/#primaryimage","url":"https:\/\/www.voustensports.com\/wp-content\/uploads\/2023\/06\/STELLINA-HOODED-PARKA-LEAD-GRAY-414131.jpg","contentUrl":"https:\/\/www.voustensports.com\/wp-content\/uploads\/2023\/06\/STELLINA-HOODED-PARKA-LEAD-GRAY-414131.jpg","width":1365,"height":2048},{"@type":"BreadcrumbList","@id":"https:\/\/www.voustensports.com\/de\/stone-island-stellina-kapuzenparka-bleigrau-41413\/#breadcrumb","itemListElement":[{"@type":"ListItem","position":1,"name":"Home","item":"https:\/\/www.voustensports.com\/de\/"},{"@type":"ListItem","position":2,"name":"Shop","item":"https:\/\/www.voustensports.com\/de\/shop\/"},{"@type":"ListItem","position":3,"name":"STONE ISLAND &#8211; STELLINA KAPUZENPARKA BLEIGRAU (41413)"}]},{"@type":"WebSite","@id":"https:\/\/www.voustensports.com\/nl\/#website","url":"https:\/\/www.voustensports.com\/nl\/","name":"Vousten Sports","description":"","potentialAction":[{"@type":"SearchAction","target":{"@type":"EntryPoint","urlTemplate":"https:\/\/www.voustensports.com\/nl\/?s={search_term_string}"},"query-input":{"@type":"PropertyValueSpecification","valueRequired":true,"valueName":"search_term_string"}}],"inLanguage":"de-DE"}]}},"_links":{"self":[{"href":"https:\/\/www.voustensports.com\/de\/wp-json\/wp\/v2\/product\/212668","targetHints":{"allow":["GET"]}}],"collection":[{"href":"https:\/\/www.voustensports.com\/de\/wp-json\/wp\/v2\/product"}],"about":[{"href":"https:\/\/www.voustensports.com\/de\/wp-json\/wp\/v2\/types\/product"}],"replies":[{"embeddable":true,"href":"https:\/\/www.voustensports.com\/de\/wp-json\/wp\/v2\/comments?post=212668"}],"wp:featuredmedia":[{"embeddable":true,"href":"https:\/\/www.voustensports.com\/de\/wp-json\/wp\/v2\/media\/212656"}],"wp:attachment":[{"href":"https:\/\/www.voustensports.com\/de\/wp-json\/wp\/v2\/media?parent=212668"}],"wp:term":[{"taxonomy":"product_cat","embeddable":true,"href":"https:\/\/www.voustensports.com\/de\/wp-json\/wp\/v2\/product_cat?post=212668"},{"taxonomy":"product_tag","embeddable":true,"href":"https:\/\/www.voustensports.com\/de\/wp-json\/wp\/v2\/product_tag?post=212668"}],"curies":[{"name":"wp","href":"https:\/\/api.w.org\/{rel}","templated":true}]}}