{"id":212640,"date":"2025-10-11T23:45:12","date_gmt":"2025-10-11T21:45:12","guid":{"rendered":"https:\/\/www.voustensports.com\/stone-island-stellina-strickpullover-mit-halbem-reissverschluss-bleigrau-41428\/"},"modified":"2026-02-05T12:33:56","modified_gmt":"2026-02-05T11:33:56","slug":"stone-island-stellina-strickpullover-mit-halbem-reissverschluss-bleigrau-41428","status":"publish","type":"product","link":"https:\/\/www.voustensports.com\/de\/stone-island-stellina-strickpullover-mit-halbem-reissverschluss-bleigrau-41428\/","title":{"rendered":"STONE ISLAND &#8211; STELLINA STRICKPULLOVER MIT HALBEM REISSVERSCHLUSS BLEIGRAU (41428)"},"content":{"rendered":"<div>PRODUKTDETAILS<\/div>\n<div>Strickpullover mit halbem Rei\u00dfverschluss aus recyceltem PrimaLoft\u00ae Bio\u2122 Polyester und Wolle. Glatt rechts gestrickt. Maschenprobe 14.<\/div>\n<div><\/div>\n<div>STIL<\/div>\n<ul>\n<li>Gerippter Stehkragen mit Rei\u00dfverschluss.<\/li>\n<li>Stone Island-Sternstickerei auf der Brust.<\/li>\n<li>Rippb\u00fcndchen an den Raglan\u00e4rmeln.<\/li>\n<li>Perforierte dreieckige Einlage unter den Arml\u00f6chern.<\/li>\n<li>Gerippter, elastischer Besatz an \u00c4rmelb\u00fcndchen und Saum.<\/li>\n<li>Normale Passform.<\/li>\n<\/ul>\n<div>ZUSAMMENSETZUNG<\/div>\n<ul>\n<li>Kleidungsst\u00fcck: 54 % Schurwolle, 46 % Polyester.<\/li>\n<li>Kleidungsst\u00fcckdetails: 100 % Polyamid\/Nylon<\/li>\n<li>Stone Island-Nr.: 5100037 0062<\/li>\n<li>ID-Nr.: 41428<\/li>\n<\/ul>\n","protected":false},"excerpt":{"rendered":"<p>PRODUKTDETAILS Strickpullover mit halbem Rei\u00dfverschluss aus recyceltem PrimaLoft\u00ae Bio\u2122 Polyester und Wolle. Glatt rechts gestrickt. Maschenprobe 14. STIL Gerippter Stehkragen mit Rei\u00dfverschluss. Stone Island-Sternstickerei auf der Brust. Rippb\u00fcndchen an den Raglan\u00e4rmeln. Perforierte dreieckige Einlage unter den Arml\u00f6chern. Gerippter, elastischer Besatz an \u00c4rmelb\u00fcndchen und Saum. Normale Passform. ZUSAMMENSETZUNG Kleidungsst\u00fcck: 54 % Schurwolle, 46 % Polyester. Kleidungsst\u00fcckdetails: [&#8230;]\n","protected":false},"featured_media":212628,"comment_status":"open","ping_status":"closed","template":"","meta":{"rank_math_lock_modified_date":false},"product_cat":[698,447,451,463,483,535,539,695],"product_tag":[],"class_list":{"0":"post-212640","1":"product","2":"type-product","3":"status-publish","4":"has-post-thumbnail","6":"product_cat-sweaters-de-2","7":"product_cat-kleding-de","8":"product_cat-heren-de","9":"product_cat-vousten-sports-de-2","10":"product_cat-stone-island-de-2","11":"product_cat-truien-de-2","12":"product_cat-knitwear-de","13":"product_cat-truien-vesten-de-2","15":"first","16":"instock","17":"taxable","18":"shipping-taxable","19":"purchasable","20":"product-type-variable"},"acf":[],"yoast_head":"<!-- This site is optimized with the Yoast SEO plugin v23.9 - https:\/\/yoast.com\/wordpress\/plugins\/seo\/ -->\n<title>STONE ISLAND - STELLINA STRICKPULLOVER MIT HALBEM REISSVERSCHLUSS BLEIGRAU (41428) - Vousten Sports<\/title>\n<meta name=\"robots\" content=\"index, follow, max-snippet:-1, max-image-preview:large, max-video-preview:-1\" \/>\n<link rel=\"canonical\" href=\"https:\/\/www.voustensports.com\/de\/stone-island-stellina-strickpullover-mit-halbem-reissverschluss-bleigrau-41428\/\" \/>\n<meta property=\"og:locale\" content=\"de_DE\" \/>\n<meta property=\"og:type\" content=\"article\" \/>\n<meta property=\"og:title\" content=\"STONE ISLAND - STELLINA STRICKPULLOVER MIT HALBEM REISSVERSCHLUSS BLEIGRAU (41428) - Vousten Sports\" \/>\n<meta property=\"og:description\" content=\"PRODUKTDETAILS Strickpullover mit halbem Rei\u00dfverschluss aus recyceltem PrimaLoft\u00ae Bio\u2122 Polyester und Wolle. Glatt rechts gestrickt. Maschenprobe 14. STIL Gerippter Stehkragen mit Rei\u00dfverschluss. Stone Island-Sternstickerei auf der Brust. Rippb\u00fcndchen an den Raglan\u00e4rmeln. Perforierte dreieckige Einlage unter den Arml\u00f6chern. Gerippter, elastischer Besatz an \u00c4rmelb\u00fcndchen und Saum. Normale Passform. ZUSAMMENSETZUNG Kleidungsst\u00fcck: 54 % Schurwolle, 46 % Polyester. Kleidungsst\u00fcckdetails: [...]\" \/>\n<meta property=\"og:url\" content=\"https:\/\/www.voustensports.com\/de\/stone-island-stellina-strickpullover-mit-halbem-reissverschluss-bleigrau-41428\/\" \/>\n<meta property=\"og:site_name\" content=\"Vousten Sports\" \/>\n<meta property=\"article:modified_time\" content=\"2026-02-05T11:33:56+00:00\" \/>\n<meta property=\"og:image\" content=\"https:\/\/www.voustensports.com\/wp-content\/uploads\/2023\/06\/STELLINA-KNIT-HALF-ZIP-JUMPER-LEAD-GRAY-414281.jpg\" \/>\n\t<meta property=\"og:image:width\" content=\"1365\" \/>\n\t<meta property=\"og:image:height\" content=\"2048\" \/>\n\t<meta property=\"og:image:type\" content=\"image\/jpeg\" \/>\n<meta name=\"twitter:card\" content=\"summary_large_image\" \/>\n<script type=\"application\/ld+json\" class=\"yoast-schema-graph\">{\"@context\":\"https:\/\/schema.org\",\"@graph\":[{\"@type\":\"WebPage\",\"@id\":\"https:\/\/www.voustensports.com\/de\/stone-island-stellina-strickpullover-mit-halbem-reissverschluss-bleigrau-41428\/\",\"url\":\"https:\/\/www.voustensports.com\/de\/stone-island-stellina-strickpullover-mit-halbem-reissverschluss-bleigrau-41428\/\",\"name\":\"STONE ISLAND - STELLINA STRICKPULLOVER MIT HALBEM REISSVERSCHLUSS BLEIGRAU (41428) - Vousten Sports\",\"isPartOf\":{\"@id\":\"https:\/\/www.voustensports.com\/nl\/#website\"},\"primaryImageOfPage\":{\"@id\":\"https:\/\/www.voustensports.com\/de\/stone-island-stellina-strickpullover-mit-halbem-reissverschluss-bleigrau-41428\/#primaryimage\"},\"image\":{\"@id\":\"https:\/\/www.voustensports.com\/de\/stone-island-stellina-strickpullover-mit-halbem-reissverschluss-bleigrau-41428\/#primaryimage\"},\"thumbnailUrl\":\"https:\/\/www.voustensports.com\/wp-content\/uploads\/2023\/06\/STELLINA-KNIT-HALF-ZIP-JUMPER-LEAD-GRAY-414281.jpg\",\"datePublished\":\"2025-10-11T21:45:12+00:00\",\"dateModified\":\"2026-02-05T11:33:56+00:00\",\"breadcrumb\":{\"@id\":\"https:\/\/www.voustensports.com\/de\/stone-island-stellina-strickpullover-mit-halbem-reissverschluss-bleigrau-41428\/#breadcrumb\"},\"inLanguage\":\"de-DE\",\"potentialAction\":[{\"@type\":\"ReadAction\",\"target\":[\"https:\/\/www.voustensports.com\/de\/stone-island-stellina-strickpullover-mit-halbem-reissverschluss-bleigrau-41428\/\"]}]},{\"@type\":\"ImageObject\",\"inLanguage\":\"de-DE\",\"@id\":\"https:\/\/www.voustensports.com\/de\/stone-island-stellina-strickpullover-mit-halbem-reissverschluss-bleigrau-41428\/#primaryimage\",\"url\":\"https:\/\/www.voustensports.com\/wp-content\/uploads\/2023\/06\/STELLINA-KNIT-HALF-ZIP-JUMPER-LEAD-GRAY-414281.jpg\",\"contentUrl\":\"https:\/\/www.voustensports.com\/wp-content\/uploads\/2023\/06\/STELLINA-KNIT-HALF-ZIP-JUMPER-LEAD-GRAY-414281.jpg\",\"width\":1365,\"height\":2048},{\"@type\":\"BreadcrumbList\",\"@id\":\"https:\/\/www.voustensports.com\/de\/stone-island-stellina-strickpullover-mit-halbem-reissverschluss-bleigrau-41428\/#breadcrumb\",\"itemListElement\":[{\"@type\":\"ListItem\",\"position\":1,\"name\":\"Home\",\"item\":\"https:\/\/www.voustensports.com\/de\/\"},{\"@type\":\"ListItem\",\"position\":2,\"name\":\"Shop\",\"item\":\"https:\/\/www.voustensports.com\/de\/shop\/\"},{\"@type\":\"ListItem\",\"position\":3,\"name\":\"STONE ISLAND &#8211; STELLINA STRICKPULLOVER MIT HALBEM REISSVERSCHLUSS BLEIGRAU (41428)\"}]},{\"@type\":\"WebSite\",\"@id\":\"https:\/\/www.voustensports.com\/nl\/#website\",\"url\":\"https:\/\/www.voustensports.com\/nl\/\",\"name\":\"Vousten Sports\",\"description\":\"\",\"potentialAction\":[{\"@type\":\"SearchAction\",\"target\":{\"@type\":\"EntryPoint\",\"urlTemplate\":\"https:\/\/www.voustensports.com\/nl\/?s={search_term_string}\"},\"query-input\":{\"@type\":\"PropertyValueSpecification\",\"valueRequired\":true,\"valueName\":\"search_term_string\"}}],\"inLanguage\":\"de-DE\"}]}<\/script>\n<!-- \/ Yoast SEO plugin. -->","yoast_head_json":{"title":"STONE ISLAND - STELLINA STRICKPULLOVER MIT HALBEM REISSVERSCHLUSS BLEIGRAU (41428) - Vousten Sports","robots":{"index":"index","follow":"follow","max-snippet":"max-snippet:-1","max-image-preview":"max-image-preview:large","max-video-preview":"max-video-preview:-1"},"canonical":"https:\/\/www.voustensports.com\/de\/stone-island-stellina-strickpullover-mit-halbem-reissverschluss-bleigrau-41428\/","og_locale":"de_DE","og_type":"article","og_title":"STONE ISLAND - STELLINA STRICKPULLOVER MIT HALBEM REISSVERSCHLUSS BLEIGRAU (41428) - Vousten Sports","og_description":"PRODUKTDETAILS Strickpullover mit halbem Rei\u00dfverschluss aus recyceltem PrimaLoft\u00ae Bio\u2122 Polyester und Wolle. Glatt rechts gestrickt. Maschenprobe 14. STIL Gerippter Stehkragen mit Rei\u00dfverschluss. Stone Island-Sternstickerei auf der Brust. Rippb\u00fcndchen an den Raglan\u00e4rmeln. Perforierte dreieckige Einlage unter den Arml\u00f6chern. Gerippter, elastischer Besatz an \u00c4rmelb\u00fcndchen und Saum. Normale Passform. ZUSAMMENSETZUNG Kleidungsst\u00fcck: 54 % Schurwolle, 46 % Polyester. Kleidungsst\u00fcckdetails: [...]","og_url":"https:\/\/www.voustensports.com\/de\/stone-island-stellina-strickpullover-mit-halbem-reissverschluss-bleigrau-41428\/","og_site_name":"Vousten Sports","article_modified_time":"2026-02-05T11:33:56+00:00","og_image":[{"width":1365,"height":2048,"url":"https:\/\/www.voustensports.com\/wp-content\/uploads\/2023\/06\/STELLINA-KNIT-HALF-ZIP-JUMPER-LEAD-GRAY-414281.jpg","type":"image\/jpeg"}],"twitter_card":"summary_large_image","schema":{"@context":"https:\/\/schema.org","@graph":[{"@type":"WebPage","@id":"https:\/\/www.voustensports.com\/de\/stone-island-stellina-strickpullover-mit-halbem-reissverschluss-bleigrau-41428\/","url":"https:\/\/www.voustensports.com\/de\/stone-island-stellina-strickpullover-mit-halbem-reissverschluss-bleigrau-41428\/","name":"STONE ISLAND - STELLINA STRICKPULLOVER MIT HALBEM REISSVERSCHLUSS BLEIGRAU (41428) - Vousten Sports","isPartOf":{"@id":"https:\/\/www.voustensports.com\/nl\/#website"},"primaryImageOfPage":{"@id":"https:\/\/www.voustensports.com\/de\/stone-island-stellina-strickpullover-mit-halbem-reissverschluss-bleigrau-41428\/#primaryimage"},"image":{"@id":"https:\/\/www.voustensports.com\/de\/stone-island-stellina-strickpullover-mit-halbem-reissverschluss-bleigrau-41428\/#primaryimage"},"thumbnailUrl":"https:\/\/www.voustensports.com\/wp-content\/uploads\/2023\/06\/STELLINA-KNIT-HALF-ZIP-JUMPER-LEAD-GRAY-414281.jpg","datePublished":"2025-10-11T21:45:12+00:00","dateModified":"2026-02-05T11:33:56+00:00","breadcrumb":{"@id":"https:\/\/www.voustensports.com\/de\/stone-island-stellina-strickpullover-mit-halbem-reissverschluss-bleigrau-41428\/#breadcrumb"},"inLanguage":"de-DE","potentialAction":[{"@type":"ReadAction","target":["https:\/\/www.voustensports.com\/de\/stone-island-stellina-strickpullover-mit-halbem-reissverschluss-bleigrau-41428\/"]}]},{"@type":"ImageObject","inLanguage":"de-DE","@id":"https:\/\/www.voustensports.com\/de\/stone-island-stellina-strickpullover-mit-halbem-reissverschluss-bleigrau-41428\/#primaryimage","url":"https:\/\/www.voustensports.com\/wp-content\/uploads\/2023\/06\/STELLINA-KNIT-HALF-ZIP-JUMPER-LEAD-GRAY-414281.jpg","contentUrl":"https:\/\/www.voustensports.com\/wp-content\/uploads\/2023\/06\/STELLINA-KNIT-HALF-ZIP-JUMPER-LEAD-GRAY-414281.jpg","width":1365,"height":2048},{"@type":"BreadcrumbList","@id":"https:\/\/www.voustensports.com\/de\/stone-island-stellina-strickpullover-mit-halbem-reissverschluss-bleigrau-41428\/#breadcrumb","itemListElement":[{"@type":"ListItem","position":1,"name":"Home","item":"https:\/\/www.voustensports.com\/de\/"},{"@type":"ListItem","position":2,"name":"Shop","item":"https:\/\/www.voustensports.com\/de\/shop\/"},{"@type":"ListItem","position":3,"name":"STONE ISLAND &#8211; STELLINA STRICKPULLOVER MIT HALBEM REISSVERSCHLUSS BLEIGRAU (41428)"}]},{"@type":"WebSite","@id":"https:\/\/www.voustensports.com\/nl\/#website","url":"https:\/\/www.voustensports.com\/nl\/","name":"Vousten Sports","description":"","potentialAction":[{"@type":"SearchAction","target":{"@type":"EntryPoint","urlTemplate":"https:\/\/www.voustensports.com\/nl\/?s={search_term_string}"},"query-input":{"@type":"PropertyValueSpecification","valueRequired":true,"valueName":"search_term_string"}}],"inLanguage":"de-DE"}]}},"_links":{"self":[{"href":"https:\/\/www.voustensports.com\/de\/wp-json\/wp\/v2\/product\/212640","targetHints":{"allow":["GET"]}}],"collection":[{"href":"https:\/\/www.voustensports.com\/de\/wp-json\/wp\/v2\/product"}],"about":[{"href":"https:\/\/www.voustensports.com\/de\/wp-json\/wp\/v2\/types\/product"}],"replies":[{"embeddable":true,"href":"https:\/\/www.voustensports.com\/de\/wp-json\/wp\/v2\/comments?post=212640"}],"wp:featuredmedia":[{"embeddable":true,"href":"https:\/\/www.voustensports.com\/de\/wp-json\/wp\/v2\/media\/212628"}],"wp:attachment":[{"href":"https:\/\/www.voustensports.com\/de\/wp-json\/wp\/v2\/media?parent=212640"}],"wp:term":[{"taxonomy":"product_cat","embeddable":true,"href":"https:\/\/www.voustensports.com\/de\/wp-json\/wp\/v2\/product_cat?post=212640"},{"taxonomy":"product_tag","embeddable":true,"href":"https:\/\/www.voustensports.com\/de\/wp-json\/wp\/v2\/product_tag?post=212640"}],"curies":[{"name":"wp","href":"https:\/\/api.w.org\/{rel}","templated":true}]}}