{"id":211837,"date":"2025-10-07T23:33:10","date_gmt":"2025-10-07T21:33:10","guid":{"rendered":"https:\/\/www.voustensports.com\/stone-island-stellina-overshirt-bleigrau-41426\/"},"modified":"2026-02-05T12:33:54","modified_gmt":"2026-02-05T11:33:54","slug":"stone-island-stellina-overshirt-bleigrau-41426","status":"publish","type":"product","link":"https:\/\/www.voustensports.com\/de\/stone-island-stellina-overshirt-bleigrau-41426\/","title":{"rendered":"STONE ISLAND &#8211; STELLINA OVERSHIRT BLEIGRAU (41426)"},"content":{"rendered":"<div>PRODUKTDETAILS<\/div>\n<div>Overshirt aus strukturiertem Stretch-Material mit 91 % recyceltem Nylon.<\/div>\n<div><\/div>\n<div>STIL<\/div>\n<ul>\n<li>Stone Island-Sternstickerei auf der Brust.<\/li>\n<li>Versteckte Brusttasche mit Rei\u00dfverschluss auf der linken Seite.<\/li>\n<li>Intarsien unter den \u00c4rmeln und an den Seiten. Druckkn\u00f6pfe an den B\u00fcndchen.<\/li>\n<li>Rei\u00dfverschluss mit einem Druckknopf an der Innenleiste, der auch von au\u00dfen sichtbar ist.<\/li>\n<li>Hei\u00dfversiegelte N\u00e4hte.<\/li>\n<li>Bequeme Passform.<\/li>\n<\/ul>\n<div>MATERIALIEN<\/div>\n<ul>\n<li>Overshirt aus strukturiertem Stretch-Material mit 91 % recyceltem Nylon.<\/li>\n<li>Stone Island-Nr.: 1200024 0062<\/li>\n<li>ID-Nr.: 41426<\/li>\n<\/ul>\n","protected":false},"excerpt":{"rendered":"<p>PRODUKTDETAILS Overshirt aus strukturiertem Stretch-Material mit 91 % recyceltem Nylon. STIL Stone Island-Sternstickerei auf der Brust. Versteckte Brusttasche mit Rei\u00dfverschluss auf der linken Seite. Intarsien unter den \u00c4rmeln und an den Seiten. Druckkn\u00f6pfe an den B\u00fcndchen. Rei\u00dfverschluss mit einem Druckknopf an der Innenleiste, der auch von au\u00dfen sichtbar ist. Hei\u00dfversiegelte N\u00e4hte. Bequeme Passform. MATERIALIEN Overshirt [&#8230;]\n","protected":false},"featured_media":211825,"comment_status":"open","ping_status":"closed","template":"","meta":{"rank_math_lock_modified_date":false},"product_cat":[447,451,463,483,487,740],"product_tag":[],"class_list":{"0":"post-211837","1":"product","2":"type-product","3":"status-publish","4":"has-post-thumbnail","6":"product_cat-kleding-de","7":"product_cat-heren-de","8":"product_cat-vousten-sports-de-2","9":"product_cat-stone-island-de-2","10":"product_cat-shirt-de-2","11":"product_cat-overshirt-de-2","13":"first","14":"instock","15":"taxable","16":"shipping-taxable","17":"purchasable","18":"product-type-variable"},"acf":[],"yoast_head":"<!-- This site is optimized with the Yoast SEO plugin v23.9 - https:\/\/yoast.com\/wordpress\/plugins\/seo\/ -->\n<title>STONE ISLAND - STELLINA OVERSHIRT BLEIGRAU (41426) - Vousten Sports<\/title>\n<meta name=\"robots\" content=\"index, follow, max-snippet:-1, max-image-preview:large, max-video-preview:-1\" \/>\n<link rel=\"canonical\" href=\"https:\/\/www.voustensports.com\/de\/stone-island-stellina-overshirt-bleigrau-41426\/\" \/>\n<meta property=\"og:locale\" content=\"de_DE\" \/>\n<meta property=\"og:type\" content=\"article\" \/>\n<meta property=\"og:title\" content=\"STONE ISLAND - STELLINA OVERSHIRT BLEIGRAU (41426) - Vousten Sports\" \/>\n<meta property=\"og:description\" content=\"PRODUKTDETAILS Overshirt aus strukturiertem Stretch-Material mit 91 % recyceltem Nylon. STIL Stone Island-Sternstickerei auf der Brust. Versteckte Brusttasche mit Rei\u00dfverschluss auf der linken Seite. Intarsien unter den \u00c4rmeln und an den Seiten. Druckkn\u00f6pfe an den B\u00fcndchen. Rei\u00dfverschluss mit einem Druckknopf an der Innenleiste, der auch von au\u00dfen sichtbar ist. Hei\u00dfversiegelte N\u00e4hte. Bequeme Passform. MATERIALIEN Overshirt [...]\" \/>\n<meta property=\"og:url\" content=\"https:\/\/www.voustensports.com\/de\/stone-island-stellina-overshirt-bleigrau-41426\/\" \/>\n<meta property=\"og:site_name\" content=\"Vousten Sports\" \/>\n<meta property=\"article:modified_time\" content=\"2026-02-05T11:33:54+00:00\" \/>\n<meta property=\"og:image\" content=\"https:\/\/www.voustensports.com\/wp-content\/uploads\/2023\/06\/STELLINA-OVERSHIRT-LEAD-GRAY-414261.jpg\" \/>\n\t<meta property=\"og:image:width\" content=\"1365\" \/>\n\t<meta property=\"og:image:height\" content=\"2048\" \/>\n\t<meta property=\"og:image:type\" content=\"image\/jpeg\" \/>\n<meta name=\"twitter:card\" content=\"summary_large_image\" \/>\n<script type=\"application\/ld+json\" class=\"yoast-schema-graph\">{\"@context\":\"https:\/\/schema.org\",\"@graph\":[{\"@type\":\"WebPage\",\"@id\":\"https:\/\/www.voustensports.com\/de\/stone-island-stellina-overshirt-bleigrau-41426\/\",\"url\":\"https:\/\/www.voustensports.com\/de\/stone-island-stellina-overshirt-bleigrau-41426\/\",\"name\":\"STONE ISLAND - STELLINA OVERSHIRT BLEIGRAU (41426) - Vousten Sports\",\"isPartOf\":{\"@id\":\"https:\/\/www.voustensports.com\/nl\/#website\"},\"primaryImageOfPage\":{\"@id\":\"https:\/\/www.voustensports.com\/de\/stone-island-stellina-overshirt-bleigrau-41426\/#primaryimage\"},\"image\":{\"@id\":\"https:\/\/www.voustensports.com\/de\/stone-island-stellina-overshirt-bleigrau-41426\/#primaryimage\"},\"thumbnailUrl\":\"https:\/\/www.voustensports.com\/wp-content\/uploads\/2023\/06\/STELLINA-OVERSHIRT-LEAD-GRAY-414261.jpg\",\"datePublished\":\"2025-10-07T21:33:10+00:00\",\"dateModified\":\"2026-02-05T11:33:54+00:00\",\"breadcrumb\":{\"@id\":\"https:\/\/www.voustensports.com\/de\/stone-island-stellina-overshirt-bleigrau-41426\/#breadcrumb\"},\"inLanguage\":\"de-DE\",\"potentialAction\":[{\"@type\":\"ReadAction\",\"target\":[\"https:\/\/www.voustensports.com\/de\/stone-island-stellina-overshirt-bleigrau-41426\/\"]}]},{\"@type\":\"ImageObject\",\"inLanguage\":\"de-DE\",\"@id\":\"https:\/\/www.voustensports.com\/de\/stone-island-stellina-overshirt-bleigrau-41426\/#primaryimage\",\"url\":\"https:\/\/www.voustensports.com\/wp-content\/uploads\/2023\/06\/STELLINA-OVERSHIRT-LEAD-GRAY-414261.jpg\",\"contentUrl\":\"https:\/\/www.voustensports.com\/wp-content\/uploads\/2023\/06\/STELLINA-OVERSHIRT-LEAD-GRAY-414261.jpg\",\"width\":1365,\"height\":2048},{\"@type\":\"BreadcrumbList\",\"@id\":\"https:\/\/www.voustensports.com\/de\/stone-island-stellina-overshirt-bleigrau-41426\/#breadcrumb\",\"itemListElement\":[{\"@type\":\"ListItem\",\"position\":1,\"name\":\"Home\",\"item\":\"https:\/\/www.voustensports.com\/de\/\"},{\"@type\":\"ListItem\",\"position\":2,\"name\":\"Shop\",\"item\":\"https:\/\/www.voustensports.com\/de\/shop\/\"},{\"@type\":\"ListItem\",\"position\":3,\"name\":\"STONE ISLAND &#8211; STELLINA OVERSHIRT BLEIGRAU (41426)\"}]},{\"@type\":\"WebSite\",\"@id\":\"https:\/\/www.voustensports.com\/nl\/#website\",\"url\":\"https:\/\/www.voustensports.com\/nl\/\",\"name\":\"Vousten Sports\",\"description\":\"\",\"potentialAction\":[{\"@type\":\"SearchAction\",\"target\":{\"@type\":\"EntryPoint\",\"urlTemplate\":\"https:\/\/www.voustensports.com\/nl\/?s={search_term_string}\"},\"query-input\":{\"@type\":\"PropertyValueSpecification\",\"valueRequired\":true,\"valueName\":\"search_term_string\"}}],\"inLanguage\":\"de-DE\"}]}<\/script>\n<!-- \/ Yoast SEO plugin. -->","yoast_head_json":{"title":"STONE ISLAND - STELLINA OVERSHIRT BLEIGRAU (41426) - Vousten Sports","robots":{"index":"index","follow":"follow","max-snippet":"max-snippet:-1","max-image-preview":"max-image-preview:large","max-video-preview":"max-video-preview:-1"},"canonical":"https:\/\/www.voustensports.com\/de\/stone-island-stellina-overshirt-bleigrau-41426\/","og_locale":"de_DE","og_type":"article","og_title":"STONE ISLAND - STELLINA OVERSHIRT BLEIGRAU (41426) - Vousten Sports","og_description":"PRODUKTDETAILS Overshirt aus strukturiertem Stretch-Material mit 91 % recyceltem Nylon. STIL Stone Island-Sternstickerei auf der Brust. Versteckte Brusttasche mit Rei\u00dfverschluss auf der linken Seite. Intarsien unter den \u00c4rmeln und an den Seiten. Druckkn\u00f6pfe an den B\u00fcndchen. Rei\u00dfverschluss mit einem Druckknopf an der Innenleiste, der auch von au\u00dfen sichtbar ist. Hei\u00dfversiegelte N\u00e4hte. Bequeme Passform. MATERIALIEN Overshirt [...]","og_url":"https:\/\/www.voustensports.com\/de\/stone-island-stellina-overshirt-bleigrau-41426\/","og_site_name":"Vousten Sports","article_modified_time":"2026-02-05T11:33:54+00:00","og_image":[{"width":1365,"height":2048,"url":"https:\/\/www.voustensports.com\/wp-content\/uploads\/2023\/06\/STELLINA-OVERSHIRT-LEAD-GRAY-414261.jpg","type":"image\/jpeg"}],"twitter_card":"summary_large_image","schema":{"@context":"https:\/\/schema.org","@graph":[{"@type":"WebPage","@id":"https:\/\/www.voustensports.com\/de\/stone-island-stellina-overshirt-bleigrau-41426\/","url":"https:\/\/www.voustensports.com\/de\/stone-island-stellina-overshirt-bleigrau-41426\/","name":"STONE ISLAND - STELLINA OVERSHIRT BLEIGRAU (41426) - Vousten Sports","isPartOf":{"@id":"https:\/\/www.voustensports.com\/nl\/#website"},"primaryImageOfPage":{"@id":"https:\/\/www.voustensports.com\/de\/stone-island-stellina-overshirt-bleigrau-41426\/#primaryimage"},"image":{"@id":"https:\/\/www.voustensports.com\/de\/stone-island-stellina-overshirt-bleigrau-41426\/#primaryimage"},"thumbnailUrl":"https:\/\/www.voustensports.com\/wp-content\/uploads\/2023\/06\/STELLINA-OVERSHIRT-LEAD-GRAY-414261.jpg","datePublished":"2025-10-07T21:33:10+00:00","dateModified":"2026-02-05T11:33:54+00:00","breadcrumb":{"@id":"https:\/\/www.voustensports.com\/de\/stone-island-stellina-overshirt-bleigrau-41426\/#breadcrumb"},"inLanguage":"de-DE","potentialAction":[{"@type":"ReadAction","target":["https:\/\/www.voustensports.com\/de\/stone-island-stellina-overshirt-bleigrau-41426\/"]}]},{"@type":"ImageObject","inLanguage":"de-DE","@id":"https:\/\/www.voustensports.com\/de\/stone-island-stellina-overshirt-bleigrau-41426\/#primaryimage","url":"https:\/\/www.voustensports.com\/wp-content\/uploads\/2023\/06\/STELLINA-OVERSHIRT-LEAD-GRAY-414261.jpg","contentUrl":"https:\/\/www.voustensports.com\/wp-content\/uploads\/2023\/06\/STELLINA-OVERSHIRT-LEAD-GRAY-414261.jpg","width":1365,"height":2048},{"@type":"BreadcrumbList","@id":"https:\/\/www.voustensports.com\/de\/stone-island-stellina-overshirt-bleigrau-41426\/#breadcrumb","itemListElement":[{"@type":"ListItem","position":1,"name":"Home","item":"https:\/\/www.voustensports.com\/de\/"},{"@type":"ListItem","position":2,"name":"Shop","item":"https:\/\/www.voustensports.com\/de\/shop\/"},{"@type":"ListItem","position":3,"name":"STONE ISLAND &#8211; STELLINA OVERSHIRT BLEIGRAU (41426)"}]},{"@type":"WebSite","@id":"https:\/\/www.voustensports.com\/nl\/#website","url":"https:\/\/www.voustensports.com\/nl\/","name":"Vousten Sports","description":"","potentialAction":[{"@type":"SearchAction","target":{"@type":"EntryPoint","urlTemplate":"https:\/\/www.voustensports.com\/nl\/?s={search_term_string}"},"query-input":{"@type":"PropertyValueSpecification","valueRequired":true,"valueName":"search_term_string"}}],"inLanguage":"de-DE"}]}},"_links":{"self":[{"href":"https:\/\/www.voustensports.com\/de\/wp-json\/wp\/v2\/product\/211837","targetHints":{"allow":["GET"]}}],"collection":[{"href":"https:\/\/www.voustensports.com\/de\/wp-json\/wp\/v2\/product"}],"about":[{"href":"https:\/\/www.voustensports.com\/de\/wp-json\/wp\/v2\/types\/product"}],"replies":[{"embeddable":true,"href":"https:\/\/www.voustensports.com\/de\/wp-json\/wp\/v2\/comments?post=211837"}],"wp:featuredmedia":[{"embeddable":true,"href":"https:\/\/www.voustensports.com\/de\/wp-json\/wp\/v2\/media\/211825"}],"wp:attachment":[{"href":"https:\/\/www.voustensports.com\/de\/wp-json\/wp\/v2\/media?parent=211837"}],"wp:term":[{"taxonomy":"product_cat","embeddable":true,"href":"https:\/\/www.voustensports.com\/de\/wp-json\/wp\/v2\/product_cat?post=211837"},{"taxonomy":"product_tag","embeddable":true,"href":"https:\/\/www.voustensports.com\/de\/wp-json\/wp\/v2\/product_tag?post=211837"}],"curies":[{"name":"wp","href":"https:\/\/api.w.org\/{rel}","templated":true}]}}