{"id":20975,"date":"2023-06-08T14:48:41","date_gmt":"2023-06-08T14:48:42","guid":{"rendered":"https:\/\/www.voustensports.com\/product\/dukes-satteltasche-32542\/"},"modified":"2026-02-05T11:49:55","modified_gmt":"2026-02-05T10:49:55","slug":"dukes-satteltasche-32542","status":"publish","type":"product","link":"https:\/\/www.voustensports.com\/de\/dukes-satteltasche-32542\/","title":{"rendered":"Dukes Satteltasche (32542)"},"content":{"rendered":"<p>Diese wundersch\u00f6ne Satteltasche aus dem Jahr 1917 hat die Abmessungen 30 x 28 x 9 cm.<\/p>\n<ul>\n<li>Hochwertiges Vintage Leder<\/li>\n<\/ul>\n<p>Handgemacht bei Dukes in Wien.<\/p>\n<p id=\"tw-target-text\" class=\"tw-data-text tw-text-large tw-ta\" dir=\"ltr\" data-placeholder=\"Vertaling\"><span class=\"Y2IQFc\" lang=\"de\">Die Vintage-Kollektion besteht aus restaurierten und extrem seltenen Armeeg\u00fcrteln, die bis zu 30 Jahre alt sind. Die originalen Vintage-Lederprodukte stammen von einem weltweiten Netzwerk von Vintage-Enthusiasten, von Los Angeles bis Budapest. Jeder Vintage G\u00fcrtel ist ein Unikat. Gebrauchsspuren, Kratzer, Flecken und andere Altersspuren sind Anzeichen f\u00fcr echte Vintage-Armeeprodukte. Jedes St\u00fcck hat seinen eigenen Charakter und ist wie kein anderes. Jedes St\u00fcck wird gereinigt und mit nat\u00fcrlichen \u00d6len behandelt und erh\u00e4lt schlie\u00dflich seine k\u00fcnstlerische Note. In limitierter Auflage gefertigt, macht eine individuelle Seriennummer jeden Style zu einem einzigartigen und authentischen Sammlerst\u00fcck.<\/span><\/p>\n<p class=\"tw-data-text tw-text-large tw-ta\" dir=\"ltr\" data-placeholder=\"Vertaling\"><span class=\"Y2IQFc\" lang=\"de\">Die Artisan-Kollektion ist das breiteste Sortiment und besteht aus Lederaccessoires mit zahlreichen handgemalten Motiven und Farbdrucken. Die Designer zeichnen erz\u00e4hlerische Motive, inspiriert von der Natur, der bildenden Kunst oder den gro\u00dfen Kulturepochen. Die Handmalereien illustrieren die gro\u00dfen historischen Momente durch die Epochen wie Pearl Harbor, die legend\u00e4ren Samurai, die ferne Kultur der Mongolen und pr\u00e4sentieren als eines der Hauptthemen ber\u00fchmte Leben von Pers\u00f6nlichkeiten.<\/span><\/p>\n","protected":false},"excerpt":{"rendered":"<p>Diese wundersch\u00f6ne Satteltasche aus dem Jahr 1917 hat die Abmessungen 30 x 28 x 9 cm. Hochwertiges Vintage Leder Handgemacht bei Dukes in Wien. Die Vintage-Kollektion besteht aus restaurierten und extrem seltenen Armeeg\u00fcrteln, die bis zu 30 Jahre alt sind. Die originalen Vintage-Lederprodukte stammen von einem weltweiten Netzwerk von Vintage-Enthusiasten, von Los Angeles bis Budapest. [&#8230;]\n","protected":false},"featured_media":20945,"comment_status":"open","ping_status":"closed","template":"","meta":{"rank_math_lock_modified_date":false},"product_cat":[451,463,494,504,511,715],"product_tag":[],"class_list":{"0":"post-20975","1":"product","2":"type-product","3":"status-publish","4":"has-post-thumbnail","6":"product_cat-heren-de","7":"product_cat-vousten-sports-de-2","8":"product_cat-accessoires-de","9":"product_cat-dukes-artisan-belts-de","10":"product_cat-riemen-de-2","11":"product_cat-tassen-de-2","13":"first","14":"instock","15":"taxable","16":"shipping-taxable","17":"purchasable","18":"product-type-variable"},"acf":[],"yoast_head":"<!-- This site is optimized with the Yoast SEO plugin v23.9 - https:\/\/yoast.com\/wordpress\/plugins\/seo\/ -->\n<title>Dukes Satteltasche (32542) - Vousten Sports<\/title>\n<meta name=\"robots\" content=\"index, follow, max-snippet:-1, max-image-preview:large, max-video-preview:-1\" \/>\n<link rel=\"canonical\" href=\"https:\/\/www.voustensports.com\/de\/dukes-satteltasche-32542\/\" \/>\n<meta property=\"og:locale\" content=\"de_DE\" \/>\n<meta property=\"og:type\" content=\"article\" \/>\n<meta property=\"og:title\" content=\"Dukes Satteltasche (32542) - Vousten Sports\" \/>\n<meta property=\"og:description\" content=\"Diese wundersch\u00f6ne Satteltasche aus dem Jahr 1917 hat die Abmessungen 30 x 28 x 9 cm. Hochwertiges Vintage Leder Handgemacht bei Dukes in Wien. Die Vintage-Kollektion besteht aus restaurierten und extrem seltenen Armeeg\u00fcrteln, die bis zu 30 Jahre alt sind. Die originalen Vintage-Lederprodukte stammen von einem weltweiten Netzwerk von Vintage-Enthusiasten, von Los Angeles bis Budapest. [...]\" \/>\n<meta property=\"og:url\" content=\"https:\/\/www.voustensports.com\/de\/dukes-satteltasche-32542\/\" \/>\n<meta property=\"og:site_name\" content=\"Vousten Sports\" \/>\n<meta property=\"article:modified_time\" content=\"2026-02-05T10:49:55+00:00\" \/>\n<meta property=\"og:image\" content=\"https:\/\/www.voustensports.com\/wp-content\/uploads\/2023\/03\/dukes-cavalry-bag-1_-7.jpg\" \/>\n\t<meta property=\"og:image:width\" content=\"2000\" \/>\n\t<meta property=\"og:image:height\" content=\"2000\" \/>\n\t<meta property=\"og:image:type\" content=\"image\/jpeg\" \/>\n<meta name=\"twitter:card\" content=\"summary_large_image\" \/>\n<meta name=\"twitter:label1\" content=\"Est. reading time\" \/>\n\t<meta name=\"twitter:data1\" content=\"1 Minute\" \/>\n<script type=\"application\/ld+json\" class=\"yoast-schema-graph\">{\"@context\":\"https:\/\/schema.org\",\"@graph\":[{\"@type\":\"WebPage\",\"@id\":\"https:\/\/www.voustensports.com\/de\/dukes-satteltasche-32542\/\",\"url\":\"https:\/\/www.voustensports.com\/de\/dukes-satteltasche-32542\/\",\"name\":\"Dukes Satteltasche (32542) - Vousten Sports\",\"isPartOf\":{\"@id\":\"https:\/\/www.voustensports.com\/nl\/#website\"},\"primaryImageOfPage\":{\"@id\":\"https:\/\/www.voustensports.com\/de\/dukes-satteltasche-32542\/#primaryimage\"},\"image\":{\"@id\":\"https:\/\/www.voustensports.com\/de\/dukes-satteltasche-32542\/#primaryimage\"},\"thumbnailUrl\":\"https:\/\/www.voustensports.com\/wp-content\/uploads\/2023\/03\/dukes-cavalry-bag-1_-7.jpg\",\"datePublished\":\"2023-06-08T14:48:42+00:00\",\"dateModified\":\"2026-02-05T10:49:55+00:00\",\"breadcrumb\":{\"@id\":\"https:\/\/www.voustensports.com\/de\/dukes-satteltasche-32542\/#breadcrumb\"},\"inLanguage\":\"de-DE\",\"potentialAction\":[{\"@type\":\"ReadAction\",\"target\":[\"https:\/\/www.voustensports.com\/de\/dukes-satteltasche-32542\/\"]}]},{\"@type\":\"ImageObject\",\"inLanguage\":\"de-DE\",\"@id\":\"https:\/\/www.voustensports.com\/de\/dukes-satteltasche-32542\/#primaryimage\",\"url\":\"https:\/\/www.voustensports.com\/wp-content\/uploads\/2023\/03\/dukes-cavalry-bag-1_-7.jpg\",\"contentUrl\":\"https:\/\/www.voustensports.com\/wp-content\/uploads\/2023\/03\/dukes-cavalry-bag-1_-7.jpg\",\"width\":2000,\"height\":2000},{\"@type\":\"BreadcrumbList\",\"@id\":\"https:\/\/www.voustensports.com\/de\/dukes-satteltasche-32542\/#breadcrumb\",\"itemListElement\":[{\"@type\":\"ListItem\",\"position\":1,\"name\":\"Home\",\"item\":\"https:\/\/www.voustensports.com\/de\/\"},{\"@type\":\"ListItem\",\"position\":2,\"name\":\"Shop\",\"item\":\"https:\/\/www.voustensports.com\/de\/shop\/\"},{\"@type\":\"ListItem\",\"position\":3,\"name\":\"Dukes Satteltasche (32542)\"}]},{\"@type\":\"WebSite\",\"@id\":\"https:\/\/www.voustensports.com\/nl\/#website\",\"url\":\"https:\/\/www.voustensports.com\/nl\/\",\"name\":\"Vousten Sports\",\"description\":\"\",\"potentialAction\":[{\"@type\":\"SearchAction\",\"target\":{\"@type\":\"EntryPoint\",\"urlTemplate\":\"https:\/\/www.voustensports.com\/nl\/?s={search_term_string}\"},\"query-input\":{\"@type\":\"PropertyValueSpecification\",\"valueRequired\":true,\"valueName\":\"search_term_string\"}}],\"inLanguage\":\"de-DE\"}]}<\/script>\n<!-- \/ Yoast SEO plugin. -->","yoast_head_json":{"title":"Dukes Satteltasche (32542) - Vousten Sports","robots":{"index":"index","follow":"follow","max-snippet":"max-snippet:-1","max-image-preview":"max-image-preview:large","max-video-preview":"max-video-preview:-1"},"canonical":"https:\/\/www.voustensports.com\/de\/dukes-satteltasche-32542\/","og_locale":"de_DE","og_type":"article","og_title":"Dukes Satteltasche (32542) - Vousten Sports","og_description":"Diese wundersch\u00f6ne Satteltasche aus dem Jahr 1917 hat die Abmessungen 30 x 28 x 9 cm. Hochwertiges Vintage Leder Handgemacht bei Dukes in Wien. Die Vintage-Kollektion besteht aus restaurierten und extrem seltenen Armeeg\u00fcrteln, die bis zu 30 Jahre alt sind. Die originalen Vintage-Lederprodukte stammen von einem weltweiten Netzwerk von Vintage-Enthusiasten, von Los Angeles bis Budapest. [...]","og_url":"https:\/\/www.voustensports.com\/de\/dukes-satteltasche-32542\/","og_site_name":"Vousten Sports","article_modified_time":"2026-02-05T10:49:55+00:00","og_image":[{"width":2000,"height":2000,"url":"https:\/\/www.voustensports.com\/wp-content\/uploads\/2023\/03\/dukes-cavalry-bag-1_-7.jpg","type":"image\/jpeg"}],"twitter_card":"summary_large_image","twitter_misc":{"Est. reading time":"1 Minute"},"schema":{"@context":"https:\/\/schema.org","@graph":[{"@type":"WebPage","@id":"https:\/\/www.voustensports.com\/de\/dukes-satteltasche-32542\/","url":"https:\/\/www.voustensports.com\/de\/dukes-satteltasche-32542\/","name":"Dukes Satteltasche (32542) - Vousten Sports","isPartOf":{"@id":"https:\/\/www.voustensports.com\/nl\/#website"},"primaryImageOfPage":{"@id":"https:\/\/www.voustensports.com\/de\/dukes-satteltasche-32542\/#primaryimage"},"image":{"@id":"https:\/\/www.voustensports.com\/de\/dukes-satteltasche-32542\/#primaryimage"},"thumbnailUrl":"https:\/\/www.voustensports.com\/wp-content\/uploads\/2023\/03\/dukes-cavalry-bag-1_-7.jpg","datePublished":"2023-06-08T14:48:42+00:00","dateModified":"2026-02-05T10:49:55+00:00","breadcrumb":{"@id":"https:\/\/www.voustensports.com\/de\/dukes-satteltasche-32542\/#breadcrumb"},"inLanguage":"de-DE","potentialAction":[{"@type":"ReadAction","target":["https:\/\/www.voustensports.com\/de\/dukes-satteltasche-32542\/"]}]},{"@type":"ImageObject","inLanguage":"de-DE","@id":"https:\/\/www.voustensports.com\/de\/dukes-satteltasche-32542\/#primaryimage","url":"https:\/\/www.voustensports.com\/wp-content\/uploads\/2023\/03\/dukes-cavalry-bag-1_-7.jpg","contentUrl":"https:\/\/www.voustensports.com\/wp-content\/uploads\/2023\/03\/dukes-cavalry-bag-1_-7.jpg","width":2000,"height":2000},{"@type":"BreadcrumbList","@id":"https:\/\/www.voustensports.com\/de\/dukes-satteltasche-32542\/#breadcrumb","itemListElement":[{"@type":"ListItem","position":1,"name":"Home","item":"https:\/\/www.voustensports.com\/de\/"},{"@type":"ListItem","position":2,"name":"Shop","item":"https:\/\/www.voustensports.com\/de\/shop\/"},{"@type":"ListItem","position":3,"name":"Dukes Satteltasche (32542)"}]},{"@type":"WebSite","@id":"https:\/\/www.voustensports.com\/nl\/#website","url":"https:\/\/www.voustensports.com\/nl\/","name":"Vousten Sports","description":"","potentialAction":[{"@type":"SearchAction","target":{"@type":"EntryPoint","urlTemplate":"https:\/\/www.voustensports.com\/nl\/?s={search_term_string}"},"query-input":{"@type":"PropertyValueSpecification","valueRequired":true,"valueName":"search_term_string"}}],"inLanguage":"de-DE"}]}},"_links":{"self":[{"href":"https:\/\/www.voustensports.com\/de\/wp-json\/wp\/v2\/product\/20975","targetHints":{"allow":["GET"]}}],"collection":[{"href":"https:\/\/www.voustensports.com\/de\/wp-json\/wp\/v2\/product"}],"about":[{"href":"https:\/\/www.voustensports.com\/de\/wp-json\/wp\/v2\/types\/product"}],"replies":[{"embeddable":true,"href":"https:\/\/www.voustensports.com\/de\/wp-json\/wp\/v2\/comments?post=20975"}],"wp:featuredmedia":[{"embeddable":true,"href":"https:\/\/www.voustensports.com\/de\/wp-json\/wp\/v2\/media\/20945"}],"wp:attachment":[{"href":"https:\/\/www.voustensports.com\/de\/wp-json\/wp\/v2\/media?parent=20975"}],"wp:term":[{"taxonomy":"product_cat","embeddable":true,"href":"https:\/\/www.voustensports.com\/de\/wp-json\/wp\/v2\/product_cat?post=20975"},{"taxonomy":"product_tag","embeddable":true,"href":"https:\/\/www.voustensports.com\/de\/wp-json\/wp\/v2\/product_tag?post=20975"}],"curies":[{"name":"wp","href":"https:\/\/api.w.org\/{rel}","templated":true}]}}