{"id":209591,"date":"2025-09-24T16:18:28","date_gmt":"2025-09-24T14:18:28","guid":{"rendered":"https:\/\/www.voustensports.com\/santoni-malo-41691-2\/"},"modified":"2026-04-14T03:45:08","modified_gmt":"2026-04-14T01:45:08","slug":"santoni-malo-41691-2","status":"publish","type":"product","link":"https:\/\/www.voustensports.com\/de\/santoni-malo-41691-2\/","title":{"rendered":"SANTONI &#8211; Malo (41691)"},"content":{"rendered":"<div>Dieser Low-Top-Sneaker besticht durch seinen sportlichen Look. Er wurde mit modernsten Techniken und Materialien gefertigt und verf\u00fcgt \u00fcber ein Obermaterial aus Stretchgewebe und eine robuste Laufsohle f\u00fcr sicheren Halt. Das Leder-Logodetail an der Ferse symbolisiert den unverwechselbaren Santoni-Stil.<\/div>\n<ul>\n<li>Weite: Normal bis Weit<\/li>\n<li>Verschluss: Schn\u00fcrung<\/li>\n<li>Au\u00dfenmaterial: Leder und Hightech-Nylon<\/li>\n<li>Innenmaterial: Leder<\/li>\n<li>Sohlenkonstruktion: Gummi<\/li>\n<li>Standardgr\u00f6\u00dfe<\/li>\n<li>Diese Santoni-Schuhe werden in Italien handgefertigt.<\/li>\n<li>Lieferung im Originalkarton von Santoni mit Staubschutzbeutel.<\/li>\n<\/ul>\n","protected":false},"excerpt":{"rendered":"<p>Dieser Low-Top-Sneaker besticht durch seinen sportlichen Look. Er wurde mit modernsten Techniken und Materialien gefertigt und verf\u00fcgt \u00fcber ein Obermaterial aus Stretchgewebe und eine robuste Laufsohle f\u00fcr sicheren Halt. Das Leder-Logodetail an der Ferse symbolisiert den unverwechselbaren Santoni-Stil. Weite: Normal bis Weit Verschluss: Schn\u00fcrung Au\u00dfenmaterial: Leder und Hightech-Nylon Innenmaterial: Leder Sohlenkonstruktion: Gummi Standardgr\u00f6\u00dfe Diese Santoni-Schuhe [&#8230;]\n","protected":false},"featured_media":209549,"comment_status":"open","ping_status":"closed","template":"","meta":{"rank_math_lock_modified_date":false},"product_cat":[447,451,463,523,527,531,649,917],"product_tag":[],"class_list":{"0":"post-209591","1":"product","2":"type-product","3":"status-publish","4":"has-post-thumbnail","6":"product_cat-kleding-de","7":"product_cat-heren-de","8":"product_cat-vousten-sports-de-2","9":"product_cat-schoenen-de-2","10":"product_cat-sneakers-de-2","11":"product_cat-herenschoenen-de","12":"product_cat-santoni-de-2","13":"product_cat-veterschoenen-de","15":"first","16":"instock","17":"taxable","18":"shipping-taxable","19":"purchasable","20":"product-type-variable"},"acf":[],"yoast_head":"<!-- This site is optimized with the Yoast SEO plugin v23.9 - https:\/\/yoast.com\/wordpress\/plugins\/seo\/ -->\n<title>SANTONI - Malo (41691) - Vousten Sports<\/title>\n<meta name=\"robots\" content=\"index, follow, max-snippet:-1, max-image-preview:large, max-video-preview:-1\" \/>\n<link rel=\"canonical\" href=\"https:\/\/www.voustensports.com\/de\/santoni-malo-41691-2\/\" \/>\n<meta property=\"og:locale\" content=\"de_DE\" \/>\n<meta property=\"og:type\" content=\"article\" \/>\n<meta property=\"og:title\" content=\"SANTONI - Malo (41691) - Vousten Sports\" \/>\n<meta property=\"og:description\" content=\"Dieser Low-Top-Sneaker besticht durch seinen sportlichen Look. Er wurde mit modernsten Techniken und Materialien gefertigt und verf\u00fcgt \u00fcber ein Obermaterial aus Stretchgewebe und eine robuste Laufsohle f\u00fcr sicheren Halt. Das Leder-Logodetail an der Ferse symbolisiert den unverwechselbaren Santoni-Stil. Weite: Normal bis Weit Verschluss: Schn\u00fcrung Au\u00dfenmaterial: Leder und Hightech-Nylon Innenmaterial: Leder Sohlenkonstruktion: Gummi Standardgr\u00f6\u00dfe Diese Santoni-Schuhe [...]\" \/>\n<meta property=\"og:url\" content=\"https:\/\/www.voustensports.com\/de\/santoni-malo-41691-2\/\" \/>\n<meta property=\"og:site_name\" content=\"Vousten Sports\" \/>\n<meta property=\"article:modified_time\" content=\"2026-04-14T01:45:08+00:00\" \/>\n<meta property=\"og:image\" content=\"https:\/\/www.voustensports.com\/wp-content\/uploads\/2023\/06\/SANTONI-Malo-41691.png\" \/>\n\t<meta property=\"og:image:width\" content=\"1365\" \/>\n\t<meta property=\"og:image:height\" content=\"1365\" \/>\n\t<meta property=\"og:image:type\" content=\"image\/png\" \/>\n<meta name=\"twitter:card\" content=\"summary_large_image\" \/>\n<script type=\"application\/ld+json\" class=\"yoast-schema-graph\">{\"@context\":\"https:\/\/schema.org\",\"@graph\":[{\"@type\":\"WebPage\",\"@id\":\"https:\/\/www.voustensports.com\/de\/santoni-malo-41691-2\/\",\"url\":\"https:\/\/www.voustensports.com\/de\/santoni-malo-41691-2\/\",\"name\":\"SANTONI - Malo (41691) - Vousten Sports\",\"isPartOf\":{\"@id\":\"https:\/\/www.voustensports.com\/nl\/#website\"},\"primaryImageOfPage\":{\"@id\":\"https:\/\/www.voustensports.com\/de\/santoni-malo-41691-2\/#primaryimage\"},\"image\":{\"@id\":\"https:\/\/www.voustensports.com\/de\/santoni-malo-41691-2\/#primaryimage\"},\"thumbnailUrl\":\"https:\/\/www.voustensports.com\/wp-content\/uploads\/2023\/06\/SANTONI-Malo-41691.png\",\"datePublished\":\"2025-09-24T14:18:28+00:00\",\"dateModified\":\"2026-04-14T01:45:08+00:00\",\"breadcrumb\":{\"@id\":\"https:\/\/www.voustensports.com\/de\/santoni-malo-41691-2\/#breadcrumb\"},\"inLanguage\":\"de-DE\",\"potentialAction\":[{\"@type\":\"ReadAction\",\"target\":[\"https:\/\/www.voustensports.com\/de\/santoni-malo-41691-2\/\"]}]},{\"@type\":\"ImageObject\",\"inLanguage\":\"de-DE\",\"@id\":\"https:\/\/www.voustensports.com\/de\/santoni-malo-41691-2\/#primaryimage\",\"url\":\"https:\/\/www.voustensports.com\/wp-content\/uploads\/2023\/06\/SANTONI-Malo-41691.png\",\"contentUrl\":\"https:\/\/www.voustensports.com\/wp-content\/uploads\/2023\/06\/SANTONI-Malo-41691.png\",\"width\":1365,\"height\":1365},{\"@type\":\"BreadcrumbList\",\"@id\":\"https:\/\/www.voustensports.com\/de\/santoni-malo-41691-2\/#breadcrumb\",\"itemListElement\":[{\"@type\":\"ListItem\",\"position\":1,\"name\":\"Home\",\"item\":\"https:\/\/www.voustensports.com\/de\/\"},{\"@type\":\"ListItem\",\"position\":2,\"name\":\"Shop\",\"item\":\"https:\/\/www.voustensports.com\/de\/shop\/\"},{\"@type\":\"ListItem\",\"position\":3,\"name\":\"SANTONI &#8211; Malo (41691)\"}]},{\"@type\":\"WebSite\",\"@id\":\"https:\/\/www.voustensports.com\/nl\/#website\",\"url\":\"https:\/\/www.voustensports.com\/nl\/\",\"name\":\"Vousten Sports\",\"description\":\"\",\"potentialAction\":[{\"@type\":\"SearchAction\",\"target\":{\"@type\":\"EntryPoint\",\"urlTemplate\":\"https:\/\/www.voustensports.com\/nl\/?s={search_term_string}\"},\"query-input\":{\"@type\":\"PropertyValueSpecification\",\"valueRequired\":true,\"valueName\":\"search_term_string\"}}],\"inLanguage\":\"de-DE\"}]}<\/script>\n<!-- \/ Yoast SEO plugin. -->","yoast_head_json":{"title":"SANTONI - Malo (41691) - Vousten Sports","robots":{"index":"index","follow":"follow","max-snippet":"max-snippet:-1","max-image-preview":"max-image-preview:large","max-video-preview":"max-video-preview:-1"},"canonical":"https:\/\/www.voustensports.com\/de\/santoni-malo-41691-2\/","og_locale":"de_DE","og_type":"article","og_title":"SANTONI - Malo (41691) - Vousten Sports","og_description":"Dieser Low-Top-Sneaker besticht durch seinen sportlichen Look. Er wurde mit modernsten Techniken und Materialien gefertigt und verf\u00fcgt \u00fcber ein Obermaterial aus Stretchgewebe und eine robuste Laufsohle f\u00fcr sicheren Halt. Das Leder-Logodetail an der Ferse symbolisiert den unverwechselbaren Santoni-Stil. Weite: Normal bis Weit Verschluss: Schn\u00fcrung Au\u00dfenmaterial: Leder und Hightech-Nylon Innenmaterial: Leder Sohlenkonstruktion: Gummi Standardgr\u00f6\u00dfe Diese Santoni-Schuhe [...]","og_url":"https:\/\/www.voustensports.com\/de\/santoni-malo-41691-2\/","og_site_name":"Vousten Sports","article_modified_time":"2026-04-14T01:45:08+00:00","og_image":[{"width":1365,"height":1365,"url":"https:\/\/www.voustensports.com\/wp-content\/uploads\/2023\/06\/SANTONI-Malo-41691.png","type":"image\/png"}],"twitter_card":"summary_large_image","schema":{"@context":"https:\/\/schema.org","@graph":[{"@type":"WebPage","@id":"https:\/\/www.voustensports.com\/de\/santoni-malo-41691-2\/","url":"https:\/\/www.voustensports.com\/de\/santoni-malo-41691-2\/","name":"SANTONI - Malo (41691) - Vousten Sports","isPartOf":{"@id":"https:\/\/www.voustensports.com\/nl\/#website"},"primaryImageOfPage":{"@id":"https:\/\/www.voustensports.com\/de\/santoni-malo-41691-2\/#primaryimage"},"image":{"@id":"https:\/\/www.voustensports.com\/de\/santoni-malo-41691-2\/#primaryimage"},"thumbnailUrl":"https:\/\/www.voustensports.com\/wp-content\/uploads\/2023\/06\/SANTONI-Malo-41691.png","datePublished":"2025-09-24T14:18:28+00:00","dateModified":"2026-04-14T01:45:08+00:00","breadcrumb":{"@id":"https:\/\/www.voustensports.com\/de\/santoni-malo-41691-2\/#breadcrumb"},"inLanguage":"de-DE","potentialAction":[{"@type":"ReadAction","target":["https:\/\/www.voustensports.com\/de\/santoni-malo-41691-2\/"]}]},{"@type":"ImageObject","inLanguage":"de-DE","@id":"https:\/\/www.voustensports.com\/de\/santoni-malo-41691-2\/#primaryimage","url":"https:\/\/www.voustensports.com\/wp-content\/uploads\/2023\/06\/SANTONI-Malo-41691.png","contentUrl":"https:\/\/www.voustensports.com\/wp-content\/uploads\/2023\/06\/SANTONI-Malo-41691.png","width":1365,"height":1365},{"@type":"BreadcrumbList","@id":"https:\/\/www.voustensports.com\/de\/santoni-malo-41691-2\/#breadcrumb","itemListElement":[{"@type":"ListItem","position":1,"name":"Home","item":"https:\/\/www.voustensports.com\/de\/"},{"@type":"ListItem","position":2,"name":"Shop","item":"https:\/\/www.voustensports.com\/de\/shop\/"},{"@type":"ListItem","position":3,"name":"SANTONI &#8211; Malo (41691)"}]},{"@type":"WebSite","@id":"https:\/\/www.voustensports.com\/nl\/#website","url":"https:\/\/www.voustensports.com\/nl\/","name":"Vousten Sports","description":"","potentialAction":[{"@type":"SearchAction","target":{"@type":"EntryPoint","urlTemplate":"https:\/\/www.voustensports.com\/nl\/?s={search_term_string}"},"query-input":{"@type":"PropertyValueSpecification","valueRequired":true,"valueName":"search_term_string"}}],"inLanguage":"de-DE"}]}},"_links":{"self":[{"href":"https:\/\/www.voustensports.com\/de\/wp-json\/wp\/v2\/product\/209591","targetHints":{"allow":["GET"]}}],"collection":[{"href":"https:\/\/www.voustensports.com\/de\/wp-json\/wp\/v2\/product"}],"about":[{"href":"https:\/\/www.voustensports.com\/de\/wp-json\/wp\/v2\/types\/product"}],"replies":[{"embeddable":true,"href":"https:\/\/www.voustensports.com\/de\/wp-json\/wp\/v2\/comments?post=209591"}],"wp:featuredmedia":[{"embeddable":true,"href":"https:\/\/www.voustensports.com\/de\/wp-json\/wp\/v2\/media\/209549"}],"wp:attachment":[{"href":"https:\/\/www.voustensports.com\/de\/wp-json\/wp\/v2\/media?parent=209591"}],"wp:term":[{"taxonomy":"product_cat","embeddable":true,"href":"https:\/\/www.voustensports.com\/de\/wp-json\/wp\/v2\/product_cat?post=209591"},{"taxonomy":"product_tag","embeddable":true,"href":"https:\/\/www.voustensports.com\/de\/wp-json\/wp\/v2\/product_tag?post=209591"}],"curies":[{"name":"wp","href":"https:\/\/api.w.org\/{rel}","templated":true}]}}