{"id":208762,"date":"2025-09-07T07:03:17","date_gmt":"2025-09-07T05:03:17","guid":{"rendered":"https:\/\/www.voustensports.com\/genti-pullover-mit-halblangem-reisverschluss-grau-grun-41208\/"},"modified":"2026-02-05T12:31:59","modified_gmt":"2026-02-05T11:31:59","slug":"genti-pullover-mit-halblangem-reisverschluss-grau-grun-41208","status":"publish","type":"product","link":"https:\/\/www.voustensports.com\/de\/genti-pullover-mit-halblangem-reisverschluss-grau-grun-41208\/","title":{"rendered":"GENTI &#8211;  Pullover mit halblangem Rei\u00dfverschluss grau \/ gr\u00fcn (41208)"},"content":{"rendered":"<div>Grau\/gr\u00fcner Pullover mit Rei\u00dfverschluss in Cool Dry-Qualit\u00e4t.<\/div>\n<ul>\n<li>Cool Dry<\/li>\n<li>Bleicht nach dem Waschen nicht aus<\/li>\n<li>Slim Fit<\/li>\n<li>Technisches Gewebe<\/li>\n<li>Material: 65 % Viskose, 35 % Nylon<\/li>\n<\/ul>\n","protected":false},"excerpt":{"rendered":"<p>Grau\/gr\u00fcner Pullover mit Rei\u00dfverschluss in Cool Dry-Qualit\u00e4t. Cool Dry Bleicht nach dem Waschen nicht aus Slim Fit Technisches Gewebe Material: 65 % Viskose, 35 % Nylon<\/p>\n","protected":false},"featured_media":208742,"comment_status":"open","ping_status":"closed","template":"","meta":{"rank_math_lock_modified_date":false},"product_cat":[447,451,463,535,695,711],"product_tag":[],"class_list":{"0":"post-208762","1":"product","2":"type-product","3":"status-publish","4":"has-post-thumbnail","6":"product_cat-kleding-de","7":"product_cat-heren-de","8":"product_cat-vousten-sports-de-2","9":"product_cat-truien-de-2","10":"product_cat-truien-vesten-de-2","11":"product_cat-genti-de","13":"first","14":"instock","15":"taxable","16":"shipping-taxable","17":"purchasable","18":"product-type-variable"},"acf":[],"yoast_head":"<!-- This site is optimized with the Yoast SEO plugin v23.9 - https:\/\/yoast.com\/wordpress\/plugins\/seo\/ -->\n<title>GENTI - Pullover mit halblangem Rei\u00dfverschluss grau \/ gr\u00fcn (41208) - Vousten Sports<\/title>\n<meta name=\"robots\" content=\"index, follow, max-snippet:-1, max-image-preview:large, max-video-preview:-1\" \/>\n<link rel=\"canonical\" href=\"https:\/\/www.voustensports.com\/de\/genti-pullover-mit-halblangem-reisverschluss-grau-grun-41208\/\" \/>\n<meta property=\"og:locale\" content=\"de_DE\" \/>\n<meta property=\"og:type\" content=\"article\" \/>\n<meta property=\"og:title\" content=\"GENTI - Pullover mit halblangem Rei\u00dfverschluss grau \/ gr\u00fcn (41208) - Vousten Sports\" \/>\n<meta property=\"og:description\" content=\"Grau\/gr\u00fcner Pullover mit Rei\u00dfverschluss in Cool Dry-Qualit\u00e4t. Cool Dry Bleicht nach dem Waschen nicht aus Slim Fit Technisches Gewebe Material: 65 % Viskose, 35 % Nylon\" \/>\n<meta property=\"og:url\" content=\"https:\/\/www.voustensports.com\/de\/genti-pullover-mit-halblangem-reisverschluss-grau-grun-41208\/\" \/>\n<meta property=\"og:site_name\" content=\"Vousten Sports\" \/>\n<meta property=\"article:modified_time\" content=\"2026-02-05T11:31:59+00:00\" \/>\n<meta property=\"og:image\" content=\"https:\/\/www.voustensports.com\/wp-content\/uploads\/2023\/06\/Half-zip-pocket-grijs-groen-412081.jpg\" \/>\n\t<meta property=\"og:image:width\" content=\"1365\" \/>\n\t<meta property=\"og:image:height\" content=\"2048\" \/>\n\t<meta property=\"og:image:type\" content=\"image\/jpeg\" \/>\n<meta name=\"twitter:card\" content=\"summary_large_image\" \/>\n<script type=\"application\/ld+json\" class=\"yoast-schema-graph\">{\"@context\":\"https:\/\/schema.org\",\"@graph\":[{\"@type\":\"WebPage\",\"@id\":\"https:\/\/www.voustensports.com\/de\/genti-pullover-mit-halblangem-reisverschluss-grau-grun-41208\/\",\"url\":\"https:\/\/www.voustensports.com\/de\/genti-pullover-mit-halblangem-reisverschluss-grau-grun-41208\/\",\"name\":\"GENTI - Pullover mit halblangem Rei\u00dfverschluss grau \/ gr\u00fcn (41208) - Vousten Sports\",\"isPartOf\":{\"@id\":\"https:\/\/www.voustensports.com\/nl\/#website\"},\"primaryImageOfPage\":{\"@id\":\"https:\/\/www.voustensports.com\/de\/genti-pullover-mit-halblangem-reisverschluss-grau-grun-41208\/#primaryimage\"},\"image\":{\"@id\":\"https:\/\/www.voustensports.com\/de\/genti-pullover-mit-halblangem-reisverschluss-grau-grun-41208\/#primaryimage\"},\"thumbnailUrl\":\"https:\/\/www.voustensports.com\/wp-content\/uploads\/2023\/06\/Half-zip-pocket-grijs-groen-412081.jpg\",\"datePublished\":\"2025-09-07T05:03:17+00:00\",\"dateModified\":\"2026-02-05T11:31:59+00:00\",\"breadcrumb\":{\"@id\":\"https:\/\/www.voustensports.com\/de\/genti-pullover-mit-halblangem-reisverschluss-grau-grun-41208\/#breadcrumb\"},\"inLanguage\":\"de-DE\",\"potentialAction\":[{\"@type\":\"ReadAction\",\"target\":[\"https:\/\/www.voustensports.com\/de\/genti-pullover-mit-halblangem-reisverschluss-grau-grun-41208\/\"]}]},{\"@type\":\"ImageObject\",\"inLanguage\":\"de-DE\",\"@id\":\"https:\/\/www.voustensports.com\/de\/genti-pullover-mit-halblangem-reisverschluss-grau-grun-41208\/#primaryimage\",\"url\":\"https:\/\/www.voustensports.com\/wp-content\/uploads\/2023\/06\/Half-zip-pocket-grijs-groen-412081.jpg\",\"contentUrl\":\"https:\/\/www.voustensports.com\/wp-content\/uploads\/2023\/06\/Half-zip-pocket-grijs-groen-412081.jpg\",\"width\":1365,\"height\":2048},{\"@type\":\"BreadcrumbList\",\"@id\":\"https:\/\/www.voustensports.com\/de\/genti-pullover-mit-halblangem-reisverschluss-grau-grun-41208\/#breadcrumb\",\"itemListElement\":[{\"@type\":\"ListItem\",\"position\":1,\"name\":\"Home\",\"item\":\"https:\/\/www.voustensports.com\/de\/\"},{\"@type\":\"ListItem\",\"position\":2,\"name\":\"Shop\",\"item\":\"https:\/\/www.voustensports.com\/de\/shop\/\"},{\"@type\":\"ListItem\",\"position\":3,\"name\":\"GENTI &#8211; Pullover mit halblangem Rei\u00dfverschluss grau \/ gr\u00fcn (41208)\"}]},{\"@type\":\"WebSite\",\"@id\":\"https:\/\/www.voustensports.com\/nl\/#website\",\"url\":\"https:\/\/www.voustensports.com\/nl\/\",\"name\":\"Vousten Sports\",\"description\":\"\",\"potentialAction\":[{\"@type\":\"SearchAction\",\"target\":{\"@type\":\"EntryPoint\",\"urlTemplate\":\"https:\/\/www.voustensports.com\/nl\/?s={search_term_string}\"},\"query-input\":{\"@type\":\"PropertyValueSpecification\",\"valueRequired\":true,\"valueName\":\"search_term_string\"}}],\"inLanguage\":\"de-DE\"}]}<\/script>\n<!-- \/ Yoast SEO plugin. -->","yoast_head_json":{"title":"GENTI - Pullover mit halblangem Rei\u00dfverschluss grau \/ gr\u00fcn (41208) - Vousten Sports","robots":{"index":"index","follow":"follow","max-snippet":"max-snippet:-1","max-image-preview":"max-image-preview:large","max-video-preview":"max-video-preview:-1"},"canonical":"https:\/\/www.voustensports.com\/de\/genti-pullover-mit-halblangem-reisverschluss-grau-grun-41208\/","og_locale":"de_DE","og_type":"article","og_title":"GENTI - Pullover mit halblangem Rei\u00dfverschluss grau \/ gr\u00fcn (41208) - Vousten Sports","og_description":"Grau\/gr\u00fcner Pullover mit Rei\u00dfverschluss in Cool Dry-Qualit\u00e4t. Cool Dry Bleicht nach dem Waschen nicht aus Slim Fit Technisches Gewebe Material: 65 % Viskose, 35 % Nylon","og_url":"https:\/\/www.voustensports.com\/de\/genti-pullover-mit-halblangem-reisverschluss-grau-grun-41208\/","og_site_name":"Vousten Sports","article_modified_time":"2026-02-05T11:31:59+00:00","og_image":[{"width":1365,"height":2048,"url":"https:\/\/www.voustensports.com\/wp-content\/uploads\/2023\/06\/Half-zip-pocket-grijs-groen-412081.jpg","type":"image\/jpeg"}],"twitter_card":"summary_large_image","schema":{"@context":"https:\/\/schema.org","@graph":[{"@type":"WebPage","@id":"https:\/\/www.voustensports.com\/de\/genti-pullover-mit-halblangem-reisverschluss-grau-grun-41208\/","url":"https:\/\/www.voustensports.com\/de\/genti-pullover-mit-halblangem-reisverschluss-grau-grun-41208\/","name":"GENTI - Pullover mit halblangem Rei\u00dfverschluss grau \/ gr\u00fcn (41208) - Vousten Sports","isPartOf":{"@id":"https:\/\/www.voustensports.com\/nl\/#website"},"primaryImageOfPage":{"@id":"https:\/\/www.voustensports.com\/de\/genti-pullover-mit-halblangem-reisverschluss-grau-grun-41208\/#primaryimage"},"image":{"@id":"https:\/\/www.voustensports.com\/de\/genti-pullover-mit-halblangem-reisverschluss-grau-grun-41208\/#primaryimage"},"thumbnailUrl":"https:\/\/www.voustensports.com\/wp-content\/uploads\/2023\/06\/Half-zip-pocket-grijs-groen-412081.jpg","datePublished":"2025-09-07T05:03:17+00:00","dateModified":"2026-02-05T11:31:59+00:00","breadcrumb":{"@id":"https:\/\/www.voustensports.com\/de\/genti-pullover-mit-halblangem-reisverschluss-grau-grun-41208\/#breadcrumb"},"inLanguage":"de-DE","potentialAction":[{"@type":"ReadAction","target":["https:\/\/www.voustensports.com\/de\/genti-pullover-mit-halblangem-reisverschluss-grau-grun-41208\/"]}]},{"@type":"ImageObject","inLanguage":"de-DE","@id":"https:\/\/www.voustensports.com\/de\/genti-pullover-mit-halblangem-reisverschluss-grau-grun-41208\/#primaryimage","url":"https:\/\/www.voustensports.com\/wp-content\/uploads\/2023\/06\/Half-zip-pocket-grijs-groen-412081.jpg","contentUrl":"https:\/\/www.voustensports.com\/wp-content\/uploads\/2023\/06\/Half-zip-pocket-grijs-groen-412081.jpg","width":1365,"height":2048},{"@type":"BreadcrumbList","@id":"https:\/\/www.voustensports.com\/de\/genti-pullover-mit-halblangem-reisverschluss-grau-grun-41208\/#breadcrumb","itemListElement":[{"@type":"ListItem","position":1,"name":"Home","item":"https:\/\/www.voustensports.com\/de\/"},{"@type":"ListItem","position":2,"name":"Shop","item":"https:\/\/www.voustensports.com\/de\/shop\/"},{"@type":"ListItem","position":3,"name":"GENTI &#8211; Pullover mit halblangem Rei\u00dfverschluss grau \/ gr\u00fcn (41208)"}]},{"@type":"WebSite","@id":"https:\/\/www.voustensports.com\/nl\/#website","url":"https:\/\/www.voustensports.com\/nl\/","name":"Vousten Sports","description":"","potentialAction":[{"@type":"SearchAction","target":{"@type":"EntryPoint","urlTemplate":"https:\/\/www.voustensports.com\/nl\/?s={search_term_string}"},"query-input":{"@type":"PropertyValueSpecification","valueRequired":true,"valueName":"search_term_string"}}],"inLanguage":"de-DE"}]}},"_links":{"self":[{"href":"https:\/\/www.voustensports.com\/de\/wp-json\/wp\/v2\/product\/208762","targetHints":{"allow":["GET"]}}],"collection":[{"href":"https:\/\/www.voustensports.com\/de\/wp-json\/wp\/v2\/product"}],"about":[{"href":"https:\/\/www.voustensports.com\/de\/wp-json\/wp\/v2\/types\/product"}],"replies":[{"embeddable":true,"href":"https:\/\/www.voustensports.com\/de\/wp-json\/wp\/v2\/comments?post=208762"}],"wp:featuredmedia":[{"embeddable":true,"href":"https:\/\/www.voustensports.com\/de\/wp-json\/wp\/v2\/media\/208742"}],"wp:attachment":[{"href":"https:\/\/www.voustensports.com\/de\/wp-json\/wp\/v2\/media?parent=208762"}],"wp:term":[{"taxonomy":"product_cat","embeddable":true,"href":"https:\/\/www.voustensports.com\/de\/wp-json\/wp\/v2\/product_cat?post=208762"},{"taxonomy":"product_tag","embeddable":true,"href":"https:\/\/www.voustensports.com\/de\/wp-json\/wp\/v2\/product_tag?post=208762"}],"curies":[{"name":"wp","href":"https:\/\/api.w.org\/{rel}","templated":true}]}}