{"id":208342,"date":"2025-08-30T11:30:26","date_gmt":"2025-08-30T09:30:26","guid":{"rendered":"https:\/\/www.voustensports.com\/c-p-company-lammwollpullover-mit-halbem-reisverschluss-grau-41723\/"},"modified":"2026-04-07T05:48:07","modified_gmt":"2026-04-07T03:48:07","slug":"c-p-company-lammwollpullover-mit-halbem-reisverschluss-grau-41723","status":"publish","type":"product","link":"https:\/\/www.voustensports.com\/de\/c-p-company-lammwollpullover-mit-halbem-reisverschluss-grau-41723\/","title":{"rendered":"C.P. Company &#8211; Lammwollpullover mit halbem Rei\u00dfverschluss grau (41723)"},"content":{"rendered":"<div>PRODUKTDETAILS<\/div>\n<div>Pullover mit halbem Rei\u00dfverschluss aus Lammwolle GRS. Der Global Recycled Standard zertifiziert die Verwendung von Produkten, die \u00f6kologischen und sozialen Kriterien entsprechen und sich \u00fcber alle Phasen der Produktionskette erstrecken. Der Pullover verf\u00fcgt \u00fcber einen gerippten Halsausschnitt, die ikonische Linse von C.P. Company, Kontrastn\u00e4hte sowie gerippte B\u00fcndchen und Saum.<\/div>\n<div><\/div>\n<div>STIL<\/div>\n<ul>\n<li>Gerippter Halsausschnitt<\/li>\n<li>Halbrei\u00dfverschluss<\/li>\n<li>Linsendetail<\/li>\n<li>Kontrastn\u00e4hte<\/li>\n<li>Gerippte B\u00fcndchen und Saum<\/li>\n<li>Normale Passform<\/li>\n<\/ul>\n<div>ZUSAMMENSETZUNG<\/div>\n<ul>\n<li>Au\u00dfenmaterial: 80 % Wolle, 20 % Polyamid\/Nylon<\/li>\n<\/ul>\n","protected":false},"excerpt":{"rendered":"<p>PRODUKTDETAILS Pullover mit halbem Rei\u00dfverschluss aus Lammwolle GRS. Der Global Recycled Standard zertifiziert die Verwendung von Produkten, die \u00f6kologischen und sozialen Kriterien entsprechen und sich \u00fcber alle Phasen der Produktionskette erstrecken. Der Pullover verf\u00fcgt \u00fcber einen gerippten Halsausschnitt, die ikonische Linse von C.P. Company, Kontrastn\u00e4hte sowie gerippte B\u00fcndchen und Saum. STIL Gerippter Halsausschnitt Halbrei\u00dfverschluss Linsendetail [&#8230;]\n","protected":false},"featured_media":208322,"comment_status":"open","ping_status":"closed","template":"","meta":{"rank_math_lock_modified_date":false},"product_cat":[439,447,451,463,535,539,695,698],"product_tag":[],"class_list":{"0":"post-208342","1":"product","2":"type-product","3":"status-publish","4":"has-post-thumbnail","6":"product_cat-cp-company-de","7":"product_cat-kleding-de","8":"product_cat-heren-de","9":"product_cat-vousten-sports-de-2","10":"product_cat-truien-de-2","11":"product_cat-knitwear-de","12":"product_cat-truien-vesten-de-2","13":"product_cat-sweaters-de-2","15":"first","16":"instock","17":"taxable","18":"shipping-taxable","19":"purchasable","20":"product-type-variable"},"acf":[],"yoast_head":"<!-- This site is optimized with the Yoast SEO plugin v23.9 - https:\/\/yoast.com\/wordpress\/plugins\/seo\/ -->\n<title>C.P. Company - Lammwollpullover mit halbem Rei\u00dfverschluss grau (41723) - Vousten Sports<\/title>\n<meta name=\"robots\" content=\"index, follow, max-snippet:-1, max-image-preview:large, max-video-preview:-1\" \/>\n<link rel=\"canonical\" href=\"https:\/\/www.voustensports.com\/de\/c-p-company-lammwollpullover-mit-halbem-reisverschluss-grau-41723\/\" \/>\n<meta property=\"og:locale\" content=\"de_DE\" \/>\n<meta property=\"og:type\" content=\"article\" \/>\n<meta property=\"og:title\" content=\"C.P. Company - Lammwollpullover mit halbem Rei\u00dfverschluss grau (41723) - Vousten Sports\" \/>\n<meta property=\"og:description\" content=\"PRODUKTDETAILS Pullover mit halbem Rei\u00dfverschluss aus Lammwolle GRS. Der Global Recycled Standard zertifiziert die Verwendung von Produkten, die \u00f6kologischen und sozialen Kriterien entsprechen und sich \u00fcber alle Phasen der Produktionskette erstrecken. Der Pullover verf\u00fcgt \u00fcber einen gerippten Halsausschnitt, die ikonische Linse von C.P. Company, Kontrastn\u00e4hte sowie gerippte B\u00fcndchen und Saum. STIL Gerippter Halsausschnitt Halbrei\u00dfverschluss Linsendetail [...]\" \/>\n<meta property=\"og:url\" content=\"https:\/\/www.voustensports.com\/de\/c-p-company-lammwollpullover-mit-halbem-reisverschluss-grau-41723\/\" \/>\n<meta property=\"og:site_name\" content=\"Vousten Sports\" \/>\n<meta property=\"article:modified_time\" content=\"2026-04-07T03:48:07+00:00\" \/>\n<meta property=\"og:image\" content=\"https:\/\/www.voustensports.com\/wp-content\/uploads\/2023\/06\/Lambswool-Half-Zip-Sweater-grijs-417231.jpg\" \/>\n\t<meta property=\"og:image:width\" content=\"1638\" \/>\n\t<meta property=\"og:image:height\" content=\"2048\" \/>\n\t<meta property=\"og:image:type\" content=\"image\/jpeg\" \/>\n<meta name=\"twitter:card\" content=\"summary_large_image\" \/>\n<script type=\"application\/ld+json\" class=\"yoast-schema-graph\">{\"@context\":\"https:\/\/schema.org\",\"@graph\":[{\"@type\":\"WebPage\",\"@id\":\"https:\/\/www.voustensports.com\/de\/c-p-company-lammwollpullover-mit-halbem-reisverschluss-grau-41723\/\",\"url\":\"https:\/\/www.voustensports.com\/de\/c-p-company-lammwollpullover-mit-halbem-reisverschluss-grau-41723\/\",\"name\":\"C.P. Company - Lammwollpullover mit halbem Rei\u00dfverschluss grau (41723) - Vousten Sports\",\"isPartOf\":{\"@id\":\"https:\/\/www.voustensports.com\/nl\/#website\"},\"primaryImageOfPage\":{\"@id\":\"https:\/\/www.voustensports.com\/de\/c-p-company-lammwollpullover-mit-halbem-reisverschluss-grau-41723\/#primaryimage\"},\"image\":{\"@id\":\"https:\/\/www.voustensports.com\/de\/c-p-company-lammwollpullover-mit-halbem-reisverschluss-grau-41723\/#primaryimage\"},\"thumbnailUrl\":\"https:\/\/www.voustensports.com\/wp-content\/uploads\/2023\/06\/Lambswool-Half-Zip-Sweater-grijs-417231.jpg\",\"datePublished\":\"2025-08-30T09:30:26+00:00\",\"dateModified\":\"2026-04-07T03:48:07+00:00\",\"breadcrumb\":{\"@id\":\"https:\/\/www.voustensports.com\/de\/c-p-company-lammwollpullover-mit-halbem-reisverschluss-grau-41723\/#breadcrumb\"},\"inLanguage\":\"de-DE\",\"potentialAction\":[{\"@type\":\"ReadAction\",\"target\":[\"https:\/\/www.voustensports.com\/de\/c-p-company-lammwollpullover-mit-halbem-reisverschluss-grau-41723\/\"]}]},{\"@type\":\"ImageObject\",\"inLanguage\":\"de-DE\",\"@id\":\"https:\/\/www.voustensports.com\/de\/c-p-company-lammwollpullover-mit-halbem-reisverschluss-grau-41723\/#primaryimage\",\"url\":\"https:\/\/www.voustensports.com\/wp-content\/uploads\/2023\/06\/Lambswool-Half-Zip-Sweater-grijs-417231.jpg\",\"contentUrl\":\"https:\/\/www.voustensports.com\/wp-content\/uploads\/2023\/06\/Lambswool-Half-Zip-Sweater-grijs-417231.jpg\",\"width\":1638,\"height\":2048},{\"@type\":\"BreadcrumbList\",\"@id\":\"https:\/\/www.voustensports.com\/de\/c-p-company-lammwollpullover-mit-halbem-reisverschluss-grau-41723\/#breadcrumb\",\"itemListElement\":[{\"@type\":\"ListItem\",\"position\":1,\"name\":\"Home\",\"item\":\"https:\/\/www.voustensports.com\/de\/\"},{\"@type\":\"ListItem\",\"position\":2,\"name\":\"Shop\",\"item\":\"https:\/\/www.voustensports.com\/de\/shop\/\"},{\"@type\":\"ListItem\",\"position\":3,\"name\":\"C.P. Company &#8211; Lammwollpullover mit halbem Rei\u00dfverschluss grau (41723)\"}]},{\"@type\":\"WebSite\",\"@id\":\"https:\/\/www.voustensports.com\/nl\/#website\",\"url\":\"https:\/\/www.voustensports.com\/nl\/\",\"name\":\"Vousten Sports\",\"description\":\"\",\"potentialAction\":[{\"@type\":\"SearchAction\",\"target\":{\"@type\":\"EntryPoint\",\"urlTemplate\":\"https:\/\/www.voustensports.com\/nl\/?s={search_term_string}\"},\"query-input\":{\"@type\":\"PropertyValueSpecification\",\"valueRequired\":true,\"valueName\":\"search_term_string\"}}],\"inLanguage\":\"de-DE\"}]}<\/script>\n<!-- \/ Yoast SEO plugin. -->","yoast_head_json":{"title":"C.P. Company - Lammwollpullover mit halbem Rei\u00dfverschluss grau (41723) - Vousten Sports","robots":{"index":"index","follow":"follow","max-snippet":"max-snippet:-1","max-image-preview":"max-image-preview:large","max-video-preview":"max-video-preview:-1"},"canonical":"https:\/\/www.voustensports.com\/de\/c-p-company-lammwollpullover-mit-halbem-reisverschluss-grau-41723\/","og_locale":"de_DE","og_type":"article","og_title":"C.P. Company - Lammwollpullover mit halbem Rei\u00dfverschluss grau (41723) - Vousten Sports","og_description":"PRODUKTDETAILS Pullover mit halbem Rei\u00dfverschluss aus Lammwolle GRS. Der Global Recycled Standard zertifiziert die Verwendung von Produkten, die \u00f6kologischen und sozialen Kriterien entsprechen und sich \u00fcber alle Phasen der Produktionskette erstrecken. Der Pullover verf\u00fcgt \u00fcber einen gerippten Halsausschnitt, die ikonische Linse von C.P. Company, Kontrastn\u00e4hte sowie gerippte B\u00fcndchen und Saum. STIL Gerippter Halsausschnitt Halbrei\u00dfverschluss Linsendetail [...]","og_url":"https:\/\/www.voustensports.com\/de\/c-p-company-lammwollpullover-mit-halbem-reisverschluss-grau-41723\/","og_site_name":"Vousten Sports","article_modified_time":"2026-04-07T03:48:07+00:00","og_image":[{"width":1638,"height":2048,"url":"https:\/\/www.voustensports.com\/wp-content\/uploads\/2023\/06\/Lambswool-Half-Zip-Sweater-grijs-417231.jpg","type":"image\/jpeg"}],"twitter_card":"summary_large_image","schema":{"@context":"https:\/\/schema.org","@graph":[{"@type":"WebPage","@id":"https:\/\/www.voustensports.com\/de\/c-p-company-lammwollpullover-mit-halbem-reisverschluss-grau-41723\/","url":"https:\/\/www.voustensports.com\/de\/c-p-company-lammwollpullover-mit-halbem-reisverschluss-grau-41723\/","name":"C.P. Company - Lammwollpullover mit halbem Rei\u00dfverschluss grau (41723) - Vousten Sports","isPartOf":{"@id":"https:\/\/www.voustensports.com\/nl\/#website"},"primaryImageOfPage":{"@id":"https:\/\/www.voustensports.com\/de\/c-p-company-lammwollpullover-mit-halbem-reisverschluss-grau-41723\/#primaryimage"},"image":{"@id":"https:\/\/www.voustensports.com\/de\/c-p-company-lammwollpullover-mit-halbem-reisverschluss-grau-41723\/#primaryimage"},"thumbnailUrl":"https:\/\/www.voustensports.com\/wp-content\/uploads\/2023\/06\/Lambswool-Half-Zip-Sweater-grijs-417231.jpg","datePublished":"2025-08-30T09:30:26+00:00","dateModified":"2026-04-07T03:48:07+00:00","breadcrumb":{"@id":"https:\/\/www.voustensports.com\/de\/c-p-company-lammwollpullover-mit-halbem-reisverschluss-grau-41723\/#breadcrumb"},"inLanguage":"de-DE","potentialAction":[{"@type":"ReadAction","target":["https:\/\/www.voustensports.com\/de\/c-p-company-lammwollpullover-mit-halbem-reisverschluss-grau-41723\/"]}]},{"@type":"ImageObject","inLanguage":"de-DE","@id":"https:\/\/www.voustensports.com\/de\/c-p-company-lammwollpullover-mit-halbem-reisverschluss-grau-41723\/#primaryimage","url":"https:\/\/www.voustensports.com\/wp-content\/uploads\/2023\/06\/Lambswool-Half-Zip-Sweater-grijs-417231.jpg","contentUrl":"https:\/\/www.voustensports.com\/wp-content\/uploads\/2023\/06\/Lambswool-Half-Zip-Sweater-grijs-417231.jpg","width":1638,"height":2048},{"@type":"BreadcrumbList","@id":"https:\/\/www.voustensports.com\/de\/c-p-company-lammwollpullover-mit-halbem-reisverschluss-grau-41723\/#breadcrumb","itemListElement":[{"@type":"ListItem","position":1,"name":"Home","item":"https:\/\/www.voustensports.com\/de\/"},{"@type":"ListItem","position":2,"name":"Shop","item":"https:\/\/www.voustensports.com\/de\/shop\/"},{"@type":"ListItem","position":3,"name":"C.P. Company &#8211; Lammwollpullover mit halbem Rei\u00dfverschluss grau (41723)"}]},{"@type":"WebSite","@id":"https:\/\/www.voustensports.com\/nl\/#website","url":"https:\/\/www.voustensports.com\/nl\/","name":"Vousten Sports","description":"","potentialAction":[{"@type":"SearchAction","target":{"@type":"EntryPoint","urlTemplate":"https:\/\/www.voustensports.com\/nl\/?s={search_term_string}"},"query-input":{"@type":"PropertyValueSpecification","valueRequired":true,"valueName":"search_term_string"}}],"inLanguage":"de-DE"}]}},"_links":{"self":[{"href":"https:\/\/www.voustensports.com\/de\/wp-json\/wp\/v2\/product\/208342","targetHints":{"allow":["GET"]}}],"collection":[{"href":"https:\/\/www.voustensports.com\/de\/wp-json\/wp\/v2\/product"}],"about":[{"href":"https:\/\/www.voustensports.com\/de\/wp-json\/wp\/v2\/types\/product"}],"replies":[{"embeddable":true,"href":"https:\/\/www.voustensports.com\/de\/wp-json\/wp\/v2\/comments?post=208342"}],"wp:featuredmedia":[{"embeddable":true,"href":"https:\/\/www.voustensports.com\/de\/wp-json\/wp\/v2\/media\/208322"}],"wp:attachment":[{"href":"https:\/\/www.voustensports.com\/de\/wp-json\/wp\/v2\/media?parent=208342"}],"wp:term":[{"taxonomy":"product_cat","embeddable":true,"href":"https:\/\/www.voustensports.com\/de\/wp-json\/wp\/v2\/product_cat?post=208342"},{"taxonomy":"product_tag","embeddable":true,"href":"https:\/\/www.voustensports.com\/de\/wp-json\/wp\/v2\/product_tag?post=208342"}],"curies":[{"name":"wp","href":"https:\/\/api.w.org\/{rel}","templated":true}]}}