{"id":208224,"date":"2025-08-30T05:30:30","date_gmt":"2025-08-30T03:30:30","guid":{"rendered":"https:\/\/www.voustensports.com\/genti-winterjacke-beige-grau-41205\/"},"modified":"2026-03-17T06:36:06","modified_gmt":"2026-03-17T05:36:06","slug":"genti-winterjacke-beige-grau-41205","status":"publish","type":"product","link":"https:\/\/www.voustensports.com\/de\/genti-winterjacke-beige-grau-41205\/","title":{"rendered":"GENTI &#8211; Winterjacke beige \/ grau (41205)"},"content":{"rendered":"<div>Diese Jacke aus hochwertigem Material bietet optimalen Schutz vor Wind und leichtem Regen, w\u00e4hrend der leichte Stretchanteil f\u00fcr zus\u00e4tzlichen Tragekomfort sorgt. Das gesteppte Futter speichert die W\u00e4rme und sorgt so auch bei niedrigen Temperaturen f\u00fcr ein angenehmes Tragegef\u00fchl. Das schlichte, moderne Design mit verstellbarer Kapuze und praktischen Taschen macht diese Jacke zu einer vielseitigen Wahl f\u00fcr den Alltag.<\/div>\n<ul>\n<li>Normale Passform<\/li>\n<li>Wasserabweisend und winddicht<\/li>\n<li>Warm gesteppt f\u00fcr optimalen Winterkomfort<\/li>\n<li>Verstellbare Kapuze f\u00fcr zus\u00e4tzlichen Schutz<\/li>\n<li>Zwei Seitentaschen und eine Brusttasche mit Rei\u00dfverschluss<\/li>\n<li>Zeitloses, modernes Design<\/li>\n<li>Material: 92 % Polyester, 8 % Elastan<\/li>\n<\/ul>\n","protected":false},"excerpt":{"rendered":"<p>Diese Jacke aus hochwertigem Material bietet optimalen Schutz vor Wind und leichtem Regen, w\u00e4hrend der leichte Stretchanteil f\u00fcr zus\u00e4tzlichen Tragekomfort sorgt. Das gesteppte Futter speichert die W\u00e4rme und sorgt so auch bei niedrigen Temperaturen f\u00fcr ein angenehmes Tragegef\u00fchl. Das schlichte, moderne Design mit verstellbarer Kapuze und praktischen Taschen macht diese Jacke zu einer vielseitigen Wahl [&#8230;]\n","protected":false},"featured_media":208204,"comment_status":"open","ping_status":"closed","template":"","meta":{"rank_math_lock_modified_date":false},"product_cat":[447,451,463,543,702,706,711],"product_tag":[],"class_list":{"0":"post-208224","1":"product","2":"type-product","3":"status-publish","4":"has-post-thumbnail","6":"product_cat-kleding-de","7":"product_cat-heren-de","8":"product_cat-vousten-sports-de-2","9":"product_cat-jassen-de","10":"product_cat-jackets-de","11":"product_cat-jassen-jacks-de","12":"product_cat-genti-de","14":"first","15":"instock","16":"taxable","17":"shipping-taxable","18":"purchasable","19":"product-type-variable"},"acf":[],"yoast_head":"<!-- This site is optimized with the Yoast SEO plugin v23.9 - https:\/\/yoast.com\/wordpress\/plugins\/seo\/ -->\n<title>GENTI - Winterjacke beige \/ grau (41205) - Vousten Sports<\/title>\n<meta name=\"robots\" content=\"index, follow, max-snippet:-1, max-image-preview:large, max-video-preview:-1\" \/>\n<link rel=\"canonical\" href=\"https:\/\/www.voustensports.com\/de\/genti-winterjacke-beige-grau-41205\/\" \/>\n<meta property=\"og:locale\" content=\"de_DE\" \/>\n<meta property=\"og:type\" content=\"article\" \/>\n<meta property=\"og:title\" content=\"GENTI - Winterjacke beige \/ grau (41205) - Vousten Sports\" \/>\n<meta property=\"og:description\" content=\"Diese Jacke aus hochwertigem Material bietet optimalen Schutz vor Wind und leichtem Regen, w\u00e4hrend der leichte Stretchanteil f\u00fcr zus\u00e4tzlichen Tragekomfort sorgt. Das gesteppte Futter speichert die W\u00e4rme und sorgt so auch bei niedrigen Temperaturen f\u00fcr ein angenehmes Tragegef\u00fchl. Das schlichte, moderne Design mit verstellbarer Kapuze und praktischen Taschen macht diese Jacke zu einer vielseitigen Wahl [...]\" \/>\n<meta property=\"og:url\" content=\"https:\/\/www.voustensports.com\/de\/genti-winterjacke-beige-grau-41205\/\" \/>\n<meta property=\"og:site_name\" content=\"Vousten Sports\" \/>\n<meta property=\"article:modified_time\" content=\"2026-03-17T05:36:06+00:00\" \/>\n<meta property=\"og:image\" content=\"https:\/\/www.voustensports.com\/wp-content\/uploads\/2023\/06\/Winterjas-beige-grijs-412051.jpg\" \/>\n\t<meta property=\"og:image:width\" content=\"1365\" \/>\n\t<meta property=\"og:image:height\" content=\"2048\" \/>\n\t<meta property=\"og:image:type\" content=\"image\/jpeg\" \/>\n<meta name=\"twitter:card\" content=\"summary_large_image\" \/>\n<script type=\"application\/ld+json\" class=\"yoast-schema-graph\">{\"@context\":\"https:\/\/schema.org\",\"@graph\":[{\"@type\":\"WebPage\",\"@id\":\"https:\/\/www.voustensports.com\/de\/genti-winterjacke-beige-grau-41205\/\",\"url\":\"https:\/\/www.voustensports.com\/de\/genti-winterjacke-beige-grau-41205\/\",\"name\":\"GENTI - Winterjacke beige \/ grau (41205) - Vousten Sports\",\"isPartOf\":{\"@id\":\"https:\/\/www.voustensports.com\/nl\/#website\"},\"primaryImageOfPage\":{\"@id\":\"https:\/\/www.voustensports.com\/de\/genti-winterjacke-beige-grau-41205\/#primaryimage\"},\"image\":{\"@id\":\"https:\/\/www.voustensports.com\/de\/genti-winterjacke-beige-grau-41205\/#primaryimage\"},\"thumbnailUrl\":\"https:\/\/www.voustensports.com\/wp-content\/uploads\/2023\/06\/Winterjas-beige-grijs-412051.jpg\",\"datePublished\":\"2025-08-30T03:30:30+00:00\",\"dateModified\":\"2026-03-17T05:36:06+00:00\",\"breadcrumb\":{\"@id\":\"https:\/\/www.voustensports.com\/de\/genti-winterjacke-beige-grau-41205\/#breadcrumb\"},\"inLanguage\":\"de-DE\",\"potentialAction\":[{\"@type\":\"ReadAction\",\"target\":[\"https:\/\/www.voustensports.com\/de\/genti-winterjacke-beige-grau-41205\/\"]}]},{\"@type\":\"ImageObject\",\"inLanguage\":\"de-DE\",\"@id\":\"https:\/\/www.voustensports.com\/de\/genti-winterjacke-beige-grau-41205\/#primaryimage\",\"url\":\"https:\/\/www.voustensports.com\/wp-content\/uploads\/2023\/06\/Winterjas-beige-grijs-412051.jpg\",\"contentUrl\":\"https:\/\/www.voustensports.com\/wp-content\/uploads\/2023\/06\/Winterjas-beige-grijs-412051.jpg\",\"width\":1365,\"height\":2048},{\"@type\":\"BreadcrumbList\",\"@id\":\"https:\/\/www.voustensports.com\/de\/genti-winterjacke-beige-grau-41205\/#breadcrumb\",\"itemListElement\":[{\"@type\":\"ListItem\",\"position\":1,\"name\":\"Home\",\"item\":\"https:\/\/www.voustensports.com\/de\/\"},{\"@type\":\"ListItem\",\"position\":2,\"name\":\"Shop\",\"item\":\"https:\/\/www.voustensports.com\/de\/shop\/\"},{\"@type\":\"ListItem\",\"position\":3,\"name\":\"GENTI &#8211; Winterjacke beige \/ grau (41205)\"}]},{\"@type\":\"WebSite\",\"@id\":\"https:\/\/www.voustensports.com\/nl\/#website\",\"url\":\"https:\/\/www.voustensports.com\/nl\/\",\"name\":\"Vousten Sports\",\"description\":\"\",\"potentialAction\":[{\"@type\":\"SearchAction\",\"target\":{\"@type\":\"EntryPoint\",\"urlTemplate\":\"https:\/\/www.voustensports.com\/nl\/?s={search_term_string}\"},\"query-input\":{\"@type\":\"PropertyValueSpecification\",\"valueRequired\":true,\"valueName\":\"search_term_string\"}}],\"inLanguage\":\"de-DE\"}]}<\/script>\n<!-- \/ Yoast SEO plugin. -->","yoast_head_json":{"title":"GENTI - Winterjacke beige \/ grau (41205) - Vousten Sports","robots":{"index":"index","follow":"follow","max-snippet":"max-snippet:-1","max-image-preview":"max-image-preview:large","max-video-preview":"max-video-preview:-1"},"canonical":"https:\/\/www.voustensports.com\/de\/genti-winterjacke-beige-grau-41205\/","og_locale":"de_DE","og_type":"article","og_title":"GENTI - Winterjacke beige \/ grau (41205) - Vousten Sports","og_description":"Diese Jacke aus hochwertigem Material bietet optimalen Schutz vor Wind und leichtem Regen, w\u00e4hrend der leichte Stretchanteil f\u00fcr zus\u00e4tzlichen Tragekomfort sorgt. Das gesteppte Futter speichert die W\u00e4rme und sorgt so auch bei niedrigen Temperaturen f\u00fcr ein angenehmes Tragegef\u00fchl. Das schlichte, moderne Design mit verstellbarer Kapuze und praktischen Taschen macht diese Jacke zu einer vielseitigen Wahl [...]","og_url":"https:\/\/www.voustensports.com\/de\/genti-winterjacke-beige-grau-41205\/","og_site_name":"Vousten Sports","article_modified_time":"2026-03-17T05:36:06+00:00","og_image":[{"width":1365,"height":2048,"url":"https:\/\/www.voustensports.com\/wp-content\/uploads\/2023\/06\/Winterjas-beige-grijs-412051.jpg","type":"image\/jpeg"}],"twitter_card":"summary_large_image","schema":{"@context":"https:\/\/schema.org","@graph":[{"@type":"WebPage","@id":"https:\/\/www.voustensports.com\/de\/genti-winterjacke-beige-grau-41205\/","url":"https:\/\/www.voustensports.com\/de\/genti-winterjacke-beige-grau-41205\/","name":"GENTI - Winterjacke beige \/ grau (41205) - Vousten Sports","isPartOf":{"@id":"https:\/\/www.voustensports.com\/nl\/#website"},"primaryImageOfPage":{"@id":"https:\/\/www.voustensports.com\/de\/genti-winterjacke-beige-grau-41205\/#primaryimage"},"image":{"@id":"https:\/\/www.voustensports.com\/de\/genti-winterjacke-beige-grau-41205\/#primaryimage"},"thumbnailUrl":"https:\/\/www.voustensports.com\/wp-content\/uploads\/2023\/06\/Winterjas-beige-grijs-412051.jpg","datePublished":"2025-08-30T03:30:30+00:00","dateModified":"2026-03-17T05:36:06+00:00","breadcrumb":{"@id":"https:\/\/www.voustensports.com\/de\/genti-winterjacke-beige-grau-41205\/#breadcrumb"},"inLanguage":"de-DE","potentialAction":[{"@type":"ReadAction","target":["https:\/\/www.voustensports.com\/de\/genti-winterjacke-beige-grau-41205\/"]}]},{"@type":"ImageObject","inLanguage":"de-DE","@id":"https:\/\/www.voustensports.com\/de\/genti-winterjacke-beige-grau-41205\/#primaryimage","url":"https:\/\/www.voustensports.com\/wp-content\/uploads\/2023\/06\/Winterjas-beige-grijs-412051.jpg","contentUrl":"https:\/\/www.voustensports.com\/wp-content\/uploads\/2023\/06\/Winterjas-beige-grijs-412051.jpg","width":1365,"height":2048},{"@type":"BreadcrumbList","@id":"https:\/\/www.voustensports.com\/de\/genti-winterjacke-beige-grau-41205\/#breadcrumb","itemListElement":[{"@type":"ListItem","position":1,"name":"Home","item":"https:\/\/www.voustensports.com\/de\/"},{"@type":"ListItem","position":2,"name":"Shop","item":"https:\/\/www.voustensports.com\/de\/shop\/"},{"@type":"ListItem","position":3,"name":"GENTI &#8211; Winterjacke beige \/ grau (41205)"}]},{"@type":"WebSite","@id":"https:\/\/www.voustensports.com\/nl\/#website","url":"https:\/\/www.voustensports.com\/nl\/","name":"Vousten Sports","description":"","potentialAction":[{"@type":"SearchAction","target":{"@type":"EntryPoint","urlTemplate":"https:\/\/www.voustensports.com\/nl\/?s={search_term_string}"},"query-input":{"@type":"PropertyValueSpecification","valueRequired":true,"valueName":"search_term_string"}}],"inLanguage":"de-DE"}]}},"_links":{"self":[{"href":"https:\/\/www.voustensports.com\/de\/wp-json\/wp\/v2\/product\/208224","targetHints":{"allow":["GET"]}}],"collection":[{"href":"https:\/\/www.voustensports.com\/de\/wp-json\/wp\/v2\/product"}],"about":[{"href":"https:\/\/www.voustensports.com\/de\/wp-json\/wp\/v2\/types\/product"}],"replies":[{"embeddable":true,"href":"https:\/\/www.voustensports.com\/de\/wp-json\/wp\/v2\/comments?post=208224"}],"wp:featuredmedia":[{"embeddable":true,"href":"https:\/\/www.voustensports.com\/de\/wp-json\/wp\/v2\/media\/208204"}],"wp:attachment":[{"href":"https:\/\/www.voustensports.com\/de\/wp-json\/wp\/v2\/media?parent=208224"}],"wp:term":[{"taxonomy":"product_cat","embeddable":true,"href":"https:\/\/www.voustensports.com\/de\/wp-json\/wp\/v2\/product_cat?post=208224"},{"taxonomy":"product_tag","embeddable":true,"href":"https:\/\/www.voustensports.com\/de\/wp-json\/wp\/v2\/product_tag?post=208224"}],"curies":[{"name":"wp","href":"https:\/\/api.w.org\/{rel}","templated":true}]}}