{"id":207938,"date":"2025-08-29T10:06:17","date_gmt":"2025-08-29T08:06:17","guid":{"rendered":"https:\/\/www.voustensports.com\/herno-hose-dunkelblau-41660\/"},"modified":"2026-02-05T12:38:19","modified_gmt":"2026-02-05T11:38:19","slug":"herno-hose-dunkelblau-41660","status":"publish","type":"product","link":"https:\/\/www.voustensports.com\/de\/herno-hose-dunkelblau-41660\/","title":{"rendered":"HERNO &#8211; HOSE DUNKELBLAU (41660)"},"content":{"rendered":"<div>PRODUKTDETAILS<\/div>\n<div>Dieses Modell ist Hernos raffiniertes Must-have und verleiht Ihrer Alltagsgarderobe dezenten Luxus.<br \/>\n<strong style=\"color: #555555;font-size: 14.4px\">F\u00e4llt gro\u00df aus, w\u00e4hlen Sie eine Nummer gr\u00f6\u00dfer als normal!<br \/>\n<\/strong><strong style=\"color: #555555;font-size: 14.4px\">Das Model ist 186 cm gro\u00df, wiegt 80 kg und tr\u00e4gt Gr\u00f6\u00dfe S.<\/strong><strong style=\"color: #555555;font-size: 14.4px\"><br \/>\n<\/strong><\/div>\n<ul>\n<li>G\u00fcrtelschlaufen<\/li>\n<li>Seitentaschen<\/li>\n<li>Herno-Logo aus Metall auf der R\u00fcckseite<\/li>\n<li>Verdeckter Rei\u00dfverschluss mit Knopf<\/li>\n<li>Innenliegende Schn\u00fcrsenkel<\/li>\n<li>Hergestellt in Italien<\/li>\n<\/ul>\n<div>ZUSAMMENSETZUNG<\/div>\n<div>96 % Schurwolle \u2013 4 % Elastan<\/div>\n","protected":false},"excerpt":{"rendered":"<p>PRODUKTDETAILS Dieses Modell ist Hernos raffiniertes Must-have und verleiht Ihrer Alltagsgarderobe dezenten Luxus. F\u00e4llt gro\u00df aus, w\u00e4hlen Sie eine Nummer gr\u00f6\u00dfer als normal! Das Model ist 186 cm gro\u00df, wiegt 80 kg und tr\u00e4gt Gr\u00f6\u00dfe S. G\u00fcrtelschlaufen Seitentaschen Herno-Logo aus Metall auf der R\u00fcckseite Verdeckter Rei\u00dfverschluss mit Knopf Innenliegende Schn\u00fcrsenkel Hergestellt in Italien ZUSAMMENSETZUNG 96 [&#8230;]\n","protected":false},"featured_media":207930,"comment_status":"open","ping_status":"closed","template":"","meta":{"rank_math_lock_modified_date":false},"product_cat":[447,451,463,467,728,787],"product_tag":[],"class_list":{"0":"post-207938","1":"product","2":"type-product","3":"status-publish","4":"has-post-thumbnail","6":"product_cat-kleding-de","7":"product_cat-heren-de","8":"product_cat-vousten-sports-de-2","9":"product_cat-hosen-de","10":"product_cat-herno-de","11":"product_cat-broek-de","13":"first","14":"instock","15":"taxable","16":"shipping-taxable","17":"purchasable","18":"product-type-variable"},"acf":[],"yoast_head":"<!-- This site is optimized with the Yoast SEO plugin v23.9 - https:\/\/yoast.com\/wordpress\/plugins\/seo\/ -->\n<title>HERNO - HOSE DUNKELBLAU (41660) - Vousten Sports<\/title>\n<meta name=\"robots\" content=\"index, follow, max-snippet:-1, max-image-preview:large, max-video-preview:-1\" \/>\n<link rel=\"canonical\" href=\"https:\/\/www.voustensports.com\/de\/herno-hose-dunkelblau-41660\/\" \/>\n<meta property=\"og:locale\" content=\"de_DE\" \/>\n<meta property=\"og:type\" content=\"article\" \/>\n<meta property=\"og:title\" content=\"HERNO - HOSE DUNKELBLAU (41660) - Vousten Sports\" \/>\n<meta property=\"og:description\" content=\"PRODUKTDETAILS Dieses Modell ist Hernos raffiniertes Must-have und verleiht Ihrer Alltagsgarderobe dezenten Luxus. F\u00e4llt gro\u00df aus, w\u00e4hlen Sie eine Nummer gr\u00f6\u00dfer als normal! Das Model ist 186 cm gro\u00df, wiegt 80 kg und tr\u00e4gt Gr\u00f6\u00dfe S. G\u00fcrtelschlaufen Seitentaschen Herno-Logo aus Metall auf der R\u00fcckseite Verdeckter Rei\u00dfverschluss mit Knopf Innenliegende Schn\u00fcrsenkel Hergestellt in Italien ZUSAMMENSETZUNG 96 [...]\" \/>\n<meta property=\"og:url\" content=\"https:\/\/www.voustensports.com\/de\/herno-hose-dunkelblau-41660\/\" \/>\n<meta property=\"og:site_name\" content=\"Vousten Sports\" \/>\n<meta property=\"article:modified_time\" content=\"2026-02-05T11:38:19+00:00\" \/>\n<meta property=\"og:image\" content=\"https:\/\/www.voustensports.com\/wp-content\/uploads\/2023\/06\/PANTS-DONKERBLAUW-416601.jpeg\" \/>\n\t<meta property=\"og:image:width\" content=\"1292\" \/>\n\t<meta property=\"og:image:height\" content=\"2044\" \/>\n\t<meta property=\"og:image:type\" content=\"image\/jpeg\" \/>\n<meta name=\"twitter:card\" content=\"summary_large_image\" \/>\n<script type=\"application\/ld+json\" class=\"yoast-schema-graph\">{\"@context\":\"https:\/\/schema.org\",\"@graph\":[{\"@type\":\"WebPage\",\"@id\":\"https:\/\/www.voustensports.com\/de\/herno-hose-dunkelblau-41660\/\",\"url\":\"https:\/\/www.voustensports.com\/de\/herno-hose-dunkelblau-41660\/\",\"name\":\"HERNO - HOSE DUNKELBLAU (41660) - Vousten Sports\",\"isPartOf\":{\"@id\":\"https:\/\/www.voustensports.com\/nl\/#website\"},\"primaryImageOfPage\":{\"@id\":\"https:\/\/www.voustensports.com\/de\/herno-hose-dunkelblau-41660\/#primaryimage\"},\"image\":{\"@id\":\"https:\/\/www.voustensports.com\/de\/herno-hose-dunkelblau-41660\/#primaryimage\"},\"thumbnailUrl\":\"https:\/\/www.voustensports.com\/wp-content\/uploads\/2023\/06\/PANTS-DONKERBLAUW-416601.jpeg\",\"datePublished\":\"2025-08-29T08:06:17+00:00\",\"dateModified\":\"2026-02-05T11:38:19+00:00\",\"breadcrumb\":{\"@id\":\"https:\/\/www.voustensports.com\/de\/herno-hose-dunkelblau-41660\/#breadcrumb\"},\"inLanguage\":\"de-DE\",\"potentialAction\":[{\"@type\":\"ReadAction\",\"target\":[\"https:\/\/www.voustensports.com\/de\/herno-hose-dunkelblau-41660\/\"]}]},{\"@type\":\"ImageObject\",\"inLanguage\":\"de-DE\",\"@id\":\"https:\/\/www.voustensports.com\/de\/herno-hose-dunkelblau-41660\/#primaryimage\",\"url\":\"https:\/\/www.voustensports.com\/wp-content\/uploads\/2023\/06\/PANTS-DONKERBLAUW-416601.jpeg\",\"contentUrl\":\"https:\/\/www.voustensports.com\/wp-content\/uploads\/2023\/06\/PANTS-DONKERBLAUW-416601.jpeg\",\"width\":1292,\"height\":2044},{\"@type\":\"BreadcrumbList\",\"@id\":\"https:\/\/www.voustensports.com\/de\/herno-hose-dunkelblau-41660\/#breadcrumb\",\"itemListElement\":[{\"@type\":\"ListItem\",\"position\":1,\"name\":\"Home\",\"item\":\"https:\/\/www.voustensports.com\/de\/\"},{\"@type\":\"ListItem\",\"position\":2,\"name\":\"Shop\",\"item\":\"https:\/\/www.voustensports.com\/de\/shop\/\"},{\"@type\":\"ListItem\",\"position\":3,\"name\":\"HERNO &#8211; HOSE DUNKELBLAU (41660)\"}]},{\"@type\":\"WebSite\",\"@id\":\"https:\/\/www.voustensports.com\/nl\/#website\",\"url\":\"https:\/\/www.voustensports.com\/nl\/\",\"name\":\"Vousten Sports\",\"description\":\"\",\"potentialAction\":[{\"@type\":\"SearchAction\",\"target\":{\"@type\":\"EntryPoint\",\"urlTemplate\":\"https:\/\/www.voustensports.com\/nl\/?s={search_term_string}\"},\"query-input\":{\"@type\":\"PropertyValueSpecification\",\"valueRequired\":true,\"valueName\":\"search_term_string\"}}],\"inLanguage\":\"de-DE\"}]}<\/script>\n<!-- \/ Yoast SEO plugin. -->","yoast_head_json":{"title":"HERNO - HOSE DUNKELBLAU (41660) - Vousten Sports","robots":{"index":"index","follow":"follow","max-snippet":"max-snippet:-1","max-image-preview":"max-image-preview:large","max-video-preview":"max-video-preview:-1"},"canonical":"https:\/\/www.voustensports.com\/de\/herno-hose-dunkelblau-41660\/","og_locale":"de_DE","og_type":"article","og_title":"HERNO - HOSE DUNKELBLAU (41660) - Vousten Sports","og_description":"PRODUKTDETAILS Dieses Modell ist Hernos raffiniertes Must-have und verleiht Ihrer Alltagsgarderobe dezenten Luxus. F\u00e4llt gro\u00df aus, w\u00e4hlen Sie eine Nummer gr\u00f6\u00dfer als normal! Das Model ist 186 cm gro\u00df, wiegt 80 kg und tr\u00e4gt Gr\u00f6\u00dfe S. G\u00fcrtelschlaufen Seitentaschen Herno-Logo aus Metall auf der R\u00fcckseite Verdeckter Rei\u00dfverschluss mit Knopf Innenliegende Schn\u00fcrsenkel Hergestellt in Italien ZUSAMMENSETZUNG 96 [...]","og_url":"https:\/\/www.voustensports.com\/de\/herno-hose-dunkelblau-41660\/","og_site_name":"Vousten Sports","article_modified_time":"2026-02-05T11:38:19+00:00","og_image":[{"width":1292,"height":2044,"url":"https:\/\/www.voustensports.com\/wp-content\/uploads\/2023\/06\/PANTS-DONKERBLAUW-416601.jpeg","type":"image\/jpeg"}],"twitter_card":"summary_large_image","schema":{"@context":"https:\/\/schema.org","@graph":[{"@type":"WebPage","@id":"https:\/\/www.voustensports.com\/de\/herno-hose-dunkelblau-41660\/","url":"https:\/\/www.voustensports.com\/de\/herno-hose-dunkelblau-41660\/","name":"HERNO - HOSE DUNKELBLAU (41660) - Vousten Sports","isPartOf":{"@id":"https:\/\/www.voustensports.com\/nl\/#website"},"primaryImageOfPage":{"@id":"https:\/\/www.voustensports.com\/de\/herno-hose-dunkelblau-41660\/#primaryimage"},"image":{"@id":"https:\/\/www.voustensports.com\/de\/herno-hose-dunkelblau-41660\/#primaryimage"},"thumbnailUrl":"https:\/\/www.voustensports.com\/wp-content\/uploads\/2023\/06\/PANTS-DONKERBLAUW-416601.jpeg","datePublished":"2025-08-29T08:06:17+00:00","dateModified":"2026-02-05T11:38:19+00:00","breadcrumb":{"@id":"https:\/\/www.voustensports.com\/de\/herno-hose-dunkelblau-41660\/#breadcrumb"},"inLanguage":"de-DE","potentialAction":[{"@type":"ReadAction","target":["https:\/\/www.voustensports.com\/de\/herno-hose-dunkelblau-41660\/"]}]},{"@type":"ImageObject","inLanguage":"de-DE","@id":"https:\/\/www.voustensports.com\/de\/herno-hose-dunkelblau-41660\/#primaryimage","url":"https:\/\/www.voustensports.com\/wp-content\/uploads\/2023\/06\/PANTS-DONKERBLAUW-416601.jpeg","contentUrl":"https:\/\/www.voustensports.com\/wp-content\/uploads\/2023\/06\/PANTS-DONKERBLAUW-416601.jpeg","width":1292,"height":2044},{"@type":"BreadcrumbList","@id":"https:\/\/www.voustensports.com\/de\/herno-hose-dunkelblau-41660\/#breadcrumb","itemListElement":[{"@type":"ListItem","position":1,"name":"Home","item":"https:\/\/www.voustensports.com\/de\/"},{"@type":"ListItem","position":2,"name":"Shop","item":"https:\/\/www.voustensports.com\/de\/shop\/"},{"@type":"ListItem","position":3,"name":"HERNO &#8211; HOSE DUNKELBLAU (41660)"}]},{"@type":"WebSite","@id":"https:\/\/www.voustensports.com\/nl\/#website","url":"https:\/\/www.voustensports.com\/nl\/","name":"Vousten Sports","description":"","potentialAction":[{"@type":"SearchAction","target":{"@type":"EntryPoint","urlTemplate":"https:\/\/www.voustensports.com\/nl\/?s={search_term_string}"},"query-input":{"@type":"PropertyValueSpecification","valueRequired":true,"valueName":"search_term_string"}}],"inLanguage":"de-DE"}]}},"_links":{"self":[{"href":"https:\/\/www.voustensports.com\/de\/wp-json\/wp\/v2\/product\/207938","targetHints":{"allow":["GET"]}}],"collection":[{"href":"https:\/\/www.voustensports.com\/de\/wp-json\/wp\/v2\/product"}],"about":[{"href":"https:\/\/www.voustensports.com\/de\/wp-json\/wp\/v2\/types\/product"}],"replies":[{"embeddable":true,"href":"https:\/\/www.voustensports.com\/de\/wp-json\/wp\/v2\/comments?post=207938"}],"wp:featuredmedia":[{"embeddable":true,"href":"https:\/\/www.voustensports.com\/de\/wp-json\/wp\/v2\/media\/207930"}],"wp:attachment":[{"href":"https:\/\/www.voustensports.com\/de\/wp-json\/wp\/v2\/media?parent=207938"}],"wp:term":[{"taxonomy":"product_cat","embeddable":true,"href":"https:\/\/www.voustensports.com\/de\/wp-json\/wp\/v2\/product_cat?post=207938"},{"taxonomy":"product_tag","embeddable":true,"href":"https:\/\/www.voustensports.com\/de\/wp-json\/wp\/v2\/product_tag?post=207938"}],"curies":[{"name":"wp","href":"https:\/\/api.w.org\/{rel}","templated":true}]}}