{"id":207746,"date":"2025-08-24T00:48:19","date_gmt":"2025-08-23T22:48:19","guid":{"rendered":"https:\/\/www.voustensports.com\/stone-island-daunenjacke-mit-kapuze-dunkelgrau-41418\/"},"modified":"2026-03-17T10:48:05","modified_gmt":"2026-03-17T09:48:05","slug":"stone-island-daunenjacke-mit-kapuze-dunkelgrau-41418","status":"publish","type":"product","link":"https:\/\/www.voustensports.com\/de\/stone-island-daunenjacke-mit-kapuze-dunkelgrau-41418\/","title":{"rendered":"STONE ISLAND &#8211; DAUNENJACKE MIT KAPUZE DUNKELGRAU (41418)"},"content":{"rendered":"<div>PRODUKTDETAILS<\/div>\n<div>Daunenjacke mit Kapuze aus leichtem, elastischem Nylongewebe, einlagig. Durch eine spezielle Webtechnik entstehen die Federkammern direkt am Webstuhl. Die nahtlosen Federtunnel erh\u00f6hen den Halt der Daunen deutlich. Das fertige Kleidungsst\u00fcck ist mit feinsten, speziell behandelten Federn direkt injiziert, um St\u00fcckf\u00e4rbung zu widerstehen. St\u00fcckgef\u00e4rbt mit einem speziellen Abperlmittel. Zertifiziert nach dem Responsible Down Standard (RDS).<\/div>\n<div><\/div>\n<div>STYLE<\/div>\n<ul>\n<li>Gepolsterte Kapuze mit horizontalem und konturiertem Kordelzug.<\/li>\n<li>Stehende Eingrifftaschen mit kontrastfarbenem Fischgr\u00e4tband, fester Patte und Druckknopf.<\/li>\n<li>Stone Island-Logo am linken \u00c4rmel.<\/li>\n<li>Elastische B\u00fcndchen und Saum.<\/li>\n<li>Zwei-Wege-Rei\u00dfverschluss.<\/li>\n<\/ul>\n<div>ZUSAMMENSETZUNG<\/div>\n<ul>\n<li>Au\u00dfen: 84 % Polyamid\/Nylon, 16 % Elastan\/Elastan.<\/li>\n<li>Innen: 84 % Polyamid\/Nylon, 16 % Elastan\/Elastan.<\/li>\n<li>Kapuzenfutter: 100 % Polyester.<\/li>\n<li>F\u00fcllung: Entendaunen (mindestens 90 % Daunen), 90 % Entendaunen, 10 % Entenfedern.<\/li>\n<li>Enth\u00e4lt nichttextile Teile tierischen Ursprungs.<\/li>\n<li>ID-Nr.: 41418<\/li>\n<li>Stone Island-Nr.: 4100040 0062<\/li>\n<\/ul>\n","protected":false},"excerpt":{"rendered":"<p>PRODUKTDETAILS Daunenjacke mit Kapuze aus leichtem, elastischem Nylongewebe, einlagig. Durch eine spezielle Webtechnik entstehen die Federkammern direkt am Webstuhl. Die nahtlosen Federtunnel erh\u00f6hen den Halt der Daunen deutlich. Das fertige Kleidungsst\u00fcck ist mit feinsten, speziell behandelten Federn direkt injiziert, um St\u00fcckf\u00e4rbung zu widerstehen. St\u00fcckgef\u00e4rbt mit einem speziellen Abperlmittel. Zertifiziert nach dem Responsible Down Standard (RDS). [&#8230;]\n","protected":false},"featured_media":207734,"comment_status":"open","ping_status":"closed","template":"","meta":{"rank_math_lock_modified_date":false},"product_cat":[447,451,463,483,543,702,706],"product_tag":[],"class_list":{"0":"post-207746","1":"product","2":"type-product","3":"status-publish","4":"has-post-thumbnail","6":"product_cat-kleding-de","7":"product_cat-heren-de","8":"product_cat-vousten-sports-de-2","9":"product_cat-stone-island-de-2","10":"product_cat-jassen-de","11":"product_cat-jackets-de","12":"product_cat-jassen-jacks-de","14":"first","15":"instock","16":"taxable","17":"shipping-taxable","18":"purchasable","19":"product-type-variable"},"acf":[],"yoast_head":"<!-- This site is optimized with the Yoast SEO plugin v23.9 - https:\/\/yoast.com\/wordpress\/plugins\/seo\/ -->\n<title>STONE ISLAND - DAUNENJACKE MIT KAPUZE DUNKELGRAU (41418) - Vousten Sports<\/title>\n<meta name=\"robots\" content=\"index, follow, max-snippet:-1, max-image-preview:large, max-video-preview:-1\" \/>\n<link rel=\"canonical\" href=\"https:\/\/www.voustensports.com\/de\/stone-island-daunenjacke-mit-kapuze-dunkelgrau-41418\/\" \/>\n<meta property=\"og:locale\" content=\"de_DE\" \/>\n<meta property=\"og:type\" content=\"article\" \/>\n<meta property=\"og:title\" content=\"STONE ISLAND - DAUNENJACKE MIT KAPUZE DUNKELGRAU (41418) - Vousten Sports\" \/>\n<meta property=\"og:description\" content=\"PRODUKTDETAILS Daunenjacke mit Kapuze aus leichtem, elastischem Nylongewebe, einlagig. Durch eine spezielle Webtechnik entstehen die Federkammern direkt am Webstuhl. Die nahtlosen Federtunnel erh\u00f6hen den Halt der Daunen deutlich. Das fertige Kleidungsst\u00fcck ist mit feinsten, speziell behandelten Federn direkt injiziert, um St\u00fcckf\u00e4rbung zu widerstehen. St\u00fcckgef\u00e4rbt mit einem speziellen Abperlmittel. Zertifiziert nach dem Responsible Down Standard (RDS). [...]\" \/>\n<meta property=\"og:url\" content=\"https:\/\/www.voustensports.com\/de\/stone-island-daunenjacke-mit-kapuze-dunkelgrau-41418\/\" \/>\n<meta property=\"og:site_name\" content=\"Vousten Sports\" \/>\n<meta property=\"article:modified_time\" content=\"2026-03-17T09:48:05+00:00\" \/>\n<meta property=\"og:image\" content=\"https:\/\/www.voustensports.com\/wp-content\/uploads\/2023\/06\/HOODED-DOWN-JACKET-DONKERGRIJS-414181.jpg\" \/>\n\t<meta property=\"og:image:width\" content=\"1365\" \/>\n\t<meta property=\"og:image:height\" content=\"2048\" \/>\n\t<meta property=\"og:image:type\" content=\"image\/jpeg\" \/>\n<meta name=\"twitter:card\" content=\"summary_large_image\" \/>\n<meta name=\"twitter:label1\" content=\"Est. reading time\" \/>\n\t<meta name=\"twitter:data1\" content=\"1 Minute\" \/>\n<script type=\"application\/ld+json\" class=\"yoast-schema-graph\">{\"@context\":\"https:\/\/schema.org\",\"@graph\":[{\"@type\":\"WebPage\",\"@id\":\"https:\/\/www.voustensports.com\/de\/stone-island-daunenjacke-mit-kapuze-dunkelgrau-41418\/\",\"url\":\"https:\/\/www.voustensports.com\/de\/stone-island-daunenjacke-mit-kapuze-dunkelgrau-41418\/\",\"name\":\"STONE ISLAND - DAUNENJACKE MIT KAPUZE DUNKELGRAU (41418) - Vousten Sports\",\"isPartOf\":{\"@id\":\"https:\/\/www.voustensports.com\/nl\/#website\"},\"primaryImageOfPage\":{\"@id\":\"https:\/\/www.voustensports.com\/de\/stone-island-daunenjacke-mit-kapuze-dunkelgrau-41418\/#primaryimage\"},\"image\":{\"@id\":\"https:\/\/www.voustensports.com\/de\/stone-island-daunenjacke-mit-kapuze-dunkelgrau-41418\/#primaryimage\"},\"thumbnailUrl\":\"https:\/\/www.voustensports.com\/wp-content\/uploads\/2023\/06\/HOODED-DOWN-JACKET-DONKERGRIJS-414181.jpg\",\"datePublished\":\"2025-08-23T22:48:19+00:00\",\"dateModified\":\"2026-03-17T09:48:05+00:00\",\"breadcrumb\":{\"@id\":\"https:\/\/www.voustensports.com\/de\/stone-island-daunenjacke-mit-kapuze-dunkelgrau-41418\/#breadcrumb\"},\"inLanguage\":\"de-DE\",\"potentialAction\":[{\"@type\":\"ReadAction\",\"target\":[\"https:\/\/www.voustensports.com\/de\/stone-island-daunenjacke-mit-kapuze-dunkelgrau-41418\/\"]}]},{\"@type\":\"ImageObject\",\"inLanguage\":\"de-DE\",\"@id\":\"https:\/\/www.voustensports.com\/de\/stone-island-daunenjacke-mit-kapuze-dunkelgrau-41418\/#primaryimage\",\"url\":\"https:\/\/www.voustensports.com\/wp-content\/uploads\/2023\/06\/HOODED-DOWN-JACKET-DONKERGRIJS-414181.jpg\",\"contentUrl\":\"https:\/\/www.voustensports.com\/wp-content\/uploads\/2023\/06\/HOODED-DOWN-JACKET-DONKERGRIJS-414181.jpg\",\"width\":1365,\"height\":2048},{\"@type\":\"BreadcrumbList\",\"@id\":\"https:\/\/www.voustensports.com\/de\/stone-island-daunenjacke-mit-kapuze-dunkelgrau-41418\/#breadcrumb\",\"itemListElement\":[{\"@type\":\"ListItem\",\"position\":1,\"name\":\"Home\",\"item\":\"https:\/\/www.voustensports.com\/de\/\"},{\"@type\":\"ListItem\",\"position\":2,\"name\":\"Shop\",\"item\":\"https:\/\/www.voustensports.com\/de\/shop\/\"},{\"@type\":\"ListItem\",\"position\":3,\"name\":\"STONE ISLAND &#8211; DAUNENJACKE MIT KAPUZE DUNKELGRAU (41418)\"}]},{\"@type\":\"WebSite\",\"@id\":\"https:\/\/www.voustensports.com\/nl\/#website\",\"url\":\"https:\/\/www.voustensports.com\/nl\/\",\"name\":\"Vousten Sports\",\"description\":\"\",\"potentialAction\":[{\"@type\":\"SearchAction\",\"target\":{\"@type\":\"EntryPoint\",\"urlTemplate\":\"https:\/\/www.voustensports.com\/nl\/?s={search_term_string}\"},\"query-input\":{\"@type\":\"PropertyValueSpecification\",\"valueRequired\":true,\"valueName\":\"search_term_string\"}}],\"inLanguage\":\"de-DE\"}]}<\/script>\n<!-- \/ Yoast SEO plugin. -->","yoast_head_json":{"title":"STONE ISLAND - DAUNENJACKE MIT KAPUZE DUNKELGRAU (41418) - Vousten Sports","robots":{"index":"index","follow":"follow","max-snippet":"max-snippet:-1","max-image-preview":"max-image-preview:large","max-video-preview":"max-video-preview:-1"},"canonical":"https:\/\/www.voustensports.com\/de\/stone-island-daunenjacke-mit-kapuze-dunkelgrau-41418\/","og_locale":"de_DE","og_type":"article","og_title":"STONE ISLAND - DAUNENJACKE MIT KAPUZE DUNKELGRAU (41418) - Vousten Sports","og_description":"PRODUKTDETAILS Daunenjacke mit Kapuze aus leichtem, elastischem Nylongewebe, einlagig. Durch eine spezielle Webtechnik entstehen die Federkammern direkt am Webstuhl. Die nahtlosen Federtunnel erh\u00f6hen den Halt der Daunen deutlich. Das fertige Kleidungsst\u00fcck ist mit feinsten, speziell behandelten Federn direkt injiziert, um St\u00fcckf\u00e4rbung zu widerstehen. St\u00fcckgef\u00e4rbt mit einem speziellen Abperlmittel. Zertifiziert nach dem Responsible Down Standard (RDS). [...]","og_url":"https:\/\/www.voustensports.com\/de\/stone-island-daunenjacke-mit-kapuze-dunkelgrau-41418\/","og_site_name":"Vousten Sports","article_modified_time":"2026-03-17T09:48:05+00:00","og_image":[{"width":1365,"height":2048,"url":"https:\/\/www.voustensports.com\/wp-content\/uploads\/2023\/06\/HOODED-DOWN-JACKET-DONKERGRIJS-414181.jpg","type":"image\/jpeg"}],"twitter_card":"summary_large_image","twitter_misc":{"Est. reading time":"1 Minute"},"schema":{"@context":"https:\/\/schema.org","@graph":[{"@type":"WebPage","@id":"https:\/\/www.voustensports.com\/de\/stone-island-daunenjacke-mit-kapuze-dunkelgrau-41418\/","url":"https:\/\/www.voustensports.com\/de\/stone-island-daunenjacke-mit-kapuze-dunkelgrau-41418\/","name":"STONE ISLAND - DAUNENJACKE MIT KAPUZE DUNKELGRAU (41418) - Vousten Sports","isPartOf":{"@id":"https:\/\/www.voustensports.com\/nl\/#website"},"primaryImageOfPage":{"@id":"https:\/\/www.voustensports.com\/de\/stone-island-daunenjacke-mit-kapuze-dunkelgrau-41418\/#primaryimage"},"image":{"@id":"https:\/\/www.voustensports.com\/de\/stone-island-daunenjacke-mit-kapuze-dunkelgrau-41418\/#primaryimage"},"thumbnailUrl":"https:\/\/www.voustensports.com\/wp-content\/uploads\/2023\/06\/HOODED-DOWN-JACKET-DONKERGRIJS-414181.jpg","datePublished":"2025-08-23T22:48:19+00:00","dateModified":"2026-03-17T09:48:05+00:00","breadcrumb":{"@id":"https:\/\/www.voustensports.com\/de\/stone-island-daunenjacke-mit-kapuze-dunkelgrau-41418\/#breadcrumb"},"inLanguage":"de-DE","potentialAction":[{"@type":"ReadAction","target":["https:\/\/www.voustensports.com\/de\/stone-island-daunenjacke-mit-kapuze-dunkelgrau-41418\/"]}]},{"@type":"ImageObject","inLanguage":"de-DE","@id":"https:\/\/www.voustensports.com\/de\/stone-island-daunenjacke-mit-kapuze-dunkelgrau-41418\/#primaryimage","url":"https:\/\/www.voustensports.com\/wp-content\/uploads\/2023\/06\/HOODED-DOWN-JACKET-DONKERGRIJS-414181.jpg","contentUrl":"https:\/\/www.voustensports.com\/wp-content\/uploads\/2023\/06\/HOODED-DOWN-JACKET-DONKERGRIJS-414181.jpg","width":1365,"height":2048},{"@type":"BreadcrumbList","@id":"https:\/\/www.voustensports.com\/de\/stone-island-daunenjacke-mit-kapuze-dunkelgrau-41418\/#breadcrumb","itemListElement":[{"@type":"ListItem","position":1,"name":"Home","item":"https:\/\/www.voustensports.com\/de\/"},{"@type":"ListItem","position":2,"name":"Shop","item":"https:\/\/www.voustensports.com\/de\/shop\/"},{"@type":"ListItem","position":3,"name":"STONE ISLAND &#8211; DAUNENJACKE MIT KAPUZE DUNKELGRAU (41418)"}]},{"@type":"WebSite","@id":"https:\/\/www.voustensports.com\/nl\/#website","url":"https:\/\/www.voustensports.com\/nl\/","name":"Vousten Sports","description":"","potentialAction":[{"@type":"SearchAction","target":{"@type":"EntryPoint","urlTemplate":"https:\/\/www.voustensports.com\/nl\/?s={search_term_string}"},"query-input":{"@type":"PropertyValueSpecification","valueRequired":true,"valueName":"search_term_string"}}],"inLanguage":"de-DE"}]}},"_links":{"self":[{"href":"https:\/\/www.voustensports.com\/de\/wp-json\/wp\/v2\/product\/207746","targetHints":{"allow":["GET"]}}],"collection":[{"href":"https:\/\/www.voustensports.com\/de\/wp-json\/wp\/v2\/product"}],"about":[{"href":"https:\/\/www.voustensports.com\/de\/wp-json\/wp\/v2\/types\/product"}],"replies":[{"embeddable":true,"href":"https:\/\/www.voustensports.com\/de\/wp-json\/wp\/v2\/comments?post=207746"}],"wp:featuredmedia":[{"embeddable":true,"href":"https:\/\/www.voustensports.com\/de\/wp-json\/wp\/v2\/media\/207734"}],"wp:attachment":[{"href":"https:\/\/www.voustensports.com\/de\/wp-json\/wp\/v2\/media?parent=207746"}],"wp:term":[{"taxonomy":"product_cat","embeddable":true,"href":"https:\/\/www.voustensports.com\/de\/wp-json\/wp\/v2\/product_cat?post=207746"},{"taxonomy":"product_tag","embeddable":true,"href":"https:\/\/www.voustensports.com\/de\/wp-json\/wp\/v2\/product_tag?post=207746"}],"curies":[{"name":"wp","href":"https:\/\/api.w.org\/{rel}","templated":true}]}}