{"id":207656,"date":"2025-08-23T01:27:25","date_gmt":"2025-08-22T23:27:25","guid":{"rendered":"https:\/\/www.voustensports.com\/stone-island-daunenjacke-mit-kapuze-schwarz-41420\/"},"modified":"2026-04-07T03:18:04","modified_gmt":"2026-04-07T01:18:04","slug":"stone-island-daunenjacke-mit-kapuze-schwarz-41420","status":"publish","type":"product","link":"https:\/\/www.voustensports.com\/de\/stone-island-daunenjacke-mit-kapuze-schwarz-41420\/","title":{"rendered":"STONE ISLAND &#8211; DAUNENJACKE MIT KAPUZE SCHWARZ (41420)"},"content":{"rendered":"<div>PRODUKTDETAILS<\/div>\n<div>Daunenjacke mit Kapuze aus leichtem, recyceltem Nylon-Rips mit ultradichter Webkonstruktion. Die Harzbeschichtung auf der Innenseite macht sie windabweisend und leicht wasserabweisend. Durch die Harzbehandlung dringt die Farbe ungleichm\u00e4\u00dfig in das Material ein und verleiht der Oberfl\u00e4che eine zerknitterte Optik. Die Wattierung erfolgt mit feinsten, speziell behandelten Federn, die dem Garment-F\u00e4rbeverfahren standhalten. Zertifiziert nach dem Responsible Down Standard (RDS).<\/div>\n<div><\/div>\n<div>STYLE<\/div>\n<ul>\n<li>Gepolsterte Kapuze mit Kordelzug.<\/li>\n<li>Zwei Eingrifftaschen: eine mit oberem Eingriff, dreieckiger Klappe und Druckknopf; eine zweite Stehtasche mit verdecktem Druckknopf.<\/li>\n<li>Innentasche mit Knopf und gesticktem Kompass-Logo.<\/li>\n<li>Stone Island-Emblem am linken \u00c4rmel.<\/li>\n<li>Elastische Innenb\u00fcndchen.<\/li>\n<li>Kordelzug am Saum.<\/li>\n<li>Verdeckter Zwei-Wege-Rei\u00dfverschluss mit einem Druckknopf an der Innenleiste.<\/li>\n<\/ul>\n<div>ZUSAMMENSETZUNG<\/div>\n<ul>\n<li>Kleidungsst\u00fcck: 100 % Polyamid\/Nylon.<\/li>\n<li>Beschichtung: 100 % Polyurethanharz.<\/li>\n<li>Futter: 100 % Polyamid\/Nylon.<\/li>\n<li>Kapuzenfutter: 100 % Polyamid\/Nylon.<\/li>\n<li>Futterdetails: 100 % Polyester.<\/li>\n<li>Futter: Entendaunen (mindestens 80 % Daunen), 80 % Entendaunen, 20 % Entenfedern.<\/li>\n<li>Enth\u00e4lt nichttextile Teile tierischen Ursprungs.<\/li>\n<li>ID-Nr.: 4100011 0029<\/li>\n<li>Stone Island-Nr.: 41420<\/li>\n<\/ul>\n","protected":false},"excerpt":{"rendered":"<p>PRODUKTDETAILS Daunenjacke mit Kapuze aus leichtem, recyceltem Nylon-Rips mit ultradichter Webkonstruktion. Die Harzbeschichtung auf der Innenseite macht sie windabweisend und leicht wasserabweisend. Durch die Harzbehandlung dringt die Farbe ungleichm\u00e4\u00dfig in das Material ein und verleiht der Oberfl\u00e4che eine zerknitterte Optik. Die Wattierung erfolgt mit feinsten, speziell behandelten Federn, die dem Garment-F\u00e4rbeverfahren standhalten. Zertifiziert nach dem [&#8230;]\n","protected":false},"featured_media":207644,"comment_status":"open","ping_status":"closed","template":"","meta":{"rank_math_lock_modified_date":false},"product_cat":[447,451,463,483,543,702,706],"product_tag":[],"class_list":{"0":"post-207656","1":"product","2":"type-product","3":"status-publish","4":"has-post-thumbnail","6":"product_cat-kleding-de","7":"product_cat-heren-de","8":"product_cat-vousten-sports-de-2","9":"product_cat-stone-island-de-2","10":"product_cat-jassen-de","11":"product_cat-jackets-de","12":"product_cat-jassen-jacks-de","14":"first","15":"outofstock","16":"taxable","17":"shipping-taxable","18":"purchasable","19":"product-type-variable"},"acf":[],"yoast_head":"<!-- This site is optimized with the Yoast SEO plugin v23.9 - https:\/\/yoast.com\/wordpress\/plugins\/seo\/ -->\n<title>STONE ISLAND - DAUNENJACKE MIT KAPUZE SCHWARZ (41420) - Vousten Sports<\/title>\n<meta name=\"robots\" content=\"index, follow, max-snippet:-1, max-image-preview:large, max-video-preview:-1\" \/>\n<link rel=\"canonical\" href=\"https:\/\/www.voustensports.com\/de\/stone-island-daunenjacke-mit-kapuze-schwarz-41420\/\" \/>\n<meta property=\"og:locale\" content=\"de_DE\" \/>\n<meta property=\"og:type\" content=\"article\" \/>\n<meta property=\"og:title\" content=\"STONE ISLAND - DAUNENJACKE MIT KAPUZE SCHWARZ (41420) - Vousten Sports\" \/>\n<meta property=\"og:description\" content=\"PRODUKTDETAILS Daunenjacke mit Kapuze aus leichtem, recyceltem Nylon-Rips mit ultradichter Webkonstruktion. Die Harzbeschichtung auf der Innenseite macht sie windabweisend und leicht wasserabweisend. Durch die Harzbehandlung dringt die Farbe ungleichm\u00e4\u00dfig in das Material ein und verleiht der Oberfl\u00e4che eine zerknitterte Optik. Die Wattierung erfolgt mit feinsten, speziell behandelten Federn, die dem Garment-F\u00e4rbeverfahren standhalten. Zertifiziert nach dem [...]\" \/>\n<meta property=\"og:url\" content=\"https:\/\/www.voustensports.com\/de\/stone-island-daunenjacke-mit-kapuze-schwarz-41420\/\" \/>\n<meta property=\"og:site_name\" content=\"Vousten Sports\" \/>\n<meta property=\"article:modified_time\" content=\"2026-04-07T01:18:04+00:00\" \/>\n<meta property=\"og:image\" content=\"https:\/\/www.voustensports.com\/wp-content\/uploads\/2023\/06\/HOODED-DOWN-JACKET-ZWART-414201.jpg\" \/>\n\t<meta property=\"og:image:width\" content=\"1365\" \/>\n\t<meta property=\"og:image:height\" content=\"2048\" \/>\n\t<meta property=\"og:image:type\" content=\"image\/jpeg\" \/>\n<meta name=\"twitter:card\" content=\"summary_large_image\" \/>\n<meta name=\"twitter:label1\" content=\"Est. reading time\" \/>\n\t<meta name=\"twitter:data1\" content=\"1 Minute\" \/>\n<script type=\"application\/ld+json\" class=\"yoast-schema-graph\">{\"@context\":\"https:\/\/schema.org\",\"@graph\":[{\"@type\":\"WebPage\",\"@id\":\"https:\/\/www.voustensports.com\/de\/stone-island-daunenjacke-mit-kapuze-schwarz-41420\/\",\"url\":\"https:\/\/www.voustensports.com\/de\/stone-island-daunenjacke-mit-kapuze-schwarz-41420\/\",\"name\":\"STONE ISLAND - DAUNENJACKE MIT KAPUZE SCHWARZ (41420) - Vousten Sports\",\"isPartOf\":{\"@id\":\"https:\/\/www.voustensports.com\/nl\/#website\"},\"primaryImageOfPage\":{\"@id\":\"https:\/\/www.voustensports.com\/de\/stone-island-daunenjacke-mit-kapuze-schwarz-41420\/#primaryimage\"},\"image\":{\"@id\":\"https:\/\/www.voustensports.com\/de\/stone-island-daunenjacke-mit-kapuze-schwarz-41420\/#primaryimage\"},\"thumbnailUrl\":\"https:\/\/www.voustensports.com\/wp-content\/uploads\/2023\/06\/HOODED-DOWN-JACKET-ZWART-414201.jpg\",\"datePublished\":\"2025-08-22T23:27:25+00:00\",\"dateModified\":\"2026-04-07T01:18:04+00:00\",\"breadcrumb\":{\"@id\":\"https:\/\/www.voustensports.com\/de\/stone-island-daunenjacke-mit-kapuze-schwarz-41420\/#breadcrumb\"},\"inLanguage\":\"de-DE\",\"potentialAction\":[{\"@type\":\"ReadAction\",\"target\":[\"https:\/\/www.voustensports.com\/de\/stone-island-daunenjacke-mit-kapuze-schwarz-41420\/\"]}]},{\"@type\":\"ImageObject\",\"inLanguage\":\"de-DE\",\"@id\":\"https:\/\/www.voustensports.com\/de\/stone-island-daunenjacke-mit-kapuze-schwarz-41420\/#primaryimage\",\"url\":\"https:\/\/www.voustensports.com\/wp-content\/uploads\/2023\/06\/HOODED-DOWN-JACKET-ZWART-414201.jpg\",\"contentUrl\":\"https:\/\/www.voustensports.com\/wp-content\/uploads\/2023\/06\/HOODED-DOWN-JACKET-ZWART-414201.jpg\",\"width\":1365,\"height\":2048},{\"@type\":\"BreadcrumbList\",\"@id\":\"https:\/\/www.voustensports.com\/de\/stone-island-daunenjacke-mit-kapuze-schwarz-41420\/#breadcrumb\",\"itemListElement\":[{\"@type\":\"ListItem\",\"position\":1,\"name\":\"Home\",\"item\":\"https:\/\/www.voustensports.com\/de\/\"},{\"@type\":\"ListItem\",\"position\":2,\"name\":\"Shop\",\"item\":\"https:\/\/www.voustensports.com\/de\/shop\/\"},{\"@type\":\"ListItem\",\"position\":3,\"name\":\"STONE ISLAND &#8211; DAUNENJACKE MIT KAPUZE SCHWARZ (41420)\"}]},{\"@type\":\"WebSite\",\"@id\":\"https:\/\/www.voustensports.com\/nl\/#website\",\"url\":\"https:\/\/www.voustensports.com\/nl\/\",\"name\":\"Vousten Sports\",\"description\":\"\",\"potentialAction\":[{\"@type\":\"SearchAction\",\"target\":{\"@type\":\"EntryPoint\",\"urlTemplate\":\"https:\/\/www.voustensports.com\/nl\/?s={search_term_string}\"},\"query-input\":{\"@type\":\"PropertyValueSpecification\",\"valueRequired\":true,\"valueName\":\"search_term_string\"}}],\"inLanguage\":\"de-DE\"}]}<\/script>\n<!-- \/ Yoast SEO plugin. -->","yoast_head_json":{"title":"STONE ISLAND - DAUNENJACKE MIT KAPUZE SCHWARZ (41420) - Vousten Sports","robots":{"index":"index","follow":"follow","max-snippet":"max-snippet:-1","max-image-preview":"max-image-preview:large","max-video-preview":"max-video-preview:-1"},"canonical":"https:\/\/www.voustensports.com\/de\/stone-island-daunenjacke-mit-kapuze-schwarz-41420\/","og_locale":"de_DE","og_type":"article","og_title":"STONE ISLAND - DAUNENJACKE MIT KAPUZE SCHWARZ (41420) - Vousten Sports","og_description":"PRODUKTDETAILS Daunenjacke mit Kapuze aus leichtem, recyceltem Nylon-Rips mit ultradichter Webkonstruktion. Die Harzbeschichtung auf der Innenseite macht sie windabweisend und leicht wasserabweisend. Durch die Harzbehandlung dringt die Farbe ungleichm\u00e4\u00dfig in das Material ein und verleiht der Oberfl\u00e4che eine zerknitterte Optik. Die Wattierung erfolgt mit feinsten, speziell behandelten Federn, die dem Garment-F\u00e4rbeverfahren standhalten. Zertifiziert nach dem [...]","og_url":"https:\/\/www.voustensports.com\/de\/stone-island-daunenjacke-mit-kapuze-schwarz-41420\/","og_site_name":"Vousten Sports","article_modified_time":"2026-04-07T01:18:04+00:00","og_image":[{"width":1365,"height":2048,"url":"https:\/\/www.voustensports.com\/wp-content\/uploads\/2023\/06\/HOODED-DOWN-JACKET-ZWART-414201.jpg","type":"image\/jpeg"}],"twitter_card":"summary_large_image","twitter_misc":{"Est. reading time":"1 Minute"},"schema":{"@context":"https:\/\/schema.org","@graph":[{"@type":"WebPage","@id":"https:\/\/www.voustensports.com\/de\/stone-island-daunenjacke-mit-kapuze-schwarz-41420\/","url":"https:\/\/www.voustensports.com\/de\/stone-island-daunenjacke-mit-kapuze-schwarz-41420\/","name":"STONE ISLAND - DAUNENJACKE MIT KAPUZE SCHWARZ (41420) - Vousten Sports","isPartOf":{"@id":"https:\/\/www.voustensports.com\/nl\/#website"},"primaryImageOfPage":{"@id":"https:\/\/www.voustensports.com\/de\/stone-island-daunenjacke-mit-kapuze-schwarz-41420\/#primaryimage"},"image":{"@id":"https:\/\/www.voustensports.com\/de\/stone-island-daunenjacke-mit-kapuze-schwarz-41420\/#primaryimage"},"thumbnailUrl":"https:\/\/www.voustensports.com\/wp-content\/uploads\/2023\/06\/HOODED-DOWN-JACKET-ZWART-414201.jpg","datePublished":"2025-08-22T23:27:25+00:00","dateModified":"2026-04-07T01:18:04+00:00","breadcrumb":{"@id":"https:\/\/www.voustensports.com\/de\/stone-island-daunenjacke-mit-kapuze-schwarz-41420\/#breadcrumb"},"inLanguage":"de-DE","potentialAction":[{"@type":"ReadAction","target":["https:\/\/www.voustensports.com\/de\/stone-island-daunenjacke-mit-kapuze-schwarz-41420\/"]}]},{"@type":"ImageObject","inLanguage":"de-DE","@id":"https:\/\/www.voustensports.com\/de\/stone-island-daunenjacke-mit-kapuze-schwarz-41420\/#primaryimage","url":"https:\/\/www.voustensports.com\/wp-content\/uploads\/2023\/06\/HOODED-DOWN-JACKET-ZWART-414201.jpg","contentUrl":"https:\/\/www.voustensports.com\/wp-content\/uploads\/2023\/06\/HOODED-DOWN-JACKET-ZWART-414201.jpg","width":1365,"height":2048},{"@type":"BreadcrumbList","@id":"https:\/\/www.voustensports.com\/de\/stone-island-daunenjacke-mit-kapuze-schwarz-41420\/#breadcrumb","itemListElement":[{"@type":"ListItem","position":1,"name":"Home","item":"https:\/\/www.voustensports.com\/de\/"},{"@type":"ListItem","position":2,"name":"Shop","item":"https:\/\/www.voustensports.com\/de\/shop\/"},{"@type":"ListItem","position":3,"name":"STONE ISLAND &#8211; DAUNENJACKE MIT KAPUZE SCHWARZ (41420)"}]},{"@type":"WebSite","@id":"https:\/\/www.voustensports.com\/nl\/#website","url":"https:\/\/www.voustensports.com\/nl\/","name":"Vousten Sports","description":"","potentialAction":[{"@type":"SearchAction","target":{"@type":"EntryPoint","urlTemplate":"https:\/\/www.voustensports.com\/nl\/?s={search_term_string}"},"query-input":{"@type":"PropertyValueSpecification","valueRequired":true,"valueName":"search_term_string"}}],"inLanguage":"de-DE"}]}},"_links":{"self":[{"href":"https:\/\/www.voustensports.com\/de\/wp-json\/wp\/v2\/product\/207656","targetHints":{"allow":["GET"]}}],"collection":[{"href":"https:\/\/www.voustensports.com\/de\/wp-json\/wp\/v2\/product"}],"about":[{"href":"https:\/\/www.voustensports.com\/de\/wp-json\/wp\/v2\/types\/product"}],"replies":[{"embeddable":true,"href":"https:\/\/www.voustensports.com\/de\/wp-json\/wp\/v2\/comments?post=207656"}],"wp:featuredmedia":[{"embeddable":true,"href":"https:\/\/www.voustensports.com\/de\/wp-json\/wp\/v2\/media\/207644"}],"wp:attachment":[{"href":"https:\/\/www.voustensports.com\/de\/wp-json\/wp\/v2\/media?parent=207656"}],"wp:term":[{"taxonomy":"product_cat","embeddable":true,"href":"https:\/\/www.voustensports.com\/de\/wp-json\/wp\/v2\/product_cat?post=207656"},{"taxonomy":"product_tag","embeddable":true,"href":"https:\/\/www.voustensports.com\/de\/wp-json\/wp\/v2\/product_tag?post=207656"}],"curies":[{"name":"wp","href":"https:\/\/api.w.org\/{rel}","templated":true}]}}