{"id":207624,"date":"2025-08-22T16:33:29","date_gmt":"2025-08-22T14:33:29","guid":{"rendered":"https:\/\/www.voustensports.com\/stone-island-pullover-mit-halbem-reissverschluss-schwarz-41523\/"},"modified":"2026-02-05T12:36:12","modified_gmt":"2026-02-05T11:36:12","slug":"stone-island-pullover-mit-halbem-reissverschluss-schwarz-41523","status":"publish","type":"product","link":"https:\/\/www.voustensports.com\/de\/stone-island-pullover-mit-halbem-reissverschluss-schwarz-41523\/","title":{"rendered":"STONE ISLAND &#8211; PULLOVER MIT HALBEM REISSVERSCHLUSS SCHWARZ (41523)"},"content":{"rendered":"<div>PRODUKTDETAILS<\/div>\n<div>Sweatshirt mit halbem Rei\u00dfverschluss aus geb\u00fcrstetem Bio-Baumwollfleece. St\u00fcckgef\u00e4rbt.<\/div>\n<div><\/div>\n<div>STYLE<\/div>\n<ul>\n<li>Gerippter Stehkragen mit Rei\u00dfverschluss.<\/li>\n<li>Gerippte Dreieckseins\u00e4tze an Schultern und Seitenb\u00fcndchen.<\/li>\n<li>Stone Island-Logo am linken \u00c4rmel.<\/li>\n<li>Elastische Rippb\u00fcndchen an \u00c4rmeln und Saum.<\/li>\n<li>Rei\u00dfverschluss unter Baumwollbesatz verdeckt.<\/li>\n<li>Normale Passform.<\/li>\n<\/ul>\n<div>ZUSAMMENSETZUNG<\/div>\n<ul>\n<li>Obermaterial: 100 % Baumwolle.<\/li>\n<li>Zweites Material: 98 % Baumwolle, 2 % Elastan\/Spandex.<\/li>\n<li>Stone Island-Nr.: 6100068 0029<\/li>\n<li>ID-Nr.: 41523<\/li>\n<\/ul>\n","protected":false},"excerpt":{"rendered":"<p>PRODUKTDETAILS Sweatshirt mit halbem Rei\u00dfverschluss aus geb\u00fcrstetem Bio-Baumwollfleece. St\u00fcckgef\u00e4rbt. STYLE Gerippter Stehkragen mit Rei\u00dfverschluss. Gerippte Dreieckseins\u00e4tze an Schultern und Seitenb\u00fcndchen. Stone Island-Logo am linken \u00c4rmel. Elastische Rippb\u00fcndchen an \u00c4rmeln und Saum. Rei\u00dfverschluss unter Baumwollbesatz verdeckt. Normale Passform. ZUSAMMENSETZUNG Obermaterial: 100 % Baumwolle. Zweites Material: 98 % Baumwolle, 2 % Elastan\/Spandex. Stone Island-Nr.: 6100068 0029 ID-Nr.: [&#8230;]\n","protected":false},"featured_media":207612,"comment_status":"open","ping_status":"closed","template":"","meta":{"rank_math_lock_modified_date":false},"product_cat":[447,451,463,483,535,695,698],"product_tag":[],"class_list":{"0":"post-207624","1":"product","2":"type-product","3":"status-publish","4":"has-post-thumbnail","6":"product_cat-kleding-de","7":"product_cat-heren-de","8":"product_cat-vousten-sports-de-2","9":"product_cat-stone-island-de-2","10":"product_cat-truien-de-2","11":"product_cat-truien-vesten-de-2","12":"product_cat-sweaters-de-2","14":"first","15":"instock","16":"taxable","17":"shipping-taxable","18":"purchasable","19":"product-type-variable"},"acf":[],"yoast_head":"<!-- This site is optimized with the Yoast SEO plugin v23.9 - https:\/\/yoast.com\/wordpress\/plugins\/seo\/ -->\n<title>STONE ISLAND - PULLOVER MIT HALBEM REISSVERSCHLUSS SCHWARZ (41523) - Vousten Sports<\/title>\n<meta name=\"robots\" content=\"index, follow, max-snippet:-1, max-image-preview:large, max-video-preview:-1\" \/>\n<link rel=\"canonical\" href=\"https:\/\/www.voustensports.com\/de\/stone-island-pullover-mit-halbem-reissverschluss-schwarz-41523\/\" \/>\n<meta property=\"og:locale\" content=\"de_DE\" \/>\n<meta property=\"og:type\" content=\"article\" \/>\n<meta property=\"og:title\" content=\"STONE ISLAND - PULLOVER MIT HALBEM REISSVERSCHLUSS SCHWARZ (41523) - Vousten Sports\" \/>\n<meta property=\"og:description\" content=\"PRODUKTDETAILS Sweatshirt mit halbem Rei\u00dfverschluss aus geb\u00fcrstetem Bio-Baumwollfleece. St\u00fcckgef\u00e4rbt. STYLE Gerippter Stehkragen mit Rei\u00dfverschluss. Gerippte Dreieckseins\u00e4tze an Schultern und Seitenb\u00fcndchen. Stone Island-Logo am linken \u00c4rmel. Elastische Rippb\u00fcndchen an \u00c4rmeln und Saum. Rei\u00dfverschluss unter Baumwollbesatz verdeckt. Normale Passform. ZUSAMMENSETZUNG Obermaterial: 100 % Baumwolle. Zweites Material: 98 % Baumwolle, 2 % Elastan\/Spandex. Stone Island-Nr.: 6100068 0029 ID-Nr.: [...]\" \/>\n<meta property=\"og:url\" content=\"https:\/\/www.voustensports.com\/de\/stone-island-pullover-mit-halbem-reissverschluss-schwarz-41523\/\" \/>\n<meta property=\"og:site_name\" content=\"Vousten Sports\" \/>\n<meta property=\"article:modified_time\" content=\"2026-02-05T11:36:12+00:00\" \/>\n<meta property=\"og:image\" content=\"https:\/\/www.voustensports.com\/wp-content\/uploads\/2023\/06\/HALF-ZIP-SWEATER-ZWART-41523-1.jpg\" \/>\n\t<meta property=\"og:image:width\" content=\"1365\" \/>\n\t<meta property=\"og:image:height\" content=\"2048\" \/>\n\t<meta property=\"og:image:type\" content=\"image\/jpeg\" \/>\n<meta name=\"twitter:card\" content=\"summary_large_image\" \/>\n<script type=\"application\/ld+json\" class=\"yoast-schema-graph\">{\"@context\":\"https:\/\/schema.org\",\"@graph\":[{\"@type\":\"WebPage\",\"@id\":\"https:\/\/www.voustensports.com\/de\/stone-island-pullover-mit-halbem-reissverschluss-schwarz-41523\/\",\"url\":\"https:\/\/www.voustensports.com\/de\/stone-island-pullover-mit-halbem-reissverschluss-schwarz-41523\/\",\"name\":\"STONE ISLAND - PULLOVER MIT HALBEM REISSVERSCHLUSS SCHWARZ (41523) - Vousten Sports\",\"isPartOf\":{\"@id\":\"https:\/\/www.voustensports.com\/nl\/#website\"},\"primaryImageOfPage\":{\"@id\":\"https:\/\/www.voustensports.com\/de\/stone-island-pullover-mit-halbem-reissverschluss-schwarz-41523\/#primaryimage\"},\"image\":{\"@id\":\"https:\/\/www.voustensports.com\/de\/stone-island-pullover-mit-halbem-reissverschluss-schwarz-41523\/#primaryimage\"},\"thumbnailUrl\":\"https:\/\/www.voustensports.com\/wp-content\/uploads\/2023\/06\/HALF-ZIP-SWEATER-ZWART-41523-1.jpg\",\"datePublished\":\"2025-08-22T14:33:29+00:00\",\"dateModified\":\"2026-02-05T11:36:12+00:00\",\"breadcrumb\":{\"@id\":\"https:\/\/www.voustensports.com\/de\/stone-island-pullover-mit-halbem-reissverschluss-schwarz-41523\/#breadcrumb\"},\"inLanguage\":\"de-DE\",\"potentialAction\":[{\"@type\":\"ReadAction\",\"target\":[\"https:\/\/www.voustensports.com\/de\/stone-island-pullover-mit-halbem-reissverschluss-schwarz-41523\/\"]}]},{\"@type\":\"ImageObject\",\"inLanguage\":\"de-DE\",\"@id\":\"https:\/\/www.voustensports.com\/de\/stone-island-pullover-mit-halbem-reissverschluss-schwarz-41523\/#primaryimage\",\"url\":\"https:\/\/www.voustensports.com\/wp-content\/uploads\/2023\/06\/HALF-ZIP-SWEATER-ZWART-41523-1.jpg\",\"contentUrl\":\"https:\/\/www.voustensports.com\/wp-content\/uploads\/2023\/06\/HALF-ZIP-SWEATER-ZWART-41523-1.jpg\",\"width\":1365,\"height\":2048},{\"@type\":\"BreadcrumbList\",\"@id\":\"https:\/\/www.voustensports.com\/de\/stone-island-pullover-mit-halbem-reissverschluss-schwarz-41523\/#breadcrumb\",\"itemListElement\":[{\"@type\":\"ListItem\",\"position\":1,\"name\":\"Home\",\"item\":\"https:\/\/www.voustensports.com\/de\/\"},{\"@type\":\"ListItem\",\"position\":2,\"name\":\"Shop\",\"item\":\"https:\/\/www.voustensports.com\/de\/shop\/\"},{\"@type\":\"ListItem\",\"position\":3,\"name\":\"STONE ISLAND &#8211; PULLOVER MIT HALBEM REISSVERSCHLUSS SCHWARZ (41523)\"}]},{\"@type\":\"WebSite\",\"@id\":\"https:\/\/www.voustensports.com\/nl\/#website\",\"url\":\"https:\/\/www.voustensports.com\/nl\/\",\"name\":\"Vousten Sports\",\"description\":\"\",\"potentialAction\":[{\"@type\":\"SearchAction\",\"target\":{\"@type\":\"EntryPoint\",\"urlTemplate\":\"https:\/\/www.voustensports.com\/nl\/?s={search_term_string}\"},\"query-input\":{\"@type\":\"PropertyValueSpecification\",\"valueRequired\":true,\"valueName\":\"search_term_string\"}}],\"inLanguage\":\"de-DE\"}]}<\/script>\n<!-- \/ Yoast SEO plugin. -->","yoast_head_json":{"title":"STONE ISLAND - PULLOVER MIT HALBEM REISSVERSCHLUSS SCHWARZ (41523) - Vousten Sports","robots":{"index":"index","follow":"follow","max-snippet":"max-snippet:-1","max-image-preview":"max-image-preview:large","max-video-preview":"max-video-preview:-1"},"canonical":"https:\/\/www.voustensports.com\/de\/stone-island-pullover-mit-halbem-reissverschluss-schwarz-41523\/","og_locale":"de_DE","og_type":"article","og_title":"STONE ISLAND - PULLOVER MIT HALBEM REISSVERSCHLUSS SCHWARZ (41523) - Vousten Sports","og_description":"PRODUKTDETAILS Sweatshirt mit halbem Rei\u00dfverschluss aus geb\u00fcrstetem Bio-Baumwollfleece. St\u00fcckgef\u00e4rbt. STYLE Gerippter Stehkragen mit Rei\u00dfverschluss. Gerippte Dreieckseins\u00e4tze an Schultern und Seitenb\u00fcndchen. Stone Island-Logo am linken \u00c4rmel. Elastische Rippb\u00fcndchen an \u00c4rmeln und Saum. Rei\u00dfverschluss unter Baumwollbesatz verdeckt. Normale Passform. ZUSAMMENSETZUNG Obermaterial: 100 % Baumwolle. Zweites Material: 98 % Baumwolle, 2 % Elastan\/Spandex. Stone Island-Nr.: 6100068 0029 ID-Nr.: [...]","og_url":"https:\/\/www.voustensports.com\/de\/stone-island-pullover-mit-halbem-reissverschluss-schwarz-41523\/","og_site_name":"Vousten Sports","article_modified_time":"2026-02-05T11:36:12+00:00","og_image":[{"width":1365,"height":2048,"url":"https:\/\/www.voustensports.com\/wp-content\/uploads\/2023\/06\/HALF-ZIP-SWEATER-ZWART-41523-1.jpg","type":"image\/jpeg"}],"twitter_card":"summary_large_image","schema":{"@context":"https:\/\/schema.org","@graph":[{"@type":"WebPage","@id":"https:\/\/www.voustensports.com\/de\/stone-island-pullover-mit-halbem-reissverschluss-schwarz-41523\/","url":"https:\/\/www.voustensports.com\/de\/stone-island-pullover-mit-halbem-reissverschluss-schwarz-41523\/","name":"STONE ISLAND - PULLOVER MIT HALBEM REISSVERSCHLUSS SCHWARZ (41523) - Vousten Sports","isPartOf":{"@id":"https:\/\/www.voustensports.com\/nl\/#website"},"primaryImageOfPage":{"@id":"https:\/\/www.voustensports.com\/de\/stone-island-pullover-mit-halbem-reissverschluss-schwarz-41523\/#primaryimage"},"image":{"@id":"https:\/\/www.voustensports.com\/de\/stone-island-pullover-mit-halbem-reissverschluss-schwarz-41523\/#primaryimage"},"thumbnailUrl":"https:\/\/www.voustensports.com\/wp-content\/uploads\/2023\/06\/HALF-ZIP-SWEATER-ZWART-41523-1.jpg","datePublished":"2025-08-22T14:33:29+00:00","dateModified":"2026-02-05T11:36:12+00:00","breadcrumb":{"@id":"https:\/\/www.voustensports.com\/de\/stone-island-pullover-mit-halbem-reissverschluss-schwarz-41523\/#breadcrumb"},"inLanguage":"de-DE","potentialAction":[{"@type":"ReadAction","target":["https:\/\/www.voustensports.com\/de\/stone-island-pullover-mit-halbem-reissverschluss-schwarz-41523\/"]}]},{"@type":"ImageObject","inLanguage":"de-DE","@id":"https:\/\/www.voustensports.com\/de\/stone-island-pullover-mit-halbem-reissverschluss-schwarz-41523\/#primaryimage","url":"https:\/\/www.voustensports.com\/wp-content\/uploads\/2023\/06\/HALF-ZIP-SWEATER-ZWART-41523-1.jpg","contentUrl":"https:\/\/www.voustensports.com\/wp-content\/uploads\/2023\/06\/HALF-ZIP-SWEATER-ZWART-41523-1.jpg","width":1365,"height":2048},{"@type":"BreadcrumbList","@id":"https:\/\/www.voustensports.com\/de\/stone-island-pullover-mit-halbem-reissverschluss-schwarz-41523\/#breadcrumb","itemListElement":[{"@type":"ListItem","position":1,"name":"Home","item":"https:\/\/www.voustensports.com\/de\/"},{"@type":"ListItem","position":2,"name":"Shop","item":"https:\/\/www.voustensports.com\/de\/shop\/"},{"@type":"ListItem","position":3,"name":"STONE ISLAND &#8211; PULLOVER MIT HALBEM REISSVERSCHLUSS SCHWARZ (41523)"}]},{"@type":"WebSite","@id":"https:\/\/www.voustensports.com\/nl\/#website","url":"https:\/\/www.voustensports.com\/nl\/","name":"Vousten Sports","description":"","potentialAction":[{"@type":"SearchAction","target":{"@type":"EntryPoint","urlTemplate":"https:\/\/www.voustensports.com\/nl\/?s={search_term_string}"},"query-input":{"@type":"PropertyValueSpecification","valueRequired":true,"valueName":"search_term_string"}}],"inLanguage":"de-DE"}]}},"_links":{"self":[{"href":"https:\/\/www.voustensports.com\/de\/wp-json\/wp\/v2\/product\/207624","targetHints":{"allow":["GET"]}}],"collection":[{"href":"https:\/\/www.voustensports.com\/de\/wp-json\/wp\/v2\/product"}],"about":[{"href":"https:\/\/www.voustensports.com\/de\/wp-json\/wp\/v2\/types\/product"}],"replies":[{"embeddable":true,"href":"https:\/\/www.voustensports.com\/de\/wp-json\/wp\/v2\/comments?post=207624"}],"wp:featuredmedia":[{"embeddable":true,"href":"https:\/\/www.voustensports.com\/de\/wp-json\/wp\/v2\/media\/207612"}],"wp:attachment":[{"href":"https:\/\/www.voustensports.com\/de\/wp-json\/wp\/v2\/media?parent=207624"}],"wp:term":[{"taxonomy":"product_cat","embeddable":true,"href":"https:\/\/www.voustensports.com\/de\/wp-json\/wp\/v2\/product_cat?post=207624"},{"taxonomy":"product_tag","embeddable":true,"href":"https:\/\/www.voustensports.com\/de\/wp-json\/wp\/v2\/product_tag?post=207624"}],"curies":[{"name":"wp","href":"https:\/\/api.w.org\/{rel}","templated":true}]}}