{"id":207324,"date":"2025-08-20T02:03:47","date_gmt":"2025-08-20T00:03:47","guid":{"rendered":"https:\/\/www.voustensports.com\/valenza-poloshirt-grun-41651\/"},"modified":"2026-02-05T12:38:11","modified_gmt":"2026-02-05T11:38:11","slug":"valenza-poloshirt-grun-41651","status":"publish","type":"product","link":"https:\/\/www.voustensports.com\/de\/valenza-poloshirt-grun-41651\/","title":{"rendered":"VALENZA &#8211; Poloshirt gr\u00fcn (41651)"},"content":{"rendered":"<div>Produktinfo:<\/div>\n<ul>\n<li>Tailored Fit Poloshirt<\/li>\n<li>Kurzarm<\/li>\n<li>Poloshirt Schiller (einteilig)<\/li>\n<\/ul>\n<div>Materialinfo:<\/div>\n<ul>\n<li>Stoff: Interlock Supima Baumwolle<\/li>\n<li>Hergestellt in Italien<\/li>\n<li>Zusammensetzung: 100 % Baumwolle<\/li>\n<li>Gewicht: 190 g\/m\u00b2<\/li>\n<\/ul>\n<div>Kn\u00f6pfe:<\/div>\n<ul>\n<li>Perlmutt-Trocas<\/li>\n<li>Hergestellt in Italien<\/li>\n<li>Zusammensetzung: 100 % Perlmutt<\/li>\n<li>St\u00e4rke: 3 mm<\/li>\n<li>Linie: 18<\/li>\n<\/ul>\n<div>Etiketten &amp; Anh\u00e4nger:<\/div>\n<ul>\n<li>Etiketten aus recycelter Baumwolle<\/li>\n<li>Anh\u00e4nger aus recyceltem Papier<\/li>\n<li>Hergestellt in Italien<\/li>\n<\/ul>\n<div>Produktionsort:<\/div>\n<ul>\n<li>Hergestellt in den Marken, Italien.<\/li>\n<li>Zertifiziert als 100 % Made in Italy.<\/li>\n<li>Alle Produktionsschritte dieses Poloshirts wurden in den Marken, Italien, nach handwerklichen Verfahren durchgef\u00fchrt.<\/li>\n<\/ul>\n","protected":false},"excerpt":{"rendered":"<p>Produktinfo: Tailored Fit Poloshirt Kurzarm Poloshirt Schiller (einteilig) Materialinfo: Stoff: Interlock Supima Baumwolle Hergestellt in Italien Zusammensetzung: 100 % Baumwolle Gewicht: 190 g\/m\u00b2 Kn\u00f6pfe: Perlmutt-Trocas Hergestellt in Italien Zusammensetzung: 100 % Perlmutt St\u00e4rke: 3 mm Linie: 18 Etiketten &amp; Anh\u00e4nger: Etiketten aus recycelter Baumwolle Anh\u00e4nger aus recyceltem Papier Hergestellt in Italien Produktionsort: Hergestellt in den [&#8230;]\n","protected":false},"featured_media":207308,"comment_status":"open","ping_status":"closed","template":"","meta":{"rank_math_lock_modified_date":false},"product_cat":[447,451,463,479,487,779],"product_tag":[],"class_list":{"0":"post-207324","1":"product","2":"type-product","3":"status-publish","4":"has-post-thumbnail","6":"product_cat-kleding-de","7":"product_cat-heren-de","8":"product_cat-vousten-sports-de-2","9":"product_cat-polos-de-2","10":"product_cat-shirt-de-2","11":"product_cat-valenza-de","13":"first","14":"instock","15":"taxable","16":"shipping-taxable","17":"purchasable","18":"product-type-variable"},"acf":[],"yoast_head":"<!-- This site is optimized with the Yoast SEO plugin v23.9 - https:\/\/yoast.com\/wordpress\/plugins\/seo\/ -->\n<title>VALENZA - Poloshirt gr\u00fcn (41651) - Vousten Sports<\/title>\n<meta name=\"robots\" content=\"index, follow, max-snippet:-1, max-image-preview:large, max-video-preview:-1\" \/>\n<link rel=\"canonical\" href=\"https:\/\/www.voustensports.com\/de\/valenza-poloshirt-grun-41651\/\" \/>\n<meta property=\"og:locale\" content=\"de_DE\" \/>\n<meta property=\"og:type\" content=\"article\" \/>\n<meta property=\"og:title\" content=\"VALENZA - Poloshirt gr\u00fcn (41651) - Vousten Sports\" \/>\n<meta property=\"og:description\" content=\"Produktinfo: Tailored Fit Poloshirt Kurzarm Poloshirt Schiller (einteilig) Materialinfo: Stoff: Interlock Supima Baumwolle Hergestellt in Italien Zusammensetzung: 100 % Baumwolle Gewicht: 190 g\/m\u00b2 Kn\u00f6pfe: Perlmutt-Trocas Hergestellt in Italien Zusammensetzung: 100 % Perlmutt St\u00e4rke: 3 mm Linie: 18 Etiketten &amp; Anh\u00e4nger: Etiketten aus recycelter Baumwolle Anh\u00e4nger aus recyceltem Papier Hergestellt in Italien Produktionsort: Hergestellt in den [...]\" \/>\n<meta property=\"og:url\" content=\"https:\/\/www.voustensports.com\/de\/valenza-poloshirt-grun-41651\/\" \/>\n<meta property=\"og:site_name\" content=\"Vousten Sports\" \/>\n<meta property=\"article:modified_time\" content=\"2026-02-05T11:38:11+00:00\" \/>\n<meta property=\"og:image\" content=\"https:\/\/www.voustensports.com\/wp-content\/uploads\/2023\/06\/Poloshirt-groen-416511.jpg\" \/>\n\t<meta property=\"og:image:width\" content=\"2048\" \/>\n\t<meta property=\"og:image:height\" content=\"2048\" \/>\n\t<meta property=\"og:image:type\" content=\"image\/jpeg\" \/>\n<meta name=\"twitter:card\" content=\"summary_large_image\" \/>\n<script type=\"application\/ld+json\" class=\"yoast-schema-graph\">{\"@context\":\"https:\/\/schema.org\",\"@graph\":[{\"@type\":\"WebPage\",\"@id\":\"https:\/\/www.voustensports.com\/de\/valenza-poloshirt-grun-41651\/\",\"url\":\"https:\/\/www.voustensports.com\/de\/valenza-poloshirt-grun-41651\/\",\"name\":\"VALENZA - Poloshirt gr\u00fcn (41651) - Vousten Sports\",\"isPartOf\":{\"@id\":\"https:\/\/www.voustensports.com\/nl\/#website\"},\"primaryImageOfPage\":{\"@id\":\"https:\/\/www.voustensports.com\/de\/valenza-poloshirt-grun-41651\/#primaryimage\"},\"image\":{\"@id\":\"https:\/\/www.voustensports.com\/de\/valenza-poloshirt-grun-41651\/#primaryimage\"},\"thumbnailUrl\":\"https:\/\/www.voustensports.com\/wp-content\/uploads\/2023\/06\/Poloshirt-groen-416511.jpg\",\"datePublished\":\"2025-08-20T00:03:47+00:00\",\"dateModified\":\"2026-02-05T11:38:11+00:00\",\"breadcrumb\":{\"@id\":\"https:\/\/www.voustensports.com\/de\/valenza-poloshirt-grun-41651\/#breadcrumb\"},\"inLanguage\":\"de-DE\",\"potentialAction\":[{\"@type\":\"ReadAction\",\"target\":[\"https:\/\/www.voustensports.com\/de\/valenza-poloshirt-grun-41651\/\"]}]},{\"@type\":\"ImageObject\",\"inLanguage\":\"de-DE\",\"@id\":\"https:\/\/www.voustensports.com\/de\/valenza-poloshirt-grun-41651\/#primaryimage\",\"url\":\"https:\/\/www.voustensports.com\/wp-content\/uploads\/2023\/06\/Poloshirt-groen-416511.jpg\",\"contentUrl\":\"https:\/\/www.voustensports.com\/wp-content\/uploads\/2023\/06\/Poloshirt-groen-416511.jpg\",\"width\":2048,\"height\":2048},{\"@type\":\"BreadcrumbList\",\"@id\":\"https:\/\/www.voustensports.com\/de\/valenza-poloshirt-grun-41651\/#breadcrumb\",\"itemListElement\":[{\"@type\":\"ListItem\",\"position\":1,\"name\":\"Home\",\"item\":\"https:\/\/www.voustensports.com\/de\/\"},{\"@type\":\"ListItem\",\"position\":2,\"name\":\"Shop\",\"item\":\"https:\/\/www.voustensports.com\/de\/shop\/\"},{\"@type\":\"ListItem\",\"position\":3,\"name\":\"VALENZA &#8211; Poloshirt gr\u00fcn (41651)\"}]},{\"@type\":\"WebSite\",\"@id\":\"https:\/\/www.voustensports.com\/nl\/#website\",\"url\":\"https:\/\/www.voustensports.com\/nl\/\",\"name\":\"Vousten Sports\",\"description\":\"\",\"potentialAction\":[{\"@type\":\"SearchAction\",\"target\":{\"@type\":\"EntryPoint\",\"urlTemplate\":\"https:\/\/www.voustensports.com\/nl\/?s={search_term_string}\"},\"query-input\":{\"@type\":\"PropertyValueSpecification\",\"valueRequired\":true,\"valueName\":\"search_term_string\"}}],\"inLanguage\":\"de-DE\"}]}<\/script>\n<!-- \/ Yoast SEO plugin. -->","yoast_head_json":{"title":"VALENZA - Poloshirt gr\u00fcn (41651) - Vousten Sports","robots":{"index":"index","follow":"follow","max-snippet":"max-snippet:-1","max-image-preview":"max-image-preview:large","max-video-preview":"max-video-preview:-1"},"canonical":"https:\/\/www.voustensports.com\/de\/valenza-poloshirt-grun-41651\/","og_locale":"de_DE","og_type":"article","og_title":"VALENZA - Poloshirt gr\u00fcn (41651) - Vousten Sports","og_description":"Produktinfo: Tailored Fit Poloshirt Kurzarm Poloshirt Schiller (einteilig) Materialinfo: Stoff: Interlock Supima Baumwolle Hergestellt in Italien Zusammensetzung: 100 % Baumwolle Gewicht: 190 g\/m\u00b2 Kn\u00f6pfe: Perlmutt-Trocas Hergestellt in Italien Zusammensetzung: 100 % Perlmutt St\u00e4rke: 3 mm Linie: 18 Etiketten &amp; Anh\u00e4nger: Etiketten aus recycelter Baumwolle Anh\u00e4nger aus recyceltem Papier Hergestellt in Italien Produktionsort: Hergestellt in den [...]","og_url":"https:\/\/www.voustensports.com\/de\/valenza-poloshirt-grun-41651\/","og_site_name":"Vousten Sports","article_modified_time":"2026-02-05T11:38:11+00:00","og_image":[{"width":2048,"height":2048,"url":"https:\/\/www.voustensports.com\/wp-content\/uploads\/2023\/06\/Poloshirt-groen-416511.jpg","type":"image\/jpeg"}],"twitter_card":"summary_large_image","schema":{"@context":"https:\/\/schema.org","@graph":[{"@type":"WebPage","@id":"https:\/\/www.voustensports.com\/de\/valenza-poloshirt-grun-41651\/","url":"https:\/\/www.voustensports.com\/de\/valenza-poloshirt-grun-41651\/","name":"VALENZA - Poloshirt gr\u00fcn (41651) - Vousten Sports","isPartOf":{"@id":"https:\/\/www.voustensports.com\/nl\/#website"},"primaryImageOfPage":{"@id":"https:\/\/www.voustensports.com\/de\/valenza-poloshirt-grun-41651\/#primaryimage"},"image":{"@id":"https:\/\/www.voustensports.com\/de\/valenza-poloshirt-grun-41651\/#primaryimage"},"thumbnailUrl":"https:\/\/www.voustensports.com\/wp-content\/uploads\/2023\/06\/Poloshirt-groen-416511.jpg","datePublished":"2025-08-20T00:03:47+00:00","dateModified":"2026-02-05T11:38:11+00:00","breadcrumb":{"@id":"https:\/\/www.voustensports.com\/de\/valenza-poloshirt-grun-41651\/#breadcrumb"},"inLanguage":"de-DE","potentialAction":[{"@type":"ReadAction","target":["https:\/\/www.voustensports.com\/de\/valenza-poloshirt-grun-41651\/"]}]},{"@type":"ImageObject","inLanguage":"de-DE","@id":"https:\/\/www.voustensports.com\/de\/valenza-poloshirt-grun-41651\/#primaryimage","url":"https:\/\/www.voustensports.com\/wp-content\/uploads\/2023\/06\/Poloshirt-groen-416511.jpg","contentUrl":"https:\/\/www.voustensports.com\/wp-content\/uploads\/2023\/06\/Poloshirt-groen-416511.jpg","width":2048,"height":2048},{"@type":"BreadcrumbList","@id":"https:\/\/www.voustensports.com\/de\/valenza-poloshirt-grun-41651\/#breadcrumb","itemListElement":[{"@type":"ListItem","position":1,"name":"Home","item":"https:\/\/www.voustensports.com\/de\/"},{"@type":"ListItem","position":2,"name":"Shop","item":"https:\/\/www.voustensports.com\/de\/shop\/"},{"@type":"ListItem","position":3,"name":"VALENZA &#8211; Poloshirt gr\u00fcn (41651)"}]},{"@type":"WebSite","@id":"https:\/\/www.voustensports.com\/nl\/#website","url":"https:\/\/www.voustensports.com\/nl\/","name":"Vousten Sports","description":"","potentialAction":[{"@type":"SearchAction","target":{"@type":"EntryPoint","urlTemplate":"https:\/\/www.voustensports.com\/nl\/?s={search_term_string}"},"query-input":{"@type":"PropertyValueSpecification","valueRequired":true,"valueName":"search_term_string"}}],"inLanguage":"de-DE"}]}},"_links":{"self":[{"href":"https:\/\/www.voustensports.com\/de\/wp-json\/wp\/v2\/product\/207324","targetHints":{"allow":["GET"]}}],"collection":[{"href":"https:\/\/www.voustensports.com\/de\/wp-json\/wp\/v2\/product"}],"about":[{"href":"https:\/\/www.voustensports.com\/de\/wp-json\/wp\/v2\/types\/product"}],"replies":[{"embeddable":true,"href":"https:\/\/www.voustensports.com\/de\/wp-json\/wp\/v2\/comments?post=207324"}],"wp:featuredmedia":[{"embeddable":true,"href":"https:\/\/www.voustensports.com\/de\/wp-json\/wp\/v2\/media\/207308"}],"wp:attachment":[{"href":"https:\/\/www.voustensports.com\/de\/wp-json\/wp\/v2\/media?parent=207324"}],"wp:term":[{"taxonomy":"product_cat","embeddable":true,"href":"https:\/\/www.voustensports.com\/de\/wp-json\/wp\/v2\/product_cat?post=207324"},{"taxonomy":"product_tag","embeddable":true,"href":"https:\/\/www.voustensports.com\/de\/wp-json\/wp\/v2\/product_tag?post=207324"}],"curies":[{"name":"wp","href":"https:\/\/api.w.org\/{rel}","templated":true}]}}