{"id":205409,"date":"2025-07-13T02:27:19","date_gmt":"2025-07-13T00:27:19","guid":{"rendered":"https:\/\/www.voustensports.com\/stone-island-gewatte-jacke-beige-41422\/"},"modified":"2026-02-05T12:33:50","modified_gmt":"2026-02-05T11:33:50","slug":"stone-island-gewatte-jacke-beige-41422","status":"publish","type":"product","link":"https:\/\/www.voustensports.com\/de\/stone-island-gewatte-jacke-beige-41422\/","title":{"rendered":"STONE ISLAND &#8211; GEWATTE JACKE BEIGE (41422)"},"content":{"rendered":"<div>PRODUKTDETAILS<\/div>\n<div>Gef\u00fctterte Jacke aus leichtem, recyceltem Nylon-Rips mit ultradichter Webkonstruktion. Die Harzbeschichtung auf der Innenseite macht sie windabweisend und leicht wasserabweisend. Durch die Harzbehandlung dringt die Farbe ungleichm\u00e4\u00dfig in das Material ein und verleiht der Oberfl\u00e4che eine knittrige Optik. Gef\u00fcttert mit PrimaLoft\u00ae-TC, einer exklusiven Mischung aus leistungsstarken Isolierfasern, zu 70 % recycelt, entwickelt in Zusammenarbeit mit Stone Island f\u00fcr die St\u00fcckf\u00e4rbung. St\u00fcckgef\u00e4rbt mit einem speziellen Abperlmittel.<\/div>\n<div><\/div>\n<div>STYLE<\/div>\n<ul>\n<li>Kapuze mit festem Kordelzug innen f\u00fcr verstellbare Kontur und horizontale Passform.<\/li>\n<li>Aufgesetzte Eingrifftaschen mit verdecktem Rei\u00dfverschluss.<\/li>\n<li>Eine Innentasche mit Knopf.<\/li>\n<li>Stone Island-Logo am linken \u00c4rmel.<\/li>\n<li>Elastische Rippb\u00fcndchen an \u00c4rmeln und Saum.<\/li>\n<li>Verdeckter Zwei-Wege-Rei\u00dfverschluss.<\/li>\n<\/ul>\n<div>ZUSAMMENSETZUNG<\/div>\n<ul>\n<li>Material: 100 % Polyamid\/Nylon.<\/li>\n<li>Beschichtung: 100 % Polyurethanharz.<\/li>\n<li>Rippung: 95 % Polyamid\/Nylon, 5 % Elastan\/Spandex.<\/li>\n<li>Futter: 100 % Polyamid\/Nylon.<\/li>\n<li>Kapuzenfutter: 100 % Polyamid\/Nylon.<\/li>\n<li>Wattierung: 100 % Polyester.<\/li>\n<li>Stone Island-Nr.: 4100013 0093<\/li>\n<li>ID-Nr.: 41422<\/li>\n<\/ul>\n","protected":false},"excerpt":{"rendered":"<p>PRODUKTDETAILS Gef\u00fctterte Jacke aus leichtem, recyceltem Nylon-Rips mit ultradichter Webkonstruktion. Die Harzbeschichtung auf der Innenseite macht sie windabweisend und leicht wasserabweisend. Durch die Harzbehandlung dringt die Farbe ungleichm\u00e4\u00dfig in das Material ein und verleiht der Oberfl\u00e4che eine knittrige Optik. Gef\u00fcttert mit PrimaLoft\u00ae-TC, einer exklusiven Mischung aus leistungsstarken Isolierfasern, zu 70 % recycelt, entwickelt in Zusammenarbeit [&#8230;]\n","protected":false},"featured_media":205397,"comment_status":"open","ping_status":"closed","template":"","meta":{"rank_math_lock_modified_date":false},"product_cat":[483,543,702,706,447,451,463],"product_tag":[],"class_list":{"0":"post-205409","1":"product","2":"type-product","3":"status-publish","4":"has-post-thumbnail","6":"product_cat-stone-island-de-2","7":"product_cat-jassen-de","8":"product_cat-jackets-de","9":"product_cat-jassen-jacks-de","10":"product_cat-kleding-de","11":"product_cat-heren-de","12":"product_cat-vousten-sports-de-2","14":"first","15":"instock","16":"taxable","17":"shipping-taxable","18":"purchasable","19":"product-type-variable"},"acf":[],"yoast_head":"<!-- This site is optimized with the Yoast SEO plugin v23.9 - https:\/\/yoast.com\/wordpress\/plugins\/seo\/ -->\n<title>STONE ISLAND - GEWATTE JACKE BEIGE (41422) - Vousten Sports<\/title>\n<meta name=\"robots\" content=\"index, follow, max-snippet:-1, max-image-preview:large, max-video-preview:-1\" \/>\n<link rel=\"canonical\" href=\"https:\/\/www.voustensports.com\/de\/stone-island-gewatte-jacke-beige-41422\/\" \/>\n<meta property=\"og:locale\" content=\"de_DE\" \/>\n<meta property=\"og:type\" content=\"article\" \/>\n<meta property=\"og:title\" content=\"STONE ISLAND - GEWATTE JACKE BEIGE (41422) - Vousten Sports\" \/>\n<meta property=\"og:description\" content=\"PRODUKTDETAILS Gef\u00fctterte Jacke aus leichtem, recyceltem Nylon-Rips mit ultradichter Webkonstruktion. Die Harzbeschichtung auf der Innenseite macht sie windabweisend und leicht wasserabweisend. Durch die Harzbehandlung dringt die Farbe ungleichm\u00e4\u00dfig in das Material ein und verleiht der Oberfl\u00e4che eine knittrige Optik. Gef\u00fcttert mit PrimaLoft\u00ae-TC, einer exklusiven Mischung aus leistungsstarken Isolierfasern, zu 70 % recycelt, entwickelt in Zusammenarbeit [...]\" \/>\n<meta property=\"og:url\" content=\"https:\/\/www.voustensports.com\/de\/stone-island-gewatte-jacke-beige-41422\/\" \/>\n<meta property=\"og:site_name\" content=\"Vousten Sports\" \/>\n<meta property=\"article:modified_time\" content=\"2026-02-05T11:33:50+00:00\" \/>\n<meta property=\"og:image\" content=\"https:\/\/www.voustensports.com\/wp-content\/uploads\/2023\/06\/PEDDED-JACKET-BEIGE-414221-1.jpg\" \/>\n\t<meta property=\"og:image:width\" content=\"1365\" \/>\n\t<meta property=\"og:image:height\" content=\"2048\" \/>\n\t<meta property=\"og:image:type\" content=\"image\/jpeg\" \/>\n<meta name=\"twitter:card\" content=\"summary_large_image\" \/>\n<meta name=\"twitter:label1\" content=\"Est. reading time\" \/>\n\t<meta name=\"twitter:data1\" content=\"1 Minute\" \/>\n<script type=\"application\/ld+json\" class=\"yoast-schema-graph\">{\"@context\":\"https:\/\/schema.org\",\"@graph\":[{\"@type\":\"WebPage\",\"@id\":\"https:\/\/www.voustensports.com\/de\/stone-island-gewatte-jacke-beige-41422\/\",\"url\":\"https:\/\/www.voustensports.com\/de\/stone-island-gewatte-jacke-beige-41422\/\",\"name\":\"STONE ISLAND - GEWATTE JACKE BEIGE (41422) - Vousten Sports\",\"isPartOf\":{\"@id\":\"https:\/\/www.voustensports.com\/nl\/#website\"},\"primaryImageOfPage\":{\"@id\":\"https:\/\/www.voustensports.com\/de\/stone-island-gewatte-jacke-beige-41422\/#primaryimage\"},\"image\":{\"@id\":\"https:\/\/www.voustensports.com\/de\/stone-island-gewatte-jacke-beige-41422\/#primaryimage\"},\"thumbnailUrl\":\"https:\/\/www.voustensports.com\/wp-content\/uploads\/2023\/06\/PEDDED-JACKET-BEIGE-414221-1.jpg\",\"datePublished\":\"2025-07-13T00:27:19+00:00\",\"dateModified\":\"2026-02-05T11:33:50+00:00\",\"breadcrumb\":{\"@id\":\"https:\/\/www.voustensports.com\/de\/stone-island-gewatte-jacke-beige-41422\/#breadcrumb\"},\"inLanguage\":\"de-DE\",\"potentialAction\":[{\"@type\":\"ReadAction\",\"target\":[\"https:\/\/www.voustensports.com\/de\/stone-island-gewatte-jacke-beige-41422\/\"]}]},{\"@type\":\"ImageObject\",\"inLanguage\":\"de-DE\",\"@id\":\"https:\/\/www.voustensports.com\/de\/stone-island-gewatte-jacke-beige-41422\/#primaryimage\",\"url\":\"https:\/\/www.voustensports.com\/wp-content\/uploads\/2023\/06\/PEDDED-JACKET-BEIGE-414221-1.jpg\",\"contentUrl\":\"https:\/\/www.voustensports.com\/wp-content\/uploads\/2023\/06\/PEDDED-JACKET-BEIGE-414221-1.jpg\",\"width\":1365,\"height\":2048},{\"@type\":\"BreadcrumbList\",\"@id\":\"https:\/\/www.voustensports.com\/de\/stone-island-gewatte-jacke-beige-41422\/#breadcrumb\",\"itemListElement\":[{\"@type\":\"ListItem\",\"position\":1,\"name\":\"Home\",\"item\":\"https:\/\/www.voustensports.com\/de\/\"},{\"@type\":\"ListItem\",\"position\":2,\"name\":\"Shop\",\"item\":\"https:\/\/www.voustensports.com\/de\/shop\/\"},{\"@type\":\"ListItem\",\"position\":3,\"name\":\"STONE ISLAND &#8211; GEWATTE JACKE BEIGE (41422)\"}]},{\"@type\":\"WebSite\",\"@id\":\"https:\/\/www.voustensports.com\/nl\/#website\",\"url\":\"https:\/\/www.voustensports.com\/nl\/\",\"name\":\"Vousten Sports\",\"description\":\"\",\"potentialAction\":[{\"@type\":\"SearchAction\",\"target\":{\"@type\":\"EntryPoint\",\"urlTemplate\":\"https:\/\/www.voustensports.com\/nl\/?s={search_term_string}\"},\"query-input\":{\"@type\":\"PropertyValueSpecification\",\"valueRequired\":true,\"valueName\":\"search_term_string\"}}],\"inLanguage\":\"de-DE\"}]}<\/script>\n<!-- \/ Yoast SEO plugin. -->","yoast_head_json":{"title":"STONE ISLAND - GEWATTE JACKE BEIGE (41422) - Vousten Sports","robots":{"index":"index","follow":"follow","max-snippet":"max-snippet:-1","max-image-preview":"max-image-preview:large","max-video-preview":"max-video-preview:-1"},"canonical":"https:\/\/www.voustensports.com\/de\/stone-island-gewatte-jacke-beige-41422\/","og_locale":"de_DE","og_type":"article","og_title":"STONE ISLAND - GEWATTE JACKE BEIGE (41422) - Vousten Sports","og_description":"PRODUKTDETAILS Gef\u00fctterte Jacke aus leichtem, recyceltem Nylon-Rips mit ultradichter Webkonstruktion. Die Harzbeschichtung auf der Innenseite macht sie windabweisend und leicht wasserabweisend. Durch die Harzbehandlung dringt die Farbe ungleichm\u00e4\u00dfig in das Material ein und verleiht der Oberfl\u00e4che eine knittrige Optik. Gef\u00fcttert mit PrimaLoft\u00ae-TC, einer exklusiven Mischung aus leistungsstarken Isolierfasern, zu 70 % recycelt, entwickelt in Zusammenarbeit [...]","og_url":"https:\/\/www.voustensports.com\/de\/stone-island-gewatte-jacke-beige-41422\/","og_site_name":"Vousten Sports","article_modified_time":"2026-02-05T11:33:50+00:00","og_image":[{"width":1365,"height":2048,"url":"https:\/\/www.voustensports.com\/wp-content\/uploads\/2023\/06\/PEDDED-JACKET-BEIGE-414221-1.jpg","type":"image\/jpeg"}],"twitter_card":"summary_large_image","twitter_misc":{"Est. reading time":"1 Minute"},"schema":{"@context":"https:\/\/schema.org","@graph":[{"@type":"WebPage","@id":"https:\/\/www.voustensports.com\/de\/stone-island-gewatte-jacke-beige-41422\/","url":"https:\/\/www.voustensports.com\/de\/stone-island-gewatte-jacke-beige-41422\/","name":"STONE ISLAND - GEWATTE JACKE BEIGE (41422) - Vousten Sports","isPartOf":{"@id":"https:\/\/www.voustensports.com\/nl\/#website"},"primaryImageOfPage":{"@id":"https:\/\/www.voustensports.com\/de\/stone-island-gewatte-jacke-beige-41422\/#primaryimage"},"image":{"@id":"https:\/\/www.voustensports.com\/de\/stone-island-gewatte-jacke-beige-41422\/#primaryimage"},"thumbnailUrl":"https:\/\/www.voustensports.com\/wp-content\/uploads\/2023\/06\/PEDDED-JACKET-BEIGE-414221-1.jpg","datePublished":"2025-07-13T00:27:19+00:00","dateModified":"2026-02-05T11:33:50+00:00","breadcrumb":{"@id":"https:\/\/www.voustensports.com\/de\/stone-island-gewatte-jacke-beige-41422\/#breadcrumb"},"inLanguage":"de-DE","potentialAction":[{"@type":"ReadAction","target":["https:\/\/www.voustensports.com\/de\/stone-island-gewatte-jacke-beige-41422\/"]}]},{"@type":"ImageObject","inLanguage":"de-DE","@id":"https:\/\/www.voustensports.com\/de\/stone-island-gewatte-jacke-beige-41422\/#primaryimage","url":"https:\/\/www.voustensports.com\/wp-content\/uploads\/2023\/06\/PEDDED-JACKET-BEIGE-414221-1.jpg","contentUrl":"https:\/\/www.voustensports.com\/wp-content\/uploads\/2023\/06\/PEDDED-JACKET-BEIGE-414221-1.jpg","width":1365,"height":2048},{"@type":"BreadcrumbList","@id":"https:\/\/www.voustensports.com\/de\/stone-island-gewatte-jacke-beige-41422\/#breadcrumb","itemListElement":[{"@type":"ListItem","position":1,"name":"Home","item":"https:\/\/www.voustensports.com\/de\/"},{"@type":"ListItem","position":2,"name":"Shop","item":"https:\/\/www.voustensports.com\/de\/shop\/"},{"@type":"ListItem","position":3,"name":"STONE ISLAND &#8211; GEWATTE JACKE BEIGE (41422)"}]},{"@type":"WebSite","@id":"https:\/\/www.voustensports.com\/nl\/#website","url":"https:\/\/www.voustensports.com\/nl\/","name":"Vousten Sports","description":"","potentialAction":[{"@type":"SearchAction","target":{"@type":"EntryPoint","urlTemplate":"https:\/\/www.voustensports.com\/nl\/?s={search_term_string}"},"query-input":{"@type":"PropertyValueSpecification","valueRequired":true,"valueName":"search_term_string"}}],"inLanguage":"de-DE"}]}},"_links":{"self":[{"href":"https:\/\/www.voustensports.com\/de\/wp-json\/wp\/v2\/product\/205409","targetHints":{"allow":["GET"]}}],"collection":[{"href":"https:\/\/www.voustensports.com\/de\/wp-json\/wp\/v2\/product"}],"about":[{"href":"https:\/\/www.voustensports.com\/de\/wp-json\/wp\/v2\/types\/product"}],"replies":[{"embeddable":true,"href":"https:\/\/www.voustensports.com\/de\/wp-json\/wp\/v2\/comments?post=205409"}],"wp:featuredmedia":[{"embeddable":true,"href":"https:\/\/www.voustensports.com\/de\/wp-json\/wp\/v2\/media\/205397"}],"wp:attachment":[{"href":"https:\/\/www.voustensports.com\/de\/wp-json\/wp\/v2\/media?parent=205409"}],"wp:term":[{"taxonomy":"product_cat","embeddable":true,"href":"https:\/\/www.voustensports.com\/de\/wp-json\/wp\/v2\/product_cat?post=205409"},{"taxonomy":"product_tag","embeddable":true,"href":"https:\/\/www.voustensports.com\/de\/wp-json\/wp\/v2\/product_tag?post=205409"}],"curies":[{"name":"wp","href":"https:\/\/api.w.org\/{rel}","templated":true}]}}