{"id":205057,"date":"2025-07-03T20:00:45","date_gmt":"2025-07-03T18:00:45","guid":{"rendered":"https:\/\/www.voustensports.com\/stone-island-bodywarmer-lead-gray-41425-2\/"},"modified":"2026-02-05T12:33:53","modified_gmt":"2026-02-05T11:33:53","slug":"stone-island-bodywarmer-lead-gray-41425-2","status":"publish","type":"product","link":"https:\/\/www.voustensports.com\/de\/stone-island-bodywarmer-lead-gray-41425-2\/","title":{"rendered":"STONE ISLAND &#8211; BODYWARMER LEAD GRAY (41425)"},"content":{"rendered":"<p>PRODUKT DETAILS<br \/>\nDaunenweste aus leichtem, einlagigem Stretch-Nylon-Gewebe, das mit einer speziellen Webtechnik hergestellt wird, bei der die Daunenf\u00e4cher automatisch direkt am Webstuhl erzeugt werden. Die nahtlosen Federtunnel erh\u00f6hen die Tragf\u00e4higkeit der Daunen erheblich. Das fertige Kleidungsst\u00fcck ist mit direkt eingespritzten feinsten Federn gef\u00fcllt, die speziell behandelt wurden, um ein Anf\u00e4rben zu verhindern. Garngef\u00e4rbt mit Zusatz eines speziellen Antitropfmittels. RDS &#8211; Responsible Down Standard zertifiziert.<\/p>\n<p>STYLE<\/p>\n<ul>\n<li>Gef\u00fctterter Stehkragen.<\/li>\n<li>Stehende Brusttaschen mit unsichtbarem Rei\u00dfverschluss.<\/li>\n<li>Stehende Handtaschen mit unsichtbarem Rei\u00dfverschluss.<\/li>\n<li>Stone Island Abzeichen unten links.<\/li>\n<li>Elastischer Bandbesatz an den Armausschnitten.<\/li>\n<li>Kordelzug am Saum.<\/li>\n<li>Zwei-Wege-Rei\u00dfverschluss mit einem Druckknopf am Innenverschluss.<\/li>\n<\/ul>\n<p>ZUSAMMENSETZUNG<\/p>\n<ul>\n<li>Au\u00dfen: 86% Polyamid \/ Nylon 14% Elasthan \/ Spandex.<\/li>\n<li>Innenseite: 86% Polyamid\/Nylon 14% Elasthan\/Elasthan.<\/li>\n<li>F\u00fcllung: Entendaunen (mindestens 90% Daunen) 90% Entendaunen 10% Entenfedern.<\/li>\n<li>Enth\u00e4lt nichttextile Teile tierischen Ursprungs.<\/li>\n<li>Stone Island Nr.: G100004 006B<\/li>\n<li>ID-Nr.: 41425<\/li>\n<\/ul>\n","protected":false},"excerpt":{"rendered":"<p>PRODUKT DETAILS Daunenweste aus leichtem, einlagigem Stretch-Nylon-Gewebe, das mit einer speziellen Webtechnik hergestellt wird, bei der die Daunenf\u00e4cher automatisch direkt am Webstuhl erzeugt werden. Die nahtlosen Federtunnel erh\u00f6hen die Tragf\u00e4higkeit der Daunen erheblich. Das fertige Kleidungsst\u00fcck ist mit direkt eingespritzten feinsten Federn gef\u00fcllt, die speziell behandelt wurden, um ein Anf\u00e4rben zu verhindern. Garngef\u00e4rbt mit Zusatz [&#8230;]\n","protected":false},"featured_media":205521,"comment_status":"open","ping_status":"closed","template":"","meta":{"rank_math_lock_modified_date":false},"product_cat":[447,451,463,483,543,706,744,823],"product_tag":[],"class_list":{"0":"post-205057","1":"product","2":"type-product","3":"status-publish","4":"has-post-thumbnail","6":"product_cat-kleding-de","7":"product_cat-heren-de","8":"product_cat-vousten-sports-de-2","9":"product_cat-stone-island-de-2","10":"product_cat-jassen-de","11":"product_cat-jassen-jacks-de","12":"product_cat-bodywarmers-de","13":"product_cat-bodywarmer-de","15":"first","16":"instock","17":"taxable","18":"shipping-taxable","19":"purchasable","20":"product-type-variable"},"acf":[],"yoast_head":"<!-- This site is optimized with the Yoast SEO plugin v23.9 - https:\/\/yoast.com\/wordpress\/plugins\/seo\/ -->\n<title>STONE ISLAND - BODYWARMER LEAD GRAY (41425) - Vousten Sports<\/title>\n<meta name=\"robots\" content=\"index, follow, max-snippet:-1, max-image-preview:large, max-video-preview:-1\" \/>\n<link rel=\"canonical\" href=\"https:\/\/www.voustensports.com\/de\/stone-island-bodywarmer-lead-gray-41425-2\/\" \/>\n<meta property=\"og:locale\" content=\"de_DE\" \/>\n<meta property=\"og:type\" content=\"article\" \/>\n<meta property=\"og:title\" content=\"STONE ISLAND - BODYWARMER LEAD GRAY (41425) - Vousten Sports\" \/>\n<meta property=\"og:description\" content=\"PRODUKT DETAILS Daunenweste aus leichtem, einlagigem Stretch-Nylon-Gewebe, das mit einer speziellen Webtechnik hergestellt wird, bei der die Daunenf\u00e4cher automatisch direkt am Webstuhl erzeugt werden. Die nahtlosen Federtunnel erh\u00f6hen die Tragf\u00e4higkeit der Daunen erheblich. Das fertige Kleidungsst\u00fcck ist mit direkt eingespritzten feinsten Federn gef\u00fcllt, die speziell behandelt wurden, um ein Anf\u00e4rben zu verhindern. Garngef\u00e4rbt mit Zusatz [...]\" \/>\n<meta property=\"og:url\" content=\"https:\/\/www.voustensports.com\/de\/stone-island-bodywarmer-lead-gray-41425-2\/\" \/>\n<meta property=\"og:site_name\" content=\"Vousten Sports\" \/>\n<meta property=\"article:modified_time\" content=\"2026-02-05T11:33:53+00:00\" \/>\n<meta property=\"og:image\" content=\"https:\/\/www.voustensports.com\/wp-content\/uploads\/2023\/06\/BODYWARMER-LEAD-GRAY-414251.jpg\" \/>\n\t<meta property=\"og:image:width\" content=\"1365\" \/>\n\t<meta property=\"og:image:height\" content=\"2048\" \/>\n\t<meta property=\"og:image:type\" content=\"image\/jpeg\" \/>\n<meta name=\"twitter:card\" content=\"summary_large_image\" \/>\n<meta name=\"twitter:label1\" content=\"Est. reading time\" \/>\n\t<meta name=\"twitter:data1\" content=\"1 Minute\" \/>\n<script type=\"application\/ld+json\" class=\"yoast-schema-graph\">{\"@context\":\"https:\/\/schema.org\",\"@graph\":[{\"@type\":\"WebPage\",\"@id\":\"https:\/\/www.voustensports.com\/de\/stone-island-bodywarmer-lead-gray-41425-2\/\",\"url\":\"https:\/\/www.voustensports.com\/de\/stone-island-bodywarmer-lead-gray-41425-2\/\",\"name\":\"STONE ISLAND - BODYWARMER LEAD GRAY (41425) - Vousten Sports\",\"isPartOf\":{\"@id\":\"https:\/\/www.voustensports.com\/nl\/#website\"},\"primaryImageOfPage\":{\"@id\":\"https:\/\/www.voustensports.com\/de\/stone-island-bodywarmer-lead-gray-41425-2\/#primaryimage\"},\"image\":{\"@id\":\"https:\/\/www.voustensports.com\/de\/stone-island-bodywarmer-lead-gray-41425-2\/#primaryimage\"},\"thumbnailUrl\":\"https:\/\/www.voustensports.com\/wp-content\/uploads\/2023\/06\/BODYWARMER-LEAD-GRAY-414251-1.jpg\",\"datePublished\":\"2025-07-03T18:00:45+00:00\",\"dateModified\":\"2026-02-05T11:33:53+00:00\",\"breadcrumb\":{\"@id\":\"https:\/\/www.voustensports.com\/de\/stone-island-bodywarmer-lead-gray-41425-2\/#breadcrumb\"},\"inLanguage\":\"de-DE\",\"potentialAction\":[{\"@type\":\"ReadAction\",\"target\":[\"https:\/\/www.voustensports.com\/de\/stone-island-bodywarmer-lead-gray-41425-2\/\"]}]},{\"@type\":\"ImageObject\",\"inLanguage\":\"de-DE\",\"@id\":\"https:\/\/www.voustensports.com\/de\/stone-island-bodywarmer-lead-gray-41425-2\/#primaryimage\",\"url\":\"https:\/\/www.voustensports.com\/wp-content\/uploads\/2023\/06\/BODYWARMER-LEAD-GRAY-414251-1.jpg\",\"contentUrl\":\"https:\/\/www.voustensports.com\/wp-content\/uploads\/2023\/06\/BODYWARMER-LEAD-GRAY-414251-1.jpg\",\"width\":1365,\"height\":2048},{\"@type\":\"BreadcrumbList\",\"@id\":\"https:\/\/www.voustensports.com\/de\/stone-island-bodywarmer-lead-gray-41425-2\/#breadcrumb\",\"itemListElement\":[{\"@type\":\"ListItem\",\"position\":1,\"name\":\"Home\",\"item\":\"https:\/\/www.voustensports.com\/de\/\"},{\"@type\":\"ListItem\",\"position\":2,\"name\":\"Shop\",\"item\":\"https:\/\/www.voustensports.com\/de\/shop\/\"},{\"@type\":\"ListItem\",\"position\":3,\"name\":\"STONE ISLAND &#8211; BODYWARMER LEAD GRAY (41425)\"}]},{\"@type\":\"WebSite\",\"@id\":\"https:\/\/www.voustensports.com\/nl\/#website\",\"url\":\"https:\/\/www.voustensports.com\/nl\/\",\"name\":\"Vousten Sports\",\"description\":\"\",\"potentialAction\":[{\"@type\":\"SearchAction\",\"target\":{\"@type\":\"EntryPoint\",\"urlTemplate\":\"https:\/\/www.voustensports.com\/nl\/?s={search_term_string}\"},\"query-input\":{\"@type\":\"PropertyValueSpecification\",\"valueRequired\":true,\"valueName\":\"search_term_string\"}}],\"inLanguage\":\"de-DE\"}]}<\/script>\n<!-- \/ Yoast SEO plugin. -->","yoast_head_json":{"title":"STONE ISLAND - BODYWARMER LEAD GRAY (41425) - Vousten Sports","robots":{"index":"index","follow":"follow","max-snippet":"max-snippet:-1","max-image-preview":"max-image-preview:large","max-video-preview":"max-video-preview:-1"},"canonical":"https:\/\/www.voustensports.com\/de\/stone-island-bodywarmer-lead-gray-41425-2\/","og_locale":"de_DE","og_type":"article","og_title":"STONE ISLAND - BODYWARMER LEAD GRAY (41425) - Vousten Sports","og_description":"PRODUKT DETAILS Daunenweste aus leichtem, einlagigem Stretch-Nylon-Gewebe, das mit einer speziellen Webtechnik hergestellt wird, bei der die Daunenf\u00e4cher automatisch direkt am Webstuhl erzeugt werden. Die nahtlosen Federtunnel erh\u00f6hen die Tragf\u00e4higkeit der Daunen erheblich. Das fertige Kleidungsst\u00fcck ist mit direkt eingespritzten feinsten Federn gef\u00fcllt, die speziell behandelt wurden, um ein Anf\u00e4rben zu verhindern. Garngef\u00e4rbt mit Zusatz [...]","og_url":"https:\/\/www.voustensports.com\/de\/stone-island-bodywarmer-lead-gray-41425-2\/","og_site_name":"Vousten Sports","article_modified_time":"2026-02-05T11:33:53+00:00","og_image":[{"width":1365,"height":2048,"url":"https:\/\/www.voustensports.com\/wp-content\/uploads\/2023\/06\/BODYWARMER-LEAD-GRAY-414251.jpg","type":"image\/jpeg"}],"twitter_card":"summary_large_image","twitter_misc":{"Est. reading time":"1 Minute"},"schema":{"@context":"https:\/\/schema.org","@graph":[{"@type":"WebPage","@id":"https:\/\/www.voustensports.com\/de\/stone-island-bodywarmer-lead-gray-41425-2\/","url":"https:\/\/www.voustensports.com\/de\/stone-island-bodywarmer-lead-gray-41425-2\/","name":"STONE ISLAND - BODYWARMER LEAD GRAY (41425) - Vousten Sports","isPartOf":{"@id":"https:\/\/www.voustensports.com\/nl\/#website"},"primaryImageOfPage":{"@id":"https:\/\/www.voustensports.com\/de\/stone-island-bodywarmer-lead-gray-41425-2\/#primaryimage"},"image":{"@id":"https:\/\/www.voustensports.com\/de\/stone-island-bodywarmer-lead-gray-41425-2\/#primaryimage"},"thumbnailUrl":"https:\/\/www.voustensports.com\/wp-content\/uploads\/2023\/06\/BODYWARMER-LEAD-GRAY-414251-1.jpg","datePublished":"2025-07-03T18:00:45+00:00","dateModified":"2026-02-05T11:33:53+00:00","breadcrumb":{"@id":"https:\/\/www.voustensports.com\/de\/stone-island-bodywarmer-lead-gray-41425-2\/#breadcrumb"},"inLanguage":"de-DE","potentialAction":[{"@type":"ReadAction","target":["https:\/\/www.voustensports.com\/de\/stone-island-bodywarmer-lead-gray-41425-2\/"]}]},{"@type":"ImageObject","inLanguage":"de-DE","@id":"https:\/\/www.voustensports.com\/de\/stone-island-bodywarmer-lead-gray-41425-2\/#primaryimage","url":"https:\/\/www.voustensports.com\/wp-content\/uploads\/2023\/06\/BODYWARMER-LEAD-GRAY-414251-1.jpg","contentUrl":"https:\/\/www.voustensports.com\/wp-content\/uploads\/2023\/06\/BODYWARMER-LEAD-GRAY-414251-1.jpg","width":1365,"height":2048},{"@type":"BreadcrumbList","@id":"https:\/\/www.voustensports.com\/de\/stone-island-bodywarmer-lead-gray-41425-2\/#breadcrumb","itemListElement":[{"@type":"ListItem","position":1,"name":"Home","item":"https:\/\/www.voustensports.com\/de\/"},{"@type":"ListItem","position":2,"name":"Shop","item":"https:\/\/www.voustensports.com\/de\/shop\/"},{"@type":"ListItem","position":3,"name":"STONE ISLAND &#8211; BODYWARMER LEAD GRAY (41425)"}]},{"@type":"WebSite","@id":"https:\/\/www.voustensports.com\/nl\/#website","url":"https:\/\/www.voustensports.com\/nl\/","name":"Vousten Sports","description":"","potentialAction":[{"@type":"SearchAction","target":{"@type":"EntryPoint","urlTemplate":"https:\/\/www.voustensports.com\/nl\/?s={search_term_string}"},"query-input":{"@type":"PropertyValueSpecification","valueRequired":true,"valueName":"search_term_string"}}],"inLanguage":"de-DE"}]}},"_links":{"self":[{"href":"https:\/\/www.voustensports.com\/de\/wp-json\/wp\/v2\/product\/205057","targetHints":{"allow":["GET"]}}],"collection":[{"href":"https:\/\/www.voustensports.com\/de\/wp-json\/wp\/v2\/product"}],"about":[{"href":"https:\/\/www.voustensports.com\/de\/wp-json\/wp\/v2\/types\/product"}],"replies":[{"embeddable":true,"href":"https:\/\/www.voustensports.com\/de\/wp-json\/wp\/v2\/comments?post=205057"}],"wp:featuredmedia":[{"embeddable":true,"href":"https:\/\/www.voustensports.com\/de\/wp-json\/wp\/v2\/media\/205521"}],"wp:attachment":[{"href":"https:\/\/www.voustensports.com\/de\/wp-json\/wp\/v2\/media?parent=205057"}],"wp:term":[{"taxonomy":"product_cat","embeddable":true,"href":"https:\/\/www.voustensports.com\/de\/wp-json\/wp\/v2\/product_cat?post=205057"},{"taxonomy":"product_tag","embeddable":true,"href":"https:\/\/www.voustensports.com\/de\/wp-json\/wp\/v2\/product_tag?post=205057"}],"curies":[{"name":"wp","href":"https:\/\/api.w.org\/{rel}","templated":true}]}}