{"id":204909,"date":"2025-07-03T13:03:18","date_gmt":"2025-07-03T11:03:18","guid":{"rendered":"https:\/\/www.voustensports.com\/stone-island-industrie-print-t-shirt-marineblau-41444\/"},"modified":"2026-03-17T12:09:07","modified_gmt":"2026-03-17T11:09:07","slug":"stone-island-industrie-print-t-shirt-marineblau-41444","status":"publish","type":"product","link":"https:\/\/www.voustensports.com\/de\/stone-island-industrie-print-t-shirt-marineblau-41444\/","title":{"rendered":"STONE ISLAND &#8211; INDUSTRIE PRINT T-SHIRT MARINEBLAU (41444)"},"content":{"rendered":"<div>PRODUKTDETAILS<\/div>\n<div>Kurzarm-T-Shirt aus gek\u00e4mmtem Bio-Baumwolljersey mit Industrie-Print. St\u00fcckgef\u00e4rbt.<\/div>\n<div><\/div>\n<div>STYLE<\/div>\n<ul>\n<li>Gerippter Halsausschnitt.<\/li>\n<li>Stone Island Logo-Print auf der Brust.<\/li>\n<li>Gro\u00dfer Stone Island Kompass-Logo-Print auf dem R\u00fccken.<\/li>\n<li>Normale Passform.<\/li>\n<\/ul>\n<div>ZUSAMMENSETZUNG<\/div>\n<ul>\n<li>Material: 100 % Baumwolle.<\/li>\n<li>Rippenmuster: 100 % Baumwolle.<\/li>\n<li>Stone Island-Nr.: 2100037 0020<\/li>\n<li>ID-Nr.: 41444<\/li>\n<\/ul>\n","protected":false},"excerpt":{"rendered":"<p>PRODUKTDETAILS Kurzarm-T-Shirt aus gek\u00e4mmtem Bio-Baumwolljersey mit Industrie-Print. St\u00fcckgef\u00e4rbt. STYLE Gerippter Halsausschnitt. Stone Island Logo-Print auf der Brust. Gro\u00dfer Stone Island Kompass-Logo-Print auf dem R\u00fccken. Normale Passform. ZUSAMMENSETZUNG Material: 100 % Baumwolle. Rippenmuster: 100 % Baumwolle. Stone Island-Nr.: 2100037 0020 ID-Nr.: 41444<\/p>\n","protected":false},"featured_media":204901,"comment_status":"open","ping_status":"closed","template":"","meta":{"rank_math_lock_modified_date":false},"product_cat":[447,451,463,483,487,491],"product_tag":[],"class_list":{"0":"post-204909","1":"product","2":"type-product","3":"status-publish","4":"has-post-thumbnail","6":"product_cat-kleding-de","7":"product_cat-heren-de","8":"product_cat-vousten-sports-de-2","9":"product_cat-stone-island-de-2","10":"product_cat-shirt-de-2","11":"product_cat-t-shirts-de-2","13":"first","14":"instock","15":"taxable","16":"shipping-taxable","17":"purchasable","18":"product-type-variable"},"acf":[],"yoast_head":"<!-- This site is optimized with the Yoast SEO plugin v23.9 - https:\/\/yoast.com\/wordpress\/plugins\/seo\/ -->\n<title>STONE ISLAND - INDUSTRIE PRINT T-SHIRT MARINEBLAU (41444) - Vousten Sports<\/title>\n<meta name=\"robots\" content=\"index, follow, max-snippet:-1, max-image-preview:large, max-video-preview:-1\" \/>\n<link rel=\"canonical\" href=\"https:\/\/www.voustensports.com\/de\/stone-island-industrie-print-t-shirt-marineblau-41444\/\" \/>\n<meta property=\"og:locale\" content=\"de_DE\" \/>\n<meta property=\"og:type\" content=\"article\" \/>\n<meta property=\"og:title\" content=\"STONE ISLAND - INDUSTRIE PRINT T-SHIRT MARINEBLAU (41444) - Vousten Sports\" \/>\n<meta property=\"og:description\" content=\"PRODUKTDETAILS Kurzarm-T-Shirt aus gek\u00e4mmtem Bio-Baumwolljersey mit Industrie-Print. St\u00fcckgef\u00e4rbt. STYLE Gerippter Halsausschnitt. Stone Island Logo-Print auf der Brust. Gro\u00dfer Stone Island Kompass-Logo-Print auf dem R\u00fccken. Normale Passform. ZUSAMMENSETZUNG Material: 100 % Baumwolle. Rippenmuster: 100 % Baumwolle. Stone Island-Nr.: 2100037 0020 ID-Nr.: 41444\" \/>\n<meta property=\"og:url\" content=\"https:\/\/www.voustensports.com\/de\/stone-island-industrie-print-t-shirt-marineblau-41444\/\" \/>\n<meta property=\"og:site_name\" content=\"Vousten Sports\" \/>\n<meta property=\"article:modified_time\" content=\"2026-03-17T11:09:07+00:00\" \/>\n<meta property=\"og:image\" content=\"https:\/\/www.voustensports.com\/wp-content\/uploads\/2023\/06\/INDUSTRIAL-PRINT-T-SHIRT-NAVY-414441.jpg\" \/>\n\t<meta property=\"og:image:width\" content=\"1365\" \/>\n\t<meta property=\"og:image:height\" content=\"2048\" \/>\n\t<meta property=\"og:image:type\" content=\"image\/jpeg\" \/>\n<meta name=\"twitter:card\" content=\"summary_large_image\" \/>\n<script type=\"application\/ld+json\" class=\"yoast-schema-graph\">{\"@context\":\"https:\/\/schema.org\",\"@graph\":[{\"@type\":\"WebPage\",\"@id\":\"https:\/\/www.voustensports.com\/de\/stone-island-industrie-print-t-shirt-marineblau-41444\/\",\"url\":\"https:\/\/www.voustensports.com\/de\/stone-island-industrie-print-t-shirt-marineblau-41444\/\",\"name\":\"STONE ISLAND - INDUSTRIE PRINT T-SHIRT MARINEBLAU (41444) - Vousten Sports\",\"isPartOf\":{\"@id\":\"https:\/\/www.voustensports.com\/nl\/#website\"},\"primaryImageOfPage\":{\"@id\":\"https:\/\/www.voustensports.com\/de\/stone-island-industrie-print-t-shirt-marineblau-41444\/#primaryimage\"},\"image\":{\"@id\":\"https:\/\/www.voustensports.com\/de\/stone-island-industrie-print-t-shirt-marineblau-41444\/#primaryimage\"},\"thumbnailUrl\":\"https:\/\/www.voustensports.com\/wp-content\/uploads\/2023\/06\/INDUSTRIAL-PRINT-T-SHIRT-NAVY-414441.jpg\",\"datePublished\":\"2025-07-03T11:03:18+00:00\",\"dateModified\":\"2026-03-17T11:09:07+00:00\",\"breadcrumb\":{\"@id\":\"https:\/\/www.voustensports.com\/de\/stone-island-industrie-print-t-shirt-marineblau-41444\/#breadcrumb\"},\"inLanguage\":\"de-DE\",\"potentialAction\":[{\"@type\":\"ReadAction\",\"target\":[\"https:\/\/www.voustensports.com\/de\/stone-island-industrie-print-t-shirt-marineblau-41444\/\"]}]},{\"@type\":\"ImageObject\",\"inLanguage\":\"de-DE\",\"@id\":\"https:\/\/www.voustensports.com\/de\/stone-island-industrie-print-t-shirt-marineblau-41444\/#primaryimage\",\"url\":\"https:\/\/www.voustensports.com\/wp-content\/uploads\/2023\/06\/INDUSTRIAL-PRINT-T-SHIRT-NAVY-414441.jpg\",\"contentUrl\":\"https:\/\/www.voustensports.com\/wp-content\/uploads\/2023\/06\/INDUSTRIAL-PRINT-T-SHIRT-NAVY-414441.jpg\",\"width\":1365,\"height\":2048},{\"@type\":\"BreadcrumbList\",\"@id\":\"https:\/\/www.voustensports.com\/de\/stone-island-industrie-print-t-shirt-marineblau-41444\/#breadcrumb\",\"itemListElement\":[{\"@type\":\"ListItem\",\"position\":1,\"name\":\"Home\",\"item\":\"https:\/\/www.voustensports.com\/de\/\"},{\"@type\":\"ListItem\",\"position\":2,\"name\":\"Shop\",\"item\":\"https:\/\/www.voustensports.com\/de\/shop\/\"},{\"@type\":\"ListItem\",\"position\":3,\"name\":\"STONE ISLAND &#8211; INDUSTRIE PRINT T-SHIRT MARINEBLAU (41444)\"}]},{\"@type\":\"WebSite\",\"@id\":\"https:\/\/www.voustensports.com\/nl\/#website\",\"url\":\"https:\/\/www.voustensports.com\/nl\/\",\"name\":\"Vousten Sports\",\"description\":\"\",\"potentialAction\":[{\"@type\":\"SearchAction\",\"target\":{\"@type\":\"EntryPoint\",\"urlTemplate\":\"https:\/\/www.voustensports.com\/nl\/?s={search_term_string}\"},\"query-input\":{\"@type\":\"PropertyValueSpecification\",\"valueRequired\":true,\"valueName\":\"search_term_string\"}}],\"inLanguage\":\"de-DE\"}]}<\/script>\n<!-- \/ Yoast SEO plugin. -->","yoast_head_json":{"title":"STONE ISLAND - INDUSTRIE PRINT T-SHIRT MARINEBLAU (41444) - Vousten Sports","robots":{"index":"index","follow":"follow","max-snippet":"max-snippet:-1","max-image-preview":"max-image-preview:large","max-video-preview":"max-video-preview:-1"},"canonical":"https:\/\/www.voustensports.com\/de\/stone-island-industrie-print-t-shirt-marineblau-41444\/","og_locale":"de_DE","og_type":"article","og_title":"STONE ISLAND - INDUSTRIE PRINT T-SHIRT MARINEBLAU (41444) - Vousten Sports","og_description":"PRODUKTDETAILS Kurzarm-T-Shirt aus gek\u00e4mmtem Bio-Baumwolljersey mit Industrie-Print. St\u00fcckgef\u00e4rbt. STYLE Gerippter Halsausschnitt. Stone Island Logo-Print auf der Brust. Gro\u00dfer Stone Island Kompass-Logo-Print auf dem R\u00fccken. Normale Passform. ZUSAMMENSETZUNG Material: 100 % Baumwolle. Rippenmuster: 100 % Baumwolle. Stone Island-Nr.: 2100037 0020 ID-Nr.: 41444","og_url":"https:\/\/www.voustensports.com\/de\/stone-island-industrie-print-t-shirt-marineblau-41444\/","og_site_name":"Vousten Sports","article_modified_time":"2026-03-17T11:09:07+00:00","og_image":[{"width":1365,"height":2048,"url":"https:\/\/www.voustensports.com\/wp-content\/uploads\/2023\/06\/INDUSTRIAL-PRINT-T-SHIRT-NAVY-414441.jpg","type":"image\/jpeg"}],"twitter_card":"summary_large_image","schema":{"@context":"https:\/\/schema.org","@graph":[{"@type":"WebPage","@id":"https:\/\/www.voustensports.com\/de\/stone-island-industrie-print-t-shirt-marineblau-41444\/","url":"https:\/\/www.voustensports.com\/de\/stone-island-industrie-print-t-shirt-marineblau-41444\/","name":"STONE ISLAND - INDUSTRIE PRINT T-SHIRT MARINEBLAU (41444) - Vousten Sports","isPartOf":{"@id":"https:\/\/www.voustensports.com\/nl\/#website"},"primaryImageOfPage":{"@id":"https:\/\/www.voustensports.com\/de\/stone-island-industrie-print-t-shirt-marineblau-41444\/#primaryimage"},"image":{"@id":"https:\/\/www.voustensports.com\/de\/stone-island-industrie-print-t-shirt-marineblau-41444\/#primaryimage"},"thumbnailUrl":"https:\/\/www.voustensports.com\/wp-content\/uploads\/2023\/06\/INDUSTRIAL-PRINT-T-SHIRT-NAVY-414441.jpg","datePublished":"2025-07-03T11:03:18+00:00","dateModified":"2026-03-17T11:09:07+00:00","breadcrumb":{"@id":"https:\/\/www.voustensports.com\/de\/stone-island-industrie-print-t-shirt-marineblau-41444\/#breadcrumb"},"inLanguage":"de-DE","potentialAction":[{"@type":"ReadAction","target":["https:\/\/www.voustensports.com\/de\/stone-island-industrie-print-t-shirt-marineblau-41444\/"]}]},{"@type":"ImageObject","inLanguage":"de-DE","@id":"https:\/\/www.voustensports.com\/de\/stone-island-industrie-print-t-shirt-marineblau-41444\/#primaryimage","url":"https:\/\/www.voustensports.com\/wp-content\/uploads\/2023\/06\/INDUSTRIAL-PRINT-T-SHIRT-NAVY-414441.jpg","contentUrl":"https:\/\/www.voustensports.com\/wp-content\/uploads\/2023\/06\/INDUSTRIAL-PRINT-T-SHIRT-NAVY-414441.jpg","width":1365,"height":2048},{"@type":"BreadcrumbList","@id":"https:\/\/www.voustensports.com\/de\/stone-island-industrie-print-t-shirt-marineblau-41444\/#breadcrumb","itemListElement":[{"@type":"ListItem","position":1,"name":"Home","item":"https:\/\/www.voustensports.com\/de\/"},{"@type":"ListItem","position":2,"name":"Shop","item":"https:\/\/www.voustensports.com\/de\/shop\/"},{"@type":"ListItem","position":3,"name":"STONE ISLAND &#8211; INDUSTRIE PRINT T-SHIRT MARINEBLAU (41444)"}]},{"@type":"WebSite","@id":"https:\/\/www.voustensports.com\/nl\/#website","url":"https:\/\/www.voustensports.com\/nl\/","name":"Vousten Sports","description":"","potentialAction":[{"@type":"SearchAction","target":{"@type":"EntryPoint","urlTemplate":"https:\/\/www.voustensports.com\/nl\/?s={search_term_string}"},"query-input":{"@type":"PropertyValueSpecification","valueRequired":true,"valueName":"search_term_string"}}],"inLanguage":"de-DE"}]}},"_links":{"self":[{"href":"https:\/\/www.voustensports.com\/de\/wp-json\/wp\/v2\/product\/204909","targetHints":{"allow":["GET"]}}],"collection":[{"href":"https:\/\/www.voustensports.com\/de\/wp-json\/wp\/v2\/product"}],"about":[{"href":"https:\/\/www.voustensports.com\/de\/wp-json\/wp\/v2\/types\/product"}],"replies":[{"embeddable":true,"href":"https:\/\/www.voustensports.com\/de\/wp-json\/wp\/v2\/comments?post=204909"}],"wp:featuredmedia":[{"embeddable":true,"href":"https:\/\/www.voustensports.com\/de\/wp-json\/wp\/v2\/media\/204901"}],"wp:attachment":[{"href":"https:\/\/www.voustensports.com\/de\/wp-json\/wp\/v2\/media?parent=204909"}],"wp:term":[{"taxonomy":"product_cat","embeddable":true,"href":"https:\/\/www.voustensports.com\/de\/wp-json\/wp\/v2\/product_cat?post=204909"},{"taxonomy":"product_tag","embeddable":true,"href":"https:\/\/www.voustensports.com\/de\/wp-json\/wp\/v2\/product_tag?post=204909"}],"curies":[{"name":"wp","href":"https:\/\/api.w.org\/{rel}","templated":true}]}}