{"id":204276,"date":"2025-06-19T12:01:54","date_gmt":"2025-06-19T10:01:54","guid":{"rendered":"https:\/\/www.voustensports.com\/hogan-sneaker-h-streifen-blau-weis-41252\/"},"modified":"2026-02-05T12:32:46","modified_gmt":"2026-02-05T11:32:46","slug":"hogan-sneaker-h-streifen-blau-weis-41252","status":"publish","type":"product","link":"https:\/\/www.voustensports.com\/de\/hogan-sneaker-h-streifen-blau-weis-41252\/","title":{"rendered":"HOGAN &#8211; Sneaker H-Streifen blau \/ wei\u00df (41252)"},"content":{"rendered":"<div>Der sportliche und vielseitige H-Streifen Sneaker besticht durch eine extraleichte Laufsohle mit vertikalen Streifen. Das kompakte und ausgewogene Obermaterial zeichnet sich durch das seitlich verlaufende H-Logo aus. Der Oberbesatz mit Ziern\u00e4hten am hinteren Patch ist weich gepolstert. Diese Version ist aus weichem Nappaleder gefertigt und verf\u00fcgt \u00fcber eine Memory Foam-Innensohle f\u00fcr komfortable D\u00e4mpfung.<\/div>\n<ul>\n<li>Hogan H-Streifen Sneaker f\u00fcr Herren<\/li>\n<li>Made in Italy<\/li>\n<li>Obermaterial: Nappaleder<\/li>\n<li>H-Logo an der Seite: Wildleder<\/li>\n<li>Details aus Glattleder<\/li>\n<li>8 mm Memory Foam-Innensohle<\/li>\n<li>EVA-Laufsohle<\/li>\n<li>Gesamth\u00f6he: 4,8 cm<\/li>\n<li>Pflegehinweise inklusive<\/li>\n<li>Staubbeutel aus Stoff inklusive<\/li>\n<li>Zus\u00e4tzliche Schn\u00fcrsenkel inklusive<\/li>\n<\/ul>\n","protected":false},"excerpt":{"rendered":"<p>Der sportliche und vielseitige H-Streifen Sneaker besticht durch eine extraleichte Laufsohle mit vertikalen Streifen. Das kompakte und ausgewogene Obermaterial zeichnet sich durch das seitlich verlaufende H-Logo aus. Der Oberbesatz mit Ziern\u00e4hten am hinteren Patch ist weich gepolstert. Diese Version ist aus weichem Nappaleder gefertigt und verf\u00fcgt \u00fcber eine Memory Foam-Innensohle f\u00fcr komfortable D\u00e4mpfung. Hogan H-Streifen [&#8230;]\n","protected":false},"featured_media":205083,"comment_status":"open","ping_status":"closed","template":"","meta":{"rank_math_lock_modified_date":false},"product_cat":[447,451,463,519,523,527,531,790],"product_tag":[],"class_list":{"0":"post-204276","1":"product","2":"type-product","3":"status-publish","4":"has-post-thumbnail","6":"product_cat-kleding-de","7":"product_cat-heren-de","8":"product_cat-vousten-sports-de-2","9":"product_cat-hogan-de","10":"product_cat-schoenen-de-2","11":"product_cat-sneakers-de-2","12":"product_cat-herenschoenen-de","13":"product_cat-veter-en-gespschoenen-de-2","15":"first","16":"instock","17":"taxable","18":"shipping-taxable","19":"purchasable","20":"product-type-variable"},"acf":[],"yoast_head":"<!-- This site is optimized with the Yoast SEO plugin v23.9 - https:\/\/yoast.com\/wordpress\/plugins\/seo\/ -->\n<title>HOGAN - Sneaker H-Streifen blau \/ wei\u00df (41252) - Vousten Sports<\/title>\n<meta name=\"robots\" content=\"index, follow, max-snippet:-1, max-image-preview:large, max-video-preview:-1\" \/>\n<link rel=\"canonical\" href=\"https:\/\/www.voustensports.com\/de\/hogan-sneaker-h-streifen-blau-weis-41252\/\" \/>\n<meta property=\"og:locale\" content=\"de_DE\" \/>\n<meta property=\"og:type\" content=\"article\" \/>\n<meta property=\"og:title\" content=\"HOGAN - Sneaker H-Streifen blau \/ wei\u00df (41252) - Vousten Sports\" \/>\n<meta property=\"og:description\" content=\"Der sportliche und vielseitige H-Streifen Sneaker besticht durch eine extraleichte Laufsohle mit vertikalen Streifen. Das kompakte und ausgewogene Obermaterial zeichnet sich durch das seitlich verlaufende H-Logo aus. Der Oberbesatz mit Ziern\u00e4hten am hinteren Patch ist weich gepolstert. Diese Version ist aus weichem Nappaleder gefertigt und verf\u00fcgt \u00fcber eine Memory Foam-Innensohle f\u00fcr komfortable D\u00e4mpfung. Hogan H-Streifen [...]\" \/>\n<meta property=\"og:url\" content=\"https:\/\/www.voustensports.com\/de\/hogan-sneaker-h-streifen-blau-weis-41252\/\" \/>\n<meta property=\"og:site_name\" content=\"Vousten Sports\" \/>\n<meta property=\"article:modified_time\" content=\"2026-02-05T11:32:46+00:00\" \/>\n<meta property=\"og:image\" content=\"https:\/\/www.voustensports.com\/wp-content\/uploads\/2023\/06\/Sneakers-H-Stripes-blauw-wit-412521.png\" \/>\n\t<meta property=\"og:image:width\" content=\"1365\" \/>\n\t<meta property=\"og:image:height\" content=\"1365\" \/>\n\t<meta property=\"og:image:type\" content=\"image\/png\" \/>\n<meta name=\"twitter:card\" content=\"summary_large_image\" \/>\n<script type=\"application\/ld+json\" class=\"yoast-schema-graph\">{\"@context\":\"https:\/\/schema.org\",\"@graph\":[{\"@type\":\"WebPage\",\"@id\":\"https:\/\/www.voustensports.com\/de\/hogan-sneaker-h-streifen-blau-weis-41252\/\",\"url\":\"https:\/\/www.voustensports.com\/de\/hogan-sneaker-h-streifen-blau-weis-41252\/\",\"name\":\"HOGAN - Sneaker H-Streifen blau \/ wei\u00df (41252) - Vousten Sports\",\"isPartOf\":{\"@id\":\"https:\/\/www.voustensports.com\/nl\/#website\"},\"primaryImageOfPage\":{\"@id\":\"https:\/\/www.voustensports.com\/de\/hogan-sneaker-h-streifen-blau-weis-41252\/#primaryimage\"},\"image\":{\"@id\":\"https:\/\/www.voustensports.com\/de\/hogan-sneaker-h-streifen-blau-weis-41252\/#primaryimage\"},\"thumbnailUrl\":\"https:\/\/www.voustensports.com\/wp-content\/uploads\/2023\/06\/HOGAN-Sneakers-H-Stripes-blauw-wit-41252.png\",\"datePublished\":\"2025-06-19T10:01:54+00:00\",\"dateModified\":\"2026-02-05T11:32:46+00:00\",\"breadcrumb\":{\"@id\":\"https:\/\/www.voustensports.com\/de\/hogan-sneaker-h-streifen-blau-weis-41252\/#breadcrumb\"},\"inLanguage\":\"de-DE\",\"potentialAction\":[{\"@type\":\"ReadAction\",\"target\":[\"https:\/\/www.voustensports.com\/de\/hogan-sneaker-h-streifen-blau-weis-41252\/\"]}]},{\"@type\":\"ImageObject\",\"inLanguage\":\"de-DE\",\"@id\":\"https:\/\/www.voustensports.com\/de\/hogan-sneaker-h-streifen-blau-weis-41252\/#primaryimage\",\"url\":\"https:\/\/www.voustensports.com\/wp-content\/uploads\/2023\/06\/HOGAN-Sneakers-H-Stripes-blauw-wit-41252.png\",\"contentUrl\":\"https:\/\/www.voustensports.com\/wp-content\/uploads\/2023\/06\/HOGAN-Sneakers-H-Stripes-blauw-wit-41252.png\",\"width\":1365,\"height\":1365},{\"@type\":\"BreadcrumbList\",\"@id\":\"https:\/\/www.voustensports.com\/de\/hogan-sneaker-h-streifen-blau-weis-41252\/#breadcrumb\",\"itemListElement\":[{\"@type\":\"ListItem\",\"position\":1,\"name\":\"Home\",\"item\":\"https:\/\/www.voustensports.com\/de\/\"},{\"@type\":\"ListItem\",\"position\":2,\"name\":\"Shop\",\"item\":\"https:\/\/www.voustensports.com\/de\/shop\/\"},{\"@type\":\"ListItem\",\"position\":3,\"name\":\"HOGAN &#8211; Sneaker H-Streifen blau \/ wei\u00df (41252)\"}]},{\"@type\":\"WebSite\",\"@id\":\"https:\/\/www.voustensports.com\/nl\/#website\",\"url\":\"https:\/\/www.voustensports.com\/nl\/\",\"name\":\"Vousten Sports\",\"description\":\"\",\"potentialAction\":[{\"@type\":\"SearchAction\",\"target\":{\"@type\":\"EntryPoint\",\"urlTemplate\":\"https:\/\/www.voustensports.com\/nl\/?s={search_term_string}\"},\"query-input\":{\"@type\":\"PropertyValueSpecification\",\"valueRequired\":true,\"valueName\":\"search_term_string\"}}],\"inLanguage\":\"de-DE\"}]}<\/script>\n<!-- \/ Yoast SEO plugin. -->","yoast_head_json":{"title":"HOGAN - Sneaker H-Streifen blau \/ wei\u00df (41252) - Vousten Sports","robots":{"index":"index","follow":"follow","max-snippet":"max-snippet:-1","max-image-preview":"max-image-preview:large","max-video-preview":"max-video-preview:-1"},"canonical":"https:\/\/www.voustensports.com\/de\/hogan-sneaker-h-streifen-blau-weis-41252\/","og_locale":"de_DE","og_type":"article","og_title":"HOGAN - Sneaker H-Streifen blau \/ wei\u00df (41252) - Vousten Sports","og_description":"Der sportliche und vielseitige H-Streifen Sneaker besticht durch eine extraleichte Laufsohle mit vertikalen Streifen. Das kompakte und ausgewogene Obermaterial zeichnet sich durch das seitlich verlaufende H-Logo aus. Der Oberbesatz mit Ziern\u00e4hten am hinteren Patch ist weich gepolstert. Diese Version ist aus weichem Nappaleder gefertigt und verf\u00fcgt \u00fcber eine Memory Foam-Innensohle f\u00fcr komfortable D\u00e4mpfung. Hogan H-Streifen [...]","og_url":"https:\/\/www.voustensports.com\/de\/hogan-sneaker-h-streifen-blau-weis-41252\/","og_site_name":"Vousten Sports","article_modified_time":"2026-02-05T11:32:46+00:00","og_image":[{"width":1365,"height":1365,"url":"https:\/\/www.voustensports.com\/wp-content\/uploads\/2023\/06\/Sneakers-H-Stripes-blauw-wit-412521.png","type":"image\/png"}],"twitter_card":"summary_large_image","schema":{"@context":"https:\/\/schema.org","@graph":[{"@type":"WebPage","@id":"https:\/\/www.voustensports.com\/de\/hogan-sneaker-h-streifen-blau-weis-41252\/","url":"https:\/\/www.voustensports.com\/de\/hogan-sneaker-h-streifen-blau-weis-41252\/","name":"HOGAN - Sneaker H-Streifen blau \/ wei\u00df (41252) - Vousten Sports","isPartOf":{"@id":"https:\/\/www.voustensports.com\/nl\/#website"},"primaryImageOfPage":{"@id":"https:\/\/www.voustensports.com\/de\/hogan-sneaker-h-streifen-blau-weis-41252\/#primaryimage"},"image":{"@id":"https:\/\/www.voustensports.com\/de\/hogan-sneaker-h-streifen-blau-weis-41252\/#primaryimage"},"thumbnailUrl":"https:\/\/www.voustensports.com\/wp-content\/uploads\/2023\/06\/HOGAN-Sneakers-H-Stripes-blauw-wit-41252.png","datePublished":"2025-06-19T10:01:54+00:00","dateModified":"2026-02-05T11:32:46+00:00","breadcrumb":{"@id":"https:\/\/www.voustensports.com\/de\/hogan-sneaker-h-streifen-blau-weis-41252\/#breadcrumb"},"inLanguage":"de-DE","potentialAction":[{"@type":"ReadAction","target":["https:\/\/www.voustensports.com\/de\/hogan-sneaker-h-streifen-blau-weis-41252\/"]}]},{"@type":"ImageObject","inLanguage":"de-DE","@id":"https:\/\/www.voustensports.com\/de\/hogan-sneaker-h-streifen-blau-weis-41252\/#primaryimage","url":"https:\/\/www.voustensports.com\/wp-content\/uploads\/2023\/06\/HOGAN-Sneakers-H-Stripes-blauw-wit-41252.png","contentUrl":"https:\/\/www.voustensports.com\/wp-content\/uploads\/2023\/06\/HOGAN-Sneakers-H-Stripes-blauw-wit-41252.png","width":1365,"height":1365},{"@type":"BreadcrumbList","@id":"https:\/\/www.voustensports.com\/de\/hogan-sneaker-h-streifen-blau-weis-41252\/#breadcrumb","itemListElement":[{"@type":"ListItem","position":1,"name":"Home","item":"https:\/\/www.voustensports.com\/de\/"},{"@type":"ListItem","position":2,"name":"Shop","item":"https:\/\/www.voustensports.com\/de\/shop\/"},{"@type":"ListItem","position":3,"name":"HOGAN &#8211; Sneaker H-Streifen blau \/ wei\u00df (41252)"}]},{"@type":"WebSite","@id":"https:\/\/www.voustensports.com\/nl\/#website","url":"https:\/\/www.voustensports.com\/nl\/","name":"Vousten Sports","description":"","potentialAction":[{"@type":"SearchAction","target":{"@type":"EntryPoint","urlTemplate":"https:\/\/www.voustensports.com\/nl\/?s={search_term_string}"},"query-input":{"@type":"PropertyValueSpecification","valueRequired":true,"valueName":"search_term_string"}}],"inLanguage":"de-DE"}]}},"_links":{"self":[{"href":"https:\/\/www.voustensports.com\/de\/wp-json\/wp\/v2\/product\/204276","targetHints":{"allow":["GET"]}}],"collection":[{"href":"https:\/\/www.voustensports.com\/de\/wp-json\/wp\/v2\/product"}],"about":[{"href":"https:\/\/www.voustensports.com\/de\/wp-json\/wp\/v2\/types\/product"}],"replies":[{"embeddable":true,"href":"https:\/\/www.voustensports.com\/de\/wp-json\/wp\/v2\/comments?post=204276"}],"wp:featuredmedia":[{"embeddable":true,"href":"https:\/\/www.voustensports.com\/de\/wp-json\/wp\/v2\/media\/205083"}],"wp:attachment":[{"href":"https:\/\/www.voustensports.com\/de\/wp-json\/wp\/v2\/media?parent=204276"}],"wp:term":[{"taxonomy":"product_cat","embeddable":true,"href":"https:\/\/www.voustensports.com\/de\/wp-json\/wp\/v2\/product_cat?post=204276"},{"taxonomy":"product_tag","embeddable":true,"href":"https:\/\/www.voustensports.com\/de\/wp-json\/wp\/v2\/product_tag?post=204276"}],"curies":[{"name":"wp","href":"https:\/\/api.w.org\/{rel}","templated":true}]}}