{"id":204023,"date":"2025-05-16T23:45:26","date_gmt":"2025-05-16T21:45:26","guid":{"rendered":"https:\/\/www.voustensports.com\/valenza-poloshirt-zip-long-sleeve-perlgrau-40849\/"},"modified":"2026-02-05T12:31:19","modified_gmt":"2026-02-05T11:31:19","slug":"valenza-poloshirt-zip-long-sleeve-perlgrau-40849","status":"publish","type":"product","link":"https:\/\/www.voustensports.com\/de\/valenza-poloshirt-zip-long-sleeve-perlgrau-40849\/","title":{"rendered":"VALENZA &#8211; Poloshirt Zip Long Sleeve perlgrau (40849)"},"content":{"rendered":"<div>Produktinformationen:<\/div>\n<ul>\n<li>Polo mit taillierter Passform<\/li>\n<li>Lange \u00c4rmel<\/li>\n<li>Polokragen mit Rei\u00dfverschluss<\/li>\n<\/ul>\n<div>Material:<\/div>\n<ul>\n<li>Interlock-Supima-Baumwolle<\/li>\n<li>Hergestellt in Italien<\/li>\n<li>Zusammensetzung: 100% Baumwolle<\/li>\n<li>Gewicht: 190 g\/m\u00b2<\/li>\n<\/ul>\n<div>Etiketten, H\u00e4ngeetiketten &amp; Rei\u00dfverschluss:<\/div>\n<ul>\n<li>Etiketten aus recycelter Baumwolle<\/li>\n<li>H\u00e4ngeetiketten aus Recyclingpapier<\/li>\n<li>Rotguss-Rei\u00dfverschluss<\/li>\n<li>Hergestellt in Italien<\/li>\n<\/ul>\n<div>Produktionsstandort:<\/div>\n<ul>\n<li>Hergestellt in den Marken, Italien. 100 % \u201eMade in Italy\u201c-zertifiziert. Alle Schritte im Zusammenhang mit der Herstellung dieses Produkts werden in den Marken (Italien) nach handwerklichen Verfahren durchgef\u00fchrt.<\/li>\n<\/ul>\n","protected":false},"excerpt":{"rendered":"<p>Produktinformationen: Polo mit taillierter Passform Lange \u00c4rmel Polokragen mit Rei\u00dfverschluss Material: Interlock-Supima-Baumwolle Hergestellt in Italien Zusammensetzung: 100% Baumwolle Gewicht: 190 g\/m\u00b2 Etiketten, H\u00e4ngeetiketten &amp; Rei\u00dfverschluss: Etiketten aus recycelter Baumwolle H\u00e4ngeetiketten aus Recyclingpapier Rotguss-Rei\u00dfverschluss Hergestellt in Italien Produktionsstandort: Hergestellt in den Marken, Italien. 100 % \u201eMade in Italy\u201c-zertifiziert. Alle Schritte im Zusammenhang mit der Herstellung dieses [&#8230;]\n","protected":false},"featured_media":204011,"comment_status":"open","ping_status":"closed","template":"","meta":{"rank_math_lock_modified_date":false},"product_cat":[479,487,779,447,451,463],"product_tag":[],"class_list":{"0":"post-204023","1":"product","2":"type-product","3":"status-publish","4":"has-post-thumbnail","6":"product_cat-polos-de-2","7":"product_cat-shirt-de-2","8":"product_cat-valenza-de","9":"product_cat-kleding-de","10":"product_cat-heren-de","11":"product_cat-vousten-sports-de-2","13":"first","14":"outofstock","15":"taxable","16":"shipping-taxable","17":"purchasable","18":"product-type-variable"},"acf":[],"yoast_head":"<!-- This site is optimized with the Yoast SEO plugin v23.9 - https:\/\/yoast.com\/wordpress\/plugins\/seo\/ -->\n<title>VALENZA - Poloshirt Zip Long Sleeve perlgrau (40849) - Vousten Sports<\/title>\n<meta name=\"robots\" content=\"index, follow, max-snippet:-1, max-image-preview:large, max-video-preview:-1\" \/>\n<link rel=\"canonical\" href=\"https:\/\/www.voustensports.com\/de\/valenza-poloshirt-zip-long-sleeve-perlgrau-40849\/\" \/>\n<meta property=\"og:locale\" content=\"de_DE\" \/>\n<meta property=\"og:type\" content=\"article\" \/>\n<meta property=\"og:title\" content=\"VALENZA - Poloshirt Zip Long Sleeve perlgrau (40849) - Vousten Sports\" \/>\n<meta property=\"og:description\" content=\"Produktinformationen: Polo mit taillierter Passform Lange \u00c4rmel Polokragen mit Rei\u00dfverschluss Material: Interlock-Supima-Baumwolle Hergestellt in Italien Zusammensetzung: 100% Baumwolle Gewicht: 190 g\/m\u00b2 Etiketten, H\u00e4ngeetiketten &amp; Rei\u00dfverschluss: Etiketten aus recycelter Baumwolle H\u00e4ngeetiketten aus Recyclingpapier Rotguss-Rei\u00dfverschluss Hergestellt in Italien Produktionsstandort: Hergestellt in den Marken, Italien. 100 % \u201eMade in Italy\u201c-zertifiziert. Alle Schritte im Zusammenhang mit der Herstellung dieses [...]\" \/>\n<meta property=\"og:url\" content=\"https:\/\/www.voustensports.com\/de\/valenza-poloshirt-zip-long-sleeve-perlgrau-40849\/\" \/>\n<meta property=\"og:site_name\" content=\"Vousten Sports\" \/>\n<meta property=\"article:modified_time\" content=\"2026-02-05T11:31:19+00:00\" \/>\n<meta property=\"og:image\" content=\"https:\/\/www.voustensports.com\/wp-content\/uploads\/2023\/06\/Poloshirt-Zip-Long-Sleeve-parelgrijs-408491.jpg\" \/>\n\t<meta property=\"og:image:width\" content=\"1366\" \/>\n\t<meta property=\"og:image:height\" content=\"2048\" \/>\n\t<meta property=\"og:image:type\" content=\"image\/jpeg\" \/>\n<meta name=\"twitter:card\" content=\"summary_large_image\" \/>\n<script type=\"application\/ld+json\" class=\"yoast-schema-graph\">{\"@context\":\"https:\/\/schema.org\",\"@graph\":[{\"@type\":\"WebPage\",\"@id\":\"https:\/\/www.voustensports.com\/de\/valenza-poloshirt-zip-long-sleeve-perlgrau-40849\/\",\"url\":\"https:\/\/www.voustensports.com\/de\/valenza-poloshirt-zip-long-sleeve-perlgrau-40849\/\",\"name\":\"VALENZA - Poloshirt Zip Long Sleeve perlgrau (40849) - Vousten Sports\",\"isPartOf\":{\"@id\":\"https:\/\/www.voustensports.com\/nl\/#website\"},\"primaryImageOfPage\":{\"@id\":\"https:\/\/www.voustensports.com\/de\/valenza-poloshirt-zip-long-sleeve-perlgrau-40849\/#primaryimage\"},\"image\":{\"@id\":\"https:\/\/www.voustensports.com\/de\/valenza-poloshirt-zip-long-sleeve-perlgrau-40849\/#primaryimage\"},\"thumbnailUrl\":\"https:\/\/www.voustensports.com\/wp-content\/uploads\/2023\/06\/Poloshirt-Zip-Long-Sleeve-parelgrijs-408491.jpg\",\"datePublished\":\"2025-05-16T21:45:26+00:00\",\"dateModified\":\"2026-02-05T11:31:19+00:00\",\"breadcrumb\":{\"@id\":\"https:\/\/www.voustensports.com\/de\/valenza-poloshirt-zip-long-sleeve-perlgrau-40849\/#breadcrumb\"},\"inLanguage\":\"de-DE\",\"potentialAction\":[{\"@type\":\"ReadAction\",\"target\":[\"https:\/\/www.voustensports.com\/de\/valenza-poloshirt-zip-long-sleeve-perlgrau-40849\/\"]}]},{\"@type\":\"ImageObject\",\"inLanguage\":\"de-DE\",\"@id\":\"https:\/\/www.voustensports.com\/de\/valenza-poloshirt-zip-long-sleeve-perlgrau-40849\/#primaryimage\",\"url\":\"https:\/\/www.voustensports.com\/wp-content\/uploads\/2023\/06\/Poloshirt-Zip-Long-Sleeve-parelgrijs-408491.jpg\",\"contentUrl\":\"https:\/\/www.voustensports.com\/wp-content\/uploads\/2023\/06\/Poloshirt-Zip-Long-Sleeve-parelgrijs-408491.jpg\",\"width\":1366,\"height\":2048},{\"@type\":\"BreadcrumbList\",\"@id\":\"https:\/\/www.voustensports.com\/de\/valenza-poloshirt-zip-long-sleeve-perlgrau-40849\/#breadcrumb\",\"itemListElement\":[{\"@type\":\"ListItem\",\"position\":1,\"name\":\"Home\",\"item\":\"https:\/\/www.voustensports.com\/de\/\"},{\"@type\":\"ListItem\",\"position\":2,\"name\":\"Shop\",\"item\":\"https:\/\/www.voustensports.com\/de\/shop\/\"},{\"@type\":\"ListItem\",\"position\":3,\"name\":\"VALENZA &#8211; Poloshirt Zip Long Sleeve perlgrau (40849)\"}]},{\"@type\":\"WebSite\",\"@id\":\"https:\/\/www.voustensports.com\/nl\/#website\",\"url\":\"https:\/\/www.voustensports.com\/nl\/\",\"name\":\"Vousten Sports\",\"description\":\"\",\"potentialAction\":[{\"@type\":\"SearchAction\",\"target\":{\"@type\":\"EntryPoint\",\"urlTemplate\":\"https:\/\/www.voustensports.com\/nl\/?s={search_term_string}\"},\"query-input\":{\"@type\":\"PropertyValueSpecification\",\"valueRequired\":true,\"valueName\":\"search_term_string\"}}],\"inLanguage\":\"de-DE\"}]}<\/script>\n<!-- \/ Yoast SEO plugin. -->","yoast_head_json":{"title":"VALENZA - Poloshirt Zip Long Sleeve perlgrau (40849) - Vousten Sports","robots":{"index":"index","follow":"follow","max-snippet":"max-snippet:-1","max-image-preview":"max-image-preview:large","max-video-preview":"max-video-preview:-1"},"canonical":"https:\/\/www.voustensports.com\/de\/valenza-poloshirt-zip-long-sleeve-perlgrau-40849\/","og_locale":"de_DE","og_type":"article","og_title":"VALENZA - Poloshirt Zip Long Sleeve perlgrau (40849) - Vousten Sports","og_description":"Produktinformationen: Polo mit taillierter Passform Lange \u00c4rmel Polokragen mit Rei\u00dfverschluss Material: Interlock-Supima-Baumwolle Hergestellt in Italien Zusammensetzung: 100% Baumwolle Gewicht: 190 g\/m\u00b2 Etiketten, H\u00e4ngeetiketten &amp; Rei\u00dfverschluss: Etiketten aus recycelter Baumwolle H\u00e4ngeetiketten aus Recyclingpapier Rotguss-Rei\u00dfverschluss Hergestellt in Italien Produktionsstandort: Hergestellt in den Marken, Italien. 100 % \u201eMade in Italy\u201c-zertifiziert. Alle Schritte im Zusammenhang mit der Herstellung dieses [...]","og_url":"https:\/\/www.voustensports.com\/de\/valenza-poloshirt-zip-long-sleeve-perlgrau-40849\/","og_site_name":"Vousten Sports","article_modified_time":"2026-02-05T11:31:19+00:00","og_image":[{"width":1366,"height":2048,"url":"https:\/\/www.voustensports.com\/wp-content\/uploads\/2023\/06\/Poloshirt-Zip-Long-Sleeve-parelgrijs-408491.jpg","type":"image\/jpeg"}],"twitter_card":"summary_large_image","schema":{"@context":"https:\/\/schema.org","@graph":[{"@type":"WebPage","@id":"https:\/\/www.voustensports.com\/de\/valenza-poloshirt-zip-long-sleeve-perlgrau-40849\/","url":"https:\/\/www.voustensports.com\/de\/valenza-poloshirt-zip-long-sleeve-perlgrau-40849\/","name":"VALENZA - Poloshirt Zip Long Sleeve perlgrau (40849) - Vousten Sports","isPartOf":{"@id":"https:\/\/www.voustensports.com\/nl\/#website"},"primaryImageOfPage":{"@id":"https:\/\/www.voustensports.com\/de\/valenza-poloshirt-zip-long-sleeve-perlgrau-40849\/#primaryimage"},"image":{"@id":"https:\/\/www.voustensports.com\/de\/valenza-poloshirt-zip-long-sleeve-perlgrau-40849\/#primaryimage"},"thumbnailUrl":"https:\/\/www.voustensports.com\/wp-content\/uploads\/2023\/06\/Poloshirt-Zip-Long-Sleeve-parelgrijs-408491.jpg","datePublished":"2025-05-16T21:45:26+00:00","dateModified":"2026-02-05T11:31:19+00:00","breadcrumb":{"@id":"https:\/\/www.voustensports.com\/de\/valenza-poloshirt-zip-long-sleeve-perlgrau-40849\/#breadcrumb"},"inLanguage":"de-DE","potentialAction":[{"@type":"ReadAction","target":["https:\/\/www.voustensports.com\/de\/valenza-poloshirt-zip-long-sleeve-perlgrau-40849\/"]}]},{"@type":"ImageObject","inLanguage":"de-DE","@id":"https:\/\/www.voustensports.com\/de\/valenza-poloshirt-zip-long-sleeve-perlgrau-40849\/#primaryimage","url":"https:\/\/www.voustensports.com\/wp-content\/uploads\/2023\/06\/Poloshirt-Zip-Long-Sleeve-parelgrijs-408491.jpg","contentUrl":"https:\/\/www.voustensports.com\/wp-content\/uploads\/2023\/06\/Poloshirt-Zip-Long-Sleeve-parelgrijs-408491.jpg","width":1366,"height":2048},{"@type":"BreadcrumbList","@id":"https:\/\/www.voustensports.com\/de\/valenza-poloshirt-zip-long-sleeve-perlgrau-40849\/#breadcrumb","itemListElement":[{"@type":"ListItem","position":1,"name":"Home","item":"https:\/\/www.voustensports.com\/de\/"},{"@type":"ListItem","position":2,"name":"Shop","item":"https:\/\/www.voustensports.com\/de\/shop\/"},{"@type":"ListItem","position":3,"name":"VALENZA &#8211; Poloshirt Zip Long Sleeve perlgrau (40849)"}]},{"@type":"WebSite","@id":"https:\/\/www.voustensports.com\/nl\/#website","url":"https:\/\/www.voustensports.com\/nl\/","name":"Vousten Sports","description":"","potentialAction":[{"@type":"SearchAction","target":{"@type":"EntryPoint","urlTemplate":"https:\/\/www.voustensports.com\/nl\/?s={search_term_string}"},"query-input":{"@type":"PropertyValueSpecification","valueRequired":true,"valueName":"search_term_string"}}],"inLanguage":"de-DE"}]}},"_links":{"self":[{"href":"https:\/\/www.voustensports.com\/de\/wp-json\/wp\/v2\/product\/204023","targetHints":{"allow":["GET"]}}],"collection":[{"href":"https:\/\/www.voustensports.com\/de\/wp-json\/wp\/v2\/product"}],"about":[{"href":"https:\/\/www.voustensports.com\/de\/wp-json\/wp\/v2\/types\/product"}],"replies":[{"embeddable":true,"href":"https:\/\/www.voustensports.com\/de\/wp-json\/wp\/v2\/comments?post=204023"}],"wp:featuredmedia":[{"embeddable":true,"href":"https:\/\/www.voustensports.com\/de\/wp-json\/wp\/v2\/media\/204011"}],"wp:attachment":[{"href":"https:\/\/www.voustensports.com\/de\/wp-json\/wp\/v2\/media?parent=204023"}],"wp:term":[{"taxonomy":"product_cat","embeddable":true,"href":"https:\/\/www.voustensports.com\/de\/wp-json\/wp\/v2\/product_cat?post=204023"},{"taxonomy":"product_tag","embeddable":true,"href":"https:\/\/www.voustensports.com\/de\/wp-json\/wp\/v2\/product_tag?post=204023"}],"curies":[{"name":"wp","href":"https:\/\/api.w.org\/{rel}","templated":true}]}}