{"id":20348,"date":"2023-06-08T14:42:18","date_gmt":"2023-06-08T14:42:18","guid":{"rendered":"https:\/\/www.voustensports.com\/product\/dukes-vienna-silver-blau-45-cm-26614\/"},"modified":"2026-02-05T11:46:57","modified_gmt":"2026-02-05T10:46:57","slug":"dukes-vienna-silver-blau-45-cm-26614","status":"publish","type":"product","link":"https:\/\/www.voustensports.com\/de\/dukes-vienna-silver-blau-45-cm-26614\/","title":{"rendered":"Dukes Vienna Silver blau 4,5 cm (26614)"},"content":{"rendered":"<p id=\"tw-target-text\" class=\"tw-data-text tw-text-large tw-ta\" dir=\"ltr\" data-placeholder=\"Vertaling\"><span class=\"Y2IQFc\" lang=\"de\">Die Vintage-Kollektion besteht aus restaurierten und extrem seltenen Armeeg\u00fcrteln, die bis zu 30 Jahre alt sind. Die originalen Vintage-Lederprodukte stammen von einem weltweiten Netzwerk von Vintage-Enthusiasten, von Los Angeles bis Budapest. Jeder Vintage G\u00fcrtel ist ein Unikat. Gebrauchsspuren, Kratzer, Flecken und andere Altersspuren sind Anzeichen f\u00fcr echte Vintage-Armeeprodukte. Jedes St\u00fcck hat seinen eigenen Charakter und ist wie kein anderes. Jedes St\u00fcck wird gereinigt und mit nat\u00fcrlichen \u00d6len behandelt und erh\u00e4lt schlie\u00dflich seine k\u00fcnstlerische Note. In limitierter Auflage gefertigt, macht eine individuelle Seriennummer jeden Style zu einem einzigartigen und authentischen Sammlerst\u00fcck.<\/span><\/p>\n<p class=\"tw-data-text tw-text-large tw-ta\" dir=\"ltr\" data-placeholder=\"Vertaling\"><span class=\"Y2IQFc\" lang=\"de\">Die Artisan-Kollektion ist das breiteste Sortiment und besteht aus Lederaccessoires mit zahlreichen handgemalten Motiven und Farbdrucken. Die Designer zeichnen erz\u00e4hlerische Motive, inspiriert von der Natur, der bildenden Kunst oder den gro\u00dfen Kulturepochen. Die Handmalereien illustrieren die gro\u00dfen historischen Momente durch die Epochen wie Pearl Harbor, die legend\u00e4ren Samurai, die ferne Kultur der Mongolen und pr\u00e4sentieren als eines der Hauptthemen ber\u00fchmte Leben von Pers\u00f6nlichkeiten.<\/span><\/p>\n","protected":false},"excerpt":{"rendered":"<p>Die Vintage-Kollektion besteht aus restaurierten und extrem seltenen Armeeg\u00fcrteln, die bis zu 30 Jahre alt sind. Die originalen Vintage-Lederprodukte stammen von einem weltweiten Netzwerk von Vintage-Enthusiasten, von Los Angeles bis Budapest. Jeder Vintage G\u00fcrtel ist ein Unikat. Gebrauchsspuren, Kratzer, Flecken und andere Altersspuren sind Anzeichen f\u00fcr echte Vintage-Armeeprodukte. Jedes St\u00fcck hat seinen eigenen Charakter und [&#8230;]\n","protected":false},"featured_media":20345,"comment_status":"open","ping_status":"closed","template":"","meta":{"rank_math_lock_modified_date":false},"product_cat":[511,451,494,504],"product_tag":[],"class_list":{"0":"post-20348","1":"product","2":"type-product","3":"status-publish","4":"has-post-thumbnail","6":"product_cat-riemen-de-2","7":"product_cat-heren-de","8":"product_cat-accessoires-de","9":"product_cat-dukes-artisan-belts-de","11":"first","12":"instock","13":"taxable","14":"shipping-taxable","15":"purchasable","16":"product-type-variable"},"acf":[],"yoast_head":"<!-- This site is optimized with the Yoast SEO plugin v23.9 - https:\/\/yoast.com\/wordpress\/plugins\/seo\/ -->\n<title>Dukes Vienna Silver blau 4,5 cm (26614) - Vousten Sports<\/title>\n<meta name=\"robots\" content=\"index, follow, max-snippet:-1, max-image-preview:large, max-video-preview:-1\" \/>\n<link rel=\"canonical\" href=\"https:\/\/www.voustensports.com\/de\/dukes-vienna-silver-blau-45-cm-26614\/\" \/>\n<meta property=\"og:locale\" content=\"de_DE\" \/>\n<meta property=\"og:type\" content=\"article\" \/>\n<meta property=\"og:title\" content=\"Dukes Vienna Silver blau 4,5 cm (26614) - Vousten Sports\" \/>\n<meta property=\"og:description\" content=\"Die Vintage-Kollektion besteht aus restaurierten und extrem seltenen Armeeg\u00fcrteln, die bis zu 30 Jahre alt sind. Die originalen Vintage-Lederprodukte stammen von einem weltweiten Netzwerk von Vintage-Enthusiasten, von Los Angeles bis Budapest. Jeder Vintage G\u00fcrtel ist ein Unikat. Gebrauchsspuren, Kratzer, Flecken und andere Altersspuren sind Anzeichen f\u00fcr echte Vintage-Armeeprodukte. Jedes St\u00fcck hat seinen eigenen Charakter und [...]\" \/>\n<meta property=\"og:url\" content=\"https:\/\/www.voustensports.com\/de\/dukes-vienna-silver-blau-45-cm-26614\/\" \/>\n<meta property=\"og:site_name\" content=\"Vousten Sports\" \/>\n<meta property=\"article:modified_time\" content=\"2026-02-05T10:46:57+00:00\" \/>\n<meta property=\"og:image\" content=\"https:\/\/www.voustensports.com\/wp-content\/uploads\/2023\/03\/dukes_vienna_silver_blue_4.5_cm_26614_0-crop.jpg\" \/>\n\t<meta property=\"og:image:width\" content=\"1261\" \/>\n\t<meta property=\"og:image:height\" content=\"1891\" \/>\n\t<meta property=\"og:image:type\" content=\"image\/jpeg\" \/>\n<meta name=\"twitter:card\" content=\"summary_large_image\" \/>\n<meta name=\"twitter:label1\" content=\"Est. reading time\" \/>\n\t<meta name=\"twitter:data1\" content=\"1 Minute\" \/>\n<script type=\"application\/ld+json\" class=\"yoast-schema-graph\">{\"@context\":\"https:\/\/schema.org\",\"@graph\":[{\"@type\":\"WebPage\",\"@id\":\"https:\/\/www.voustensports.com\/de\/dukes-vienna-silver-blau-45-cm-26614\/\",\"url\":\"https:\/\/www.voustensports.com\/de\/dukes-vienna-silver-blau-45-cm-26614\/\",\"name\":\"Dukes Vienna Silver blau 4,5 cm (26614) - Vousten Sports\",\"isPartOf\":{\"@id\":\"https:\/\/www.voustensports.com\/nl\/#website\"},\"primaryImageOfPage\":{\"@id\":\"https:\/\/www.voustensports.com\/de\/dukes-vienna-silver-blau-45-cm-26614\/#primaryimage\"},\"image\":{\"@id\":\"https:\/\/www.voustensports.com\/de\/dukes-vienna-silver-blau-45-cm-26614\/#primaryimage\"},\"thumbnailUrl\":\"https:\/\/www.voustensports.com\/wp-content\/uploads\/2023\/03\/dukes_vienna_silver_blue_4.5_cm_26614_0-crop.jpg\",\"datePublished\":\"2023-06-08T14:42:18+00:00\",\"dateModified\":\"2026-02-05T10:46:57+00:00\",\"breadcrumb\":{\"@id\":\"https:\/\/www.voustensports.com\/de\/dukes-vienna-silver-blau-45-cm-26614\/#breadcrumb\"},\"inLanguage\":\"de-DE\",\"potentialAction\":[{\"@type\":\"ReadAction\",\"target\":[\"https:\/\/www.voustensports.com\/de\/dukes-vienna-silver-blau-45-cm-26614\/\"]}]},{\"@type\":\"ImageObject\",\"inLanguage\":\"de-DE\",\"@id\":\"https:\/\/www.voustensports.com\/de\/dukes-vienna-silver-blau-45-cm-26614\/#primaryimage\",\"url\":\"https:\/\/www.voustensports.com\/wp-content\/uploads\/2023\/03\/dukes_vienna_silver_blue_4.5_cm_26614_0-crop.jpg\",\"contentUrl\":\"https:\/\/www.voustensports.com\/wp-content\/uploads\/2023\/03\/dukes_vienna_silver_blue_4.5_cm_26614_0-crop.jpg\",\"width\":1261,\"height\":1891},{\"@type\":\"BreadcrumbList\",\"@id\":\"https:\/\/www.voustensports.com\/de\/dukes-vienna-silver-blau-45-cm-26614\/#breadcrumb\",\"itemListElement\":[{\"@type\":\"ListItem\",\"position\":1,\"name\":\"Home\",\"item\":\"https:\/\/www.voustensports.com\/de\/\"},{\"@type\":\"ListItem\",\"position\":2,\"name\":\"Shop\",\"item\":\"https:\/\/www.voustensports.com\/de\/shop\/\"},{\"@type\":\"ListItem\",\"position\":3,\"name\":\"Dukes Vienna Silver blau 4,5 cm (26614)\"}]},{\"@type\":\"WebSite\",\"@id\":\"https:\/\/www.voustensports.com\/nl\/#website\",\"url\":\"https:\/\/www.voustensports.com\/nl\/\",\"name\":\"Vousten Sports\",\"description\":\"\",\"potentialAction\":[{\"@type\":\"SearchAction\",\"target\":{\"@type\":\"EntryPoint\",\"urlTemplate\":\"https:\/\/www.voustensports.com\/nl\/?s={search_term_string}\"},\"query-input\":{\"@type\":\"PropertyValueSpecification\",\"valueRequired\":true,\"valueName\":\"search_term_string\"}}],\"inLanguage\":\"de-DE\"}]}<\/script>\n<!-- \/ Yoast SEO plugin. -->","yoast_head_json":{"title":"Dukes Vienna Silver blau 4,5 cm (26614) - Vousten Sports","robots":{"index":"index","follow":"follow","max-snippet":"max-snippet:-1","max-image-preview":"max-image-preview:large","max-video-preview":"max-video-preview:-1"},"canonical":"https:\/\/www.voustensports.com\/de\/dukes-vienna-silver-blau-45-cm-26614\/","og_locale":"de_DE","og_type":"article","og_title":"Dukes Vienna Silver blau 4,5 cm (26614) - Vousten Sports","og_description":"Die Vintage-Kollektion besteht aus restaurierten und extrem seltenen Armeeg\u00fcrteln, die bis zu 30 Jahre alt sind. Die originalen Vintage-Lederprodukte stammen von einem weltweiten Netzwerk von Vintage-Enthusiasten, von Los Angeles bis Budapest. Jeder Vintage G\u00fcrtel ist ein Unikat. Gebrauchsspuren, Kratzer, Flecken und andere Altersspuren sind Anzeichen f\u00fcr echte Vintage-Armeeprodukte. Jedes St\u00fcck hat seinen eigenen Charakter und [...]","og_url":"https:\/\/www.voustensports.com\/de\/dukes-vienna-silver-blau-45-cm-26614\/","og_site_name":"Vousten Sports","article_modified_time":"2026-02-05T10:46:57+00:00","og_image":[{"width":1261,"height":1891,"url":"https:\/\/www.voustensports.com\/wp-content\/uploads\/2023\/03\/dukes_vienna_silver_blue_4.5_cm_26614_0-crop.jpg","type":"image\/jpeg"}],"twitter_card":"summary_large_image","twitter_misc":{"Est. reading time":"1 Minute"},"schema":{"@context":"https:\/\/schema.org","@graph":[{"@type":"WebPage","@id":"https:\/\/www.voustensports.com\/de\/dukes-vienna-silver-blau-45-cm-26614\/","url":"https:\/\/www.voustensports.com\/de\/dukes-vienna-silver-blau-45-cm-26614\/","name":"Dukes Vienna Silver blau 4,5 cm (26614) - Vousten Sports","isPartOf":{"@id":"https:\/\/www.voustensports.com\/nl\/#website"},"primaryImageOfPage":{"@id":"https:\/\/www.voustensports.com\/de\/dukes-vienna-silver-blau-45-cm-26614\/#primaryimage"},"image":{"@id":"https:\/\/www.voustensports.com\/de\/dukes-vienna-silver-blau-45-cm-26614\/#primaryimage"},"thumbnailUrl":"https:\/\/www.voustensports.com\/wp-content\/uploads\/2023\/03\/dukes_vienna_silver_blue_4.5_cm_26614_0-crop.jpg","datePublished":"2023-06-08T14:42:18+00:00","dateModified":"2026-02-05T10:46:57+00:00","breadcrumb":{"@id":"https:\/\/www.voustensports.com\/de\/dukes-vienna-silver-blau-45-cm-26614\/#breadcrumb"},"inLanguage":"de-DE","potentialAction":[{"@type":"ReadAction","target":["https:\/\/www.voustensports.com\/de\/dukes-vienna-silver-blau-45-cm-26614\/"]}]},{"@type":"ImageObject","inLanguage":"de-DE","@id":"https:\/\/www.voustensports.com\/de\/dukes-vienna-silver-blau-45-cm-26614\/#primaryimage","url":"https:\/\/www.voustensports.com\/wp-content\/uploads\/2023\/03\/dukes_vienna_silver_blue_4.5_cm_26614_0-crop.jpg","contentUrl":"https:\/\/www.voustensports.com\/wp-content\/uploads\/2023\/03\/dukes_vienna_silver_blue_4.5_cm_26614_0-crop.jpg","width":1261,"height":1891},{"@type":"BreadcrumbList","@id":"https:\/\/www.voustensports.com\/de\/dukes-vienna-silver-blau-45-cm-26614\/#breadcrumb","itemListElement":[{"@type":"ListItem","position":1,"name":"Home","item":"https:\/\/www.voustensports.com\/de\/"},{"@type":"ListItem","position":2,"name":"Shop","item":"https:\/\/www.voustensports.com\/de\/shop\/"},{"@type":"ListItem","position":3,"name":"Dukes Vienna Silver blau 4,5 cm (26614)"}]},{"@type":"WebSite","@id":"https:\/\/www.voustensports.com\/nl\/#website","url":"https:\/\/www.voustensports.com\/nl\/","name":"Vousten Sports","description":"","potentialAction":[{"@type":"SearchAction","target":{"@type":"EntryPoint","urlTemplate":"https:\/\/www.voustensports.com\/nl\/?s={search_term_string}"},"query-input":{"@type":"PropertyValueSpecification","valueRequired":true,"valueName":"search_term_string"}}],"inLanguage":"de-DE"}]}},"_links":{"self":[{"href":"https:\/\/www.voustensports.com\/de\/wp-json\/wp\/v2\/product\/20348","targetHints":{"allow":["GET"]}}],"collection":[{"href":"https:\/\/www.voustensports.com\/de\/wp-json\/wp\/v2\/product"}],"about":[{"href":"https:\/\/www.voustensports.com\/de\/wp-json\/wp\/v2\/types\/product"}],"replies":[{"embeddable":true,"href":"https:\/\/www.voustensports.com\/de\/wp-json\/wp\/v2\/comments?post=20348"}],"wp:featuredmedia":[{"embeddable":true,"href":"https:\/\/www.voustensports.com\/de\/wp-json\/wp\/v2\/media\/20345"}],"wp:attachment":[{"href":"https:\/\/www.voustensports.com\/de\/wp-json\/wp\/v2\/media?parent=20348"}],"wp:term":[{"taxonomy":"product_cat","embeddable":true,"href":"https:\/\/www.voustensports.com\/de\/wp-json\/wp\/v2\/product_cat?post=20348"},{"taxonomy":"product_tag","embeddable":true,"href":"https:\/\/www.voustensports.com\/de\/wp-json\/wp\/v2\/product_tag?post=20348"}],"curies":[{"name":"wp","href":"https:\/\/api.w.org\/{rel}","templated":true}]}}