{"id":203007,"date":"2025-04-12T14:46:18","date_gmt":"2025-04-12T12:46:18","guid":{"rendered":"https:\/\/www.voustensports.com\/john-miller-hyperstretch-shirt-weis-39654\/"},"modified":"2026-02-13T18:04:00","modified_gmt":"2026-02-13T17:04:00","slug":"john-miller-hyperstretch-shirt-weis-39654","status":"publish","type":"product","link":"https:\/\/www.voustensports.com\/de\/john-miller-hyperstretch-shirt-weis-39654\/","title":{"rendered":"JOHN MILLER- Hyperstretch Shirt wei\u00df (39654)"},"content":{"rendered":"<div>Dieses Slim-Fit-Hemd ist in Hyperstretch-Qualit\u00e4t gefertigt. Slim Fit Hemden von John Miller sind schmal geschnitten und betonen dadurch die Figur. Die Hyper-Stretch-Qualit\u00e4t des Stoffes sorgt f\u00fcr stylischen Tragekomfort. Dieser italienische Strick hat sich seit Saisons als meistverkaufte Qualit\u00e4t in den Kollektionen von John Miller bew\u00e4hrt. Die matte Optik des Stoffes passt perfekt zu einem l\u00e4ssigen Business-Look und die Perlmuttkn\u00f6pfe runden das Ganze ab. Das Hemd hat einen modischen Haifischkragen, bei dem die Kragenspitzen nach hinten weggeschnitten sind. Die linke Manschette ist mit einem dezenten, aufgestickten Logo versehen.<\/div>\n<ul>\n<li>Passform: Slim Fit<\/li>\n<li>Farbe: Wei\u00df<\/li>\n<li>Design: schlicht<\/li>\n<li>\u00c4rmel: Langarm<\/li>\n<li>Brett: Cutaway<\/li>\n<li>Manschette: Einzelmanschette<\/li>\n<li>Stoffzusammensetzung: 89 % Polyamid, 11 % Elastan<\/li>\n<li>Stoffeigenschaft: Hyperstretch<\/li>\n<li>Brusttasche: Nein<\/li>\n<li>Produktcode:<\/li>\n<li>5142035-910-000-000<\/li>\n<\/ul>\n","protected":false},"excerpt":{"rendered":"<p>Dieses Slim-Fit-Hemd ist in Hyperstretch-Qualit\u00e4t gefertigt. Slim Fit Hemden von John Miller sind schmal geschnitten und betonen dadurch die Figur. Die Hyper-Stretch-Qualit\u00e4t des Stoffes sorgt f\u00fcr stylischen Tragekomfort. Dieser italienische Strick hat sich seit Saisons als meistverkaufte Qualit\u00e4t in den Kollektionen von John Miller bew\u00e4hrt. Die matte Optik des Stoffes passt perfekt zu einem l\u00e4ssigen [&#8230;]\n","protected":false},"featured_media":202999,"comment_status":"open","ping_status":"closed","template":"","meta":{"rank_math_lock_modified_date":false},"product_cat":[487,892,921,447,451,463],"product_tag":[],"class_list":{"0":"post-203007","1":"product","2":"type-product","3":"status-publish","4":"has-post-thumbnail","6":"product_cat-shirt-de-2","7":"product_cat-overhemd-blouse-de","8":"product_cat-john-miller-de","9":"product_cat-kleding-de","10":"product_cat-heren-de","11":"product_cat-vousten-sports-de-2","13":"first","14":"instock","15":"taxable","16":"shipping-taxable","17":"purchasable","18":"product-type-variable"},"acf":[],"yoast_head":"<!-- This site is optimized with the Yoast SEO plugin v23.9 - https:\/\/yoast.com\/wordpress\/plugins\/seo\/ -->\n<title>JOHN MILLER- Hyperstretch Shirt wei\u00df (39654) - Vousten Sports<\/title>\n<meta name=\"robots\" content=\"index, follow, max-snippet:-1, max-image-preview:large, max-video-preview:-1\" \/>\n<link rel=\"canonical\" href=\"https:\/\/www.voustensports.com\/de\/john-miller-hyperstretch-shirt-weis-39654\/\" \/>\n<meta property=\"og:locale\" content=\"de_DE\" \/>\n<meta property=\"og:type\" content=\"article\" \/>\n<meta property=\"og:title\" content=\"JOHN MILLER- Hyperstretch Shirt wei\u00df (39654) - Vousten Sports\" \/>\n<meta property=\"og:description\" content=\"Dieses Slim-Fit-Hemd ist in Hyperstretch-Qualit\u00e4t gefertigt. Slim Fit Hemden von John Miller sind schmal geschnitten und betonen dadurch die Figur. Die Hyper-Stretch-Qualit\u00e4t des Stoffes sorgt f\u00fcr stylischen Tragekomfort. Dieser italienische Strick hat sich seit Saisons als meistverkaufte Qualit\u00e4t in den Kollektionen von John Miller bew\u00e4hrt. Die matte Optik des Stoffes passt perfekt zu einem l\u00e4ssigen [...]\" \/>\n<meta property=\"og:url\" content=\"https:\/\/www.voustensports.com\/de\/john-miller-hyperstretch-shirt-weis-39654\/\" \/>\n<meta property=\"og:site_name\" content=\"Vousten Sports\" \/>\n<meta property=\"article:modified_time\" content=\"2026-02-13T17:04:00+00:00\" \/>\n<meta property=\"og:image\" content=\"https:\/\/www.voustensports.com\/wp-content\/uploads\/2023\/06\/Hyperstretch-Overhemd-wit-396541.png\" \/>\n\t<meta property=\"og:image:width\" content=\"2056\" \/>\n\t<meta property=\"og:image:height\" content=\"1920\" \/>\n\t<meta property=\"og:image:type\" content=\"image\/png\" \/>\n<meta name=\"twitter:card\" content=\"summary_large_image\" \/>\n<meta name=\"twitter:label1\" content=\"Est. reading time\" \/>\n\t<meta name=\"twitter:data1\" content=\"1 Minute\" \/>\n<script type=\"application\/ld+json\" class=\"yoast-schema-graph\">{\"@context\":\"https:\/\/schema.org\",\"@graph\":[{\"@type\":\"WebPage\",\"@id\":\"https:\/\/www.voustensports.com\/de\/john-miller-hyperstretch-shirt-weis-39654\/\",\"url\":\"https:\/\/www.voustensports.com\/de\/john-miller-hyperstretch-shirt-weis-39654\/\",\"name\":\"JOHN MILLER- Hyperstretch Shirt wei\u00df (39654) - Vousten Sports\",\"isPartOf\":{\"@id\":\"https:\/\/www.voustensports.com\/nl\/#website\"},\"primaryImageOfPage\":{\"@id\":\"https:\/\/www.voustensports.com\/de\/john-miller-hyperstretch-shirt-weis-39654\/#primaryimage\"},\"image\":{\"@id\":\"https:\/\/www.voustensports.com\/de\/john-miller-hyperstretch-shirt-weis-39654\/#primaryimage\"},\"thumbnailUrl\":\"https:\/\/www.voustensports.com\/wp-content\/uploads\/2023\/06\/Hyperstretch-Overhemd-wit-396541.png\",\"datePublished\":\"2025-04-12T12:46:18+00:00\",\"dateModified\":\"2026-02-13T17:04:00+00:00\",\"breadcrumb\":{\"@id\":\"https:\/\/www.voustensports.com\/de\/john-miller-hyperstretch-shirt-weis-39654\/#breadcrumb\"},\"inLanguage\":\"de-DE\",\"potentialAction\":[{\"@type\":\"ReadAction\",\"target\":[\"https:\/\/www.voustensports.com\/de\/john-miller-hyperstretch-shirt-weis-39654\/\"]}]},{\"@type\":\"ImageObject\",\"inLanguage\":\"de-DE\",\"@id\":\"https:\/\/www.voustensports.com\/de\/john-miller-hyperstretch-shirt-weis-39654\/#primaryimage\",\"url\":\"https:\/\/www.voustensports.com\/wp-content\/uploads\/2023\/06\/Hyperstretch-Overhemd-wit-396541.png\",\"contentUrl\":\"https:\/\/www.voustensports.com\/wp-content\/uploads\/2023\/06\/Hyperstretch-Overhemd-wit-396541.png\",\"width\":2056,\"height\":1920},{\"@type\":\"BreadcrumbList\",\"@id\":\"https:\/\/www.voustensports.com\/de\/john-miller-hyperstretch-shirt-weis-39654\/#breadcrumb\",\"itemListElement\":[{\"@type\":\"ListItem\",\"position\":1,\"name\":\"Home\",\"item\":\"https:\/\/www.voustensports.com\/de\/\"},{\"@type\":\"ListItem\",\"position\":2,\"name\":\"Shop\",\"item\":\"https:\/\/www.voustensports.com\/de\/shop\/\"},{\"@type\":\"ListItem\",\"position\":3,\"name\":\"JOHN MILLER- Hyperstretch Shirt wei\u00df (39654)\"}]},{\"@type\":\"WebSite\",\"@id\":\"https:\/\/www.voustensports.com\/nl\/#website\",\"url\":\"https:\/\/www.voustensports.com\/nl\/\",\"name\":\"Vousten Sports\",\"description\":\"\",\"potentialAction\":[{\"@type\":\"SearchAction\",\"target\":{\"@type\":\"EntryPoint\",\"urlTemplate\":\"https:\/\/www.voustensports.com\/nl\/?s={search_term_string}\"},\"query-input\":{\"@type\":\"PropertyValueSpecification\",\"valueRequired\":true,\"valueName\":\"search_term_string\"}}],\"inLanguage\":\"de-DE\"}]}<\/script>\n<!-- \/ Yoast SEO plugin. -->","yoast_head_json":{"title":"JOHN MILLER- Hyperstretch Shirt wei\u00df (39654) - Vousten Sports","robots":{"index":"index","follow":"follow","max-snippet":"max-snippet:-1","max-image-preview":"max-image-preview:large","max-video-preview":"max-video-preview:-1"},"canonical":"https:\/\/www.voustensports.com\/de\/john-miller-hyperstretch-shirt-weis-39654\/","og_locale":"de_DE","og_type":"article","og_title":"JOHN MILLER- Hyperstretch Shirt wei\u00df (39654) - Vousten Sports","og_description":"Dieses Slim-Fit-Hemd ist in Hyperstretch-Qualit\u00e4t gefertigt. Slim Fit Hemden von John Miller sind schmal geschnitten und betonen dadurch die Figur. Die Hyper-Stretch-Qualit\u00e4t des Stoffes sorgt f\u00fcr stylischen Tragekomfort. Dieser italienische Strick hat sich seit Saisons als meistverkaufte Qualit\u00e4t in den Kollektionen von John Miller bew\u00e4hrt. Die matte Optik des Stoffes passt perfekt zu einem l\u00e4ssigen [...]","og_url":"https:\/\/www.voustensports.com\/de\/john-miller-hyperstretch-shirt-weis-39654\/","og_site_name":"Vousten Sports","article_modified_time":"2026-02-13T17:04:00+00:00","og_image":[{"width":2056,"height":1920,"url":"https:\/\/www.voustensports.com\/wp-content\/uploads\/2023\/06\/Hyperstretch-Overhemd-wit-396541.png","type":"image\/png"}],"twitter_card":"summary_large_image","twitter_misc":{"Est. reading time":"1 Minute"},"schema":{"@context":"https:\/\/schema.org","@graph":[{"@type":"WebPage","@id":"https:\/\/www.voustensports.com\/de\/john-miller-hyperstretch-shirt-weis-39654\/","url":"https:\/\/www.voustensports.com\/de\/john-miller-hyperstretch-shirt-weis-39654\/","name":"JOHN MILLER- Hyperstretch Shirt wei\u00df (39654) - Vousten Sports","isPartOf":{"@id":"https:\/\/www.voustensports.com\/nl\/#website"},"primaryImageOfPage":{"@id":"https:\/\/www.voustensports.com\/de\/john-miller-hyperstretch-shirt-weis-39654\/#primaryimage"},"image":{"@id":"https:\/\/www.voustensports.com\/de\/john-miller-hyperstretch-shirt-weis-39654\/#primaryimage"},"thumbnailUrl":"https:\/\/www.voustensports.com\/wp-content\/uploads\/2023\/06\/Hyperstretch-Overhemd-wit-396541.png","datePublished":"2025-04-12T12:46:18+00:00","dateModified":"2026-02-13T17:04:00+00:00","breadcrumb":{"@id":"https:\/\/www.voustensports.com\/de\/john-miller-hyperstretch-shirt-weis-39654\/#breadcrumb"},"inLanguage":"de-DE","potentialAction":[{"@type":"ReadAction","target":["https:\/\/www.voustensports.com\/de\/john-miller-hyperstretch-shirt-weis-39654\/"]}]},{"@type":"ImageObject","inLanguage":"de-DE","@id":"https:\/\/www.voustensports.com\/de\/john-miller-hyperstretch-shirt-weis-39654\/#primaryimage","url":"https:\/\/www.voustensports.com\/wp-content\/uploads\/2023\/06\/Hyperstretch-Overhemd-wit-396541.png","contentUrl":"https:\/\/www.voustensports.com\/wp-content\/uploads\/2023\/06\/Hyperstretch-Overhemd-wit-396541.png","width":2056,"height":1920},{"@type":"BreadcrumbList","@id":"https:\/\/www.voustensports.com\/de\/john-miller-hyperstretch-shirt-weis-39654\/#breadcrumb","itemListElement":[{"@type":"ListItem","position":1,"name":"Home","item":"https:\/\/www.voustensports.com\/de\/"},{"@type":"ListItem","position":2,"name":"Shop","item":"https:\/\/www.voustensports.com\/de\/shop\/"},{"@type":"ListItem","position":3,"name":"JOHN MILLER- Hyperstretch Shirt wei\u00df (39654)"}]},{"@type":"WebSite","@id":"https:\/\/www.voustensports.com\/nl\/#website","url":"https:\/\/www.voustensports.com\/nl\/","name":"Vousten Sports","description":"","potentialAction":[{"@type":"SearchAction","target":{"@type":"EntryPoint","urlTemplate":"https:\/\/www.voustensports.com\/nl\/?s={search_term_string}"},"query-input":{"@type":"PropertyValueSpecification","valueRequired":true,"valueName":"search_term_string"}}],"inLanguage":"de-DE"}]}},"_links":{"self":[{"href":"https:\/\/www.voustensports.com\/de\/wp-json\/wp\/v2\/product\/203007","targetHints":{"allow":["GET"]}}],"collection":[{"href":"https:\/\/www.voustensports.com\/de\/wp-json\/wp\/v2\/product"}],"about":[{"href":"https:\/\/www.voustensports.com\/de\/wp-json\/wp\/v2\/types\/product"}],"replies":[{"embeddable":true,"href":"https:\/\/www.voustensports.com\/de\/wp-json\/wp\/v2\/comments?post=203007"}],"wp:featuredmedia":[{"embeddable":true,"href":"https:\/\/www.voustensports.com\/de\/wp-json\/wp\/v2\/media\/202999"}],"wp:attachment":[{"href":"https:\/\/www.voustensports.com\/de\/wp-json\/wp\/v2\/media?parent=203007"}],"wp:term":[{"taxonomy":"product_cat","embeddable":true,"href":"https:\/\/www.voustensports.com\/de\/wp-json\/wp\/v2\/product_cat?post=203007"},{"taxonomy":"product_tag","embeddable":true,"href":"https:\/\/www.voustensports.com\/de\/wp-json\/wp\/v2\/product_tag?post=203007"}],"curies":[{"name":"wp","href":"https:\/\/api.w.org\/{rel}","templated":true}]}}