{"id":202408,"date":"2025-04-04T15:52:14","date_gmt":"2025-04-04T13:52:14","guid":{"rendered":"https:\/\/www.voustensports.com\/john-mille-chemise-en-lin-bleu-fonce-40503\/"},"modified":"2026-02-05T12:25:01","modified_gmt":"2026-02-05T11:25:01","slug":"john-mille-chemise-en-lin-bleu-fonce-40503","status":"publish","type":"product","link":"https:\/\/www.voustensports.com\/de\/john-mille-chemise-en-lin-bleu-fonce-40503\/","title":{"rendered":"JOHN MILLE &#8211; Chemise en lin bleu fonc\u00e9 (40503)"},"content":{"rendered":"<div>Cette chemise coupe slim bleu fonc\u00e9 est con\u00e7ue dans une qualit\u00e9 100% lin. Les chemises John Miller Slim Fit sont coup\u00e9es slim et mettent ainsi en valeur le corps. La qualit\u00e9 lin du tissu vous offre un confort a\u00e9r\u00e9 lors des chaudes journ\u00e9es d&#8217;\u00e9t\u00e9. La chemise a un col italien tendance avec les pointes du col d\u00e9coup\u00e9es \u00e0 l&#8217;arri\u00e8re. Le poignet gauche pr\u00e9sente un subtil logo brod\u00e9.<\/div>\n<ul>\n<li>Coupe : Coupe ajust\u00e9e<\/li>\n<li>Couleur : Bleu fonc\u00e9<\/li>\n<li>Conception: Plaine<\/li>\n<li>Manche : Manches longues<\/li>\n<li>Planche : Pan coup\u00e9<\/li>\n<li>Manchette : manchette de cheville<\/li>\n<li>Composition du tissu : 100% Lin<\/li>\n<li>Propri\u00e9t\u00e9 du tissu : Lin<\/li>\n<li>Poche poitrine : Non<\/li>\n<li>Code produit : 5142125-910-000-000<\/li>\n<\/ul>\n","protected":false},"excerpt":{"rendered":"<p>Cette chemise coupe slim bleu fonc\u00e9 est con\u00e7ue dans une qualit\u00e9 100% lin. Les chemises John Miller Slim Fit sont coup\u00e9es slim et mettent ainsi en valeur le corps. La qualit\u00e9 lin du tissu vous offre un confort a\u00e9r\u00e9 lors des chaudes journ\u00e9es d&#8217;\u00e9t\u00e9. La chemise a un col italien tendance avec les pointes du [&#8230;]\n","protected":false},"featured_media":202396,"comment_status":"open","ping_status":"closed","template":"","meta":{"rank_math_lock_modified_date":false},"product_cat":[487,892,921,447,451,463],"product_tag":[],"class_list":{"0":"post-202408","1":"product","2":"type-product","3":"status-publish","4":"has-post-thumbnail","6":"product_cat-shirt-de-2","7":"product_cat-overhemd-blouse-de","8":"product_cat-john-miller-de","9":"product_cat-kleding-de","10":"product_cat-heren-de","11":"product_cat-vousten-sports-de-2","13":"first","14":"instock","15":"taxable","16":"shipping-taxable","17":"purchasable","18":"product-type-variable"},"acf":[],"yoast_head":"<!-- This site is optimized with the Yoast SEO plugin v23.9 - https:\/\/yoast.com\/wordpress\/plugins\/seo\/ -->\n<title>JOHN MILLE - Chemise en lin bleu fonc\u00e9 (40503) - Vousten Sports<\/title>\n<meta name=\"robots\" content=\"index, follow, max-snippet:-1, max-image-preview:large, max-video-preview:-1\" \/>\n<link rel=\"canonical\" href=\"https:\/\/www.voustensports.com\/de\/john-mille-chemise-en-lin-bleu-fonce-40503\/\" \/>\n<meta property=\"og:locale\" content=\"de_DE\" \/>\n<meta property=\"og:type\" content=\"article\" \/>\n<meta property=\"og:title\" content=\"JOHN MILLE - Chemise en lin bleu fonc\u00e9 (40503) - Vousten Sports\" \/>\n<meta property=\"og:description\" content=\"Cette chemise coupe slim bleu fonc\u00e9 est con\u00e7ue dans une qualit\u00e9 100% lin. Les chemises John Miller Slim Fit sont coup\u00e9es slim et mettent ainsi en valeur le corps. La qualit\u00e9 lin du tissu vous offre un confort a\u00e9r\u00e9 lors des chaudes journ\u00e9es d&#8217;\u00e9t\u00e9. La chemise a un col italien tendance avec les pointes du [...]\" \/>\n<meta property=\"og:url\" content=\"https:\/\/www.voustensports.com\/de\/john-mille-chemise-en-lin-bleu-fonce-40503\/\" \/>\n<meta property=\"og:site_name\" content=\"Vousten Sports\" \/>\n<meta property=\"article:modified_time\" content=\"2026-02-05T11:25:01+00:00\" \/>\n<meta property=\"og:image\" content=\"https:\/\/www.voustensports.com\/wp-content\/uploads\/2023\/06\/Linnen-Overhemd-donkerblauw-405031.jpg\" \/>\n\t<meta property=\"og:image:width\" content=\"2048\" \/>\n\t<meta property=\"og:image:height\" content=\"2048\" \/>\n\t<meta property=\"og:image:type\" content=\"image\/jpeg\" \/>\n<meta name=\"twitter:card\" content=\"summary_large_image\" \/>\n<meta name=\"twitter:label1\" content=\"Est. reading time\" \/>\n\t<meta name=\"twitter:data1\" content=\"1 Minute\" \/>\n<script type=\"application\/ld+json\" class=\"yoast-schema-graph\">{\"@context\":\"https:\/\/schema.org\",\"@graph\":[{\"@type\":\"WebPage\",\"@id\":\"https:\/\/www.voustensports.com\/de\/john-mille-chemise-en-lin-bleu-fonce-40503\/\",\"url\":\"https:\/\/www.voustensports.com\/de\/john-mille-chemise-en-lin-bleu-fonce-40503\/\",\"name\":\"JOHN MILLE - Chemise en lin bleu fonc\u00e9 (40503) - Vousten Sports\",\"isPartOf\":{\"@id\":\"https:\/\/www.voustensports.com\/nl\/#website\"},\"primaryImageOfPage\":{\"@id\":\"https:\/\/www.voustensports.com\/de\/john-mille-chemise-en-lin-bleu-fonce-40503\/#primaryimage\"},\"image\":{\"@id\":\"https:\/\/www.voustensports.com\/de\/john-mille-chemise-en-lin-bleu-fonce-40503\/#primaryimage\"},\"thumbnailUrl\":\"https:\/\/www.voustensports.com\/wp-content\/uploads\/2023\/06\/Linnen-Overhemd-donkerblauw-405031.jpg\",\"datePublished\":\"2025-04-04T13:52:14+00:00\",\"dateModified\":\"2026-02-05T11:25:01+00:00\",\"breadcrumb\":{\"@id\":\"https:\/\/www.voustensports.com\/de\/john-mille-chemise-en-lin-bleu-fonce-40503\/#breadcrumb\"},\"inLanguage\":\"de-DE\",\"potentialAction\":[{\"@type\":\"ReadAction\",\"target\":[\"https:\/\/www.voustensports.com\/de\/john-mille-chemise-en-lin-bleu-fonce-40503\/\"]}]},{\"@type\":\"ImageObject\",\"inLanguage\":\"de-DE\",\"@id\":\"https:\/\/www.voustensports.com\/de\/john-mille-chemise-en-lin-bleu-fonce-40503\/#primaryimage\",\"url\":\"https:\/\/www.voustensports.com\/wp-content\/uploads\/2023\/06\/Linnen-Overhemd-donkerblauw-405031.jpg\",\"contentUrl\":\"https:\/\/www.voustensports.com\/wp-content\/uploads\/2023\/06\/Linnen-Overhemd-donkerblauw-405031.jpg\",\"width\":2048,\"height\":2048},{\"@type\":\"BreadcrumbList\",\"@id\":\"https:\/\/www.voustensports.com\/de\/john-mille-chemise-en-lin-bleu-fonce-40503\/#breadcrumb\",\"itemListElement\":[{\"@type\":\"ListItem\",\"position\":1,\"name\":\"Home\",\"item\":\"https:\/\/www.voustensports.com\/de\/\"},{\"@type\":\"ListItem\",\"position\":2,\"name\":\"Shop\",\"item\":\"https:\/\/www.voustensports.com\/de\/shop\/\"},{\"@type\":\"ListItem\",\"position\":3,\"name\":\"JOHN MILLE &#8211; Chemise en lin bleu fonc\u00e9 (40503)\"}]},{\"@type\":\"WebSite\",\"@id\":\"https:\/\/www.voustensports.com\/nl\/#website\",\"url\":\"https:\/\/www.voustensports.com\/nl\/\",\"name\":\"Vousten Sports\",\"description\":\"\",\"potentialAction\":[{\"@type\":\"SearchAction\",\"target\":{\"@type\":\"EntryPoint\",\"urlTemplate\":\"https:\/\/www.voustensports.com\/nl\/?s={search_term_string}\"},\"query-input\":{\"@type\":\"PropertyValueSpecification\",\"valueRequired\":true,\"valueName\":\"search_term_string\"}}],\"inLanguage\":\"de-DE\"}]}<\/script>\n<!-- \/ Yoast SEO plugin. -->","yoast_head_json":{"title":"JOHN MILLE - Chemise en lin bleu fonc\u00e9 (40503) - Vousten Sports","robots":{"index":"index","follow":"follow","max-snippet":"max-snippet:-1","max-image-preview":"max-image-preview:large","max-video-preview":"max-video-preview:-1"},"canonical":"https:\/\/www.voustensports.com\/de\/john-mille-chemise-en-lin-bleu-fonce-40503\/","og_locale":"de_DE","og_type":"article","og_title":"JOHN MILLE - Chemise en lin bleu fonc\u00e9 (40503) - Vousten Sports","og_description":"Cette chemise coupe slim bleu fonc\u00e9 est con\u00e7ue dans une qualit\u00e9 100% lin. Les chemises John Miller Slim Fit sont coup\u00e9es slim et mettent ainsi en valeur le corps. La qualit\u00e9 lin du tissu vous offre un confort a\u00e9r\u00e9 lors des chaudes journ\u00e9es d&#8217;\u00e9t\u00e9. La chemise a un col italien tendance avec les pointes du [...]","og_url":"https:\/\/www.voustensports.com\/de\/john-mille-chemise-en-lin-bleu-fonce-40503\/","og_site_name":"Vousten Sports","article_modified_time":"2026-02-05T11:25:01+00:00","og_image":[{"width":2048,"height":2048,"url":"https:\/\/www.voustensports.com\/wp-content\/uploads\/2023\/06\/Linnen-Overhemd-donkerblauw-405031.jpg","type":"image\/jpeg"}],"twitter_card":"summary_large_image","twitter_misc":{"Est. reading time":"1 Minute"},"schema":{"@context":"https:\/\/schema.org","@graph":[{"@type":"WebPage","@id":"https:\/\/www.voustensports.com\/de\/john-mille-chemise-en-lin-bleu-fonce-40503\/","url":"https:\/\/www.voustensports.com\/de\/john-mille-chemise-en-lin-bleu-fonce-40503\/","name":"JOHN MILLE - Chemise en lin bleu fonc\u00e9 (40503) - Vousten Sports","isPartOf":{"@id":"https:\/\/www.voustensports.com\/nl\/#website"},"primaryImageOfPage":{"@id":"https:\/\/www.voustensports.com\/de\/john-mille-chemise-en-lin-bleu-fonce-40503\/#primaryimage"},"image":{"@id":"https:\/\/www.voustensports.com\/de\/john-mille-chemise-en-lin-bleu-fonce-40503\/#primaryimage"},"thumbnailUrl":"https:\/\/www.voustensports.com\/wp-content\/uploads\/2023\/06\/Linnen-Overhemd-donkerblauw-405031.jpg","datePublished":"2025-04-04T13:52:14+00:00","dateModified":"2026-02-05T11:25:01+00:00","breadcrumb":{"@id":"https:\/\/www.voustensports.com\/de\/john-mille-chemise-en-lin-bleu-fonce-40503\/#breadcrumb"},"inLanguage":"de-DE","potentialAction":[{"@type":"ReadAction","target":["https:\/\/www.voustensports.com\/de\/john-mille-chemise-en-lin-bleu-fonce-40503\/"]}]},{"@type":"ImageObject","inLanguage":"de-DE","@id":"https:\/\/www.voustensports.com\/de\/john-mille-chemise-en-lin-bleu-fonce-40503\/#primaryimage","url":"https:\/\/www.voustensports.com\/wp-content\/uploads\/2023\/06\/Linnen-Overhemd-donkerblauw-405031.jpg","contentUrl":"https:\/\/www.voustensports.com\/wp-content\/uploads\/2023\/06\/Linnen-Overhemd-donkerblauw-405031.jpg","width":2048,"height":2048},{"@type":"BreadcrumbList","@id":"https:\/\/www.voustensports.com\/de\/john-mille-chemise-en-lin-bleu-fonce-40503\/#breadcrumb","itemListElement":[{"@type":"ListItem","position":1,"name":"Home","item":"https:\/\/www.voustensports.com\/de\/"},{"@type":"ListItem","position":2,"name":"Shop","item":"https:\/\/www.voustensports.com\/de\/shop\/"},{"@type":"ListItem","position":3,"name":"JOHN MILLE &#8211; Chemise en lin bleu fonc\u00e9 (40503)"}]},{"@type":"WebSite","@id":"https:\/\/www.voustensports.com\/nl\/#website","url":"https:\/\/www.voustensports.com\/nl\/","name":"Vousten Sports","description":"","potentialAction":[{"@type":"SearchAction","target":{"@type":"EntryPoint","urlTemplate":"https:\/\/www.voustensports.com\/nl\/?s={search_term_string}"},"query-input":{"@type":"PropertyValueSpecification","valueRequired":true,"valueName":"search_term_string"}}],"inLanguage":"de-DE"}]}},"_links":{"self":[{"href":"https:\/\/www.voustensports.com\/de\/wp-json\/wp\/v2\/product\/202408","targetHints":{"allow":["GET"]}}],"collection":[{"href":"https:\/\/www.voustensports.com\/de\/wp-json\/wp\/v2\/product"}],"about":[{"href":"https:\/\/www.voustensports.com\/de\/wp-json\/wp\/v2\/types\/product"}],"replies":[{"embeddable":true,"href":"https:\/\/www.voustensports.com\/de\/wp-json\/wp\/v2\/comments?post=202408"}],"wp:featuredmedia":[{"embeddable":true,"href":"https:\/\/www.voustensports.com\/de\/wp-json\/wp\/v2\/media\/202396"}],"wp:attachment":[{"href":"https:\/\/www.voustensports.com\/de\/wp-json\/wp\/v2\/media?parent=202408"}],"wp:term":[{"taxonomy":"product_cat","embeddable":true,"href":"https:\/\/www.voustensports.com\/de\/wp-json\/wp\/v2\/product_cat?post=202408"},{"taxonomy":"product_tag","embeddable":true,"href":"https:\/\/www.voustensports.com\/de\/wp-json\/wp\/v2\/product_tag?post=202408"}],"curies":[{"name":"wp","href":"https:\/\/api.w.org\/{rel}","templated":true}]}}