{"id":201976,"date":"2025-03-29T12:52:23","date_gmt":"2025-03-29T11:52:23","guid":{"rendered":"https:\/\/www.voustensports.com\/john-miller-hyperstretch-poloshirt-zipper-kurzarm-weis-40500\/"},"modified":"2026-04-21T17:18:17","modified_gmt":"2026-04-21T15:18:17","slug":"john-miller-hyperstretch-poloshirt-zipper-kurzarm-weis-40500","status":"publish","type":"product","link":"https:\/\/www.voustensports.com\/de\/john-miller-hyperstretch-poloshirt-zipper-kurzarm-weis-40500\/","title":{"rendered":"JOHN MILLER &#8211; Hyperstretch Poloshirt Zipper Kurzarm wei\u00df (40500)"},"content":{"rendered":"<div>Dieses wei\u00dfe Slim-Fit-Poloshirt mit Rei\u00dfverschluss ist in Hyperstretch-Qualit\u00e4t gefertigt und hat kurze \u00c4rmel. Der Newcomer in der Hyperstretch-Kollektion! John Miller Slim-Fit-Hemden sind schmal geschnitten und betonen daher den K\u00f6rper. Die Hyperstretch-Qualit\u00e4t des Stoffes sorgt f\u00fcr stilvollen Tragekomfort. Dieser italienische Strick hat sich seit Saisons als Bestseller-Qualit\u00e4t in den John Miller-Kollektionen bew\u00e4hrt. Das Poloshirt hat einen modischen Cutaway-Kragen, bei dem die Kragenspitzen hinten weggeschnitten sind.<\/div>\n<ul>\n<li>Passform: Slim-Fit-Polo<\/li>\n<li>Farbe: Wei\u00df<\/li>\n<li>Design: schlicht<\/li>\n<li>\u00c4rmel: Kurzarm<\/li>\n<li>Brett: Cutaway<\/li>\n<li>Manschette: Andere<\/li>\n<li>Stoffzusammensetzung: 89 % Polyamid, 11 % Elasthan<\/li>\n<li>Stoffeigenschaft: Hyperstretch, Stretch<\/li>\n<li>Brusttasche: Nein<\/li>\n<li>Produktcode: 5142038-910-000-000<\/li>\n<\/ul>\n","protected":false},"excerpt":{"rendered":"<p>Dieses wei\u00dfe Slim-Fit-Poloshirt mit Rei\u00dfverschluss ist in Hyperstretch-Qualit\u00e4t gefertigt und hat kurze \u00c4rmel. Der Newcomer in der Hyperstretch-Kollektion! John Miller Slim-Fit-Hemden sind schmal geschnitten und betonen daher den K\u00f6rper. Die Hyperstretch-Qualit\u00e4t des Stoffes sorgt f\u00fcr stilvollen Tragekomfort. Dieser italienische Strick hat sich seit Saisons als Bestseller-Qualit\u00e4t in den John Miller-Kollektionen bew\u00e4hrt. Das Poloshirt hat einen [&#8230;]\n","protected":false},"featured_media":201960,"comment_status":"open","ping_status":"closed","template":"","meta":{"rank_math_lock_modified_date":false},"product_cat":[479,487,921,447,451,463],"product_tag":[],"class_list":{"0":"post-201976","1":"product","2":"type-product","3":"status-publish","4":"has-post-thumbnail","6":"product_cat-polos-de-2","7":"product_cat-shirt-de-2","8":"product_cat-john-miller-de","9":"product_cat-kleding-de","10":"product_cat-heren-de","11":"product_cat-vousten-sports-de-2","13":"first","14":"instock","15":"taxable","16":"shipping-taxable","17":"purchasable","18":"product-type-variable"},"acf":[],"yoast_head":"<!-- This site is optimized with the Yoast SEO plugin v23.9 - https:\/\/yoast.com\/wordpress\/plugins\/seo\/ -->\n<title>JOHN MILLER - Hyperstretch Poloshirt Zipper Kurzarm wei\u00df (40500) - Vousten Sports<\/title>\n<meta name=\"robots\" content=\"index, follow, max-snippet:-1, max-image-preview:large, max-video-preview:-1\" \/>\n<link rel=\"canonical\" href=\"https:\/\/www.voustensports.com\/de\/john-miller-hyperstretch-poloshirt-zipper-kurzarm-weis-40500\/\" \/>\n<meta property=\"og:locale\" content=\"de_DE\" \/>\n<meta property=\"og:type\" content=\"article\" \/>\n<meta property=\"og:title\" content=\"JOHN MILLER - Hyperstretch Poloshirt Zipper Kurzarm wei\u00df (40500) - Vousten Sports\" \/>\n<meta property=\"og:description\" content=\"Dieses wei\u00dfe Slim-Fit-Poloshirt mit Rei\u00dfverschluss ist in Hyperstretch-Qualit\u00e4t gefertigt und hat kurze \u00c4rmel. Der Newcomer in der Hyperstretch-Kollektion! John Miller Slim-Fit-Hemden sind schmal geschnitten und betonen daher den K\u00f6rper. Die Hyperstretch-Qualit\u00e4t des Stoffes sorgt f\u00fcr stilvollen Tragekomfort. Dieser italienische Strick hat sich seit Saisons als Bestseller-Qualit\u00e4t in den John Miller-Kollektionen bew\u00e4hrt. Das Poloshirt hat einen [...]\" \/>\n<meta property=\"og:url\" content=\"https:\/\/www.voustensports.com\/de\/john-miller-hyperstretch-poloshirt-zipper-kurzarm-weis-40500\/\" \/>\n<meta property=\"og:site_name\" content=\"Vousten Sports\" \/>\n<meta property=\"article:modified_time\" content=\"2026-04-21T15:18:17+00:00\" \/>\n<meta property=\"og:image\" content=\"https:\/\/www.voustensports.com\/wp-content\/uploads\/2023\/06\/Hyperstretch-Polo-Shirt-Rits-Korte-Mouw-wit-405001.jpg\" \/>\n\t<meta property=\"og:image:width\" content=\"2048\" \/>\n\t<meta property=\"og:image:height\" content=\"1913\" \/>\n\t<meta property=\"og:image:type\" content=\"image\/jpeg\" \/>\n<meta name=\"twitter:card\" content=\"summary_large_image\" \/>\n<script type=\"application\/ld+json\" class=\"yoast-schema-graph\">{\"@context\":\"https:\/\/schema.org\",\"@graph\":[{\"@type\":\"WebPage\",\"@id\":\"https:\/\/www.voustensports.com\/de\/john-miller-hyperstretch-poloshirt-zipper-kurzarm-weis-40500\/\",\"url\":\"https:\/\/www.voustensports.com\/de\/john-miller-hyperstretch-poloshirt-zipper-kurzarm-weis-40500\/\",\"name\":\"JOHN MILLER - Hyperstretch Poloshirt Zipper Kurzarm wei\u00df (40500) - Vousten Sports\",\"isPartOf\":{\"@id\":\"https:\/\/www.voustensports.com\/nl\/#website\"},\"primaryImageOfPage\":{\"@id\":\"https:\/\/www.voustensports.com\/de\/john-miller-hyperstretch-poloshirt-zipper-kurzarm-weis-40500\/#primaryimage\"},\"image\":{\"@id\":\"https:\/\/www.voustensports.com\/de\/john-miller-hyperstretch-poloshirt-zipper-kurzarm-weis-40500\/#primaryimage\"},\"thumbnailUrl\":\"https:\/\/www.voustensports.com\/wp-content\/uploads\/2023\/06\/Hyperstretch-Polo-Shirt-Rits-Korte-Mouw-wit-405001.jpg\",\"datePublished\":\"2025-03-29T11:52:23+00:00\",\"dateModified\":\"2026-04-21T15:18:17+00:00\",\"breadcrumb\":{\"@id\":\"https:\/\/www.voustensports.com\/de\/john-miller-hyperstretch-poloshirt-zipper-kurzarm-weis-40500\/#breadcrumb\"},\"inLanguage\":\"de-DE\",\"potentialAction\":[{\"@type\":\"ReadAction\",\"target\":[\"https:\/\/www.voustensports.com\/de\/john-miller-hyperstretch-poloshirt-zipper-kurzarm-weis-40500\/\"]}]},{\"@type\":\"ImageObject\",\"inLanguage\":\"de-DE\",\"@id\":\"https:\/\/www.voustensports.com\/de\/john-miller-hyperstretch-poloshirt-zipper-kurzarm-weis-40500\/#primaryimage\",\"url\":\"https:\/\/www.voustensports.com\/wp-content\/uploads\/2023\/06\/Hyperstretch-Polo-Shirt-Rits-Korte-Mouw-wit-405001.jpg\",\"contentUrl\":\"https:\/\/www.voustensports.com\/wp-content\/uploads\/2023\/06\/Hyperstretch-Polo-Shirt-Rits-Korte-Mouw-wit-405001.jpg\",\"width\":2048,\"height\":1913},{\"@type\":\"BreadcrumbList\",\"@id\":\"https:\/\/www.voustensports.com\/de\/john-miller-hyperstretch-poloshirt-zipper-kurzarm-weis-40500\/#breadcrumb\",\"itemListElement\":[{\"@type\":\"ListItem\",\"position\":1,\"name\":\"Home\",\"item\":\"https:\/\/www.voustensports.com\/de\/\"},{\"@type\":\"ListItem\",\"position\":2,\"name\":\"Shop\",\"item\":\"https:\/\/www.voustensports.com\/de\/shop\/\"},{\"@type\":\"ListItem\",\"position\":3,\"name\":\"JOHN MILLER &#8211; Hyperstretch Poloshirt Zipper Kurzarm wei\u00df (40500)\"}]},{\"@type\":\"WebSite\",\"@id\":\"https:\/\/www.voustensports.com\/nl\/#website\",\"url\":\"https:\/\/www.voustensports.com\/nl\/\",\"name\":\"Vousten Sports\",\"description\":\"\",\"potentialAction\":[{\"@type\":\"SearchAction\",\"target\":{\"@type\":\"EntryPoint\",\"urlTemplate\":\"https:\/\/www.voustensports.com\/nl\/?s={search_term_string}\"},\"query-input\":{\"@type\":\"PropertyValueSpecification\",\"valueRequired\":true,\"valueName\":\"search_term_string\"}}],\"inLanguage\":\"de-DE\"}]}<\/script>\n<!-- \/ Yoast SEO plugin. -->","yoast_head_json":{"title":"JOHN MILLER - Hyperstretch Poloshirt Zipper Kurzarm wei\u00df (40500) - Vousten Sports","robots":{"index":"index","follow":"follow","max-snippet":"max-snippet:-1","max-image-preview":"max-image-preview:large","max-video-preview":"max-video-preview:-1"},"canonical":"https:\/\/www.voustensports.com\/de\/john-miller-hyperstretch-poloshirt-zipper-kurzarm-weis-40500\/","og_locale":"de_DE","og_type":"article","og_title":"JOHN MILLER - Hyperstretch Poloshirt Zipper Kurzarm wei\u00df (40500) - Vousten Sports","og_description":"Dieses wei\u00dfe Slim-Fit-Poloshirt mit Rei\u00dfverschluss ist in Hyperstretch-Qualit\u00e4t gefertigt und hat kurze \u00c4rmel. Der Newcomer in der Hyperstretch-Kollektion! John Miller Slim-Fit-Hemden sind schmal geschnitten und betonen daher den K\u00f6rper. Die Hyperstretch-Qualit\u00e4t des Stoffes sorgt f\u00fcr stilvollen Tragekomfort. Dieser italienische Strick hat sich seit Saisons als Bestseller-Qualit\u00e4t in den John Miller-Kollektionen bew\u00e4hrt. Das Poloshirt hat einen [...]","og_url":"https:\/\/www.voustensports.com\/de\/john-miller-hyperstretch-poloshirt-zipper-kurzarm-weis-40500\/","og_site_name":"Vousten Sports","article_modified_time":"2026-04-21T15:18:17+00:00","og_image":[{"width":2048,"height":1913,"url":"https:\/\/www.voustensports.com\/wp-content\/uploads\/2023\/06\/Hyperstretch-Polo-Shirt-Rits-Korte-Mouw-wit-405001.jpg","type":"image\/jpeg"}],"twitter_card":"summary_large_image","schema":{"@context":"https:\/\/schema.org","@graph":[{"@type":"WebPage","@id":"https:\/\/www.voustensports.com\/de\/john-miller-hyperstretch-poloshirt-zipper-kurzarm-weis-40500\/","url":"https:\/\/www.voustensports.com\/de\/john-miller-hyperstretch-poloshirt-zipper-kurzarm-weis-40500\/","name":"JOHN MILLER - Hyperstretch Poloshirt Zipper Kurzarm wei\u00df (40500) - Vousten Sports","isPartOf":{"@id":"https:\/\/www.voustensports.com\/nl\/#website"},"primaryImageOfPage":{"@id":"https:\/\/www.voustensports.com\/de\/john-miller-hyperstretch-poloshirt-zipper-kurzarm-weis-40500\/#primaryimage"},"image":{"@id":"https:\/\/www.voustensports.com\/de\/john-miller-hyperstretch-poloshirt-zipper-kurzarm-weis-40500\/#primaryimage"},"thumbnailUrl":"https:\/\/www.voustensports.com\/wp-content\/uploads\/2023\/06\/Hyperstretch-Polo-Shirt-Rits-Korte-Mouw-wit-405001.jpg","datePublished":"2025-03-29T11:52:23+00:00","dateModified":"2026-04-21T15:18:17+00:00","breadcrumb":{"@id":"https:\/\/www.voustensports.com\/de\/john-miller-hyperstretch-poloshirt-zipper-kurzarm-weis-40500\/#breadcrumb"},"inLanguage":"de-DE","potentialAction":[{"@type":"ReadAction","target":["https:\/\/www.voustensports.com\/de\/john-miller-hyperstretch-poloshirt-zipper-kurzarm-weis-40500\/"]}]},{"@type":"ImageObject","inLanguage":"de-DE","@id":"https:\/\/www.voustensports.com\/de\/john-miller-hyperstretch-poloshirt-zipper-kurzarm-weis-40500\/#primaryimage","url":"https:\/\/www.voustensports.com\/wp-content\/uploads\/2023\/06\/Hyperstretch-Polo-Shirt-Rits-Korte-Mouw-wit-405001.jpg","contentUrl":"https:\/\/www.voustensports.com\/wp-content\/uploads\/2023\/06\/Hyperstretch-Polo-Shirt-Rits-Korte-Mouw-wit-405001.jpg","width":2048,"height":1913},{"@type":"BreadcrumbList","@id":"https:\/\/www.voustensports.com\/de\/john-miller-hyperstretch-poloshirt-zipper-kurzarm-weis-40500\/#breadcrumb","itemListElement":[{"@type":"ListItem","position":1,"name":"Home","item":"https:\/\/www.voustensports.com\/de\/"},{"@type":"ListItem","position":2,"name":"Shop","item":"https:\/\/www.voustensports.com\/de\/shop\/"},{"@type":"ListItem","position":3,"name":"JOHN MILLER &#8211; Hyperstretch Poloshirt Zipper Kurzarm wei\u00df (40500)"}]},{"@type":"WebSite","@id":"https:\/\/www.voustensports.com\/nl\/#website","url":"https:\/\/www.voustensports.com\/nl\/","name":"Vousten Sports","description":"","potentialAction":[{"@type":"SearchAction","target":{"@type":"EntryPoint","urlTemplate":"https:\/\/www.voustensports.com\/nl\/?s={search_term_string}"},"query-input":{"@type":"PropertyValueSpecification","valueRequired":true,"valueName":"search_term_string"}}],"inLanguage":"de-DE"}]}},"_links":{"self":[{"href":"https:\/\/www.voustensports.com\/de\/wp-json\/wp\/v2\/product\/201976","targetHints":{"allow":["GET"]}}],"collection":[{"href":"https:\/\/www.voustensports.com\/de\/wp-json\/wp\/v2\/product"}],"about":[{"href":"https:\/\/www.voustensports.com\/de\/wp-json\/wp\/v2\/types\/product"}],"replies":[{"embeddable":true,"href":"https:\/\/www.voustensports.com\/de\/wp-json\/wp\/v2\/comments?post=201976"}],"wp:featuredmedia":[{"embeddable":true,"href":"https:\/\/www.voustensports.com\/de\/wp-json\/wp\/v2\/media\/201960"}],"wp:attachment":[{"href":"https:\/\/www.voustensports.com\/de\/wp-json\/wp\/v2\/media?parent=201976"}],"wp:term":[{"taxonomy":"product_cat","embeddable":true,"href":"https:\/\/www.voustensports.com\/de\/wp-json\/wp\/v2\/product_cat?post=201976"},{"taxonomy":"product_tag","embeddable":true,"href":"https:\/\/www.voustensports.com\/de\/wp-json\/wp\/v2\/product_tag?post=201976"}],"curies":[{"name":"wp","href":"https:\/\/api.w.org\/{rel}","templated":true}]}}