{"id":201928,"date":"2025-03-29T12:08:14","date_gmt":"2025-03-29T11:08:14","guid":{"rendered":"https:\/\/www.voustensports.com\/john-miller-hyperstretch-poloshirt-zipper-kurzarm-dunkelgrun-40499\/"},"modified":"2026-02-05T12:24:52","modified_gmt":"2026-02-05T11:24:52","slug":"john-miller-hyperstretch-poloshirt-zipper-kurzarm-dunkelgrun-40499","status":"publish","type":"product","link":"https:\/\/www.voustensports.com\/de\/john-miller-hyperstretch-poloshirt-zipper-kurzarm-dunkelgrun-40499\/","title":{"rendered":"JOHN MILLER &#8211; Hyperstretch Poloshirt Zipper Kurzarm dunkelgr\u00fcn (40499)"},"content":{"rendered":"<div>Dieses dunkelgr\u00fcne Slim-Fit-Poloshirt mit Rei\u00dfverschluss ist in Hyperstretch-Qualit\u00e4t gefertigt und hat kurze \u00c4rmel. Der Newcomer in der Hyperstretch-Kollektion! John Miller Slim-Fit-Hemden sind schmal geschnitten und betonen daher den K\u00f6rper. Die Hyperstretch-Qualit\u00e4t des Stoffes sorgt f\u00fcr stilvollen Tragekomfort. Dieser italienische Strick hat sich seit Saisons als Bestseller-Qualit\u00e4t in den John Miller-Kollektionen bew\u00e4hrt. Das Poloshirt hat einen modischen Cutaway-Kragen, bei dem die Kragenspitzen hinten weggeschnitten sind.<\/div>\n<ul>\n<li>Passform: Slim-Fit-Polo<\/li>\n<li>Farbe: Dunkelgr\u00fcn<\/li>\n<li>Design: schlicht<\/li>\n<li>\u00c4rmel: Kurzarm<\/li>\n<li>Brett: Cutaway<\/li>\n<li>Manschette: Andere<\/li>\n<li>Stoffzusammensetzung: 89 % Polyamid, 11 % Elasthan<\/li>\n<li>Stoffeigenschaft: Hyperstretch, Stretch<\/li>\n<li>Brusttasche: Nein<\/li>\n<li>Produktcode: 5142038-590-000-000<\/li>\n<\/ul>\n","protected":false},"excerpt":{"rendered":"<p>Dieses dunkelgr\u00fcne Slim-Fit-Poloshirt mit Rei\u00dfverschluss ist in Hyperstretch-Qualit\u00e4t gefertigt und hat kurze \u00c4rmel. Der Newcomer in der Hyperstretch-Kollektion! John Miller Slim-Fit-Hemden sind schmal geschnitten und betonen daher den K\u00f6rper. Die Hyperstretch-Qualit\u00e4t des Stoffes sorgt f\u00fcr stilvollen Tragekomfort. Dieser italienische Strick hat sich seit Saisons als Bestseller-Qualit\u00e4t in den John Miller-Kollektionen bew\u00e4hrt. Das Poloshirt hat einen [&#8230;]\n","protected":false},"featured_media":201916,"comment_status":"open","ping_status":"closed","template":"","meta":{"rank_math_lock_modified_date":false},"product_cat":[447,451,463,479,487,921],"product_tag":[],"class_list":{"0":"post-201928","1":"product","2":"type-product","3":"status-publish","4":"has-post-thumbnail","6":"product_cat-kleding-de","7":"product_cat-heren-de","8":"product_cat-vousten-sports-de-2","9":"product_cat-polos-de-2","10":"product_cat-shirt-de-2","11":"product_cat-john-miller-de","13":"first","14":"outofstock","15":"taxable","16":"shipping-taxable","17":"purchasable","18":"product-type-variable"},"acf":[],"yoast_head":"<!-- This site is optimized with the Yoast SEO plugin v23.9 - https:\/\/yoast.com\/wordpress\/plugins\/seo\/ -->\n<title>JOHN MILLER - Hyperstretch Poloshirt Zipper Kurzarm dunkelgr\u00fcn (40499) - Vousten Sports<\/title>\n<meta name=\"robots\" content=\"index, follow, max-snippet:-1, max-image-preview:large, max-video-preview:-1\" \/>\n<link rel=\"canonical\" href=\"https:\/\/www.voustensports.com\/de\/john-miller-hyperstretch-poloshirt-zipper-kurzarm-dunkelgrun-40499\/\" \/>\n<meta property=\"og:locale\" content=\"de_DE\" \/>\n<meta property=\"og:type\" content=\"article\" \/>\n<meta property=\"og:title\" content=\"JOHN MILLER - Hyperstretch Poloshirt Zipper Kurzarm dunkelgr\u00fcn (40499) - Vousten Sports\" \/>\n<meta property=\"og:description\" content=\"Dieses dunkelgr\u00fcne Slim-Fit-Poloshirt mit Rei\u00dfverschluss ist in Hyperstretch-Qualit\u00e4t gefertigt und hat kurze \u00c4rmel. Der Newcomer in der Hyperstretch-Kollektion! John Miller Slim-Fit-Hemden sind schmal geschnitten und betonen daher den K\u00f6rper. Die Hyperstretch-Qualit\u00e4t des Stoffes sorgt f\u00fcr stilvollen Tragekomfort. Dieser italienische Strick hat sich seit Saisons als Bestseller-Qualit\u00e4t in den John Miller-Kollektionen bew\u00e4hrt. Das Poloshirt hat einen [...]\" \/>\n<meta property=\"og:url\" content=\"https:\/\/www.voustensports.com\/de\/john-miller-hyperstretch-poloshirt-zipper-kurzarm-dunkelgrun-40499\/\" \/>\n<meta property=\"og:site_name\" content=\"Vousten Sports\" \/>\n<meta property=\"article:modified_time\" content=\"2026-02-05T11:24:52+00:00\" \/>\n<meta property=\"og:image\" content=\"https:\/\/www.voustensports.com\/wp-content\/uploads\/2023\/06\/Hyperstretch-Polo-Shirt-Rits-Korte-Mouw-donkergroen-404991.jpg\" \/>\n\t<meta property=\"og:image:width\" content=\"2048\" \/>\n\t<meta property=\"og:image:height\" content=\"1913\" \/>\n\t<meta property=\"og:image:type\" content=\"image\/jpeg\" \/>\n<meta name=\"twitter:card\" content=\"summary_large_image\" \/>\n<script type=\"application\/ld+json\" class=\"yoast-schema-graph\">{\"@context\":\"https:\/\/schema.org\",\"@graph\":[{\"@type\":\"WebPage\",\"@id\":\"https:\/\/www.voustensports.com\/de\/john-miller-hyperstretch-poloshirt-zipper-kurzarm-dunkelgrun-40499\/\",\"url\":\"https:\/\/www.voustensports.com\/de\/john-miller-hyperstretch-poloshirt-zipper-kurzarm-dunkelgrun-40499\/\",\"name\":\"JOHN MILLER - Hyperstretch Poloshirt Zipper Kurzarm dunkelgr\u00fcn (40499) - Vousten Sports\",\"isPartOf\":{\"@id\":\"https:\/\/www.voustensports.com\/nl\/#website\"},\"primaryImageOfPage\":{\"@id\":\"https:\/\/www.voustensports.com\/de\/john-miller-hyperstretch-poloshirt-zipper-kurzarm-dunkelgrun-40499\/#primaryimage\"},\"image\":{\"@id\":\"https:\/\/www.voustensports.com\/de\/john-miller-hyperstretch-poloshirt-zipper-kurzarm-dunkelgrun-40499\/#primaryimage\"},\"thumbnailUrl\":\"https:\/\/www.voustensports.com\/wp-content\/uploads\/2023\/06\/Hyperstretch-Polo-Shirt-Rits-Korte-Mouw-donkergroen-404991.jpg\",\"datePublished\":\"2025-03-29T11:08:14+00:00\",\"dateModified\":\"2026-02-05T11:24:52+00:00\",\"breadcrumb\":{\"@id\":\"https:\/\/www.voustensports.com\/de\/john-miller-hyperstretch-poloshirt-zipper-kurzarm-dunkelgrun-40499\/#breadcrumb\"},\"inLanguage\":\"de-DE\",\"potentialAction\":[{\"@type\":\"ReadAction\",\"target\":[\"https:\/\/www.voustensports.com\/de\/john-miller-hyperstretch-poloshirt-zipper-kurzarm-dunkelgrun-40499\/\"]}]},{\"@type\":\"ImageObject\",\"inLanguage\":\"de-DE\",\"@id\":\"https:\/\/www.voustensports.com\/de\/john-miller-hyperstretch-poloshirt-zipper-kurzarm-dunkelgrun-40499\/#primaryimage\",\"url\":\"https:\/\/www.voustensports.com\/wp-content\/uploads\/2023\/06\/Hyperstretch-Polo-Shirt-Rits-Korte-Mouw-donkergroen-404991.jpg\",\"contentUrl\":\"https:\/\/www.voustensports.com\/wp-content\/uploads\/2023\/06\/Hyperstretch-Polo-Shirt-Rits-Korte-Mouw-donkergroen-404991.jpg\",\"width\":2048,\"height\":1913},{\"@type\":\"BreadcrumbList\",\"@id\":\"https:\/\/www.voustensports.com\/de\/john-miller-hyperstretch-poloshirt-zipper-kurzarm-dunkelgrun-40499\/#breadcrumb\",\"itemListElement\":[{\"@type\":\"ListItem\",\"position\":1,\"name\":\"Home\",\"item\":\"https:\/\/www.voustensports.com\/de\/\"},{\"@type\":\"ListItem\",\"position\":2,\"name\":\"Shop\",\"item\":\"https:\/\/www.voustensports.com\/de\/shop\/\"},{\"@type\":\"ListItem\",\"position\":3,\"name\":\"JOHN MILLER &#8211; Hyperstretch Poloshirt Zipper Kurzarm dunkelgr\u00fcn (40499)\"}]},{\"@type\":\"WebSite\",\"@id\":\"https:\/\/www.voustensports.com\/nl\/#website\",\"url\":\"https:\/\/www.voustensports.com\/nl\/\",\"name\":\"Vousten Sports\",\"description\":\"\",\"potentialAction\":[{\"@type\":\"SearchAction\",\"target\":{\"@type\":\"EntryPoint\",\"urlTemplate\":\"https:\/\/www.voustensports.com\/nl\/?s={search_term_string}\"},\"query-input\":{\"@type\":\"PropertyValueSpecification\",\"valueRequired\":true,\"valueName\":\"search_term_string\"}}],\"inLanguage\":\"de-DE\"}]}<\/script>\n<!-- \/ Yoast SEO plugin. -->","yoast_head_json":{"title":"JOHN MILLER - Hyperstretch Poloshirt Zipper Kurzarm dunkelgr\u00fcn (40499) - Vousten Sports","robots":{"index":"index","follow":"follow","max-snippet":"max-snippet:-1","max-image-preview":"max-image-preview:large","max-video-preview":"max-video-preview:-1"},"canonical":"https:\/\/www.voustensports.com\/de\/john-miller-hyperstretch-poloshirt-zipper-kurzarm-dunkelgrun-40499\/","og_locale":"de_DE","og_type":"article","og_title":"JOHN MILLER - Hyperstretch Poloshirt Zipper Kurzarm dunkelgr\u00fcn (40499) - Vousten Sports","og_description":"Dieses dunkelgr\u00fcne Slim-Fit-Poloshirt mit Rei\u00dfverschluss ist in Hyperstretch-Qualit\u00e4t gefertigt und hat kurze \u00c4rmel. Der Newcomer in der Hyperstretch-Kollektion! John Miller Slim-Fit-Hemden sind schmal geschnitten und betonen daher den K\u00f6rper. Die Hyperstretch-Qualit\u00e4t des Stoffes sorgt f\u00fcr stilvollen Tragekomfort. Dieser italienische Strick hat sich seit Saisons als Bestseller-Qualit\u00e4t in den John Miller-Kollektionen bew\u00e4hrt. Das Poloshirt hat einen [...]","og_url":"https:\/\/www.voustensports.com\/de\/john-miller-hyperstretch-poloshirt-zipper-kurzarm-dunkelgrun-40499\/","og_site_name":"Vousten Sports","article_modified_time":"2026-02-05T11:24:52+00:00","og_image":[{"width":2048,"height":1913,"url":"https:\/\/www.voustensports.com\/wp-content\/uploads\/2023\/06\/Hyperstretch-Polo-Shirt-Rits-Korte-Mouw-donkergroen-404991.jpg","type":"image\/jpeg"}],"twitter_card":"summary_large_image","schema":{"@context":"https:\/\/schema.org","@graph":[{"@type":"WebPage","@id":"https:\/\/www.voustensports.com\/de\/john-miller-hyperstretch-poloshirt-zipper-kurzarm-dunkelgrun-40499\/","url":"https:\/\/www.voustensports.com\/de\/john-miller-hyperstretch-poloshirt-zipper-kurzarm-dunkelgrun-40499\/","name":"JOHN MILLER - Hyperstretch Poloshirt Zipper Kurzarm dunkelgr\u00fcn (40499) - Vousten Sports","isPartOf":{"@id":"https:\/\/www.voustensports.com\/nl\/#website"},"primaryImageOfPage":{"@id":"https:\/\/www.voustensports.com\/de\/john-miller-hyperstretch-poloshirt-zipper-kurzarm-dunkelgrun-40499\/#primaryimage"},"image":{"@id":"https:\/\/www.voustensports.com\/de\/john-miller-hyperstretch-poloshirt-zipper-kurzarm-dunkelgrun-40499\/#primaryimage"},"thumbnailUrl":"https:\/\/www.voustensports.com\/wp-content\/uploads\/2023\/06\/Hyperstretch-Polo-Shirt-Rits-Korte-Mouw-donkergroen-404991.jpg","datePublished":"2025-03-29T11:08:14+00:00","dateModified":"2026-02-05T11:24:52+00:00","breadcrumb":{"@id":"https:\/\/www.voustensports.com\/de\/john-miller-hyperstretch-poloshirt-zipper-kurzarm-dunkelgrun-40499\/#breadcrumb"},"inLanguage":"de-DE","potentialAction":[{"@type":"ReadAction","target":["https:\/\/www.voustensports.com\/de\/john-miller-hyperstretch-poloshirt-zipper-kurzarm-dunkelgrun-40499\/"]}]},{"@type":"ImageObject","inLanguage":"de-DE","@id":"https:\/\/www.voustensports.com\/de\/john-miller-hyperstretch-poloshirt-zipper-kurzarm-dunkelgrun-40499\/#primaryimage","url":"https:\/\/www.voustensports.com\/wp-content\/uploads\/2023\/06\/Hyperstretch-Polo-Shirt-Rits-Korte-Mouw-donkergroen-404991.jpg","contentUrl":"https:\/\/www.voustensports.com\/wp-content\/uploads\/2023\/06\/Hyperstretch-Polo-Shirt-Rits-Korte-Mouw-donkergroen-404991.jpg","width":2048,"height":1913},{"@type":"BreadcrumbList","@id":"https:\/\/www.voustensports.com\/de\/john-miller-hyperstretch-poloshirt-zipper-kurzarm-dunkelgrun-40499\/#breadcrumb","itemListElement":[{"@type":"ListItem","position":1,"name":"Home","item":"https:\/\/www.voustensports.com\/de\/"},{"@type":"ListItem","position":2,"name":"Shop","item":"https:\/\/www.voustensports.com\/de\/shop\/"},{"@type":"ListItem","position":3,"name":"JOHN MILLER &#8211; Hyperstretch Poloshirt Zipper Kurzarm dunkelgr\u00fcn (40499)"}]},{"@type":"WebSite","@id":"https:\/\/www.voustensports.com\/nl\/#website","url":"https:\/\/www.voustensports.com\/nl\/","name":"Vousten Sports","description":"","potentialAction":[{"@type":"SearchAction","target":{"@type":"EntryPoint","urlTemplate":"https:\/\/www.voustensports.com\/nl\/?s={search_term_string}"},"query-input":{"@type":"PropertyValueSpecification","valueRequired":true,"valueName":"search_term_string"}}],"inLanguage":"de-DE"}]}},"_links":{"self":[{"href":"https:\/\/www.voustensports.com\/de\/wp-json\/wp\/v2\/product\/201928","targetHints":{"allow":["GET"]}}],"collection":[{"href":"https:\/\/www.voustensports.com\/de\/wp-json\/wp\/v2\/product"}],"about":[{"href":"https:\/\/www.voustensports.com\/de\/wp-json\/wp\/v2\/types\/product"}],"replies":[{"embeddable":true,"href":"https:\/\/www.voustensports.com\/de\/wp-json\/wp\/v2\/comments?post=201928"}],"wp:featuredmedia":[{"embeddable":true,"href":"https:\/\/www.voustensports.com\/de\/wp-json\/wp\/v2\/media\/201916"}],"wp:attachment":[{"href":"https:\/\/www.voustensports.com\/de\/wp-json\/wp\/v2\/media?parent=201928"}],"wp:term":[{"taxonomy":"product_cat","embeddable":true,"href":"https:\/\/www.voustensports.com\/de\/wp-json\/wp\/v2\/product_cat?post=201928"},{"taxonomy":"product_tag","embeddable":true,"href":"https:\/\/www.voustensports.com\/de\/wp-json\/wp\/v2\/product_tag?post=201928"}],"curies":[{"name":"wp","href":"https:\/\/api.w.org\/{rel}","templated":true}]}}