{"id":20116,"date":"2023-06-08T14:40:24","date_gmt":"2023-06-08T14:40:25","guid":{"rendered":"https:\/\/www.voustensports.com\/product\/dukes-aviator-45-cm-26281-2\/"},"modified":"2026-02-05T11:46:42","modified_gmt":"2026-02-05T10:46:42","slug":"dukes-aviator-45-cm-26281-2","status":"publish","type":"product","link":"https:\/\/www.voustensports.com\/de\/dukes-aviator-45-cm-26281-2\/","title":{"rendered":"Dukes Aviator 4,5 cm (26281)"},"content":{"rendered":"<div style=\"color: #000000; font-family: Arial, Helvetica, Sans; font-size: 14px; background-image: none; background-attachment: initial; background-origin: initial; background-clip: initial; background-color: #ffffff; outline-width: 0px; outline-style: initial; outline-color: initial; vertical-align: baseline; line-height: 24px; width: 100%; text-align: left; padding: 0px; margin: 0px; border: 0px initial initial;\">\n<div style=\"outline-width: 0px; outline-style: initial; outline-color: initial; font-size: 14px; vertical-align: baseline; background-image: none; background-attachment: initial; background-origin: initial; background-clip: initial; background-color: #ffffff; color: #000000; font-family: Arial, Helvetica, Sans; line-height: 24px; width: 958px; text-align: left; background-position: initial initial; background-repeat: initial initial; padding: 0px; margin: 0px; border: 0px initial initial;\">\n<div style=\"color: #000000; font-family: Arial, Helvetica, Sans; font-size: 14px; background-image: none; background-attachment: initial; background-origin: initial; background-clip: initial; background-color: #ffffff; outline-width: 0px; outline-style: initial; outline-color: initial; vertical-align: baseline; line-height: 24px; width: 100%; text-align: left; padding: 0px; margin: 0px; border: 0px initial initial;\">\n<div style=\"outline-width: 0px; outline-style: initial; outline-color: initial; font-size: 14px; vertical-align: baseline; background-image: none; background-attachment: initial; background-origin: initial; background-clip: initial; background-color: #ffffff; color: #000000; font-family: Arial, Helvetica, Sans; line-height: 24px; width: 958px; text-align: left; background-position: initial initial; background-repeat: initial initial; padding: 0px; margin: 0px; border: 0px initial initial;\">\n<p>DUKES-ARTISAN Aviator: Die Basis daf\u00fcr ist ein antiker Armeeg\u00fcrtel, der mindestens 40 Jahre alt ist. Jeder Armeeg\u00fcrtel erz\u00e4hlt durch seine Gebrauchsspuren, den Geruch des Herkunftslandes, den geringen Schaden, seine eigene einzigartige abenteuerliche Geschichte. Von Pearl Harbor bis Vietnam, von hinter dem Eisernen Vorhang bis Afghanistan ist jeder G\u00fcrtel voller Erfahrung. Er bekommt ein zweites Leben von den K\u00fcnstlern aus Wien, sie machen eine einzigartige Kopie jedes G\u00fcrtels, ein Schmuckst\u00fcck, das mit kleinen silbernen Nieten verziert ist oder mit den sch\u00f6nsten einzigartigen farbenfrohen Gem\u00e4lden \u00fcberschwemmt ist.<\/p>\n<p><strong>S<\/strong> (80\/95 cm) <strong>M<\/strong> (85\/100 cm) <strong>L<\/strong> (90\/105 cm) <strong>XL<\/strong> (95\/110 cm) <strong>XXL<\/strong> (100\/115 cm)<\/p>\n<\/div>\n<\/div>\n<\/div>\n<\/div>\n","protected":false},"excerpt":{"rendered":"<p>DUKES-ARTISAN Aviator: Die Basis daf\u00fcr ist ein antiker Armeeg\u00fcrtel, der mindestens 40 Jahre alt ist. Jeder Armeeg\u00fcrtel erz\u00e4hlt durch seine Gebrauchsspuren, den Geruch des Herkunftslandes, den geringen Schaden, seine eigene einzigartige abenteuerliche Geschichte. Von Pearl Harbor bis Vietnam, von hinter dem Eisernen Vorhang bis Afghanistan ist jeder G\u00fcrtel voller Erfahrung. Er bekommt ein zweites Leben [&#8230;]\n","protected":false},"featured_media":20105,"comment_status":"open","ping_status":"closed","template":"","meta":{"rank_math_lock_modified_date":false},"product_cat":[451,494,504,511],"product_tag":[],"class_list":{"0":"post-20116","1":"product","2":"type-product","3":"status-publish","4":"has-post-thumbnail","6":"product_cat-heren-de","7":"product_cat-accessoires-de","8":"product_cat-dukes-artisan-belts-de","9":"product_cat-riemen-de-2","11":"first","12":"instock","13":"taxable","14":"shipping-taxable","15":"purchasable","16":"product-type-variable"},"acf":[],"yoast_head":"<!-- This site is optimized with the Yoast SEO plugin v23.9 - https:\/\/yoast.com\/wordpress\/plugins\/seo\/ -->\n<title>Dukes Aviator 4,5 cm (26281) - Vousten Sports<\/title>\n<meta name=\"robots\" content=\"index, follow, max-snippet:-1, max-image-preview:large, max-video-preview:-1\" \/>\n<link rel=\"canonical\" href=\"https:\/\/www.voustensports.com\/de\/dukes-aviator-45-cm-26281-2\/\" \/>\n<meta property=\"og:locale\" content=\"de_DE\" \/>\n<meta property=\"og:type\" content=\"article\" \/>\n<meta property=\"og:title\" content=\"Dukes Aviator 4,5 cm (26281) - Vousten Sports\" \/>\n<meta property=\"og:description\" content=\"DUKES-ARTISAN Aviator: Die Basis daf\u00fcr ist ein antiker Armeeg\u00fcrtel, der mindestens 40 Jahre alt ist. Jeder Armeeg\u00fcrtel erz\u00e4hlt durch seine Gebrauchsspuren, den Geruch des Herkunftslandes, den geringen Schaden, seine eigene einzigartige abenteuerliche Geschichte. Von Pearl Harbor bis Vietnam, von hinter dem Eisernen Vorhang bis Afghanistan ist jeder G\u00fcrtel voller Erfahrung. Er bekommt ein zweites Leben [...]\" \/>\n<meta property=\"og:url\" content=\"https:\/\/www.voustensports.com\/de\/dukes-aviator-45-cm-26281-2\/\" \/>\n<meta property=\"og:site_name\" content=\"Vousten Sports\" \/>\n<meta property=\"article:modified_time\" content=\"2026-02-05T10:46:42+00:00\" \/>\n<meta property=\"og:image\" content=\"https:\/\/www.voustensports.com\/wp-content\/uploads\/2023\/03\/dsc_8884-crop.jpg\" \/>\n\t<meta property=\"og:image:width\" content=\"672\" \/>\n\t<meta property=\"og:image:height\" content=\"1008\" \/>\n\t<meta property=\"og:image:type\" content=\"image\/jpeg\" \/>\n<meta name=\"twitter:card\" content=\"summary_large_image\" \/>\n<meta name=\"twitter:label1\" content=\"Est. reading time\" \/>\n\t<meta name=\"twitter:data1\" content=\"1 Minute\" \/>\n<script type=\"application\/ld+json\" class=\"yoast-schema-graph\">{\"@context\":\"https:\/\/schema.org\",\"@graph\":[{\"@type\":\"WebPage\",\"@id\":\"https:\/\/www.voustensports.com\/de\/dukes-aviator-45-cm-26281-2\/\",\"url\":\"https:\/\/www.voustensports.com\/de\/dukes-aviator-45-cm-26281-2\/\",\"name\":\"Dukes Aviator 4,5 cm (26281) - Vousten Sports\",\"isPartOf\":{\"@id\":\"https:\/\/www.voustensports.com\/nl\/#website\"},\"primaryImageOfPage\":{\"@id\":\"https:\/\/www.voustensports.com\/de\/dukes-aviator-45-cm-26281-2\/#primaryimage\"},\"image\":{\"@id\":\"https:\/\/www.voustensports.com\/de\/dukes-aviator-45-cm-26281-2\/#primaryimage\"},\"thumbnailUrl\":\"https:\/\/www.voustensports.com\/wp-content\/uploads\/2023\/03\/dsc_8884-crop.jpg\",\"datePublished\":\"2023-06-08T14:40:25+00:00\",\"dateModified\":\"2026-02-05T10:46:42+00:00\",\"breadcrumb\":{\"@id\":\"https:\/\/www.voustensports.com\/de\/dukes-aviator-45-cm-26281-2\/#breadcrumb\"},\"inLanguage\":\"de-DE\",\"potentialAction\":[{\"@type\":\"ReadAction\",\"target\":[\"https:\/\/www.voustensports.com\/de\/dukes-aviator-45-cm-26281-2\/\"]}]},{\"@type\":\"ImageObject\",\"inLanguage\":\"de-DE\",\"@id\":\"https:\/\/www.voustensports.com\/de\/dukes-aviator-45-cm-26281-2\/#primaryimage\",\"url\":\"https:\/\/www.voustensports.com\/wp-content\/uploads\/2023\/03\/dsc_8884-crop.jpg\",\"contentUrl\":\"https:\/\/www.voustensports.com\/wp-content\/uploads\/2023\/03\/dsc_8884-crop.jpg\",\"width\":672,\"height\":1008},{\"@type\":\"BreadcrumbList\",\"@id\":\"https:\/\/www.voustensports.com\/de\/dukes-aviator-45-cm-26281-2\/#breadcrumb\",\"itemListElement\":[{\"@type\":\"ListItem\",\"position\":1,\"name\":\"Home\",\"item\":\"https:\/\/www.voustensports.com\/de\/\"},{\"@type\":\"ListItem\",\"position\":2,\"name\":\"Shop\",\"item\":\"https:\/\/www.voustensports.com\/de\/shop\/\"},{\"@type\":\"ListItem\",\"position\":3,\"name\":\"Dukes Aviator 4,5 cm (26281)\"}]},{\"@type\":\"WebSite\",\"@id\":\"https:\/\/www.voustensports.com\/nl\/#website\",\"url\":\"https:\/\/www.voustensports.com\/nl\/\",\"name\":\"Vousten Sports\",\"description\":\"\",\"potentialAction\":[{\"@type\":\"SearchAction\",\"target\":{\"@type\":\"EntryPoint\",\"urlTemplate\":\"https:\/\/www.voustensports.com\/nl\/?s={search_term_string}\"},\"query-input\":{\"@type\":\"PropertyValueSpecification\",\"valueRequired\":true,\"valueName\":\"search_term_string\"}}],\"inLanguage\":\"de-DE\"}]}<\/script>\n<!-- \/ Yoast SEO plugin. -->","yoast_head_json":{"title":"Dukes Aviator 4,5 cm (26281) - Vousten Sports","robots":{"index":"index","follow":"follow","max-snippet":"max-snippet:-1","max-image-preview":"max-image-preview:large","max-video-preview":"max-video-preview:-1"},"canonical":"https:\/\/www.voustensports.com\/de\/dukes-aviator-45-cm-26281-2\/","og_locale":"de_DE","og_type":"article","og_title":"Dukes Aviator 4,5 cm (26281) - Vousten Sports","og_description":"DUKES-ARTISAN Aviator: Die Basis daf\u00fcr ist ein antiker Armeeg\u00fcrtel, der mindestens 40 Jahre alt ist. Jeder Armeeg\u00fcrtel erz\u00e4hlt durch seine Gebrauchsspuren, den Geruch des Herkunftslandes, den geringen Schaden, seine eigene einzigartige abenteuerliche Geschichte. Von Pearl Harbor bis Vietnam, von hinter dem Eisernen Vorhang bis Afghanistan ist jeder G\u00fcrtel voller Erfahrung. Er bekommt ein zweites Leben [...]","og_url":"https:\/\/www.voustensports.com\/de\/dukes-aviator-45-cm-26281-2\/","og_site_name":"Vousten Sports","article_modified_time":"2026-02-05T10:46:42+00:00","og_image":[{"width":672,"height":1008,"url":"https:\/\/www.voustensports.com\/wp-content\/uploads\/2023\/03\/dsc_8884-crop.jpg","type":"image\/jpeg"}],"twitter_card":"summary_large_image","twitter_misc":{"Est. reading time":"1 Minute"},"schema":{"@context":"https:\/\/schema.org","@graph":[{"@type":"WebPage","@id":"https:\/\/www.voustensports.com\/de\/dukes-aviator-45-cm-26281-2\/","url":"https:\/\/www.voustensports.com\/de\/dukes-aviator-45-cm-26281-2\/","name":"Dukes Aviator 4,5 cm (26281) - Vousten Sports","isPartOf":{"@id":"https:\/\/www.voustensports.com\/nl\/#website"},"primaryImageOfPage":{"@id":"https:\/\/www.voustensports.com\/de\/dukes-aviator-45-cm-26281-2\/#primaryimage"},"image":{"@id":"https:\/\/www.voustensports.com\/de\/dukes-aviator-45-cm-26281-2\/#primaryimage"},"thumbnailUrl":"https:\/\/www.voustensports.com\/wp-content\/uploads\/2023\/03\/dsc_8884-crop.jpg","datePublished":"2023-06-08T14:40:25+00:00","dateModified":"2026-02-05T10:46:42+00:00","breadcrumb":{"@id":"https:\/\/www.voustensports.com\/de\/dukes-aviator-45-cm-26281-2\/#breadcrumb"},"inLanguage":"de-DE","potentialAction":[{"@type":"ReadAction","target":["https:\/\/www.voustensports.com\/de\/dukes-aviator-45-cm-26281-2\/"]}]},{"@type":"ImageObject","inLanguage":"de-DE","@id":"https:\/\/www.voustensports.com\/de\/dukes-aviator-45-cm-26281-2\/#primaryimage","url":"https:\/\/www.voustensports.com\/wp-content\/uploads\/2023\/03\/dsc_8884-crop.jpg","contentUrl":"https:\/\/www.voustensports.com\/wp-content\/uploads\/2023\/03\/dsc_8884-crop.jpg","width":672,"height":1008},{"@type":"BreadcrumbList","@id":"https:\/\/www.voustensports.com\/de\/dukes-aviator-45-cm-26281-2\/#breadcrumb","itemListElement":[{"@type":"ListItem","position":1,"name":"Home","item":"https:\/\/www.voustensports.com\/de\/"},{"@type":"ListItem","position":2,"name":"Shop","item":"https:\/\/www.voustensports.com\/de\/shop\/"},{"@type":"ListItem","position":3,"name":"Dukes Aviator 4,5 cm (26281)"}]},{"@type":"WebSite","@id":"https:\/\/www.voustensports.com\/nl\/#website","url":"https:\/\/www.voustensports.com\/nl\/","name":"Vousten Sports","description":"","potentialAction":[{"@type":"SearchAction","target":{"@type":"EntryPoint","urlTemplate":"https:\/\/www.voustensports.com\/nl\/?s={search_term_string}"},"query-input":{"@type":"PropertyValueSpecification","valueRequired":true,"valueName":"search_term_string"}}],"inLanguage":"de-DE"}]}},"_links":{"self":[{"href":"https:\/\/www.voustensports.com\/de\/wp-json\/wp\/v2\/product\/20116","targetHints":{"allow":["GET"]}}],"collection":[{"href":"https:\/\/www.voustensports.com\/de\/wp-json\/wp\/v2\/product"}],"about":[{"href":"https:\/\/www.voustensports.com\/de\/wp-json\/wp\/v2\/types\/product"}],"replies":[{"embeddable":true,"href":"https:\/\/www.voustensports.com\/de\/wp-json\/wp\/v2\/comments?post=20116"}],"wp:featuredmedia":[{"embeddable":true,"href":"https:\/\/www.voustensports.com\/de\/wp-json\/wp\/v2\/media\/20105"}],"wp:attachment":[{"href":"https:\/\/www.voustensports.com\/de\/wp-json\/wp\/v2\/media?parent=20116"}],"wp:term":[{"taxonomy":"product_cat","embeddable":true,"href":"https:\/\/www.voustensports.com\/de\/wp-json\/wp\/v2\/product_cat?post=20116"},{"taxonomy":"product_tag","embeddable":true,"href":"https:\/\/www.voustensports.com\/de\/wp-json\/wp\/v2\/product_tag?post=20116"}],"curies":[{"name":"wp","href":"https:\/\/api.w.org\/{rel}","templated":true}]}}