{"id":200969,"date":"2025-03-26T16:50:08","date_gmt":"2025-03-26T15:50:08","guid":{"rendered":"https:\/\/www.voustensports.com\/c-p-company-uberhemd-mit-reisverschluss-aus-bio-gabardine-taupe-39589\/"},"modified":"2026-02-05T12:20:33","modified_gmt":"2026-02-05T11:20:33","slug":"c-p-company-uberhemd-mit-reisverschluss-aus-bio-gabardine-taupe-39589-2","status":"publish","type":"product","link":"https:\/\/www.voustensports.com\/de\/c-p-company-uberhemd-mit-reisverschluss-aus-bio-gabardine-taupe-39589-2\/","title":{"rendered":"C.P. Company &#8211; \u00dcberhemd mit Rei\u00dfverschluss aus Bio-Gabardine, Taupe (39589)"},"content":{"rendered":"<div>\u00dcberhemd mit Rei\u00dfverschluss aus Gabardine aus 100 % Bio-Baumwolle. St\u00fcckgef\u00e4rbt.<\/div>\n<div>&#8211; Klassischer Kragen<\/div>\n<div>&#8211; Durchgehender Zweiwege-Rei\u00dfverschluss<\/div>\n<div>&#8211; Brusttasche mit Patte<\/div>\n<div>&#8211; Linsendetail<\/div>\n<div>&#8211; Verstellbare Manschetten mit Knopf<\/div>\n<div>&#8211; St\u00fcckgef\u00e4rbt<\/div>\n<div>&#8211; Normale Passform<\/div>\n<div><\/div>\n<div>Zusammensetzung<\/div>\n<div>&#8211; Au\u00dfenmaterial: 100 % Baumwolle<\/div>\n","protected":false},"excerpt":{"rendered":"<p>\u00dcberhemd mit Rei\u00dfverschluss aus Gabardine aus 100 % Bio-Baumwolle. St\u00fcckgef\u00e4rbt. &#8211; Klassischer Kragen &#8211; Durchgehender Zweiwege-Rei\u00dfverschluss &#8211; Brusttasche mit Patte &#8211; Linsendetail &#8211; Verstellbare Manschetten mit Knopf &#8211; St\u00fcckgef\u00e4rbt &#8211; Normale Passform Zusammensetzung &#8211; Au\u00dfenmaterial: 100 % Baumwolle<\/p>\n","protected":false},"featured_media":185022,"comment_status":"open","ping_status":"closed","template":"","meta":{"rank_math_lock_modified_date":false},"product_cat":[439,447,451,463,740],"product_tag":[],"class_list":{"0":"post-200969","1":"product","2":"type-product","3":"status-publish","4":"has-post-thumbnail","6":"product_cat-cp-company-de","7":"product_cat-kleding-de","8":"product_cat-heren-de","9":"product_cat-vousten-sports-de-2","10":"product_cat-overshirt-de-2","12":"first","13":"outofstock","14":"taxable","15":"shipping-taxable","16":"purchasable","17":"product-type-variable"},"acf":[],"yoast_head":"<!-- This site is optimized with the Yoast SEO plugin v23.9 - https:\/\/yoast.com\/wordpress\/plugins\/seo\/ -->\n<title>C.P. Company - \u00dcberhemd mit Rei\u00dfverschluss aus Bio-Gabardine, Taupe (39589) - Vousten Sports<\/title>\n<meta name=\"robots\" content=\"index, follow, max-snippet:-1, max-image-preview:large, max-video-preview:-1\" \/>\n<link rel=\"canonical\" href=\"https:\/\/www.voustensports.com\/de\/c-p-company-uberhemd-mit-reisverschluss-aus-bio-gabardine-taupe-39589-2\/\" \/>\n<meta property=\"og:locale\" content=\"de_DE\" \/>\n<meta property=\"og:type\" content=\"article\" \/>\n<meta property=\"og:title\" content=\"C.P. Company - \u00dcberhemd mit Rei\u00dfverschluss aus Bio-Gabardine, Taupe (39589) - Vousten Sports\" \/>\n<meta property=\"og:description\" content=\"\u00dcberhemd mit Rei\u00dfverschluss aus Gabardine aus 100 % Bio-Baumwolle. St\u00fcckgef\u00e4rbt. &#8211; Klassischer Kragen &#8211; Durchgehender Zweiwege-Rei\u00dfverschluss &#8211; Brusttasche mit Patte &#8211; Linsendetail &#8211; Verstellbare Manschetten mit Knopf &#8211; St\u00fcckgef\u00e4rbt &#8211; Normale Passform Zusammensetzung &#8211; Au\u00dfenmaterial: 100 % Baumwolle\" \/>\n<meta property=\"og:url\" content=\"https:\/\/www.voustensports.com\/de\/c-p-company-uberhemd-mit-reisverschluss-aus-bio-gabardine-taupe-39589-2\/\" \/>\n<meta property=\"og:site_name\" content=\"Vousten Sports\" \/>\n<meta property=\"article:modified_time\" content=\"2026-02-05T11:20:33+00:00\" \/>\n<meta property=\"og:image\" content=\"https:\/\/www.voustensports.com\/wp-content\/uploads\/2023\/06\/Organic-Gabardine-Zipped-Overshirt-Taupe-395891.jpg\" \/>\n\t<meta property=\"og:image:width\" content=\"520\" \/>\n\t<meta property=\"og:image:height\" content=\"650\" \/>\n\t<meta property=\"og:image:type\" content=\"image\/jpeg\" \/>\n<meta name=\"twitter:card\" content=\"summary_large_image\" \/>\n<script type=\"application\/ld+json\" class=\"yoast-schema-graph\">{\"@context\":\"https:\/\/schema.org\",\"@graph\":[{\"@type\":\"WebPage\",\"@id\":\"https:\/\/www.voustensports.com\/de\/c-p-company-uberhemd-mit-reisverschluss-aus-bio-gabardine-taupe-39589-2\/\",\"url\":\"https:\/\/www.voustensports.com\/de\/c-p-company-uberhemd-mit-reisverschluss-aus-bio-gabardine-taupe-39589-2\/\",\"name\":\"C.P. Company - \u00dcberhemd mit Rei\u00dfverschluss aus Bio-Gabardine, Taupe (39589) - Vousten Sports\",\"isPartOf\":{\"@id\":\"https:\/\/www.voustensports.com\/nl\/#website\"},\"primaryImageOfPage\":{\"@id\":\"https:\/\/www.voustensports.com\/de\/c-p-company-uberhemd-mit-reisverschluss-aus-bio-gabardine-taupe-39589-2\/#primaryimage\"},\"image\":{\"@id\":\"https:\/\/www.voustensports.com\/de\/c-p-company-uberhemd-mit-reisverschluss-aus-bio-gabardine-taupe-39589-2\/#primaryimage\"},\"thumbnailUrl\":\"https:\/\/www.voustensports.com\/wp-content\/uploads\/2023\/06\/Organic-Gabardine-Zipped-Overshirt-Taupe-395891.jpg\",\"datePublished\":\"2025-03-26T15:50:08+00:00\",\"dateModified\":\"2026-02-05T11:20:33+00:00\",\"breadcrumb\":{\"@id\":\"https:\/\/www.voustensports.com\/de\/c-p-company-uberhemd-mit-reisverschluss-aus-bio-gabardine-taupe-39589-2\/#breadcrumb\"},\"inLanguage\":\"de-DE\",\"potentialAction\":[{\"@type\":\"ReadAction\",\"target\":[\"https:\/\/www.voustensports.com\/de\/c-p-company-uberhemd-mit-reisverschluss-aus-bio-gabardine-taupe-39589-2\/\"]}]},{\"@type\":\"ImageObject\",\"inLanguage\":\"de-DE\",\"@id\":\"https:\/\/www.voustensports.com\/de\/c-p-company-uberhemd-mit-reisverschluss-aus-bio-gabardine-taupe-39589-2\/#primaryimage\",\"url\":\"https:\/\/www.voustensports.com\/wp-content\/uploads\/2023\/06\/Organic-Gabardine-Zipped-Overshirt-Taupe-395891.jpg\",\"contentUrl\":\"https:\/\/www.voustensports.com\/wp-content\/uploads\/2023\/06\/Organic-Gabardine-Zipped-Overshirt-Taupe-395891.jpg\",\"width\":520,\"height\":650},{\"@type\":\"BreadcrumbList\",\"@id\":\"https:\/\/www.voustensports.com\/de\/c-p-company-uberhemd-mit-reisverschluss-aus-bio-gabardine-taupe-39589-2\/#breadcrumb\",\"itemListElement\":[{\"@type\":\"ListItem\",\"position\":1,\"name\":\"Home\",\"item\":\"https:\/\/www.voustensports.com\/de\/\"},{\"@type\":\"ListItem\",\"position\":2,\"name\":\"Shop\",\"item\":\"https:\/\/www.voustensports.com\/de\/shop\/\"},{\"@type\":\"ListItem\",\"position\":3,\"name\":\"C.P. Company &#8211; \u00dcberhemd mit Rei\u00dfverschluss aus Bio-Gabardine, Taupe (39589)\"}]},{\"@type\":\"WebSite\",\"@id\":\"https:\/\/www.voustensports.com\/nl\/#website\",\"url\":\"https:\/\/www.voustensports.com\/nl\/\",\"name\":\"Vousten Sports\",\"description\":\"\",\"potentialAction\":[{\"@type\":\"SearchAction\",\"target\":{\"@type\":\"EntryPoint\",\"urlTemplate\":\"https:\/\/www.voustensports.com\/nl\/?s={search_term_string}\"},\"query-input\":{\"@type\":\"PropertyValueSpecification\",\"valueRequired\":true,\"valueName\":\"search_term_string\"}}],\"inLanguage\":\"de-DE\"}]}<\/script>\n<!-- \/ Yoast SEO plugin. -->","yoast_head_json":{"title":"C.P. Company - \u00dcberhemd mit Rei\u00dfverschluss aus Bio-Gabardine, Taupe (39589) - Vousten Sports","robots":{"index":"index","follow":"follow","max-snippet":"max-snippet:-1","max-image-preview":"max-image-preview:large","max-video-preview":"max-video-preview:-1"},"canonical":"https:\/\/www.voustensports.com\/de\/c-p-company-uberhemd-mit-reisverschluss-aus-bio-gabardine-taupe-39589-2\/","og_locale":"de_DE","og_type":"article","og_title":"C.P. Company - \u00dcberhemd mit Rei\u00dfverschluss aus Bio-Gabardine, Taupe (39589) - Vousten Sports","og_description":"\u00dcberhemd mit Rei\u00dfverschluss aus Gabardine aus 100 % Bio-Baumwolle. St\u00fcckgef\u00e4rbt. &#8211; Klassischer Kragen &#8211; Durchgehender Zweiwege-Rei\u00dfverschluss &#8211; Brusttasche mit Patte &#8211; Linsendetail &#8211; Verstellbare Manschetten mit Knopf &#8211; St\u00fcckgef\u00e4rbt &#8211; Normale Passform Zusammensetzung &#8211; Au\u00dfenmaterial: 100 % Baumwolle","og_url":"https:\/\/www.voustensports.com\/de\/c-p-company-uberhemd-mit-reisverschluss-aus-bio-gabardine-taupe-39589-2\/","og_site_name":"Vousten Sports","article_modified_time":"2026-02-05T11:20:33+00:00","og_image":[{"width":520,"height":650,"url":"https:\/\/www.voustensports.com\/wp-content\/uploads\/2023\/06\/Organic-Gabardine-Zipped-Overshirt-Taupe-395891.jpg","type":"image\/jpeg"}],"twitter_card":"summary_large_image","schema":{"@context":"https:\/\/schema.org","@graph":[{"@type":"WebPage","@id":"https:\/\/www.voustensports.com\/de\/c-p-company-uberhemd-mit-reisverschluss-aus-bio-gabardine-taupe-39589-2\/","url":"https:\/\/www.voustensports.com\/de\/c-p-company-uberhemd-mit-reisverschluss-aus-bio-gabardine-taupe-39589-2\/","name":"C.P. Company - \u00dcberhemd mit Rei\u00dfverschluss aus Bio-Gabardine, Taupe (39589) - Vousten Sports","isPartOf":{"@id":"https:\/\/www.voustensports.com\/nl\/#website"},"primaryImageOfPage":{"@id":"https:\/\/www.voustensports.com\/de\/c-p-company-uberhemd-mit-reisverschluss-aus-bio-gabardine-taupe-39589-2\/#primaryimage"},"image":{"@id":"https:\/\/www.voustensports.com\/de\/c-p-company-uberhemd-mit-reisverschluss-aus-bio-gabardine-taupe-39589-2\/#primaryimage"},"thumbnailUrl":"https:\/\/www.voustensports.com\/wp-content\/uploads\/2023\/06\/Organic-Gabardine-Zipped-Overshirt-Taupe-395891.jpg","datePublished":"2025-03-26T15:50:08+00:00","dateModified":"2026-02-05T11:20:33+00:00","breadcrumb":{"@id":"https:\/\/www.voustensports.com\/de\/c-p-company-uberhemd-mit-reisverschluss-aus-bio-gabardine-taupe-39589-2\/#breadcrumb"},"inLanguage":"de-DE","potentialAction":[{"@type":"ReadAction","target":["https:\/\/www.voustensports.com\/de\/c-p-company-uberhemd-mit-reisverschluss-aus-bio-gabardine-taupe-39589-2\/"]}]},{"@type":"ImageObject","inLanguage":"de-DE","@id":"https:\/\/www.voustensports.com\/de\/c-p-company-uberhemd-mit-reisverschluss-aus-bio-gabardine-taupe-39589-2\/#primaryimage","url":"https:\/\/www.voustensports.com\/wp-content\/uploads\/2023\/06\/Organic-Gabardine-Zipped-Overshirt-Taupe-395891.jpg","contentUrl":"https:\/\/www.voustensports.com\/wp-content\/uploads\/2023\/06\/Organic-Gabardine-Zipped-Overshirt-Taupe-395891.jpg","width":520,"height":650},{"@type":"BreadcrumbList","@id":"https:\/\/www.voustensports.com\/de\/c-p-company-uberhemd-mit-reisverschluss-aus-bio-gabardine-taupe-39589-2\/#breadcrumb","itemListElement":[{"@type":"ListItem","position":1,"name":"Home","item":"https:\/\/www.voustensports.com\/de\/"},{"@type":"ListItem","position":2,"name":"Shop","item":"https:\/\/www.voustensports.com\/de\/shop\/"},{"@type":"ListItem","position":3,"name":"C.P. Company &#8211; \u00dcberhemd mit Rei\u00dfverschluss aus Bio-Gabardine, Taupe (39589)"}]},{"@type":"WebSite","@id":"https:\/\/www.voustensports.com\/nl\/#website","url":"https:\/\/www.voustensports.com\/nl\/","name":"Vousten Sports","description":"","potentialAction":[{"@type":"SearchAction","target":{"@type":"EntryPoint","urlTemplate":"https:\/\/www.voustensports.com\/nl\/?s={search_term_string}"},"query-input":{"@type":"PropertyValueSpecification","valueRequired":true,"valueName":"search_term_string"}}],"inLanguage":"de-DE"}]}},"_links":{"self":[{"href":"https:\/\/www.voustensports.com\/de\/wp-json\/wp\/v2\/product\/200969","targetHints":{"allow":["GET"]}}],"collection":[{"href":"https:\/\/www.voustensports.com\/de\/wp-json\/wp\/v2\/product"}],"about":[{"href":"https:\/\/www.voustensports.com\/de\/wp-json\/wp\/v2\/types\/product"}],"replies":[{"embeddable":true,"href":"https:\/\/www.voustensports.com\/de\/wp-json\/wp\/v2\/comments?post=200969"}],"wp:featuredmedia":[{"embeddable":true,"href":"https:\/\/www.voustensports.com\/de\/wp-json\/wp\/v2\/media\/185022"}],"wp:attachment":[{"href":"https:\/\/www.voustensports.com\/de\/wp-json\/wp\/v2\/media?parent=200969"}],"wp:term":[{"taxonomy":"product_cat","embeddable":true,"href":"https:\/\/www.voustensports.com\/de\/wp-json\/wp\/v2\/product_cat?post=200969"},{"taxonomy":"product_tag","embeddable":true,"href":"https:\/\/www.voustensports.com\/de\/wp-json\/wp\/v2\/product_tag?post=200969"}],"curies":[{"name":"wp","href":"https:\/\/api.w.org\/{rel}","templated":true}]}}