{"id":200767,"date":"2025-03-26T10:50:07","date_gmt":"2025-03-26T09:50:07","guid":{"rendered":"https:\/\/www.voustensports.com\/stone-island-track-top-sweatshirt-im-alten-design-avioblau-38761\/"},"modified":"2026-02-05T12:12:09","modified_gmt":"2026-02-05T11:12:09","slug":"stone-island-track-top-sweatshirt-im-alten-design-avioblau-38761-2","status":"publish","type":"product","link":"https:\/\/www.voustensports.com\/de\/stone-island-track-top-sweatshirt-im-alten-design-avioblau-38761-2\/","title":{"rendered":"STONE ISLAND &#8211; Track-Top-Sweatshirt im \u201ealten\u201c Design Avioblau (38761)"},"content":{"rendered":"<p>PRODUKTDETAILS<\/p>\n<p>\u201eALTE\u201c BEHANDLUNG: Trainings-Sweatshirt aus Malfil\u00e9-Fleece. St\u00fcckgef\u00e4rbt mit dem \u201eOLD\u201c-Effekt, einer exklusiven F\u00e4rbebehandlung und anschlie\u00dfendem Ausbleichen des fertigen Kleidungsst\u00fccks, um ein leicht abgenutztes und dreidimensionales Aussehen zu erzielen.<\/p>\n<p>STIL<br \/>\nNormale Passform.<br \/>\nHerrendienerkragen.<br \/>\nRaglanschultern auf der R\u00fcckseite.<br \/>\nD\u00fcnne Overlockn\u00e4hte an Schultern, Arml\u00f6chern und \u00c4rmeln.<br \/>\nNahttaschen mit Druckknopfverschluss.<br \/>\nStone Island-Abzeichen auf dem linken \u00c4rmel.<br \/>\nGerippte B\u00fcndchen und unteres Band.<br \/>\nRei\u00dfverschluss.<\/p>\n<p>KOMPOSITION<br \/>\n100% Baumwolle<\/p>\n<p>Stone Island-Nummer: 65960<br \/>\nFarbnummer: V0124<br \/>\nIdent-Nr.: 38761<\/p>\n","protected":false},"excerpt":{"rendered":"<p>PRODUKTDETAILS \u201eALTE\u201c BEHANDLUNG: Trainings-Sweatshirt aus Malfil\u00e9-Fleece. St\u00fcckgef\u00e4rbt mit dem \u201eOLD\u201c-Effekt, einer exklusiven F\u00e4rbebehandlung und anschlie\u00dfendem Ausbleichen des fertigen Kleidungsst\u00fccks, um ein leicht abgenutztes und dreidimensionales Aussehen zu erzielen. STIL Normale Passform. Herrendienerkragen. Raglanschultern auf der R\u00fcckseite. D\u00fcnne Overlockn\u00e4hte an Schultern, Arml\u00f6chern und \u00c4rmeln. Nahttaschen mit Druckknopfverschluss. Stone Island-Abzeichen auf dem linken \u00c4rmel. Gerippte B\u00fcndchen und [&#8230;]\n","protected":false},"featured_media":167984,"comment_status":"open","ping_status":"closed","template":"","meta":{"rank_math_lock_modified_date":false},"product_cat":[443,447,451,463,483,676,695,844],"product_tag":[],"class_list":{"0":"post-200767","1":"product","2":"type-product","3":"status-publish","4":"has-post-thumbnail","6":"product_cat-fleece-de","7":"product_cat-kleding-de","8":"product_cat-heren-de","9":"product_cat-vousten-sports-de-2","10":"product_cat-stone-island-de-2","11":"product_cat-westen-de","12":"product_cat-truien-vesten-de-2","13":"product_cat-stone-presale-23-de","15":"first","16":"outofstock","17":"taxable","18":"shipping-taxable","19":"purchasable","20":"product-type-variable"},"acf":[],"yoast_head":"<!-- This site is optimized with the Yoast SEO plugin v23.9 - https:\/\/yoast.com\/wordpress\/plugins\/seo\/ -->\n<title>STONE ISLAND - Track-Top-Sweatshirt im \u201ealten\u201c Design Avioblau (38761) - Vousten Sports<\/title>\n<meta name=\"robots\" content=\"index, follow, max-snippet:-1, max-image-preview:large, max-video-preview:-1\" \/>\n<link rel=\"canonical\" href=\"https:\/\/www.voustensports.com\/de\/stone-island-track-top-sweatshirt-im-alten-design-avioblau-38761-2\/\" \/>\n<meta property=\"og:locale\" content=\"de_DE\" \/>\n<meta property=\"og:type\" content=\"article\" \/>\n<meta property=\"og:title\" content=\"STONE ISLAND - Track-Top-Sweatshirt im \u201ealten\u201c Design Avioblau (38761) - Vousten Sports\" \/>\n<meta property=\"og:description\" content=\"PRODUKTDETAILS \u201eALTE\u201c BEHANDLUNG: Trainings-Sweatshirt aus Malfil\u00e9-Fleece. St\u00fcckgef\u00e4rbt mit dem \u201eOLD\u201c-Effekt, einer exklusiven F\u00e4rbebehandlung und anschlie\u00dfendem Ausbleichen des fertigen Kleidungsst\u00fccks, um ein leicht abgenutztes und dreidimensionales Aussehen zu erzielen. STIL Normale Passform. Herrendienerkragen. Raglanschultern auf der R\u00fcckseite. D\u00fcnne Overlockn\u00e4hte an Schultern, Arml\u00f6chern und \u00c4rmeln. Nahttaschen mit Druckknopfverschluss. Stone Island-Abzeichen auf dem linken \u00c4rmel. Gerippte B\u00fcndchen und [...]\" \/>\n<meta property=\"og:url\" content=\"https:\/\/www.voustensports.com\/de\/stone-island-track-top-sweatshirt-im-alten-design-avioblau-38761-2\/\" \/>\n<meta property=\"og:site_name\" content=\"Vousten Sports\" \/>\n<meta property=\"article:modified_time\" content=\"2026-02-05T11:12:09+00:00\" \/>\n<meta property=\"og:image\" content=\"https:\/\/www.voustensports.com\/wp-content\/uploads\/2023\/06\/Track-top-sweatshirt-old-treatment-avio-blue-38761-1.png\" \/>\n\t<meta property=\"og:image:width\" content=\"1365\" \/>\n\t<meta property=\"og:image:height\" content=\"2048\" \/>\n\t<meta property=\"og:image:type\" content=\"image\/png\" \/>\n<meta name=\"twitter:card\" content=\"summary_large_image\" \/>\n<script type=\"application\/ld+json\" class=\"yoast-schema-graph\">{\"@context\":\"https:\/\/schema.org\",\"@graph\":[{\"@type\":\"WebPage\",\"@id\":\"https:\/\/www.voustensports.com\/de\/stone-island-track-top-sweatshirt-im-alten-design-avioblau-38761-2\/\",\"url\":\"https:\/\/www.voustensports.com\/de\/stone-island-track-top-sweatshirt-im-alten-design-avioblau-38761-2\/\",\"name\":\"STONE ISLAND - Track-Top-Sweatshirt im \u201ealten\u201c Design Avioblau (38761) - Vousten Sports\",\"isPartOf\":{\"@id\":\"https:\/\/www.voustensports.com\/nl\/#website\"},\"primaryImageOfPage\":{\"@id\":\"https:\/\/www.voustensports.com\/de\/stone-island-track-top-sweatshirt-im-alten-design-avioblau-38761-2\/#primaryimage\"},\"image\":{\"@id\":\"https:\/\/www.voustensports.com\/de\/stone-island-track-top-sweatshirt-im-alten-design-avioblau-38761-2\/#primaryimage\"},\"thumbnailUrl\":\"https:\/\/www.voustensports.com\/wp-content\/uploads\/2023\/06\/Track-top-sweatshirt-old-treatment-avio-blue-38761-1.png\",\"datePublished\":\"2025-03-26T09:50:07+00:00\",\"dateModified\":\"2026-02-05T11:12:09+00:00\",\"breadcrumb\":{\"@id\":\"https:\/\/www.voustensports.com\/de\/stone-island-track-top-sweatshirt-im-alten-design-avioblau-38761-2\/#breadcrumb\"},\"inLanguage\":\"de-DE\",\"potentialAction\":[{\"@type\":\"ReadAction\",\"target\":[\"https:\/\/www.voustensports.com\/de\/stone-island-track-top-sweatshirt-im-alten-design-avioblau-38761-2\/\"]}]},{\"@type\":\"ImageObject\",\"inLanguage\":\"de-DE\",\"@id\":\"https:\/\/www.voustensports.com\/de\/stone-island-track-top-sweatshirt-im-alten-design-avioblau-38761-2\/#primaryimage\",\"url\":\"https:\/\/www.voustensports.com\/wp-content\/uploads\/2023\/06\/Track-top-sweatshirt-old-treatment-avio-blue-38761-1.png\",\"contentUrl\":\"https:\/\/www.voustensports.com\/wp-content\/uploads\/2023\/06\/Track-top-sweatshirt-old-treatment-avio-blue-38761-1.png\",\"width\":1365,\"height\":2048},{\"@type\":\"BreadcrumbList\",\"@id\":\"https:\/\/www.voustensports.com\/de\/stone-island-track-top-sweatshirt-im-alten-design-avioblau-38761-2\/#breadcrumb\",\"itemListElement\":[{\"@type\":\"ListItem\",\"position\":1,\"name\":\"Home\",\"item\":\"https:\/\/www.voustensports.com\/de\/\"},{\"@type\":\"ListItem\",\"position\":2,\"name\":\"Shop\",\"item\":\"https:\/\/www.voustensports.com\/de\/shop\/\"},{\"@type\":\"ListItem\",\"position\":3,\"name\":\"STONE ISLAND &#8211; Track-Top-Sweatshirt im \u201ealten\u201c Design Avioblau (38761)\"}]},{\"@type\":\"WebSite\",\"@id\":\"https:\/\/www.voustensports.com\/nl\/#website\",\"url\":\"https:\/\/www.voustensports.com\/nl\/\",\"name\":\"Vousten Sports\",\"description\":\"\",\"potentialAction\":[{\"@type\":\"SearchAction\",\"target\":{\"@type\":\"EntryPoint\",\"urlTemplate\":\"https:\/\/www.voustensports.com\/nl\/?s={search_term_string}\"},\"query-input\":{\"@type\":\"PropertyValueSpecification\",\"valueRequired\":true,\"valueName\":\"search_term_string\"}}],\"inLanguage\":\"de-DE\"}]}<\/script>\n<!-- \/ Yoast SEO plugin. -->","yoast_head_json":{"title":"STONE ISLAND - Track-Top-Sweatshirt im \u201ealten\u201c Design Avioblau (38761) - Vousten Sports","robots":{"index":"index","follow":"follow","max-snippet":"max-snippet:-1","max-image-preview":"max-image-preview:large","max-video-preview":"max-video-preview:-1"},"canonical":"https:\/\/www.voustensports.com\/de\/stone-island-track-top-sweatshirt-im-alten-design-avioblau-38761-2\/","og_locale":"de_DE","og_type":"article","og_title":"STONE ISLAND - Track-Top-Sweatshirt im \u201ealten\u201c Design Avioblau (38761) - Vousten Sports","og_description":"PRODUKTDETAILS \u201eALTE\u201c BEHANDLUNG: Trainings-Sweatshirt aus Malfil\u00e9-Fleece. St\u00fcckgef\u00e4rbt mit dem \u201eOLD\u201c-Effekt, einer exklusiven F\u00e4rbebehandlung und anschlie\u00dfendem Ausbleichen des fertigen Kleidungsst\u00fccks, um ein leicht abgenutztes und dreidimensionales Aussehen zu erzielen. STIL Normale Passform. Herrendienerkragen. Raglanschultern auf der R\u00fcckseite. D\u00fcnne Overlockn\u00e4hte an Schultern, Arml\u00f6chern und \u00c4rmeln. Nahttaschen mit Druckknopfverschluss. Stone Island-Abzeichen auf dem linken \u00c4rmel. Gerippte B\u00fcndchen und [...]","og_url":"https:\/\/www.voustensports.com\/de\/stone-island-track-top-sweatshirt-im-alten-design-avioblau-38761-2\/","og_site_name":"Vousten Sports","article_modified_time":"2026-02-05T11:12:09+00:00","og_image":[{"width":1365,"height":2048,"url":"https:\/\/www.voustensports.com\/wp-content\/uploads\/2023\/06\/Track-top-sweatshirt-old-treatment-avio-blue-38761-1.png","type":"image\/png"}],"twitter_card":"summary_large_image","schema":{"@context":"https:\/\/schema.org","@graph":[{"@type":"WebPage","@id":"https:\/\/www.voustensports.com\/de\/stone-island-track-top-sweatshirt-im-alten-design-avioblau-38761-2\/","url":"https:\/\/www.voustensports.com\/de\/stone-island-track-top-sweatshirt-im-alten-design-avioblau-38761-2\/","name":"STONE ISLAND - Track-Top-Sweatshirt im \u201ealten\u201c Design Avioblau (38761) - Vousten Sports","isPartOf":{"@id":"https:\/\/www.voustensports.com\/nl\/#website"},"primaryImageOfPage":{"@id":"https:\/\/www.voustensports.com\/de\/stone-island-track-top-sweatshirt-im-alten-design-avioblau-38761-2\/#primaryimage"},"image":{"@id":"https:\/\/www.voustensports.com\/de\/stone-island-track-top-sweatshirt-im-alten-design-avioblau-38761-2\/#primaryimage"},"thumbnailUrl":"https:\/\/www.voustensports.com\/wp-content\/uploads\/2023\/06\/Track-top-sweatshirt-old-treatment-avio-blue-38761-1.png","datePublished":"2025-03-26T09:50:07+00:00","dateModified":"2026-02-05T11:12:09+00:00","breadcrumb":{"@id":"https:\/\/www.voustensports.com\/de\/stone-island-track-top-sweatshirt-im-alten-design-avioblau-38761-2\/#breadcrumb"},"inLanguage":"de-DE","potentialAction":[{"@type":"ReadAction","target":["https:\/\/www.voustensports.com\/de\/stone-island-track-top-sweatshirt-im-alten-design-avioblau-38761-2\/"]}]},{"@type":"ImageObject","inLanguage":"de-DE","@id":"https:\/\/www.voustensports.com\/de\/stone-island-track-top-sweatshirt-im-alten-design-avioblau-38761-2\/#primaryimage","url":"https:\/\/www.voustensports.com\/wp-content\/uploads\/2023\/06\/Track-top-sweatshirt-old-treatment-avio-blue-38761-1.png","contentUrl":"https:\/\/www.voustensports.com\/wp-content\/uploads\/2023\/06\/Track-top-sweatshirt-old-treatment-avio-blue-38761-1.png","width":1365,"height":2048},{"@type":"BreadcrumbList","@id":"https:\/\/www.voustensports.com\/de\/stone-island-track-top-sweatshirt-im-alten-design-avioblau-38761-2\/#breadcrumb","itemListElement":[{"@type":"ListItem","position":1,"name":"Home","item":"https:\/\/www.voustensports.com\/de\/"},{"@type":"ListItem","position":2,"name":"Shop","item":"https:\/\/www.voustensports.com\/de\/shop\/"},{"@type":"ListItem","position":3,"name":"STONE ISLAND &#8211; Track-Top-Sweatshirt im \u201ealten\u201c Design Avioblau (38761)"}]},{"@type":"WebSite","@id":"https:\/\/www.voustensports.com\/nl\/#website","url":"https:\/\/www.voustensports.com\/nl\/","name":"Vousten Sports","description":"","potentialAction":[{"@type":"SearchAction","target":{"@type":"EntryPoint","urlTemplate":"https:\/\/www.voustensports.com\/nl\/?s={search_term_string}"},"query-input":{"@type":"PropertyValueSpecification","valueRequired":true,"valueName":"search_term_string"}}],"inLanguage":"de-DE"}]}},"_links":{"self":[{"href":"https:\/\/www.voustensports.com\/de\/wp-json\/wp\/v2\/product\/200767","targetHints":{"allow":["GET"]}}],"collection":[{"href":"https:\/\/www.voustensports.com\/de\/wp-json\/wp\/v2\/product"}],"about":[{"href":"https:\/\/www.voustensports.com\/de\/wp-json\/wp\/v2\/types\/product"}],"replies":[{"embeddable":true,"href":"https:\/\/www.voustensports.com\/de\/wp-json\/wp\/v2\/comments?post=200767"}],"wp:featuredmedia":[{"embeddable":true,"href":"https:\/\/www.voustensports.com\/de\/wp-json\/wp\/v2\/media\/167984"}],"wp:attachment":[{"href":"https:\/\/www.voustensports.com\/de\/wp-json\/wp\/v2\/media?parent=200767"}],"wp:term":[{"taxonomy":"product_cat","embeddable":true,"href":"https:\/\/www.voustensports.com\/de\/wp-json\/wp\/v2\/product_cat?post=200767"},{"taxonomy":"product_tag","embeddable":true,"href":"https:\/\/www.voustensports.com\/de\/wp-json\/wp\/v2\/product_tag?post=200767"}],"curies":[{"name":"wp","href":"https:\/\/api.w.org\/{rel}","templated":true}]}}