{"id":200266,"date":"2025-03-25T19:28:06","date_gmt":"2025-03-25T18:28:06","guid":{"rendered":"https:\/\/www.voustensports.com\/santoni-gennaro-33412-3\/"},"modified":"2026-02-05T11:50:37","modified_gmt":"2026-02-05T10:50:37","slug":"santoni-gennaro-33412-3","status":"publish","type":"product","link":"https:\/\/www.voustensports.com\/de\/santoni-gennaro-33412-3\/","title":{"rendered":"Santoni Gennaro (33412)"},"content":{"rendered":"<p>Ist ein hoher Sneaker aus Leder und hat einen l\u00e4ssigen Look.<\/p>\n<ul>\n<li>Breite: Standard bis ger\u00e4umig<\/li>\n<li>Verschluss: Spitze<\/li>\n<li>Detail: superweiches Leder<\/li>\n<li>Drau\u00dfen: Leder<\/li>\n<li>Innen: Leder<\/li>\n<li>Sohlenkonstruktion: Gummi<\/li>\n<li>Standardgr\u00f6\u00dfe<\/li>\n<li>Passender G\u00fcrtel m\u00f6glich<\/li>\n<li>Diese Santoni Schuhe werden in Italien handgefertigt<\/li>\n<\/ul>\n<p>Lieferung in der Originalverpackung von Santoni mit passenden Staubbeuteln.<\/p>\n","protected":false},"excerpt":{"rendered":"<p>Ist ein hoher Sneaker aus Leder und hat einen l\u00e4ssigen Look. Breite: Standard bis ger\u00e4umig Verschluss: Spitze Detail: superweiches Leder Drau\u00dfen: Leder Innen: Leder Sohlenkonstruktion: Gummi Standardgr\u00f6\u00dfe Passender G\u00fcrtel m\u00f6glich Diese Santoni Schuhe werden in Italien handgefertigt Lieferung in der Originalverpackung von Santoni mit passenden Staubbeuteln.<\/p>\n","protected":false},"featured_media":15816,"comment_status":"open","ping_status":"closed","template":"","meta":{"rank_math_lock_modified_date":false},"product_cat":[451,463,523,527,649,723,935],"product_tag":[],"class_list":{"0":"post-200266","1":"product","2":"type-product","3":"status-publish","4":"has-post-thumbnail","6":"product_cat-heren-de","7":"product_cat-vousten-sports-de-2","8":"product_cat-schoenen-de-2","9":"product_cat-sneakers-de-2","10":"product_cat-santoni-de-2","11":"product_cat-hoge-santoni-sneakers-de","12":"product_cat-hoge-sneakers-de","14":"first","15":"outofstock","16":"taxable","17":"shipping-taxable","18":"purchasable","19":"product-type-variable"},"acf":[],"yoast_head":"<!-- This site is optimized with the Yoast SEO plugin v23.9 - https:\/\/yoast.com\/wordpress\/plugins\/seo\/ -->\n<title>Santoni Gennaro (33412) - Vousten Sports<\/title>\n<meta name=\"robots\" content=\"index, follow, max-snippet:-1, max-image-preview:large, max-video-preview:-1\" \/>\n<link rel=\"canonical\" href=\"https:\/\/www.voustensports.com\/de\/santoni-gennaro-33412-3\/\" \/>\n<meta property=\"og:locale\" content=\"de_DE\" \/>\n<meta property=\"og:type\" content=\"article\" \/>\n<meta property=\"og:title\" content=\"Santoni Gennaro (33412) - Vousten Sports\" \/>\n<meta property=\"og:description\" content=\"Ist ein hoher Sneaker aus Leder und hat einen l\u00e4ssigen Look. Breite: Standard bis ger\u00e4umig Verschluss: Spitze Detail: superweiches Leder Drau\u00dfen: Leder Innen: Leder Sohlenkonstruktion: Gummi Standardgr\u00f6\u00dfe Passender G\u00fcrtel m\u00f6glich Diese Santoni Schuhe werden in Italien handgefertigt Lieferung in der Originalverpackung von Santoni mit passenden Staubbeuteln.\" \/>\n<meta property=\"og:url\" content=\"https:\/\/www.voustensports.com\/de\/santoni-gennaro-33412-3\/\" \/>\n<meta property=\"og:site_name\" content=\"Vousten Sports\" \/>\n<meta property=\"article:modified_time\" content=\"2026-02-05T10:50:37+00:00\" \/>\n<meta property=\"og:image\" content=\"https:\/\/www.voustensports.com\/wp-content\/uploads\/2023\/03\/lichtere_kleur_1_van_3.jpg\" \/>\n\t<meta property=\"og:image:width\" content=\"2000\" \/>\n\t<meta property=\"og:image:height\" content=\"2000\" \/>\n\t<meta property=\"og:image:type\" content=\"image\/jpeg\" \/>\n<meta name=\"twitter:card\" content=\"summary_large_image\" \/>\n<script type=\"application\/ld+json\" class=\"yoast-schema-graph\">{\"@context\":\"https:\/\/schema.org\",\"@graph\":[{\"@type\":\"WebPage\",\"@id\":\"https:\/\/www.voustensports.com\/de\/santoni-gennaro-33412-3\/\",\"url\":\"https:\/\/www.voustensports.com\/de\/santoni-gennaro-33412-3\/\",\"name\":\"Santoni Gennaro (33412) - Vousten Sports\",\"isPartOf\":{\"@id\":\"https:\/\/www.voustensports.com\/nl\/#website\"},\"primaryImageOfPage\":{\"@id\":\"https:\/\/www.voustensports.com\/de\/santoni-gennaro-33412-3\/#primaryimage\"},\"image\":{\"@id\":\"https:\/\/www.voustensports.com\/de\/santoni-gennaro-33412-3\/#primaryimage\"},\"thumbnailUrl\":\"https:\/\/www.voustensports.com\/wp-content\/uploads\/2023\/03\/lichtere_kleur_1_van_3.jpg\",\"datePublished\":\"2025-03-25T18:28:06+00:00\",\"dateModified\":\"2026-02-05T10:50:37+00:00\",\"breadcrumb\":{\"@id\":\"https:\/\/www.voustensports.com\/de\/santoni-gennaro-33412-3\/#breadcrumb\"},\"inLanguage\":\"de-DE\",\"potentialAction\":[{\"@type\":\"ReadAction\",\"target\":[\"https:\/\/www.voustensports.com\/de\/santoni-gennaro-33412-3\/\"]}]},{\"@type\":\"ImageObject\",\"inLanguage\":\"de-DE\",\"@id\":\"https:\/\/www.voustensports.com\/de\/santoni-gennaro-33412-3\/#primaryimage\",\"url\":\"https:\/\/www.voustensports.com\/wp-content\/uploads\/2023\/03\/lichtere_kleur_1_van_3.jpg\",\"contentUrl\":\"https:\/\/www.voustensports.com\/wp-content\/uploads\/2023\/03\/lichtere_kleur_1_van_3.jpg\",\"width\":2000,\"height\":2000},{\"@type\":\"BreadcrumbList\",\"@id\":\"https:\/\/www.voustensports.com\/de\/santoni-gennaro-33412-3\/#breadcrumb\",\"itemListElement\":[{\"@type\":\"ListItem\",\"position\":1,\"name\":\"Home\",\"item\":\"https:\/\/www.voustensports.com\/de\/\"},{\"@type\":\"ListItem\",\"position\":2,\"name\":\"Shop\",\"item\":\"https:\/\/www.voustensports.com\/de\/shop\/\"},{\"@type\":\"ListItem\",\"position\":3,\"name\":\"Santoni Gennaro (33412)\"}]},{\"@type\":\"WebSite\",\"@id\":\"https:\/\/www.voustensports.com\/nl\/#website\",\"url\":\"https:\/\/www.voustensports.com\/nl\/\",\"name\":\"Vousten Sports\",\"description\":\"\",\"potentialAction\":[{\"@type\":\"SearchAction\",\"target\":{\"@type\":\"EntryPoint\",\"urlTemplate\":\"https:\/\/www.voustensports.com\/nl\/?s={search_term_string}\"},\"query-input\":{\"@type\":\"PropertyValueSpecification\",\"valueRequired\":true,\"valueName\":\"search_term_string\"}}],\"inLanguage\":\"de-DE\"}]}<\/script>\n<!-- \/ Yoast SEO plugin. -->","yoast_head_json":{"title":"Santoni Gennaro (33412) - Vousten Sports","robots":{"index":"index","follow":"follow","max-snippet":"max-snippet:-1","max-image-preview":"max-image-preview:large","max-video-preview":"max-video-preview:-1"},"canonical":"https:\/\/www.voustensports.com\/de\/santoni-gennaro-33412-3\/","og_locale":"de_DE","og_type":"article","og_title":"Santoni Gennaro (33412) - Vousten Sports","og_description":"Ist ein hoher Sneaker aus Leder und hat einen l\u00e4ssigen Look. Breite: Standard bis ger\u00e4umig Verschluss: Spitze Detail: superweiches Leder Drau\u00dfen: Leder Innen: Leder Sohlenkonstruktion: Gummi Standardgr\u00f6\u00dfe Passender G\u00fcrtel m\u00f6glich Diese Santoni Schuhe werden in Italien handgefertigt Lieferung in der Originalverpackung von Santoni mit passenden Staubbeuteln.","og_url":"https:\/\/www.voustensports.com\/de\/santoni-gennaro-33412-3\/","og_site_name":"Vousten Sports","article_modified_time":"2026-02-05T10:50:37+00:00","og_image":[{"width":2000,"height":2000,"url":"https:\/\/www.voustensports.com\/wp-content\/uploads\/2023\/03\/lichtere_kleur_1_van_3.jpg","type":"image\/jpeg"}],"twitter_card":"summary_large_image","schema":{"@context":"https:\/\/schema.org","@graph":[{"@type":"WebPage","@id":"https:\/\/www.voustensports.com\/de\/santoni-gennaro-33412-3\/","url":"https:\/\/www.voustensports.com\/de\/santoni-gennaro-33412-3\/","name":"Santoni Gennaro (33412) - Vousten Sports","isPartOf":{"@id":"https:\/\/www.voustensports.com\/nl\/#website"},"primaryImageOfPage":{"@id":"https:\/\/www.voustensports.com\/de\/santoni-gennaro-33412-3\/#primaryimage"},"image":{"@id":"https:\/\/www.voustensports.com\/de\/santoni-gennaro-33412-3\/#primaryimage"},"thumbnailUrl":"https:\/\/www.voustensports.com\/wp-content\/uploads\/2023\/03\/lichtere_kleur_1_van_3.jpg","datePublished":"2025-03-25T18:28:06+00:00","dateModified":"2026-02-05T10:50:37+00:00","breadcrumb":{"@id":"https:\/\/www.voustensports.com\/de\/santoni-gennaro-33412-3\/#breadcrumb"},"inLanguage":"de-DE","potentialAction":[{"@type":"ReadAction","target":["https:\/\/www.voustensports.com\/de\/santoni-gennaro-33412-3\/"]}]},{"@type":"ImageObject","inLanguage":"de-DE","@id":"https:\/\/www.voustensports.com\/de\/santoni-gennaro-33412-3\/#primaryimage","url":"https:\/\/www.voustensports.com\/wp-content\/uploads\/2023\/03\/lichtere_kleur_1_van_3.jpg","contentUrl":"https:\/\/www.voustensports.com\/wp-content\/uploads\/2023\/03\/lichtere_kleur_1_van_3.jpg","width":2000,"height":2000},{"@type":"BreadcrumbList","@id":"https:\/\/www.voustensports.com\/de\/santoni-gennaro-33412-3\/#breadcrumb","itemListElement":[{"@type":"ListItem","position":1,"name":"Home","item":"https:\/\/www.voustensports.com\/de\/"},{"@type":"ListItem","position":2,"name":"Shop","item":"https:\/\/www.voustensports.com\/de\/shop\/"},{"@type":"ListItem","position":3,"name":"Santoni Gennaro (33412)"}]},{"@type":"WebSite","@id":"https:\/\/www.voustensports.com\/nl\/#website","url":"https:\/\/www.voustensports.com\/nl\/","name":"Vousten Sports","description":"","potentialAction":[{"@type":"SearchAction","target":{"@type":"EntryPoint","urlTemplate":"https:\/\/www.voustensports.com\/nl\/?s={search_term_string}"},"query-input":{"@type":"PropertyValueSpecification","valueRequired":true,"valueName":"search_term_string"}}],"inLanguage":"de-DE"}]}},"_links":{"self":[{"href":"https:\/\/www.voustensports.com\/de\/wp-json\/wp\/v2\/product\/200266","targetHints":{"allow":["GET"]}}],"collection":[{"href":"https:\/\/www.voustensports.com\/de\/wp-json\/wp\/v2\/product"}],"about":[{"href":"https:\/\/www.voustensports.com\/de\/wp-json\/wp\/v2\/types\/product"}],"replies":[{"embeddable":true,"href":"https:\/\/www.voustensports.com\/de\/wp-json\/wp\/v2\/comments?post=200266"}],"wp:featuredmedia":[{"embeddable":true,"href":"https:\/\/www.voustensports.com\/de\/wp-json\/wp\/v2\/media\/15816"}],"wp:attachment":[{"href":"https:\/\/www.voustensports.com\/de\/wp-json\/wp\/v2\/media?parent=200266"}],"wp:term":[{"taxonomy":"product_cat","embeddable":true,"href":"https:\/\/www.voustensports.com\/de\/wp-json\/wp\/v2\/product_cat?post=200266"},{"taxonomy":"product_tag","embeddable":true,"href":"https:\/\/www.voustensports.com\/de\/wp-json\/wp\/v2\/product_tag?post=200266"}],"curies":[{"name":"wp","href":"https:\/\/api.w.org\/{rel}","templated":true}]}}