{"id":199064,"date":"2025-03-08T13:48:19","date_gmt":"2025-03-08T12:48:19","guid":{"rendered":"https:\/\/www.voustensports.com\/genti-polo-blau-40615\/"},"modified":"2026-02-05T12:27:23","modified_gmt":"2026-02-05T11:27:23","slug":"genti-polo-blau-40615","status":"publish","type":"product","link":"https:\/\/www.voustensports.com\/de\/genti-polo-blau-40615\/","title":{"rendered":"GENTI &#8211; Polo blau (40615)"},"content":{"rendered":"<div>Ein blaues Poloshirt mit detailliertem Finish am \u00c4rmel. Dieses Polo ist aus hochwertiger Baumwolle mit Stretch gefertigt, was f\u00fcr optimalen Tragekomfort sorgt. Perfekt f\u00fcr einen l\u00e4ssigen, stilvollen Look.<\/div>\n<ul>\n<li>Kn\u00f6pfe<\/li>\n<li>Details am \u00c4rmel<\/li>\n<li>Ultimativer Tragekomfort<\/li>\n<li>Hergestellt in Portugal<\/li>\n<\/ul>\n<div>Material 96 % Baumwolle, 4 % Elasthan<\/div>\n","protected":false},"excerpt":{"rendered":"<p>Ein blaues Poloshirt mit detailliertem Finish am \u00c4rmel. Dieses Polo ist aus hochwertiger Baumwolle mit Stretch gefertigt, was f\u00fcr optimalen Tragekomfort sorgt. Perfekt f\u00fcr einen l\u00e4ssigen, stilvollen Look. Kn\u00f6pfe Details am \u00c4rmel Ultimativer Tragekomfort Hergestellt in Portugal Material 96 % Baumwolle, 4 % Elasthan<\/p>\n","protected":false},"featured_media":199044,"comment_status":"open","ping_status":"closed","template":"","meta":{"rank_math_lock_modified_date":false},"product_cat":[447,451,463,479,487,711],"product_tag":[],"class_list":{"0":"post-199064","1":"product","2":"type-product","3":"status-publish","4":"has-post-thumbnail","6":"product_cat-kleding-de","7":"product_cat-heren-de","8":"product_cat-vousten-sports-de-2","9":"product_cat-polos-de-2","10":"product_cat-shirt-de-2","11":"product_cat-genti-de","13":"first","14":"instock","15":"taxable","16":"shipping-taxable","17":"purchasable","18":"product-type-variable"},"acf":[],"yoast_head":"<!-- This site is optimized with the Yoast SEO plugin v23.9 - https:\/\/yoast.com\/wordpress\/plugins\/seo\/ -->\n<title>GENTI - Polo blau (40615) - Vousten Sports<\/title>\n<meta name=\"robots\" content=\"index, follow, max-snippet:-1, max-image-preview:large, max-video-preview:-1\" \/>\n<link rel=\"canonical\" href=\"https:\/\/www.voustensports.com\/de\/genti-polo-blau-40615\/\" \/>\n<meta property=\"og:locale\" content=\"de_DE\" \/>\n<meta property=\"og:type\" content=\"article\" \/>\n<meta property=\"og:title\" content=\"GENTI - Polo blau (40615) - Vousten Sports\" \/>\n<meta property=\"og:description\" content=\"Ein blaues Poloshirt mit detailliertem Finish am \u00c4rmel. Dieses Polo ist aus hochwertiger Baumwolle mit Stretch gefertigt, was f\u00fcr optimalen Tragekomfort sorgt. Perfekt f\u00fcr einen l\u00e4ssigen, stilvollen Look. Kn\u00f6pfe Details am \u00c4rmel Ultimativer Tragekomfort Hergestellt in Portugal Material 96 % Baumwolle, 4 % Elasthan\" \/>\n<meta property=\"og:url\" content=\"https:\/\/www.voustensports.com\/de\/genti-polo-blau-40615\/\" \/>\n<meta property=\"og:site_name\" content=\"Vousten Sports\" \/>\n<meta property=\"article:modified_time\" content=\"2026-02-05T11:27:23+00:00\" \/>\n<meta property=\"og:image\" content=\"https:\/\/www.voustensports.com\/wp-content\/uploads\/2023\/06\/Polo-blauw-406151.jpg\" \/>\n\t<meta property=\"og:image:width\" content=\"1365\" \/>\n\t<meta property=\"og:image:height\" content=\"2048\" \/>\n\t<meta property=\"og:image:type\" content=\"image\/jpeg\" \/>\n<meta name=\"twitter:card\" content=\"summary_large_image\" \/>\n<script type=\"application\/ld+json\" class=\"yoast-schema-graph\">{\"@context\":\"https:\/\/schema.org\",\"@graph\":[{\"@type\":\"WebPage\",\"@id\":\"https:\/\/www.voustensports.com\/de\/genti-polo-blau-40615\/\",\"url\":\"https:\/\/www.voustensports.com\/de\/genti-polo-blau-40615\/\",\"name\":\"GENTI - Polo blau (40615) - Vousten Sports\",\"isPartOf\":{\"@id\":\"https:\/\/www.voustensports.com\/nl\/#website\"},\"primaryImageOfPage\":{\"@id\":\"https:\/\/www.voustensports.com\/de\/genti-polo-blau-40615\/#primaryimage\"},\"image\":{\"@id\":\"https:\/\/www.voustensports.com\/de\/genti-polo-blau-40615\/#primaryimage\"},\"thumbnailUrl\":\"https:\/\/www.voustensports.com\/wp-content\/uploads\/2023\/06\/Polo-blauw-406151.jpg\",\"datePublished\":\"2025-03-08T12:48:19+00:00\",\"dateModified\":\"2026-02-05T11:27:23+00:00\",\"breadcrumb\":{\"@id\":\"https:\/\/www.voustensports.com\/de\/genti-polo-blau-40615\/#breadcrumb\"},\"inLanguage\":\"de-DE\",\"potentialAction\":[{\"@type\":\"ReadAction\",\"target\":[\"https:\/\/www.voustensports.com\/de\/genti-polo-blau-40615\/\"]}]},{\"@type\":\"ImageObject\",\"inLanguage\":\"de-DE\",\"@id\":\"https:\/\/www.voustensports.com\/de\/genti-polo-blau-40615\/#primaryimage\",\"url\":\"https:\/\/www.voustensports.com\/wp-content\/uploads\/2023\/06\/Polo-blauw-406151.jpg\",\"contentUrl\":\"https:\/\/www.voustensports.com\/wp-content\/uploads\/2023\/06\/Polo-blauw-406151.jpg\",\"width\":1365,\"height\":2048},{\"@type\":\"BreadcrumbList\",\"@id\":\"https:\/\/www.voustensports.com\/de\/genti-polo-blau-40615\/#breadcrumb\",\"itemListElement\":[{\"@type\":\"ListItem\",\"position\":1,\"name\":\"Home\",\"item\":\"https:\/\/www.voustensports.com\/de\/\"},{\"@type\":\"ListItem\",\"position\":2,\"name\":\"Shop\",\"item\":\"https:\/\/www.voustensports.com\/de\/shop\/\"},{\"@type\":\"ListItem\",\"position\":3,\"name\":\"GENTI &#8211; Polo blau (40615)\"}]},{\"@type\":\"WebSite\",\"@id\":\"https:\/\/www.voustensports.com\/nl\/#website\",\"url\":\"https:\/\/www.voustensports.com\/nl\/\",\"name\":\"Vousten Sports\",\"description\":\"\",\"potentialAction\":[{\"@type\":\"SearchAction\",\"target\":{\"@type\":\"EntryPoint\",\"urlTemplate\":\"https:\/\/www.voustensports.com\/nl\/?s={search_term_string}\"},\"query-input\":{\"@type\":\"PropertyValueSpecification\",\"valueRequired\":true,\"valueName\":\"search_term_string\"}}],\"inLanguage\":\"de-DE\"}]}<\/script>\n<!-- \/ Yoast SEO plugin. -->","yoast_head_json":{"title":"GENTI - Polo blau (40615) - Vousten Sports","robots":{"index":"index","follow":"follow","max-snippet":"max-snippet:-1","max-image-preview":"max-image-preview:large","max-video-preview":"max-video-preview:-1"},"canonical":"https:\/\/www.voustensports.com\/de\/genti-polo-blau-40615\/","og_locale":"de_DE","og_type":"article","og_title":"GENTI - Polo blau (40615) - Vousten Sports","og_description":"Ein blaues Poloshirt mit detailliertem Finish am \u00c4rmel. Dieses Polo ist aus hochwertiger Baumwolle mit Stretch gefertigt, was f\u00fcr optimalen Tragekomfort sorgt. Perfekt f\u00fcr einen l\u00e4ssigen, stilvollen Look. Kn\u00f6pfe Details am \u00c4rmel Ultimativer Tragekomfort Hergestellt in Portugal Material 96 % Baumwolle, 4 % Elasthan","og_url":"https:\/\/www.voustensports.com\/de\/genti-polo-blau-40615\/","og_site_name":"Vousten Sports","article_modified_time":"2026-02-05T11:27:23+00:00","og_image":[{"width":1365,"height":2048,"url":"https:\/\/www.voustensports.com\/wp-content\/uploads\/2023\/06\/Polo-blauw-406151.jpg","type":"image\/jpeg"}],"twitter_card":"summary_large_image","schema":{"@context":"https:\/\/schema.org","@graph":[{"@type":"WebPage","@id":"https:\/\/www.voustensports.com\/de\/genti-polo-blau-40615\/","url":"https:\/\/www.voustensports.com\/de\/genti-polo-blau-40615\/","name":"GENTI - Polo blau (40615) - Vousten Sports","isPartOf":{"@id":"https:\/\/www.voustensports.com\/nl\/#website"},"primaryImageOfPage":{"@id":"https:\/\/www.voustensports.com\/de\/genti-polo-blau-40615\/#primaryimage"},"image":{"@id":"https:\/\/www.voustensports.com\/de\/genti-polo-blau-40615\/#primaryimage"},"thumbnailUrl":"https:\/\/www.voustensports.com\/wp-content\/uploads\/2023\/06\/Polo-blauw-406151.jpg","datePublished":"2025-03-08T12:48:19+00:00","dateModified":"2026-02-05T11:27:23+00:00","breadcrumb":{"@id":"https:\/\/www.voustensports.com\/de\/genti-polo-blau-40615\/#breadcrumb"},"inLanguage":"de-DE","potentialAction":[{"@type":"ReadAction","target":["https:\/\/www.voustensports.com\/de\/genti-polo-blau-40615\/"]}]},{"@type":"ImageObject","inLanguage":"de-DE","@id":"https:\/\/www.voustensports.com\/de\/genti-polo-blau-40615\/#primaryimage","url":"https:\/\/www.voustensports.com\/wp-content\/uploads\/2023\/06\/Polo-blauw-406151.jpg","contentUrl":"https:\/\/www.voustensports.com\/wp-content\/uploads\/2023\/06\/Polo-blauw-406151.jpg","width":1365,"height":2048},{"@type":"BreadcrumbList","@id":"https:\/\/www.voustensports.com\/de\/genti-polo-blau-40615\/#breadcrumb","itemListElement":[{"@type":"ListItem","position":1,"name":"Home","item":"https:\/\/www.voustensports.com\/de\/"},{"@type":"ListItem","position":2,"name":"Shop","item":"https:\/\/www.voustensports.com\/de\/shop\/"},{"@type":"ListItem","position":3,"name":"GENTI &#8211; Polo blau (40615)"}]},{"@type":"WebSite","@id":"https:\/\/www.voustensports.com\/nl\/#website","url":"https:\/\/www.voustensports.com\/nl\/","name":"Vousten Sports","description":"","potentialAction":[{"@type":"SearchAction","target":{"@type":"EntryPoint","urlTemplate":"https:\/\/www.voustensports.com\/nl\/?s={search_term_string}"},"query-input":{"@type":"PropertyValueSpecification","valueRequired":true,"valueName":"search_term_string"}}],"inLanguage":"de-DE"}]}},"_links":{"self":[{"href":"https:\/\/www.voustensports.com\/de\/wp-json\/wp\/v2\/product\/199064","targetHints":{"allow":["GET"]}}],"collection":[{"href":"https:\/\/www.voustensports.com\/de\/wp-json\/wp\/v2\/product"}],"about":[{"href":"https:\/\/www.voustensports.com\/de\/wp-json\/wp\/v2\/types\/product"}],"replies":[{"embeddable":true,"href":"https:\/\/www.voustensports.com\/de\/wp-json\/wp\/v2\/comments?post=199064"}],"wp:featuredmedia":[{"embeddable":true,"href":"https:\/\/www.voustensports.com\/de\/wp-json\/wp\/v2\/media\/199044"}],"wp:attachment":[{"href":"https:\/\/www.voustensports.com\/de\/wp-json\/wp\/v2\/media?parent=199064"}],"wp:term":[{"taxonomy":"product_cat","embeddable":true,"href":"https:\/\/www.voustensports.com\/de\/wp-json\/wp\/v2\/product_cat?post=199064"},{"taxonomy":"product_tag","embeddable":true,"href":"https:\/\/www.voustensports.com\/de\/wp-json\/wp\/v2\/product_tag?post=199064"}],"curies":[{"name":"wp","href":"https:\/\/api.w.org\/{rel}","templated":true}]}}