{"id":198743,"date":"2025-03-07T19:16:19","date_gmt":"2025-03-07T18:16:19","guid":{"rendered":"https:\/\/www.voustensports.com\/stone-island-crewneck-sweatshirt-zwart-40791-2\/"},"modified":"2026-02-05T12:31:14","modified_gmt":"2026-02-05T11:31:14","slug":"stone-island-crewneck-sweatshirt-zwart-40791-2","status":"publish","type":"product","link":"https:\/\/www.voustensports.com\/de\/stone-island-crewneck-sweatshirt-zwart-40791-2\/","title":{"rendered":"STONE ISLAND &#8211; SWEATSHIRTS MIT RUNDHALSAUSSCHNITT SCHWARZ (40791)"},"content":{"rendered":"<div>PRODUKTDETAILS<\/div>\n<div>Sweatshirt mit Rundhalsausschnitt aus Baumwollfleece. Im St\u00fcck gef\u00e4rbt.<\/div>\n<div><\/div>\n<div>STIL<\/div>\n<div>Baumwollband-Applikation auf der Brust mit Schlaufen.<\/div>\n<div>Auf dem linken \u00c4rmel abgerundete Blasebalgtasche aus Baumwolle mit Rei\u00dfverschluss, mit Stone Island-Abzeichen.<\/div>\n<div>Overlockn\u00e4hte an Schultern, Armausschnitten und Seiten.<\/div>\n<div>Gerippte B\u00fcndchen und unteres Band.<\/div>\n<div>Normale Passform.<\/div>\n<div><\/div>\n<div>ZUSAMMENSETZUNG<\/div>\n<div>Au\u00dfenmaterial: 100 % Baumwolle. Tasche: 100 % Baumwolle. Rippung: 98 % Baumwolle, 2 % Elastan\/Spandex<\/div>\n<div>Stone Island-Nr.: 6100003<\/div>\n<div>ID-Nr.: 40791<\/div>\n","protected":false},"excerpt":{"rendered":"<p>PRODUKTDETAILS Sweatshirt mit Rundhalsausschnitt aus Baumwollfleece. Im St\u00fcck gef\u00e4rbt. STIL Baumwollband-Applikation auf der Brust mit Schlaufen. Auf dem linken \u00c4rmel abgerundete Blasebalgtasche aus Baumwolle mit Rei\u00dfverschluss, mit Stone Island-Abzeichen. Overlockn\u00e4hte an Schultern, Armausschnitten und Seiten. Gerippte B\u00fcndchen und unteres Band. Normale Passform. ZUSAMMENSETZUNG Au\u00dfenmaterial: 100 % Baumwolle. Tasche: 100 % Baumwolle. Rippung: 98 % Baumwolle, [&#8230;]\n","protected":false},"featured_media":198731,"comment_status":"open","ping_status":"closed","template":"","meta":{"rank_math_lock_modified_date":false},"product_cat":[447,451,463,483,535,695,698],"product_tag":[],"class_list":{"0":"post-198743","1":"product","2":"type-product","3":"status-publish","4":"has-post-thumbnail","6":"product_cat-kleding-de","7":"product_cat-heren-de","8":"product_cat-vousten-sports-de-2","9":"product_cat-stone-island-de-2","10":"product_cat-truien-de-2","11":"product_cat-truien-vesten-de-2","12":"product_cat-sweaters-de-2","14":"first","15":"outofstock","16":"taxable","17":"shipping-taxable","18":"purchasable","19":"product-type-variable"},"acf":[],"yoast_head":"<!-- This site is optimized with the Yoast SEO plugin v23.9 - https:\/\/yoast.com\/wordpress\/plugins\/seo\/ -->\n<title>STONE ISLAND - SWEATSHIRTS MIT RUNDHALSAUSSCHNITT SCHWARZ (40791) - Vousten Sports<\/title>\n<meta name=\"robots\" content=\"index, follow, max-snippet:-1, max-image-preview:large, max-video-preview:-1\" \/>\n<link rel=\"canonical\" href=\"https:\/\/www.voustensports.com\/de\/stone-island-crewneck-sweatshirt-zwart-40791-2\/\" \/>\n<meta property=\"og:locale\" content=\"de_DE\" \/>\n<meta property=\"og:type\" content=\"article\" \/>\n<meta property=\"og:title\" content=\"STONE ISLAND - SWEATSHIRTS MIT RUNDHALSAUSSCHNITT SCHWARZ (40791) - Vousten Sports\" \/>\n<meta property=\"og:description\" content=\"PRODUKTDETAILS Sweatshirt mit Rundhalsausschnitt aus Baumwollfleece. Im St\u00fcck gef\u00e4rbt. STIL Baumwollband-Applikation auf der Brust mit Schlaufen. Auf dem linken \u00c4rmel abgerundete Blasebalgtasche aus Baumwolle mit Rei\u00dfverschluss, mit Stone Island-Abzeichen. Overlockn\u00e4hte an Schultern, Armausschnitten und Seiten. Gerippte B\u00fcndchen und unteres Band. Normale Passform. ZUSAMMENSETZUNG Au\u00dfenmaterial: 100 % Baumwolle. Tasche: 100 % Baumwolle. Rippung: 98 % Baumwolle, [...]\" \/>\n<meta property=\"og:url\" content=\"https:\/\/www.voustensports.com\/de\/stone-island-crewneck-sweatshirt-zwart-40791-2\/\" \/>\n<meta property=\"og:site_name\" content=\"Vousten Sports\" \/>\n<meta property=\"article:modified_time\" content=\"2026-02-05T11:31:14+00:00\" \/>\n<meta property=\"og:image\" content=\"https:\/\/www.voustensports.com\/wp-content\/uploads\/2023\/06\/CREWNECK-SWEATSHIRT-ZWART-407911.jpg\" \/>\n\t<meta property=\"og:image:width\" content=\"1365\" \/>\n\t<meta property=\"og:image:height\" content=\"2048\" \/>\n\t<meta property=\"og:image:type\" content=\"image\/jpeg\" \/>\n<meta name=\"twitter:card\" content=\"summary_large_image\" \/>\n<script type=\"application\/ld+json\" class=\"yoast-schema-graph\">{\"@context\":\"https:\/\/schema.org\",\"@graph\":[{\"@type\":\"WebPage\",\"@id\":\"https:\/\/www.voustensports.com\/de\/stone-island-crewneck-sweatshirt-zwart-40791-2\/\",\"url\":\"https:\/\/www.voustensports.com\/de\/stone-island-crewneck-sweatshirt-zwart-40791-2\/\",\"name\":\"STONE ISLAND - SWEATSHIRTS MIT RUNDHALSAUSSCHNITT SCHWARZ (40791) - Vousten Sports\",\"isPartOf\":{\"@id\":\"https:\/\/www.voustensports.com\/nl\/#website\"},\"primaryImageOfPage\":{\"@id\":\"https:\/\/www.voustensports.com\/de\/stone-island-crewneck-sweatshirt-zwart-40791-2\/#primaryimage\"},\"image\":{\"@id\":\"https:\/\/www.voustensports.com\/de\/stone-island-crewneck-sweatshirt-zwart-40791-2\/#primaryimage\"},\"thumbnailUrl\":\"https:\/\/www.voustensports.com\/wp-content\/uploads\/2023\/06\/CREWNECK-SWEATSHIRT-ZWART-407911.jpg\",\"datePublished\":\"2025-03-07T18:16:19+00:00\",\"dateModified\":\"2026-02-05T11:31:14+00:00\",\"breadcrumb\":{\"@id\":\"https:\/\/www.voustensports.com\/de\/stone-island-crewneck-sweatshirt-zwart-40791-2\/#breadcrumb\"},\"inLanguage\":\"de-DE\",\"potentialAction\":[{\"@type\":\"ReadAction\",\"target\":[\"https:\/\/www.voustensports.com\/de\/stone-island-crewneck-sweatshirt-zwart-40791-2\/\"]}]},{\"@type\":\"ImageObject\",\"inLanguage\":\"de-DE\",\"@id\":\"https:\/\/www.voustensports.com\/de\/stone-island-crewneck-sweatshirt-zwart-40791-2\/#primaryimage\",\"url\":\"https:\/\/www.voustensports.com\/wp-content\/uploads\/2023\/06\/CREWNECK-SWEATSHIRT-ZWART-407911.jpg\",\"contentUrl\":\"https:\/\/www.voustensports.com\/wp-content\/uploads\/2023\/06\/CREWNECK-SWEATSHIRT-ZWART-407911.jpg\",\"width\":1365,\"height\":2048},{\"@type\":\"BreadcrumbList\",\"@id\":\"https:\/\/www.voustensports.com\/de\/stone-island-crewneck-sweatshirt-zwart-40791-2\/#breadcrumb\",\"itemListElement\":[{\"@type\":\"ListItem\",\"position\":1,\"name\":\"Home\",\"item\":\"https:\/\/www.voustensports.com\/de\/\"},{\"@type\":\"ListItem\",\"position\":2,\"name\":\"Shop\",\"item\":\"https:\/\/www.voustensports.com\/de\/shop\/\"},{\"@type\":\"ListItem\",\"position\":3,\"name\":\"STONE ISLAND &#8211; SWEATSHIRTS MIT RUNDHALSAUSSCHNITT SCHWARZ (40791)\"}]},{\"@type\":\"WebSite\",\"@id\":\"https:\/\/www.voustensports.com\/nl\/#website\",\"url\":\"https:\/\/www.voustensports.com\/nl\/\",\"name\":\"Vousten Sports\",\"description\":\"\",\"potentialAction\":[{\"@type\":\"SearchAction\",\"target\":{\"@type\":\"EntryPoint\",\"urlTemplate\":\"https:\/\/www.voustensports.com\/nl\/?s={search_term_string}\"},\"query-input\":{\"@type\":\"PropertyValueSpecification\",\"valueRequired\":true,\"valueName\":\"search_term_string\"}}],\"inLanguage\":\"de-DE\"}]}<\/script>\n<!-- \/ Yoast SEO plugin. -->","yoast_head_json":{"title":"STONE ISLAND - SWEATSHIRTS MIT RUNDHALSAUSSCHNITT SCHWARZ (40791) - Vousten Sports","robots":{"index":"index","follow":"follow","max-snippet":"max-snippet:-1","max-image-preview":"max-image-preview:large","max-video-preview":"max-video-preview:-1"},"canonical":"https:\/\/www.voustensports.com\/de\/stone-island-crewneck-sweatshirt-zwart-40791-2\/","og_locale":"de_DE","og_type":"article","og_title":"STONE ISLAND - SWEATSHIRTS MIT RUNDHALSAUSSCHNITT SCHWARZ (40791) - Vousten Sports","og_description":"PRODUKTDETAILS Sweatshirt mit Rundhalsausschnitt aus Baumwollfleece. Im St\u00fcck gef\u00e4rbt. STIL Baumwollband-Applikation auf der Brust mit Schlaufen. Auf dem linken \u00c4rmel abgerundete Blasebalgtasche aus Baumwolle mit Rei\u00dfverschluss, mit Stone Island-Abzeichen. Overlockn\u00e4hte an Schultern, Armausschnitten und Seiten. Gerippte B\u00fcndchen und unteres Band. Normale Passform. ZUSAMMENSETZUNG Au\u00dfenmaterial: 100 % Baumwolle. Tasche: 100 % Baumwolle. Rippung: 98 % Baumwolle, [...]","og_url":"https:\/\/www.voustensports.com\/de\/stone-island-crewneck-sweatshirt-zwart-40791-2\/","og_site_name":"Vousten Sports","article_modified_time":"2026-02-05T11:31:14+00:00","og_image":[{"width":1365,"height":2048,"url":"https:\/\/www.voustensports.com\/wp-content\/uploads\/2023\/06\/CREWNECK-SWEATSHIRT-ZWART-407911.jpg","type":"image\/jpeg"}],"twitter_card":"summary_large_image","schema":{"@context":"https:\/\/schema.org","@graph":[{"@type":"WebPage","@id":"https:\/\/www.voustensports.com\/de\/stone-island-crewneck-sweatshirt-zwart-40791-2\/","url":"https:\/\/www.voustensports.com\/de\/stone-island-crewneck-sweatshirt-zwart-40791-2\/","name":"STONE ISLAND - SWEATSHIRTS MIT RUNDHALSAUSSCHNITT SCHWARZ (40791) - Vousten Sports","isPartOf":{"@id":"https:\/\/www.voustensports.com\/nl\/#website"},"primaryImageOfPage":{"@id":"https:\/\/www.voustensports.com\/de\/stone-island-crewneck-sweatshirt-zwart-40791-2\/#primaryimage"},"image":{"@id":"https:\/\/www.voustensports.com\/de\/stone-island-crewneck-sweatshirt-zwart-40791-2\/#primaryimage"},"thumbnailUrl":"https:\/\/www.voustensports.com\/wp-content\/uploads\/2023\/06\/CREWNECK-SWEATSHIRT-ZWART-407911.jpg","datePublished":"2025-03-07T18:16:19+00:00","dateModified":"2026-02-05T11:31:14+00:00","breadcrumb":{"@id":"https:\/\/www.voustensports.com\/de\/stone-island-crewneck-sweatshirt-zwart-40791-2\/#breadcrumb"},"inLanguage":"de-DE","potentialAction":[{"@type":"ReadAction","target":["https:\/\/www.voustensports.com\/de\/stone-island-crewneck-sweatshirt-zwart-40791-2\/"]}]},{"@type":"ImageObject","inLanguage":"de-DE","@id":"https:\/\/www.voustensports.com\/de\/stone-island-crewneck-sweatshirt-zwart-40791-2\/#primaryimage","url":"https:\/\/www.voustensports.com\/wp-content\/uploads\/2023\/06\/CREWNECK-SWEATSHIRT-ZWART-407911.jpg","contentUrl":"https:\/\/www.voustensports.com\/wp-content\/uploads\/2023\/06\/CREWNECK-SWEATSHIRT-ZWART-407911.jpg","width":1365,"height":2048},{"@type":"BreadcrumbList","@id":"https:\/\/www.voustensports.com\/de\/stone-island-crewneck-sweatshirt-zwart-40791-2\/#breadcrumb","itemListElement":[{"@type":"ListItem","position":1,"name":"Home","item":"https:\/\/www.voustensports.com\/de\/"},{"@type":"ListItem","position":2,"name":"Shop","item":"https:\/\/www.voustensports.com\/de\/shop\/"},{"@type":"ListItem","position":3,"name":"STONE ISLAND &#8211; SWEATSHIRTS MIT RUNDHALSAUSSCHNITT SCHWARZ (40791)"}]},{"@type":"WebSite","@id":"https:\/\/www.voustensports.com\/nl\/#website","url":"https:\/\/www.voustensports.com\/nl\/","name":"Vousten Sports","description":"","potentialAction":[{"@type":"SearchAction","target":{"@type":"EntryPoint","urlTemplate":"https:\/\/www.voustensports.com\/nl\/?s={search_term_string}"},"query-input":{"@type":"PropertyValueSpecification","valueRequired":true,"valueName":"search_term_string"}}],"inLanguage":"de-DE"}]}},"_links":{"self":[{"href":"https:\/\/www.voustensports.com\/de\/wp-json\/wp\/v2\/product\/198743","targetHints":{"allow":["GET"]}}],"collection":[{"href":"https:\/\/www.voustensports.com\/de\/wp-json\/wp\/v2\/product"}],"about":[{"href":"https:\/\/www.voustensports.com\/de\/wp-json\/wp\/v2\/types\/product"}],"replies":[{"embeddable":true,"href":"https:\/\/www.voustensports.com\/de\/wp-json\/wp\/v2\/comments?post=198743"}],"wp:featuredmedia":[{"embeddable":true,"href":"https:\/\/www.voustensports.com\/de\/wp-json\/wp\/v2\/media\/198731"}],"wp:attachment":[{"href":"https:\/\/www.voustensports.com\/de\/wp-json\/wp\/v2\/media?parent=198743"}],"wp:term":[{"taxonomy":"product_cat","embeddable":true,"href":"https:\/\/www.voustensports.com\/de\/wp-json\/wp\/v2\/product_cat?post=198743"},{"taxonomy":"product_tag","embeddable":true,"href":"https:\/\/www.voustensports.com\/de\/wp-json\/wp\/v2\/product_tag?post=198743"}],"curies":[{"name":"wp","href":"https:\/\/api.w.org\/{rel}","templated":true}]}}