{"id":198715,"date":"2025-03-07T18:44:09","date_gmt":"2025-03-07T17:44:09","guid":{"rendered":"https:\/\/www.voustensports.com\/stone-island-uberhemd-schwarz-40770\/"},"modified":"2026-02-05T12:30:50","modified_gmt":"2026-02-05T11:30:50","slug":"stone-island-uberhemd-schwarz-40770","status":"publish","type":"product","link":"https:\/\/www.voustensports.com\/de\/stone-island-uberhemd-schwarz-40770\/","title":{"rendered":"STONE ISLAND &#8211; \u00dcBERHEMD SCHWARZ (40770)"},"content":{"rendered":"<div>PRODUKTDETAILS<\/div>\n<div>\u00dcberhemd aus Bio-Baumwolle mit Stretch-Bruch. Im St\u00fcck gef\u00e4rbt mit der \u201eOLD\u201c-Behandlung, einer exklusiven F\u00e4rbebehandlung und anschlie\u00dfendem Verblassen des fertigen Kleidungsst\u00fccks f\u00fcr ein leicht abgenutztes und dreidimensionales Aussehen.<\/div>\n<div><\/div>\n<div>STIL<\/div>\n<div>Bandapplikation mit Schlaufen auf der Brust.<\/div>\n<div>Eingriffstaschen mit Band und Druckknopfverschluss am Saum.<\/div>\n<div>Am linken \u00c4rmel abgerundete Blasebalgtasche mit Rei\u00dfverschluss und Stone Island-Abzeichen.<\/div>\n<div>Druckknopf an den Manschetten.<\/div>\n<div>Passe auf der R\u00fcckseite.<\/div>\n<div>Zwei-Wege-Rei\u00dfverschluss.<\/div>\n<div>Normale Passform.<\/div>\n<div><\/div>\n<div>ZUSAMMENSETZUNG<\/div>\n<div>Au\u00dfenmaterial: 98 % Baumwolle, 2 % Elastan\/Spandex. Futter: 100 % Baumwolle<\/div>\n<div>Stone Island-Nr.: 1200003<\/div>\n<div>ID-Nr.: 40770<\/div>\n","protected":false},"excerpt":{"rendered":"<p>PRODUKTDETAILS \u00dcberhemd aus Bio-Baumwolle mit Stretch-Bruch. Im St\u00fcck gef\u00e4rbt mit der \u201eOLD\u201c-Behandlung, einer exklusiven F\u00e4rbebehandlung und anschlie\u00dfendem Verblassen des fertigen Kleidungsst\u00fccks f\u00fcr ein leicht abgenutztes und dreidimensionales Aussehen. STIL Bandapplikation mit Schlaufen auf der Brust. Eingriffstaschen mit Band und Druckknopfverschluss am Saum. Am linken \u00c4rmel abgerundete Blasebalgtasche mit Rei\u00dfverschluss und Stone Island-Abzeichen. Druckknopf an den [&#8230;]\n","protected":false},"featured_media":198703,"comment_status":"open","ping_status":"closed","template":"","meta":{"rank_math_lock_modified_date":false},"product_cat":[447,451,463,483,487,740],"product_tag":[],"class_list":{"0":"post-198715","1":"product","2":"type-product","3":"status-publish","4":"has-post-thumbnail","6":"product_cat-kleding-de","7":"product_cat-heren-de","8":"product_cat-vousten-sports-de-2","9":"product_cat-stone-island-de-2","10":"product_cat-shirt-de-2","11":"product_cat-overshirt-de-2","13":"first","14":"outofstock","15":"taxable","16":"shipping-taxable","17":"purchasable","18":"product-type-variable"},"acf":[],"yoast_head":"<!-- This site is optimized with the Yoast SEO plugin v23.9 - https:\/\/yoast.com\/wordpress\/plugins\/seo\/ -->\n<title>STONE ISLAND - \u00dcBERHEMD SCHWARZ (40770) - Vousten Sports<\/title>\n<meta name=\"robots\" content=\"index, follow, max-snippet:-1, max-image-preview:large, max-video-preview:-1\" \/>\n<link rel=\"canonical\" href=\"https:\/\/www.voustensports.com\/de\/stone-island-uberhemd-schwarz-40770\/\" \/>\n<meta property=\"og:locale\" content=\"de_DE\" \/>\n<meta property=\"og:type\" content=\"article\" \/>\n<meta property=\"og:title\" content=\"STONE ISLAND - \u00dcBERHEMD SCHWARZ (40770) - Vousten Sports\" \/>\n<meta property=\"og:description\" content=\"PRODUKTDETAILS \u00dcberhemd aus Bio-Baumwolle mit Stretch-Bruch. Im St\u00fcck gef\u00e4rbt mit der \u201eOLD\u201c-Behandlung, einer exklusiven F\u00e4rbebehandlung und anschlie\u00dfendem Verblassen des fertigen Kleidungsst\u00fccks f\u00fcr ein leicht abgenutztes und dreidimensionales Aussehen. STIL Bandapplikation mit Schlaufen auf der Brust. Eingriffstaschen mit Band und Druckknopfverschluss am Saum. Am linken \u00c4rmel abgerundete Blasebalgtasche mit Rei\u00dfverschluss und Stone Island-Abzeichen. Druckknopf an den [...]\" \/>\n<meta property=\"og:url\" content=\"https:\/\/www.voustensports.com\/de\/stone-island-uberhemd-schwarz-40770\/\" \/>\n<meta property=\"og:site_name\" content=\"Vousten Sports\" \/>\n<meta property=\"article:modified_time\" content=\"2026-02-05T11:30:50+00:00\" \/>\n<meta property=\"og:image\" content=\"https:\/\/www.voustensports.com\/wp-content\/uploads\/2023\/06\/OVERSHIRT-BLACK-407701.jpg\" \/>\n\t<meta property=\"og:image:width\" content=\"1365\" \/>\n\t<meta property=\"og:image:height\" content=\"2048\" \/>\n\t<meta property=\"og:image:type\" content=\"image\/jpeg\" \/>\n<meta name=\"twitter:card\" content=\"summary_large_image\" \/>\n<script type=\"application\/ld+json\" class=\"yoast-schema-graph\">{\"@context\":\"https:\/\/schema.org\",\"@graph\":[{\"@type\":\"WebPage\",\"@id\":\"https:\/\/www.voustensports.com\/de\/stone-island-uberhemd-schwarz-40770\/\",\"url\":\"https:\/\/www.voustensports.com\/de\/stone-island-uberhemd-schwarz-40770\/\",\"name\":\"STONE ISLAND - \u00dcBERHEMD SCHWARZ (40770) - Vousten Sports\",\"isPartOf\":{\"@id\":\"https:\/\/www.voustensports.com\/nl\/#website\"},\"primaryImageOfPage\":{\"@id\":\"https:\/\/www.voustensports.com\/de\/stone-island-uberhemd-schwarz-40770\/#primaryimage\"},\"image\":{\"@id\":\"https:\/\/www.voustensports.com\/de\/stone-island-uberhemd-schwarz-40770\/#primaryimage\"},\"thumbnailUrl\":\"https:\/\/www.voustensports.com\/wp-content\/uploads\/2023\/06\/OVERSHIRT-BLACK-407701.jpg\",\"datePublished\":\"2025-03-07T17:44:09+00:00\",\"dateModified\":\"2026-02-05T11:30:50+00:00\",\"breadcrumb\":{\"@id\":\"https:\/\/www.voustensports.com\/de\/stone-island-uberhemd-schwarz-40770\/#breadcrumb\"},\"inLanguage\":\"de-DE\",\"potentialAction\":[{\"@type\":\"ReadAction\",\"target\":[\"https:\/\/www.voustensports.com\/de\/stone-island-uberhemd-schwarz-40770\/\"]}]},{\"@type\":\"ImageObject\",\"inLanguage\":\"de-DE\",\"@id\":\"https:\/\/www.voustensports.com\/de\/stone-island-uberhemd-schwarz-40770\/#primaryimage\",\"url\":\"https:\/\/www.voustensports.com\/wp-content\/uploads\/2023\/06\/OVERSHIRT-BLACK-407701.jpg\",\"contentUrl\":\"https:\/\/www.voustensports.com\/wp-content\/uploads\/2023\/06\/OVERSHIRT-BLACK-407701.jpg\",\"width\":1365,\"height\":2048},{\"@type\":\"BreadcrumbList\",\"@id\":\"https:\/\/www.voustensports.com\/de\/stone-island-uberhemd-schwarz-40770\/#breadcrumb\",\"itemListElement\":[{\"@type\":\"ListItem\",\"position\":1,\"name\":\"Home\",\"item\":\"https:\/\/www.voustensports.com\/de\/\"},{\"@type\":\"ListItem\",\"position\":2,\"name\":\"Shop\",\"item\":\"https:\/\/www.voustensports.com\/de\/shop\/\"},{\"@type\":\"ListItem\",\"position\":3,\"name\":\"STONE ISLAND &#8211; \u00dcBERHEMD SCHWARZ (40770)\"}]},{\"@type\":\"WebSite\",\"@id\":\"https:\/\/www.voustensports.com\/nl\/#website\",\"url\":\"https:\/\/www.voustensports.com\/nl\/\",\"name\":\"Vousten Sports\",\"description\":\"\",\"potentialAction\":[{\"@type\":\"SearchAction\",\"target\":{\"@type\":\"EntryPoint\",\"urlTemplate\":\"https:\/\/www.voustensports.com\/nl\/?s={search_term_string}\"},\"query-input\":{\"@type\":\"PropertyValueSpecification\",\"valueRequired\":true,\"valueName\":\"search_term_string\"}}],\"inLanguage\":\"de-DE\"}]}<\/script>\n<!-- \/ Yoast SEO plugin. -->","yoast_head_json":{"title":"STONE ISLAND - \u00dcBERHEMD SCHWARZ (40770) - Vousten Sports","robots":{"index":"index","follow":"follow","max-snippet":"max-snippet:-1","max-image-preview":"max-image-preview:large","max-video-preview":"max-video-preview:-1"},"canonical":"https:\/\/www.voustensports.com\/de\/stone-island-uberhemd-schwarz-40770\/","og_locale":"de_DE","og_type":"article","og_title":"STONE ISLAND - \u00dcBERHEMD SCHWARZ (40770) - Vousten Sports","og_description":"PRODUKTDETAILS \u00dcberhemd aus Bio-Baumwolle mit Stretch-Bruch. Im St\u00fcck gef\u00e4rbt mit der \u201eOLD\u201c-Behandlung, einer exklusiven F\u00e4rbebehandlung und anschlie\u00dfendem Verblassen des fertigen Kleidungsst\u00fccks f\u00fcr ein leicht abgenutztes und dreidimensionales Aussehen. STIL Bandapplikation mit Schlaufen auf der Brust. Eingriffstaschen mit Band und Druckknopfverschluss am Saum. Am linken \u00c4rmel abgerundete Blasebalgtasche mit Rei\u00dfverschluss und Stone Island-Abzeichen. Druckknopf an den [...]","og_url":"https:\/\/www.voustensports.com\/de\/stone-island-uberhemd-schwarz-40770\/","og_site_name":"Vousten Sports","article_modified_time":"2026-02-05T11:30:50+00:00","og_image":[{"width":1365,"height":2048,"url":"https:\/\/www.voustensports.com\/wp-content\/uploads\/2023\/06\/OVERSHIRT-BLACK-407701.jpg","type":"image\/jpeg"}],"twitter_card":"summary_large_image","schema":{"@context":"https:\/\/schema.org","@graph":[{"@type":"WebPage","@id":"https:\/\/www.voustensports.com\/de\/stone-island-uberhemd-schwarz-40770\/","url":"https:\/\/www.voustensports.com\/de\/stone-island-uberhemd-schwarz-40770\/","name":"STONE ISLAND - \u00dcBERHEMD SCHWARZ (40770) - Vousten Sports","isPartOf":{"@id":"https:\/\/www.voustensports.com\/nl\/#website"},"primaryImageOfPage":{"@id":"https:\/\/www.voustensports.com\/de\/stone-island-uberhemd-schwarz-40770\/#primaryimage"},"image":{"@id":"https:\/\/www.voustensports.com\/de\/stone-island-uberhemd-schwarz-40770\/#primaryimage"},"thumbnailUrl":"https:\/\/www.voustensports.com\/wp-content\/uploads\/2023\/06\/OVERSHIRT-BLACK-407701.jpg","datePublished":"2025-03-07T17:44:09+00:00","dateModified":"2026-02-05T11:30:50+00:00","breadcrumb":{"@id":"https:\/\/www.voustensports.com\/de\/stone-island-uberhemd-schwarz-40770\/#breadcrumb"},"inLanguage":"de-DE","potentialAction":[{"@type":"ReadAction","target":["https:\/\/www.voustensports.com\/de\/stone-island-uberhemd-schwarz-40770\/"]}]},{"@type":"ImageObject","inLanguage":"de-DE","@id":"https:\/\/www.voustensports.com\/de\/stone-island-uberhemd-schwarz-40770\/#primaryimage","url":"https:\/\/www.voustensports.com\/wp-content\/uploads\/2023\/06\/OVERSHIRT-BLACK-407701.jpg","contentUrl":"https:\/\/www.voustensports.com\/wp-content\/uploads\/2023\/06\/OVERSHIRT-BLACK-407701.jpg","width":1365,"height":2048},{"@type":"BreadcrumbList","@id":"https:\/\/www.voustensports.com\/de\/stone-island-uberhemd-schwarz-40770\/#breadcrumb","itemListElement":[{"@type":"ListItem","position":1,"name":"Home","item":"https:\/\/www.voustensports.com\/de\/"},{"@type":"ListItem","position":2,"name":"Shop","item":"https:\/\/www.voustensports.com\/de\/shop\/"},{"@type":"ListItem","position":3,"name":"STONE ISLAND &#8211; \u00dcBERHEMD SCHWARZ (40770)"}]},{"@type":"WebSite","@id":"https:\/\/www.voustensports.com\/nl\/#website","url":"https:\/\/www.voustensports.com\/nl\/","name":"Vousten Sports","description":"","potentialAction":[{"@type":"SearchAction","target":{"@type":"EntryPoint","urlTemplate":"https:\/\/www.voustensports.com\/nl\/?s={search_term_string}"},"query-input":{"@type":"PropertyValueSpecification","valueRequired":true,"valueName":"search_term_string"}}],"inLanguage":"de-DE"}]}},"_links":{"self":[{"href":"https:\/\/www.voustensports.com\/de\/wp-json\/wp\/v2\/product\/198715","targetHints":{"allow":["GET"]}}],"collection":[{"href":"https:\/\/www.voustensports.com\/de\/wp-json\/wp\/v2\/product"}],"about":[{"href":"https:\/\/www.voustensports.com\/de\/wp-json\/wp\/v2\/types\/product"}],"replies":[{"embeddable":true,"href":"https:\/\/www.voustensports.com\/de\/wp-json\/wp\/v2\/comments?post=198715"}],"wp:featuredmedia":[{"embeddable":true,"href":"https:\/\/www.voustensports.com\/de\/wp-json\/wp\/v2\/media\/198703"}],"wp:attachment":[{"href":"https:\/\/www.voustensports.com\/de\/wp-json\/wp\/v2\/media?parent=198715"}],"wp:term":[{"taxonomy":"product_cat","embeddable":true,"href":"https:\/\/www.voustensports.com\/de\/wp-json\/wp\/v2\/product_cat?post=198715"},{"taxonomy":"product_tag","embeddable":true,"href":"https:\/\/www.voustensports.com\/de\/wp-json\/wp\/v2\/product_tag?post=198715"}],"curies":[{"name":"wp","href":"https:\/\/api.w.org\/{rel}","templated":true}]}}