{"id":198013,"date":"2025-02-22T11:32:10","date_gmt":"2025-02-22T10:32:10","guid":{"rendered":"https:\/\/www.voustensports.com\/gran-sasso-skipper-knit-polo-sand-40698\/"},"modified":"2026-02-05T12:29:36","modified_gmt":"2026-02-05T11:29:36","slug":"gran-sasso-skipper-knit-polo-sand-40698","status":"publish","type":"product","link":"https:\/\/www.voustensports.com\/de\/gran-sasso-skipper-knit-polo-sand-40698\/","title":{"rendered":"Gran Sasso &#8211; SKIPPER STRICKPOLO ZAND (40698)"},"content":{"rendered":"<div>Skipper-Poloshirt aus Seide. Der 100 % nat\u00fcrliche Stoff ist best\u00e4ndig gegen Zeit und Waschungen und beh\u00e4lt seine urspr\u00fcnglichen Eigenschaften im Laufe der Zeit.<\/div>\n<ul>\n<li>Hergestellt in Italien<\/li>\n<li>Material: 100 % Seide<\/li>\n<\/ul>\n","protected":false},"excerpt":{"rendered":"<p>Skipper-Poloshirt aus Seide. Der 100 % nat\u00fcrliche Stoff ist best\u00e4ndig gegen Zeit und Waschungen und beh\u00e4lt seine urspr\u00fcnglichen Eigenschaften im Laufe der Zeit. Hergestellt in Italien Material: 100 % Seide<\/p>\n","protected":false},"featured_media":198001,"comment_status":"open","ping_status":"closed","template":"","meta":{"rank_math_lock_modified_date":false},"product_cat":[447,451,463,479,487,539,925],"product_tag":[],"class_list":{"0":"post-198013","1":"product","2":"type-product","3":"status-publish","4":"has-post-thumbnail","6":"product_cat-kleding-de","7":"product_cat-heren-de","8":"product_cat-vousten-sports-de-2","9":"product_cat-polos-de-2","10":"product_cat-shirt-de-2","11":"product_cat-knitwear-de","12":"product_cat-gran-sasso-de","14":"first","15":"instock","16":"taxable","17":"shipping-taxable","18":"purchasable","19":"product-type-variable"},"acf":[],"yoast_head":"<!-- This site is optimized with the Yoast SEO plugin v23.9 - https:\/\/yoast.com\/wordpress\/plugins\/seo\/ -->\n<title>Gran Sasso - SKIPPER STRICKPOLO ZAND (40698) - Vousten Sports<\/title>\n<meta name=\"robots\" content=\"index, follow, max-snippet:-1, max-image-preview:large, max-video-preview:-1\" \/>\n<link rel=\"canonical\" href=\"https:\/\/www.voustensports.com\/de\/gran-sasso-skipper-knit-polo-sand-40698\/\" \/>\n<meta property=\"og:locale\" content=\"de_DE\" \/>\n<meta property=\"og:type\" content=\"article\" \/>\n<meta property=\"og:title\" content=\"Gran Sasso - SKIPPER STRICKPOLO ZAND (40698) - Vousten Sports\" \/>\n<meta property=\"og:description\" content=\"Skipper-Poloshirt aus Seide. Der 100 % nat\u00fcrliche Stoff ist best\u00e4ndig gegen Zeit und Waschungen und beh\u00e4lt seine urspr\u00fcnglichen Eigenschaften im Laufe der Zeit. Hergestellt in Italien Material: 100 % Seide\" \/>\n<meta property=\"og:url\" content=\"https:\/\/www.voustensports.com\/de\/gran-sasso-skipper-knit-polo-sand-40698\/\" \/>\n<meta property=\"og:site_name\" content=\"Vousten Sports\" \/>\n<meta property=\"article:modified_time\" content=\"2026-02-05T11:29:36+00:00\" \/>\n<meta property=\"og:image\" content=\"https:\/\/www.voustensports.com\/wp-content\/uploads\/2023\/06\/Skipper-Knit-Polo-zand-406981.jpg\" \/>\n\t<meta property=\"og:image:width\" content=\"1580\" \/>\n\t<meta property=\"og:image:height\" content=\"2048\" \/>\n\t<meta property=\"og:image:type\" content=\"image\/jpeg\" \/>\n<meta name=\"twitter:card\" content=\"summary_large_image\" \/>\n<script type=\"application\/ld+json\" class=\"yoast-schema-graph\">{\"@context\":\"https:\/\/schema.org\",\"@graph\":[{\"@type\":\"WebPage\",\"@id\":\"https:\/\/www.voustensports.com\/de\/gran-sasso-skipper-knit-polo-sand-40698\/\",\"url\":\"https:\/\/www.voustensports.com\/de\/gran-sasso-skipper-knit-polo-sand-40698\/\",\"name\":\"Gran Sasso - SKIPPER STRICKPOLO ZAND (40698) - Vousten Sports\",\"isPartOf\":{\"@id\":\"https:\/\/www.voustensports.com\/nl\/#website\"},\"primaryImageOfPage\":{\"@id\":\"https:\/\/www.voustensports.com\/de\/gran-sasso-skipper-knit-polo-sand-40698\/#primaryimage\"},\"image\":{\"@id\":\"https:\/\/www.voustensports.com\/de\/gran-sasso-skipper-knit-polo-sand-40698\/#primaryimage\"},\"thumbnailUrl\":\"https:\/\/www.voustensports.com\/wp-content\/uploads\/2023\/06\/Skipper-Knit-Polo-zand-406981.jpg\",\"datePublished\":\"2025-02-22T10:32:10+00:00\",\"dateModified\":\"2026-02-05T11:29:36+00:00\",\"breadcrumb\":{\"@id\":\"https:\/\/www.voustensports.com\/de\/gran-sasso-skipper-knit-polo-sand-40698\/#breadcrumb\"},\"inLanguage\":\"de-DE\",\"potentialAction\":[{\"@type\":\"ReadAction\",\"target\":[\"https:\/\/www.voustensports.com\/de\/gran-sasso-skipper-knit-polo-sand-40698\/\"]}]},{\"@type\":\"ImageObject\",\"inLanguage\":\"de-DE\",\"@id\":\"https:\/\/www.voustensports.com\/de\/gran-sasso-skipper-knit-polo-sand-40698\/#primaryimage\",\"url\":\"https:\/\/www.voustensports.com\/wp-content\/uploads\/2023\/06\/Skipper-Knit-Polo-zand-406981.jpg\",\"contentUrl\":\"https:\/\/www.voustensports.com\/wp-content\/uploads\/2023\/06\/Skipper-Knit-Polo-zand-406981.jpg\",\"width\":1580,\"height\":2048},{\"@type\":\"BreadcrumbList\",\"@id\":\"https:\/\/www.voustensports.com\/de\/gran-sasso-skipper-knit-polo-sand-40698\/#breadcrumb\",\"itemListElement\":[{\"@type\":\"ListItem\",\"position\":1,\"name\":\"Home\",\"item\":\"https:\/\/www.voustensports.com\/de\/\"},{\"@type\":\"ListItem\",\"position\":2,\"name\":\"Shop\",\"item\":\"https:\/\/www.voustensports.com\/de\/shop\/\"},{\"@type\":\"ListItem\",\"position\":3,\"name\":\"Gran Sasso &#8211; SKIPPER STRICKPOLO ZAND (40698)\"}]},{\"@type\":\"WebSite\",\"@id\":\"https:\/\/www.voustensports.com\/nl\/#website\",\"url\":\"https:\/\/www.voustensports.com\/nl\/\",\"name\":\"Vousten Sports\",\"description\":\"\",\"potentialAction\":[{\"@type\":\"SearchAction\",\"target\":{\"@type\":\"EntryPoint\",\"urlTemplate\":\"https:\/\/www.voustensports.com\/nl\/?s={search_term_string}\"},\"query-input\":{\"@type\":\"PropertyValueSpecification\",\"valueRequired\":true,\"valueName\":\"search_term_string\"}}],\"inLanguage\":\"de-DE\"}]}<\/script>\n<!-- \/ Yoast SEO plugin. -->","yoast_head_json":{"title":"Gran Sasso - SKIPPER STRICKPOLO ZAND (40698) - Vousten Sports","robots":{"index":"index","follow":"follow","max-snippet":"max-snippet:-1","max-image-preview":"max-image-preview:large","max-video-preview":"max-video-preview:-1"},"canonical":"https:\/\/www.voustensports.com\/de\/gran-sasso-skipper-knit-polo-sand-40698\/","og_locale":"de_DE","og_type":"article","og_title":"Gran Sasso - SKIPPER STRICKPOLO ZAND (40698) - Vousten Sports","og_description":"Skipper-Poloshirt aus Seide. Der 100 % nat\u00fcrliche Stoff ist best\u00e4ndig gegen Zeit und Waschungen und beh\u00e4lt seine urspr\u00fcnglichen Eigenschaften im Laufe der Zeit. Hergestellt in Italien Material: 100 % Seide","og_url":"https:\/\/www.voustensports.com\/de\/gran-sasso-skipper-knit-polo-sand-40698\/","og_site_name":"Vousten Sports","article_modified_time":"2026-02-05T11:29:36+00:00","og_image":[{"width":1580,"height":2048,"url":"https:\/\/www.voustensports.com\/wp-content\/uploads\/2023\/06\/Skipper-Knit-Polo-zand-406981.jpg","type":"image\/jpeg"}],"twitter_card":"summary_large_image","schema":{"@context":"https:\/\/schema.org","@graph":[{"@type":"WebPage","@id":"https:\/\/www.voustensports.com\/de\/gran-sasso-skipper-knit-polo-sand-40698\/","url":"https:\/\/www.voustensports.com\/de\/gran-sasso-skipper-knit-polo-sand-40698\/","name":"Gran Sasso - SKIPPER STRICKPOLO ZAND (40698) - Vousten Sports","isPartOf":{"@id":"https:\/\/www.voustensports.com\/nl\/#website"},"primaryImageOfPage":{"@id":"https:\/\/www.voustensports.com\/de\/gran-sasso-skipper-knit-polo-sand-40698\/#primaryimage"},"image":{"@id":"https:\/\/www.voustensports.com\/de\/gran-sasso-skipper-knit-polo-sand-40698\/#primaryimage"},"thumbnailUrl":"https:\/\/www.voustensports.com\/wp-content\/uploads\/2023\/06\/Skipper-Knit-Polo-zand-406981.jpg","datePublished":"2025-02-22T10:32:10+00:00","dateModified":"2026-02-05T11:29:36+00:00","breadcrumb":{"@id":"https:\/\/www.voustensports.com\/de\/gran-sasso-skipper-knit-polo-sand-40698\/#breadcrumb"},"inLanguage":"de-DE","potentialAction":[{"@type":"ReadAction","target":["https:\/\/www.voustensports.com\/de\/gran-sasso-skipper-knit-polo-sand-40698\/"]}]},{"@type":"ImageObject","inLanguage":"de-DE","@id":"https:\/\/www.voustensports.com\/de\/gran-sasso-skipper-knit-polo-sand-40698\/#primaryimage","url":"https:\/\/www.voustensports.com\/wp-content\/uploads\/2023\/06\/Skipper-Knit-Polo-zand-406981.jpg","contentUrl":"https:\/\/www.voustensports.com\/wp-content\/uploads\/2023\/06\/Skipper-Knit-Polo-zand-406981.jpg","width":1580,"height":2048},{"@type":"BreadcrumbList","@id":"https:\/\/www.voustensports.com\/de\/gran-sasso-skipper-knit-polo-sand-40698\/#breadcrumb","itemListElement":[{"@type":"ListItem","position":1,"name":"Home","item":"https:\/\/www.voustensports.com\/de\/"},{"@type":"ListItem","position":2,"name":"Shop","item":"https:\/\/www.voustensports.com\/de\/shop\/"},{"@type":"ListItem","position":3,"name":"Gran Sasso &#8211; SKIPPER STRICKPOLO ZAND (40698)"}]},{"@type":"WebSite","@id":"https:\/\/www.voustensports.com\/nl\/#website","url":"https:\/\/www.voustensports.com\/nl\/","name":"Vousten Sports","description":"","potentialAction":[{"@type":"SearchAction","target":{"@type":"EntryPoint","urlTemplate":"https:\/\/www.voustensports.com\/nl\/?s={search_term_string}"},"query-input":{"@type":"PropertyValueSpecification","valueRequired":true,"valueName":"search_term_string"}}],"inLanguage":"de-DE"}]}},"_links":{"self":[{"href":"https:\/\/www.voustensports.com\/de\/wp-json\/wp\/v2\/product\/198013","targetHints":{"allow":["GET"]}}],"collection":[{"href":"https:\/\/www.voustensports.com\/de\/wp-json\/wp\/v2\/product"}],"about":[{"href":"https:\/\/www.voustensports.com\/de\/wp-json\/wp\/v2\/types\/product"}],"replies":[{"embeddable":true,"href":"https:\/\/www.voustensports.com\/de\/wp-json\/wp\/v2\/comments?post=198013"}],"wp:featuredmedia":[{"embeddable":true,"href":"https:\/\/www.voustensports.com\/de\/wp-json\/wp\/v2\/media\/198001"}],"wp:attachment":[{"href":"https:\/\/www.voustensports.com\/de\/wp-json\/wp\/v2\/media?parent=198013"}],"wp:term":[{"taxonomy":"product_cat","embeddable":true,"href":"https:\/\/www.voustensports.com\/de\/wp-json\/wp\/v2\/product_cat?post=198013"},{"taxonomy":"product_tag","embeddable":true,"href":"https:\/\/www.voustensports.com\/de\/wp-json\/wp\/v2\/product_tag?post=198013"}],"curies":[{"name":"wp","href":"https:\/\/api.w.org\/{rel}","templated":true}]}}