{"id":197981,"date":"2025-02-22T11:04:15","date_gmt":"2025-02-22T10:04:15","guid":{"rendered":"https:\/\/www.voustensports.com\/c-p-company-softshell-grau-40572\/"},"modified":"2026-02-05T12:26:10","modified_gmt":"2026-02-05T11:26:10","slug":"c-p-company-softshell-grau-40572","status":"publish","type":"product","link":"https:\/\/www.voustensports.com\/de\/c-p-company-softshell-grau-40572\/","title":{"rendered":"C.P. Company &#8211; Softshell grau (40572)"},"content":{"rendered":"<div>\n<div>PRODUKTDETAILS<\/div>\n<div>Kapuzenjacke aus C.P. Shell-R, ein dreilagiges Multifilament-Softshell-Stretchmaterial aus recyceltem Polyestergarn. Global Recycled Standard zertifiziert (GRS). Verklebt f\u00fcr eine Wassers\u00e4ule von 5000mm. Winddichte Behandlung zur Vermeidung von St\u00fcrzen. Normale Passform.<\/div>\n<div>\u2013 Verstellbare Kapuze<\/div>\n<div>\u2013 Durchgehender Zwei-Wege-Rei\u00dfverschluss<\/div>\n<div>\u2013 Linsendetail<\/div>\n<div>\u2013 Seitentaschen mit Rei\u00dfverschluss<\/div>\n<div>\u2013 Elastische B\u00fcndchen und Saum<\/div>\n<div>\u2013 Normale Passform<\/div>\n<div>VERBINDUNG<\/div>\n<div>\u2013 Futter: 100 % Polyamid\/Nylon<\/div>\n<div>\u2013 Hauptstoff innen: 100 % Polyester<\/div>\n<div>\u2013 \u00c4u\u00dferer Hauptstoff: 92 % Polyester, 8 % Elasthan\/Spandex<\/div>\n<\/div>\n<div><\/div>\n","protected":false},"excerpt":{"rendered":"<p>PRODUKTDETAILS Kapuzenjacke aus C.P. Shell-R, ein dreilagiges Multifilament-Softshell-Stretchmaterial aus recyceltem Polyestergarn. Global Recycled Standard zertifiziert (GRS). Verklebt f\u00fcr eine Wassers\u00e4ule von 5000mm. Winddichte Behandlung zur Vermeidung von St\u00fcrzen. Normale Passform. \u2013 Verstellbare Kapuze \u2013 Durchgehender Zwei-Wege-Rei\u00dfverschluss \u2013 Linsendetail \u2013 Seitentaschen mit Rei\u00dfverschluss \u2013 Elastische B\u00fcndchen und Saum \u2013 Normale Passform VERBINDUNG \u2013 Futter: 100 % [&#8230;]\n","protected":false},"featured_media":197961,"comment_status":"open","ping_status":"closed","template":"","meta":{"rank_math_lock_modified_date":false},"product_cat":[463,543,702,706,439,447,451],"product_tag":[],"class_list":{"0":"post-197981","1":"product","2":"type-product","3":"status-publish","4":"has-post-thumbnail","6":"product_cat-vousten-sports-de-2","7":"product_cat-jassen-de","8":"product_cat-jackets-de","9":"product_cat-jassen-jacks-de","10":"product_cat-cp-company-de","11":"product_cat-kleding-de","12":"product_cat-heren-de","14":"first","15":"outofstock","16":"taxable","17":"shipping-taxable","18":"purchasable","19":"product-type-variable"},"acf":[],"yoast_head":"<!-- This site is optimized with the Yoast SEO plugin v23.9 - https:\/\/yoast.com\/wordpress\/plugins\/seo\/ -->\n<title>C.P. Company - Softshell grau (40572) - Vousten Sports<\/title>\n<meta name=\"robots\" content=\"index, follow, max-snippet:-1, max-image-preview:large, max-video-preview:-1\" \/>\n<link rel=\"canonical\" href=\"https:\/\/www.voustensports.com\/de\/c-p-company-softshell-grau-40572\/\" \/>\n<meta property=\"og:locale\" content=\"de_DE\" \/>\n<meta property=\"og:type\" content=\"article\" \/>\n<meta property=\"og:title\" content=\"C.P. Company - Softshell grau (40572) - Vousten Sports\" \/>\n<meta property=\"og:description\" content=\"PRODUKTDETAILS Kapuzenjacke aus C.P. Shell-R, ein dreilagiges Multifilament-Softshell-Stretchmaterial aus recyceltem Polyestergarn. Global Recycled Standard zertifiziert (GRS). Verklebt f\u00fcr eine Wassers\u00e4ule von 5000mm. Winddichte Behandlung zur Vermeidung von St\u00fcrzen. Normale Passform. \u2013 Verstellbare Kapuze \u2013 Durchgehender Zwei-Wege-Rei\u00dfverschluss \u2013 Linsendetail \u2013 Seitentaschen mit Rei\u00dfverschluss \u2013 Elastische B\u00fcndchen und Saum \u2013 Normale Passform VERBINDUNG \u2013 Futter: 100 % [...]\" \/>\n<meta property=\"og:url\" content=\"https:\/\/www.voustensports.com\/de\/c-p-company-softshell-grau-40572\/\" \/>\n<meta property=\"og:site_name\" content=\"Vousten Sports\" \/>\n<meta property=\"article:modified_time\" content=\"2026-02-05T11:26:10+00:00\" \/>\n<meta property=\"og:image\" content=\"https:\/\/www.voustensports.com\/wp-content\/uploads\/2023\/06\/Soft-Shell-grijs-405721.jpg\" \/>\n\t<meta property=\"og:image:width\" content=\"1638\" \/>\n\t<meta property=\"og:image:height\" content=\"2048\" \/>\n\t<meta property=\"og:image:type\" content=\"image\/jpeg\" \/>\n<meta name=\"twitter:card\" content=\"summary_large_image\" \/>\n<script type=\"application\/ld+json\" class=\"yoast-schema-graph\">{\"@context\":\"https:\/\/schema.org\",\"@graph\":[{\"@type\":\"WebPage\",\"@id\":\"https:\/\/www.voustensports.com\/de\/c-p-company-softshell-grau-40572\/\",\"url\":\"https:\/\/www.voustensports.com\/de\/c-p-company-softshell-grau-40572\/\",\"name\":\"C.P. Company - Softshell grau (40572) - Vousten Sports\",\"isPartOf\":{\"@id\":\"https:\/\/www.voustensports.com\/nl\/#website\"},\"primaryImageOfPage\":{\"@id\":\"https:\/\/www.voustensports.com\/de\/c-p-company-softshell-grau-40572\/#primaryimage\"},\"image\":{\"@id\":\"https:\/\/www.voustensports.com\/de\/c-p-company-softshell-grau-40572\/#primaryimage\"},\"thumbnailUrl\":\"https:\/\/www.voustensports.com\/wp-content\/uploads\/2023\/06\/Soft-Shell-grijs-405721.jpg\",\"datePublished\":\"2025-02-22T10:04:15+00:00\",\"dateModified\":\"2026-02-05T11:26:10+00:00\",\"breadcrumb\":{\"@id\":\"https:\/\/www.voustensports.com\/de\/c-p-company-softshell-grau-40572\/#breadcrumb\"},\"inLanguage\":\"de-DE\",\"potentialAction\":[{\"@type\":\"ReadAction\",\"target\":[\"https:\/\/www.voustensports.com\/de\/c-p-company-softshell-grau-40572\/\"]}]},{\"@type\":\"ImageObject\",\"inLanguage\":\"de-DE\",\"@id\":\"https:\/\/www.voustensports.com\/de\/c-p-company-softshell-grau-40572\/#primaryimage\",\"url\":\"https:\/\/www.voustensports.com\/wp-content\/uploads\/2023\/06\/Soft-Shell-grijs-405721.jpg\",\"contentUrl\":\"https:\/\/www.voustensports.com\/wp-content\/uploads\/2023\/06\/Soft-Shell-grijs-405721.jpg\",\"width\":1638,\"height\":2048},{\"@type\":\"BreadcrumbList\",\"@id\":\"https:\/\/www.voustensports.com\/de\/c-p-company-softshell-grau-40572\/#breadcrumb\",\"itemListElement\":[{\"@type\":\"ListItem\",\"position\":1,\"name\":\"Home\",\"item\":\"https:\/\/www.voustensports.com\/de\/\"},{\"@type\":\"ListItem\",\"position\":2,\"name\":\"Shop\",\"item\":\"https:\/\/www.voustensports.com\/de\/shop\/\"},{\"@type\":\"ListItem\",\"position\":3,\"name\":\"C.P. Company &#8211; Softshell grau (40572)\"}]},{\"@type\":\"WebSite\",\"@id\":\"https:\/\/www.voustensports.com\/nl\/#website\",\"url\":\"https:\/\/www.voustensports.com\/nl\/\",\"name\":\"Vousten Sports\",\"description\":\"\",\"potentialAction\":[{\"@type\":\"SearchAction\",\"target\":{\"@type\":\"EntryPoint\",\"urlTemplate\":\"https:\/\/www.voustensports.com\/nl\/?s={search_term_string}\"},\"query-input\":{\"@type\":\"PropertyValueSpecification\",\"valueRequired\":true,\"valueName\":\"search_term_string\"}}],\"inLanguage\":\"de-DE\"}]}<\/script>\n<!-- \/ Yoast SEO plugin. -->","yoast_head_json":{"title":"C.P. Company - Softshell grau (40572) - Vousten Sports","robots":{"index":"index","follow":"follow","max-snippet":"max-snippet:-1","max-image-preview":"max-image-preview:large","max-video-preview":"max-video-preview:-1"},"canonical":"https:\/\/www.voustensports.com\/de\/c-p-company-softshell-grau-40572\/","og_locale":"de_DE","og_type":"article","og_title":"C.P. Company - Softshell grau (40572) - Vousten Sports","og_description":"PRODUKTDETAILS Kapuzenjacke aus C.P. Shell-R, ein dreilagiges Multifilament-Softshell-Stretchmaterial aus recyceltem Polyestergarn. Global Recycled Standard zertifiziert (GRS). Verklebt f\u00fcr eine Wassers\u00e4ule von 5000mm. Winddichte Behandlung zur Vermeidung von St\u00fcrzen. Normale Passform. \u2013 Verstellbare Kapuze \u2013 Durchgehender Zwei-Wege-Rei\u00dfverschluss \u2013 Linsendetail \u2013 Seitentaschen mit Rei\u00dfverschluss \u2013 Elastische B\u00fcndchen und Saum \u2013 Normale Passform VERBINDUNG \u2013 Futter: 100 % [...]","og_url":"https:\/\/www.voustensports.com\/de\/c-p-company-softshell-grau-40572\/","og_site_name":"Vousten Sports","article_modified_time":"2026-02-05T11:26:10+00:00","og_image":[{"width":1638,"height":2048,"url":"https:\/\/www.voustensports.com\/wp-content\/uploads\/2023\/06\/Soft-Shell-grijs-405721.jpg","type":"image\/jpeg"}],"twitter_card":"summary_large_image","schema":{"@context":"https:\/\/schema.org","@graph":[{"@type":"WebPage","@id":"https:\/\/www.voustensports.com\/de\/c-p-company-softshell-grau-40572\/","url":"https:\/\/www.voustensports.com\/de\/c-p-company-softshell-grau-40572\/","name":"C.P. Company - Softshell grau (40572) - Vousten Sports","isPartOf":{"@id":"https:\/\/www.voustensports.com\/nl\/#website"},"primaryImageOfPage":{"@id":"https:\/\/www.voustensports.com\/de\/c-p-company-softshell-grau-40572\/#primaryimage"},"image":{"@id":"https:\/\/www.voustensports.com\/de\/c-p-company-softshell-grau-40572\/#primaryimage"},"thumbnailUrl":"https:\/\/www.voustensports.com\/wp-content\/uploads\/2023\/06\/Soft-Shell-grijs-405721.jpg","datePublished":"2025-02-22T10:04:15+00:00","dateModified":"2026-02-05T11:26:10+00:00","breadcrumb":{"@id":"https:\/\/www.voustensports.com\/de\/c-p-company-softshell-grau-40572\/#breadcrumb"},"inLanguage":"de-DE","potentialAction":[{"@type":"ReadAction","target":["https:\/\/www.voustensports.com\/de\/c-p-company-softshell-grau-40572\/"]}]},{"@type":"ImageObject","inLanguage":"de-DE","@id":"https:\/\/www.voustensports.com\/de\/c-p-company-softshell-grau-40572\/#primaryimage","url":"https:\/\/www.voustensports.com\/wp-content\/uploads\/2023\/06\/Soft-Shell-grijs-405721.jpg","contentUrl":"https:\/\/www.voustensports.com\/wp-content\/uploads\/2023\/06\/Soft-Shell-grijs-405721.jpg","width":1638,"height":2048},{"@type":"BreadcrumbList","@id":"https:\/\/www.voustensports.com\/de\/c-p-company-softshell-grau-40572\/#breadcrumb","itemListElement":[{"@type":"ListItem","position":1,"name":"Home","item":"https:\/\/www.voustensports.com\/de\/"},{"@type":"ListItem","position":2,"name":"Shop","item":"https:\/\/www.voustensports.com\/de\/shop\/"},{"@type":"ListItem","position":3,"name":"C.P. Company &#8211; Softshell grau (40572)"}]},{"@type":"WebSite","@id":"https:\/\/www.voustensports.com\/nl\/#website","url":"https:\/\/www.voustensports.com\/nl\/","name":"Vousten Sports","description":"","potentialAction":[{"@type":"SearchAction","target":{"@type":"EntryPoint","urlTemplate":"https:\/\/www.voustensports.com\/nl\/?s={search_term_string}"},"query-input":{"@type":"PropertyValueSpecification","valueRequired":true,"valueName":"search_term_string"}}],"inLanguage":"de-DE"}]}},"_links":{"self":[{"href":"https:\/\/www.voustensports.com\/de\/wp-json\/wp\/v2\/product\/197981","targetHints":{"allow":["GET"]}}],"collection":[{"href":"https:\/\/www.voustensports.com\/de\/wp-json\/wp\/v2\/product"}],"about":[{"href":"https:\/\/www.voustensports.com\/de\/wp-json\/wp\/v2\/types\/product"}],"replies":[{"embeddable":true,"href":"https:\/\/www.voustensports.com\/de\/wp-json\/wp\/v2\/comments?post=197981"}],"wp:featuredmedia":[{"embeddable":true,"href":"https:\/\/www.voustensports.com\/de\/wp-json\/wp\/v2\/media\/197961"}],"wp:attachment":[{"href":"https:\/\/www.voustensports.com\/de\/wp-json\/wp\/v2\/media?parent=197981"}],"wp:term":[{"taxonomy":"product_cat","embeddable":true,"href":"https:\/\/www.voustensports.com\/de\/wp-json\/wp\/v2\/product_cat?post=197981"},{"taxonomy":"product_tag","embeddable":true,"href":"https:\/\/www.voustensports.com\/de\/wp-json\/wp\/v2\/product_tag?post=197981"}],"curies":[{"name":"wp","href":"https:\/\/api.w.org\/{rel}","templated":true}]}}