{"id":197356,"date":"2025-02-15T10:16:14","date_gmt":"2025-02-15T09:16:14","guid":{"rendered":"https:\/\/www.voustensports.com\/herno-hose-off-white-40664\/"},"modified":"2026-04-28T02:48:06","modified_gmt":"2026-04-28T00:48:06","slug":"herno-hose-off-white-40664","status":"publish","type":"product","link":"https:\/\/www.voustensports.com\/de\/herno-hose-off-white-40664\/","title":{"rendered":"HERNO &#8211; HOSE OFF WHITE (40664)"},"content":{"rendered":"<div>PRODUKTDETAILS<\/div>\n<div>Hose aus nat\u00fcrlich wirkendem Stretch-Baumwollgabardine.<\/div>\n<div>Mit einem l\u00e4ssigen Schnitt und raffinierten Details ist dieses Kleidungsst\u00fcck Hernos raffiniertes Must-Have, das diskreten Luxus in die Alltagsgarderobe bringt.<\/div>\n<div>Das Model ist 186 cm gro\u00df, wiegt 80 kg und tr\u00e4gt Gr\u00f6\u00dfe S.<br \/>\n<strong>Bestellen Sie am besten eine Nummer kleiner als Ihre \u00fcbliche Gr\u00f6\u00dfe.<\/strong><\/div>\n<div><\/div>\n<ul>\n<li>Elastischer Einsatz hinten in der Taille<\/li>\n<li>Seitentaschen<\/li>\n<li>Herno-Logo aus Metall auf der R\u00fcckseite<\/li>\n<li>Mit verdecktem Rei\u00dfverschluss und Knopf befestigt<\/li>\n<li>Schn\u00fcrsenkel innen<\/li>\n<li>Hergestellt in Italien<\/li>\n<\/ul>\n<div><\/div>\n<div>ZUSAMMENSETZUNG<\/div>\n<div>98 % CO \u2013 2 % EA \u2013 HAUPTSTOFF: 98 % BAUMWOLLE, 2 % ELASTAN\/SPANDEX-DETAILS FUTTER: 100 % BAUMWOLLE<\/div>\n","protected":false},"excerpt":{"rendered":"<p>PRODUKTDETAILS Hose aus nat\u00fcrlich wirkendem Stretch-Baumwollgabardine. Mit einem l\u00e4ssigen Schnitt und raffinierten Details ist dieses Kleidungsst\u00fcck Hernos raffiniertes Must-Have, das diskreten Luxus in die Alltagsgarderobe bringt. Das Model ist 186 cm gro\u00df, wiegt 80 kg und tr\u00e4gt Gr\u00f6\u00dfe S. Bestellen Sie am besten eine Nummer kleiner als Ihre \u00fcbliche Gr\u00f6\u00dfe. Elastischer Einsatz hinten in der [&#8230;]\n","protected":false},"featured_media":197348,"comment_status":"open","ping_status":"closed","template":"","meta":{"rank_math_lock_modified_date":false},"product_cat":[447,451,463,467,728,787],"product_tag":[],"class_list":{"0":"post-197356","1":"product","2":"type-product","3":"status-publish","4":"has-post-thumbnail","6":"product_cat-kleding-de","7":"product_cat-heren-de","8":"product_cat-vousten-sports-de-2","9":"product_cat-hosen-de","10":"product_cat-herno-de","11":"product_cat-broek-de","13":"first","14":"instock","15":"taxable","16":"shipping-taxable","17":"purchasable","18":"product-type-variable"},"acf":[],"yoast_head":"<!-- This site is optimized with the Yoast SEO plugin v23.9 - https:\/\/yoast.com\/wordpress\/plugins\/seo\/ -->\n<title>HERNO - HOSE OFF WHITE (40664) - Vousten Sports<\/title>\n<meta name=\"robots\" content=\"index, follow, max-snippet:-1, max-image-preview:large, max-video-preview:-1\" \/>\n<link rel=\"canonical\" href=\"https:\/\/www.voustensports.com\/de\/herno-hose-off-white-40664\/\" \/>\n<meta property=\"og:locale\" content=\"de_DE\" \/>\n<meta property=\"og:type\" content=\"article\" \/>\n<meta property=\"og:title\" content=\"HERNO - HOSE OFF WHITE (40664) - Vousten Sports\" \/>\n<meta property=\"og:description\" content=\"PRODUKTDETAILS Hose aus nat\u00fcrlich wirkendem Stretch-Baumwollgabardine. Mit einem l\u00e4ssigen Schnitt und raffinierten Details ist dieses Kleidungsst\u00fcck Hernos raffiniertes Must-Have, das diskreten Luxus in die Alltagsgarderobe bringt. Das Model ist 186 cm gro\u00df, wiegt 80 kg und tr\u00e4gt Gr\u00f6\u00dfe S. Bestellen Sie am besten eine Nummer kleiner als Ihre \u00fcbliche Gr\u00f6\u00dfe. Elastischer Einsatz hinten in der [...]\" \/>\n<meta property=\"og:url\" content=\"https:\/\/www.voustensports.com\/de\/herno-hose-off-white-40664\/\" \/>\n<meta property=\"og:site_name\" content=\"Vousten Sports\" \/>\n<meta property=\"article:modified_time\" content=\"2026-04-28T00:48:06+00:00\" \/>\n<meta property=\"og:image\" content=\"https:\/\/www.voustensports.com\/wp-content\/uploads\/2023\/06\/NATURAL-FEEL-TROUSERS-OFF-WHITE-406641.jpg\" \/>\n\t<meta property=\"og:image:width\" content=\"1609\" \/>\n\t<meta property=\"og:image:height\" content=\"2048\" \/>\n\t<meta property=\"og:image:type\" content=\"image\/jpeg\" \/>\n<meta name=\"twitter:card\" content=\"summary_large_image\" \/>\n<script type=\"application\/ld+json\" class=\"yoast-schema-graph\">{\"@context\":\"https:\/\/schema.org\",\"@graph\":[{\"@type\":\"WebPage\",\"@id\":\"https:\/\/www.voustensports.com\/de\/herno-hose-off-white-40664\/\",\"url\":\"https:\/\/www.voustensports.com\/de\/herno-hose-off-white-40664\/\",\"name\":\"HERNO - HOSE OFF WHITE (40664) - Vousten Sports\",\"isPartOf\":{\"@id\":\"https:\/\/www.voustensports.com\/nl\/#website\"},\"primaryImageOfPage\":{\"@id\":\"https:\/\/www.voustensports.com\/de\/herno-hose-off-white-40664\/#primaryimage\"},\"image\":{\"@id\":\"https:\/\/www.voustensports.com\/de\/herno-hose-off-white-40664\/#primaryimage\"},\"thumbnailUrl\":\"https:\/\/www.voustensports.com\/wp-content\/uploads\/2023\/06\/NATURAL-FEEL-TROUSERS-OFF-WHITE-406641.jpg\",\"datePublished\":\"2025-02-15T09:16:14+00:00\",\"dateModified\":\"2026-04-28T00:48:06+00:00\",\"breadcrumb\":{\"@id\":\"https:\/\/www.voustensports.com\/de\/herno-hose-off-white-40664\/#breadcrumb\"},\"inLanguage\":\"de-DE\",\"potentialAction\":[{\"@type\":\"ReadAction\",\"target\":[\"https:\/\/www.voustensports.com\/de\/herno-hose-off-white-40664\/\"]}]},{\"@type\":\"ImageObject\",\"inLanguage\":\"de-DE\",\"@id\":\"https:\/\/www.voustensports.com\/de\/herno-hose-off-white-40664\/#primaryimage\",\"url\":\"https:\/\/www.voustensports.com\/wp-content\/uploads\/2023\/06\/NATURAL-FEEL-TROUSERS-OFF-WHITE-406641.jpg\",\"contentUrl\":\"https:\/\/www.voustensports.com\/wp-content\/uploads\/2023\/06\/NATURAL-FEEL-TROUSERS-OFF-WHITE-406641.jpg\",\"width\":1609,\"height\":2048},{\"@type\":\"BreadcrumbList\",\"@id\":\"https:\/\/www.voustensports.com\/de\/herno-hose-off-white-40664\/#breadcrumb\",\"itemListElement\":[{\"@type\":\"ListItem\",\"position\":1,\"name\":\"Home\",\"item\":\"https:\/\/www.voustensports.com\/de\/\"},{\"@type\":\"ListItem\",\"position\":2,\"name\":\"Shop\",\"item\":\"https:\/\/www.voustensports.com\/de\/shop\/\"},{\"@type\":\"ListItem\",\"position\":3,\"name\":\"HERNO &#8211; HOSE OFF WHITE (40664)\"}]},{\"@type\":\"WebSite\",\"@id\":\"https:\/\/www.voustensports.com\/nl\/#website\",\"url\":\"https:\/\/www.voustensports.com\/nl\/\",\"name\":\"Vousten Sports\",\"description\":\"\",\"potentialAction\":[{\"@type\":\"SearchAction\",\"target\":{\"@type\":\"EntryPoint\",\"urlTemplate\":\"https:\/\/www.voustensports.com\/nl\/?s={search_term_string}\"},\"query-input\":{\"@type\":\"PropertyValueSpecification\",\"valueRequired\":true,\"valueName\":\"search_term_string\"}}],\"inLanguage\":\"de-DE\"}]}<\/script>\n<!-- \/ Yoast SEO plugin. -->","yoast_head_json":{"title":"HERNO - HOSE OFF WHITE (40664) - Vousten Sports","robots":{"index":"index","follow":"follow","max-snippet":"max-snippet:-1","max-image-preview":"max-image-preview:large","max-video-preview":"max-video-preview:-1"},"canonical":"https:\/\/www.voustensports.com\/de\/herno-hose-off-white-40664\/","og_locale":"de_DE","og_type":"article","og_title":"HERNO - HOSE OFF WHITE (40664) - Vousten Sports","og_description":"PRODUKTDETAILS Hose aus nat\u00fcrlich wirkendem Stretch-Baumwollgabardine. Mit einem l\u00e4ssigen Schnitt und raffinierten Details ist dieses Kleidungsst\u00fcck Hernos raffiniertes Must-Have, das diskreten Luxus in die Alltagsgarderobe bringt. Das Model ist 186 cm gro\u00df, wiegt 80 kg und tr\u00e4gt Gr\u00f6\u00dfe S. Bestellen Sie am besten eine Nummer kleiner als Ihre \u00fcbliche Gr\u00f6\u00dfe. Elastischer Einsatz hinten in der [...]","og_url":"https:\/\/www.voustensports.com\/de\/herno-hose-off-white-40664\/","og_site_name":"Vousten Sports","article_modified_time":"2026-04-28T00:48:06+00:00","og_image":[{"width":1609,"height":2048,"url":"https:\/\/www.voustensports.com\/wp-content\/uploads\/2023\/06\/NATURAL-FEEL-TROUSERS-OFF-WHITE-406641.jpg","type":"image\/jpeg"}],"twitter_card":"summary_large_image","schema":{"@context":"https:\/\/schema.org","@graph":[{"@type":"WebPage","@id":"https:\/\/www.voustensports.com\/de\/herno-hose-off-white-40664\/","url":"https:\/\/www.voustensports.com\/de\/herno-hose-off-white-40664\/","name":"HERNO - HOSE OFF WHITE (40664) - Vousten Sports","isPartOf":{"@id":"https:\/\/www.voustensports.com\/nl\/#website"},"primaryImageOfPage":{"@id":"https:\/\/www.voustensports.com\/de\/herno-hose-off-white-40664\/#primaryimage"},"image":{"@id":"https:\/\/www.voustensports.com\/de\/herno-hose-off-white-40664\/#primaryimage"},"thumbnailUrl":"https:\/\/www.voustensports.com\/wp-content\/uploads\/2023\/06\/NATURAL-FEEL-TROUSERS-OFF-WHITE-406641.jpg","datePublished":"2025-02-15T09:16:14+00:00","dateModified":"2026-04-28T00:48:06+00:00","breadcrumb":{"@id":"https:\/\/www.voustensports.com\/de\/herno-hose-off-white-40664\/#breadcrumb"},"inLanguage":"de-DE","potentialAction":[{"@type":"ReadAction","target":["https:\/\/www.voustensports.com\/de\/herno-hose-off-white-40664\/"]}]},{"@type":"ImageObject","inLanguage":"de-DE","@id":"https:\/\/www.voustensports.com\/de\/herno-hose-off-white-40664\/#primaryimage","url":"https:\/\/www.voustensports.com\/wp-content\/uploads\/2023\/06\/NATURAL-FEEL-TROUSERS-OFF-WHITE-406641.jpg","contentUrl":"https:\/\/www.voustensports.com\/wp-content\/uploads\/2023\/06\/NATURAL-FEEL-TROUSERS-OFF-WHITE-406641.jpg","width":1609,"height":2048},{"@type":"BreadcrumbList","@id":"https:\/\/www.voustensports.com\/de\/herno-hose-off-white-40664\/#breadcrumb","itemListElement":[{"@type":"ListItem","position":1,"name":"Home","item":"https:\/\/www.voustensports.com\/de\/"},{"@type":"ListItem","position":2,"name":"Shop","item":"https:\/\/www.voustensports.com\/de\/shop\/"},{"@type":"ListItem","position":3,"name":"HERNO &#8211; HOSE OFF WHITE (40664)"}]},{"@type":"WebSite","@id":"https:\/\/www.voustensports.com\/nl\/#website","url":"https:\/\/www.voustensports.com\/nl\/","name":"Vousten Sports","description":"","potentialAction":[{"@type":"SearchAction","target":{"@type":"EntryPoint","urlTemplate":"https:\/\/www.voustensports.com\/nl\/?s={search_term_string}"},"query-input":{"@type":"PropertyValueSpecification","valueRequired":true,"valueName":"search_term_string"}}],"inLanguage":"de-DE"}]}},"_links":{"self":[{"href":"https:\/\/www.voustensports.com\/de\/wp-json\/wp\/v2\/product\/197356","targetHints":{"allow":["GET"]}}],"collection":[{"href":"https:\/\/www.voustensports.com\/de\/wp-json\/wp\/v2\/product"}],"about":[{"href":"https:\/\/www.voustensports.com\/de\/wp-json\/wp\/v2\/types\/product"}],"replies":[{"embeddable":true,"href":"https:\/\/www.voustensports.com\/de\/wp-json\/wp\/v2\/comments?post=197356"}],"wp:featuredmedia":[{"embeddable":true,"href":"https:\/\/www.voustensports.com\/de\/wp-json\/wp\/v2\/media\/197348"}],"wp:attachment":[{"href":"https:\/\/www.voustensports.com\/de\/wp-json\/wp\/v2\/media?parent=197356"}],"wp:term":[{"taxonomy":"product_cat","embeddable":true,"href":"https:\/\/www.voustensports.com\/de\/wp-json\/wp\/v2\/product_cat?post=197356"},{"taxonomy":"product_tag","embeddable":true,"href":"https:\/\/www.voustensports.com\/de\/wp-json\/wp\/v2\/product_tag?post=197356"}],"curies":[{"name":"wp","href":"https:\/\/api.w.org\/{rel}","templated":true}]}}