{"id":197324,"date":"2025-02-14T19:40:31","date_gmt":"2025-02-14T18:40:31","guid":{"rendered":"https:\/\/www.voustensports.com\/valenza-kurzleine-grau-braun-40760\/"},"modified":"2026-04-28T03:33:04","modified_gmt":"2026-04-28T01:33:04","slug":"valenza-kurzleine-grau-braun-40760","status":"publish","type":"product","link":"https:\/\/www.voustensports.com\/de\/valenza-kurzleine-grau-braun-40760\/","title":{"rendered":"VALENZA &#8211; Kurzleine grau \/ braun (40760)"},"content":{"rendered":"<div>Produktinformationen:<\/div>\n<ul>\n<li>Entspannte Passform<\/li>\n<li>Sportshorts mit Schn\u00fcrsenkelverschluss vorne<\/li>\n<li>Nylon-Rei\u00dfverschluss an der Ges\u00e4\u00dftasche<\/li>\n<li>Material: Interlock-Supima-Baumwolle<\/li>\n<li>Hergestellt in Italien<\/li>\n<li>Zusammensetzung: 100 % Baumwolle<\/li>\n<\/ul>\n","protected":false},"excerpt":{"rendered":"<p>Produktinformationen: Entspannte Passform Sportshorts mit Schn\u00fcrsenkelverschluss vorne Nylon-Rei\u00dfverschluss an der Ges\u00e4\u00dftasche Material: Interlock-Supima-Baumwolle Hergestellt in Italien Zusammensetzung: 100 % Baumwolle<\/p>\n","protected":false},"featured_media":197316,"comment_status":"open","ping_status":"closed","template":"","meta":{"rank_math_lock_modified_date":false},"product_cat":[463,467,779,787,447,451,459],"product_tag":[],"class_list":{"0":"post-197324","1":"product","2":"type-product","3":"status-publish","4":"has-post-thumbnail","6":"product_cat-vousten-sports-de-2","7":"product_cat-hosen-de","8":"product_cat-valenza-de","9":"product_cat-broek-de","10":"product_cat-kleding-de","11":"product_cat-heren-de","12":"product_cat-shorts-de-2","14":"first","15":"instock","16":"taxable","17":"shipping-taxable","18":"purchasable","19":"product-type-variable"},"acf":[],"yoast_head":"<!-- This site is optimized with the Yoast SEO plugin v23.9 - https:\/\/yoast.com\/wordpress\/plugins\/seo\/ -->\n<title>VALENZA - Kurzleine grau \/ braun (40760) - Vousten Sports<\/title>\n<meta name=\"robots\" content=\"index, follow, max-snippet:-1, max-image-preview:large, max-video-preview:-1\" \/>\n<link rel=\"canonical\" href=\"https:\/\/www.voustensports.com\/de\/valenza-kurzleine-grau-braun-40760\/\" \/>\n<meta property=\"og:locale\" content=\"de_DE\" \/>\n<meta property=\"og:type\" content=\"article\" \/>\n<meta property=\"og:title\" content=\"VALENZA - Kurzleine grau \/ braun (40760) - Vousten Sports\" \/>\n<meta property=\"og:description\" content=\"Produktinformationen: Entspannte Passform Sportshorts mit Schn\u00fcrsenkelverschluss vorne Nylon-Rei\u00dfverschluss an der Ges\u00e4\u00dftasche Material: Interlock-Supima-Baumwolle Hergestellt in Italien Zusammensetzung: 100 % Baumwolle\" \/>\n<meta property=\"og:url\" content=\"https:\/\/www.voustensports.com\/de\/valenza-kurzleine-grau-braun-40760\/\" \/>\n<meta property=\"og:site_name\" content=\"Vousten Sports\" \/>\n<meta property=\"article:modified_time\" content=\"2026-04-28T01:33:04+00:00\" \/>\n<meta property=\"og:image\" content=\"https:\/\/www.voustensports.com\/wp-content\/uploads\/2023\/06\/Short-loodgrijs-bruin-407601.png\" \/>\n\t<meta property=\"og:image:width\" content=\"2500\" \/>\n\t<meta property=\"og:image:height\" content=\"3333\" \/>\n\t<meta property=\"og:image:type\" content=\"image\/png\" \/>\n<meta name=\"twitter:card\" content=\"summary_large_image\" \/>\n<script type=\"application\/ld+json\" class=\"yoast-schema-graph\">{\"@context\":\"https:\/\/schema.org\",\"@graph\":[{\"@type\":\"WebPage\",\"@id\":\"https:\/\/www.voustensports.com\/de\/valenza-kurzleine-grau-braun-40760\/\",\"url\":\"https:\/\/www.voustensports.com\/de\/valenza-kurzleine-grau-braun-40760\/\",\"name\":\"VALENZA - Kurzleine grau \/ braun (40760) - Vousten Sports\",\"isPartOf\":{\"@id\":\"https:\/\/www.voustensports.com\/nl\/#website\"},\"primaryImageOfPage\":{\"@id\":\"https:\/\/www.voustensports.com\/de\/valenza-kurzleine-grau-braun-40760\/#primaryimage\"},\"image\":{\"@id\":\"https:\/\/www.voustensports.com\/de\/valenza-kurzleine-grau-braun-40760\/#primaryimage\"},\"thumbnailUrl\":\"https:\/\/www.voustensports.com\/wp-content\/uploads\/2023\/06\/Short-loodgrijs-bruin-407601.png\",\"datePublished\":\"2025-02-14T18:40:31+00:00\",\"dateModified\":\"2026-04-28T01:33:04+00:00\",\"breadcrumb\":{\"@id\":\"https:\/\/www.voustensports.com\/de\/valenza-kurzleine-grau-braun-40760\/#breadcrumb\"},\"inLanguage\":\"de-DE\",\"potentialAction\":[{\"@type\":\"ReadAction\",\"target\":[\"https:\/\/www.voustensports.com\/de\/valenza-kurzleine-grau-braun-40760\/\"]}]},{\"@type\":\"ImageObject\",\"inLanguage\":\"de-DE\",\"@id\":\"https:\/\/www.voustensports.com\/de\/valenza-kurzleine-grau-braun-40760\/#primaryimage\",\"url\":\"https:\/\/www.voustensports.com\/wp-content\/uploads\/2023\/06\/Short-loodgrijs-bruin-407601.png\",\"contentUrl\":\"https:\/\/www.voustensports.com\/wp-content\/uploads\/2023\/06\/Short-loodgrijs-bruin-407601.png\",\"width\":2500,\"height\":3333},{\"@type\":\"BreadcrumbList\",\"@id\":\"https:\/\/www.voustensports.com\/de\/valenza-kurzleine-grau-braun-40760\/#breadcrumb\",\"itemListElement\":[{\"@type\":\"ListItem\",\"position\":1,\"name\":\"Home\",\"item\":\"https:\/\/www.voustensports.com\/de\/\"},{\"@type\":\"ListItem\",\"position\":2,\"name\":\"Shop\",\"item\":\"https:\/\/www.voustensports.com\/de\/shop\/\"},{\"@type\":\"ListItem\",\"position\":3,\"name\":\"VALENZA &#8211; Kurzleine grau \/ braun (40760)\"}]},{\"@type\":\"WebSite\",\"@id\":\"https:\/\/www.voustensports.com\/nl\/#website\",\"url\":\"https:\/\/www.voustensports.com\/nl\/\",\"name\":\"Vousten Sports\",\"description\":\"\",\"potentialAction\":[{\"@type\":\"SearchAction\",\"target\":{\"@type\":\"EntryPoint\",\"urlTemplate\":\"https:\/\/www.voustensports.com\/nl\/?s={search_term_string}\"},\"query-input\":{\"@type\":\"PropertyValueSpecification\",\"valueRequired\":true,\"valueName\":\"search_term_string\"}}],\"inLanguage\":\"de-DE\"}]}<\/script>\n<!-- \/ Yoast SEO plugin. -->","yoast_head_json":{"title":"VALENZA - Kurzleine grau \/ braun (40760) - Vousten Sports","robots":{"index":"index","follow":"follow","max-snippet":"max-snippet:-1","max-image-preview":"max-image-preview:large","max-video-preview":"max-video-preview:-1"},"canonical":"https:\/\/www.voustensports.com\/de\/valenza-kurzleine-grau-braun-40760\/","og_locale":"de_DE","og_type":"article","og_title":"VALENZA - Kurzleine grau \/ braun (40760) - Vousten Sports","og_description":"Produktinformationen: Entspannte Passform Sportshorts mit Schn\u00fcrsenkelverschluss vorne Nylon-Rei\u00dfverschluss an der Ges\u00e4\u00dftasche Material: Interlock-Supima-Baumwolle Hergestellt in Italien Zusammensetzung: 100 % Baumwolle","og_url":"https:\/\/www.voustensports.com\/de\/valenza-kurzleine-grau-braun-40760\/","og_site_name":"Vousten Sports","article_modified_time":"2026-04-28T01:33:04+00:00","og_image":[{"width":2500,"height":3333,"url":"https:\/\/www.voustensports.com\/wp-content\/uploads\/2023\/06\/Short-loodgrijs-bruin-407601.png","type":"image\/png"}],"twitter_card":"summary_large_image","schema":{"@context":"https:\/\/schema.org","@graph":[{"@type":"WebPage","@id":"https:\/\/www.voustensports.com\/de\/valenza-kurzleine-grau-braun-40760\/","url":"https:\/\/www.voustensports.com\/de\/valenza-kurzleine-grau-braun-40760\/","name":"VALENZA - Kurzleine grau \/ braun (40760) - Vousten Sports","isPartOf":{"@id":"https:\/\/www.voustensports.com\/nl\/#website"},"primaryImageOfPage":{"@id":"https:\/\/www.voustensports.com\/de\/valenza-kurzleine-grau-braun-40760\/#primaryimage"},"image":{"@id":"https:\/\/www.voustensports.com\/de\/valenza-kurzleine-grau-braun-40760\/#primaryimage"},"thumbnailUrl":"https:\/\/www.voustensports.com\/wp-content\/uploads\/2023\/06\/Short-loodgrijs-bruin-407601.png","datePublished":"2025-02-14T18:40:31+00:00","dateModified":"2026-04-28T01:33:04+00:00","breadcrumb":{"@id":"https:\/\/www.voustensports.com\/de\/valenza-kurzleine-grau-braun-40760\/#breadcrumb"},"inLanguage":"de-DE","potentialAction":[{"@type":"ReadAction","target":["https:\/\/www.voustensports.com\/de\/valenza-kurzleine-grau-braun-40760\/"]}]},{"@type":"ImageObject","inLanguage":"de-DE","@id":"https:\/\/www.voustensports.com\/de\/valenza-kurzleine-grau-braun-40760\/#primaryimage","url":"https:\/\/www.voustensports.com\/wp-content\/uploads\/2023\/06\/Short-loodgrijs-bruin-407601.png","contentUrl":"https:\/\/www.voustensports.com\/wp-content\/uploads\/2023\/06\/Short-loodgrijs-bruin-407601.png","width":2500,"height":3333},{"@type":"BreadcrumbList","@id":"https:\/\/www.voustensports.com\/de\/valenza-kurzleine-grau-braun-40760\/#breadcrumb","itemListElement":[{"@type":"ListItem","position":1,"name":"Home","item":"https:\/\/www.voustensports.com\/de\/"},{"@type":"ListItem","position":2,"name":"Shop","item":"https:\/\/www.voustensports.com\/de\/shop\/"},{"@type":"ListItem","position":3,"name":"VALENZA &#8211; Kurzleine grau \/ braun (40760)"}]},{"@type":"WebSite","@id":"https:\/\/www.voustensports.com\/nl\/#website","url":"https:\/\/www.voustensports.com\/nl\/","name":"Vousten Sports","description":"","potentialAction":[{"@type":"SearchAction","target":{"@type":"EntryPoint","urlTemplate":"https:\/\/www.voustensports.com\/nl\/?s={search_term_string}"},"query-input":{"@type":"PropertyValueSpecification","valueRequired":true,"valueName":"search_term_string"}}],"inLanguage":"de-DE"}]}},"_links":{"self":[{"href":"https:\/\/www.voustensports.com\/de\/wp-json\/wp\/v2\/product\/197324","targetHints":{"allow":["GET"]}}],"collection":[{"href":"https:\/\/www.voustensports.com\/de\/wp-json\/wp\/v2\/product"}],"about":[{"href":"https:\/\/www.voustensports.com\/de\/wp-json\/wp\/v2\/types\/product"}],"replies":[{"embeddable":true,"href":"https:\/\/www.voustensports.com\/de\/wp-json\/wp\/v2\/comments?post=197324"}],"wp:featuredmedia":[{"embeddable":true,"href":"https:\/\/www.voustensports.com\/de\/wp-json\/wp\/v2\/media\/197316"}],"wp:attachment":[{"href":"https:\/\/www.voustensports.com\/de\/wp-json\/wp\/v2\/media?parent=197324"}],"wp:term":[{"taxonomy":"product_cat","embeddable":true,"href":"https:\/\/www.voustensports.com\/de\/wp-json\/wp\/v2\/product_cat?post=197324"},{"taxonomy":"product_tag","embeddable":true,"href":"https:\/\/www.voustensports.com\/de\/wp-json\/wp\/v2\/product_tag?post=197324"}],"curies":[{"name":"wp","href":"https:\/\/api.w.org\/{rel}","templated":true}]}}