{"id":196500,"date":"2025-02-08T11:16:23","date_gmt":"2025-02-08T10:16:23","guid":{"rendered":"https:\/\/www.voustensports.com\/hogan-dames-hogan-sneaker-cool-silber-beige-40543\/"},"modified":"2026-04-16T00:30:21","modified_gmt":"2026-04-15T22:30:21","slug":"hogan-dames-hogan-sneaker-cool-silber-beige-40543","status":"publish","type":"product","link":"https:\/\/www.voustensports.com\/de\/hogan-dames-hogan-sneaker-cool-silber-beige-40543\/","title":{"rendered":"HOGAN Dames &#8211; Hogan Sneaker Cool silber \/ beige (40543)"},"content":{"rendered":"<div>Die Hogan Cool Sneakers sind eine perfekte Mischung aus Retro-Elementen und modernen Linien und zeichnen sich durch einen schlichten und raffinierten Look aus. Das Obermaterial ist hier aus Metallic-Leder gefertigt und verf\u00fcgt \u00fcber eine gepolsterte Zunge und ein gezacktes H aus Nubuk an der Seite. Die Au\u00dfensohle ist eine Neuinterpretation des historischen H327-Modells und erinnert an das schr\u00e4ge Monogramm auf der Lauffl\u00e4che. Die Memory Foam-Einlegesohle sorgt f\u00fcr eine gepolsterte Passform.<\/div>\n<ul>\n<li>Hogan Cool-Sneaker f\u00fcr Damen<\/li>\n<li>Obermaterial aus Metallic-Leder<\/li>\n<li>Eins\u00e4tze aus Nappaleder<\/li>\n<li>Nubukseite H<\/li>\n<li>Memory-Schaum-Einlegesohle 5 mm<\/li>\n<li>Cup-Sohle aus Gummi (TPU).<\/li>\n<li>Gesamth\u00f6he 3,2 cm<\/li>\n<li>Wartungs- und Pflegekarten inklusive<\/li>\n<li>Staubbeutel aus Stoff im Lieferumfang enthalten<\/li>\n<li>Zus\u00e4tzliche Schn\u00fcrsenkel im Lieferumfang enthalten<\/li>\n<\/ul>\n","protected":false},"excerpt":{"rendered":"<p>Die Hogan Cool Sneakers sind eine perfekte Mischung aus Retro-Elementen und modernen Linien und zeichnen sich durch einen schlichten und raffinierten Look aus. Das Obermaterial ist hier aus Metallic-Leder gefertigt und verf\u00fcgt \u00fcber eine gepolsterte Zunge und ein gezacktes H aus Nubuk an der Seite. Die Au\u00dfensohle ist eine Neuinterpretation des historischen H327-Modells und erinnert [&#8230;]\n","protected":false},"featured_media":196480,"comment_status":"open","ping_status":"closed","template":"","meta":{"rank_math_lock_modified_date":false},"product_cat":[447,463,523,527,636,888,917],"product_tag":[],"class_list":{"0":"post-196500","1":"product","2":"type-product","3":"status-publish","4":"has-post-thumbnail","6":"product_cat-kleding-de","7":"product_cat-vousten-sports-de-2","8":"product_cat-schoenen-de-2","9":"product_cat-sneakers-de-2","10":"product_cat-dames-de","11":"product_cat-damesschoenen-de","12":"product_cat-veterschoenen-de","14":"first","15":"instock","16":"taxable","17":"shipping-taxable","18":"purchasable","19":"product-type-variable"},"acf":[],"yoast_head":"<!-- This site is optimized with the Yoast SEO plugin v23.9 - https:\/\/yoast.com\/wordpress\/plugins\/seo\/ -->\n<title>HOGAN Dames - Hogan Sneaker Cool silber \/ beige (40543) - Vousten Sports<\/title>\n<meta name=\"robots\" content=\"index, follow, max-snippet:-1, max-image-preview:large, max-video-preview:-1\" \/>\n<link rel=\"canonical\" href=\"https:\/\/www.voustensports.com\/de\/hogan-dames-hogan-sneaker-cool-silber-beige-40543\/\" \/>\n<meta property=\"og:locale\" content=\"de_DE\" \/>\n<meta property=\"og:type\" content=\"article\" \/>\n<meta property=\"og:title\" content=\"HOGAN Dames - Hogan Sneaker Cool silber \/ beige (40543) - Vousten Sports\" \/>\n<meta property=\"og:description\" content=\"Die Hogan Cool Sneakers sind eine perfekte Mischung aus Retro-Elementen und modernen Linien und zeichnen sich durch einen schlichten und raffinierten Look aus. Das Obermaterial ist hier aus Metallic-Leder gefertigt und verf\u00fcgt \u00fcber eine gepolsterte Zunge und ein gezacktes H aus Nubuk an der Seite. Die Au\u00dfensohle ist eine Neuinterpretation des historischen H327-Modells und erinnert [...]\" \/>\n<meta property=\"og:url\" content=\"https:\/\/www.voustensports.com\/de\/hogan-dames-hogan-sneaker-cool-silber-beige-40543\/\" \/>\n<meta property=\"og:site_name\" content=\"Vousten Sports\" \/>\n<meta property=\"article:modified_time\" content=\"2026-04-15T22:30:21+00:00\" \/>\n<meta property=\"og:image\" content=\"https:\/\/www.voustensports.com\/wp-content\/uploads\/2023\/06\/Hogan-Sneaker-Cool-zilver-beige-405431.png\" \/>\n\t<meta property=\"og:image:width\" content=\"2000\" \/>\n\t<meta property=\"og:image:height\" content=\"2000\" \/>\n\t<meta property=\"og:image:type\" content=\"image\/png\" \/>\n<meta name=\"twitter:card\" content=\"summary_large_image\" \/>\n<meta name=\"twitter:label1\" content=\"Est. reading time\" \/>\n\t<meta name=\"twitter:data1\" content=\"1 Minute\" \/>\n<script type=\"application\/ld+json\" class=\"yoast-schema-graph\">{\"@context\":\"https:\/\/schema.org\",\"@graph\":[{\"@type\":\"WebPage\",\"@id\":\"https:\/\/www.voustensports.com\/de\/hogan-dames-hogan-sneaker-cool-silber-beige-40543\/\",\"url\":\"https:\/\/www.voustensports.com\/de\/hogan-dames-hogan-sneaker-cool-silber-beige-40543\/\",\"name\":\"HOGAN Dames - Hogan Sneaker Cool silber \/ beige (40543) - Vousten Sports\",\"isPartOf\":{\"@id\":\"https:\/\/www.voustensports.com\/nl\/#website\"},\"primaryImageOfPage\":{\"@id\":\"https:\/\/www.voustensports.com\/de\/hogan-dames-hogan-sneaker-cool-silber-beige-40543\/#primaryimage\"},\"image\":{\"@id\":\"https:\/\/www.voustensports.com\/de\/hogan-dames-hogan-sneaker-cool-silber-beige-40543\/#primaryimage\"},\"thumbnailUrl\":\"https:\/\/www.voustensports.com\/wp-content\/uploads\/2023\/06\/Hogan-Sneaker-Cool-zilver-beige-405431.png\",\"datePublished\":\"2025-02-08T10:16:23+00:00\",\"dateModified\":\"2026-04-15T22:30:21+00:00\",\"breadcrumb\":{\"@id\":\"https:\/\/www.voustensports.com\/de\/hogan-dames-hogan-sneaker-cool-silber-beige-40543\/#breadcrumb\"},\"inLanguage\":\"de-DE\",\"potentialAction\":[{\"@type\":\"ReadAction\",\"target\":[\"https:\/\/www.voustensports.com\/de\/hogan-dames-hogan-sneaker-cool-silber-beige-40543\/\"]}]},{\"@type\":\"ImageObject\",\"inLanguage\":\"de-DE\",\"@id\":\"https:\/\/www.voustensports.com\/de\/hogan-dames-hogan-sneaker-cool-silber-beige-40543\/#primaryimage\",\"url\":\"https:\/\/www.voustensports.com\/wp-content\/uploads\/2023\/06\/Hogan-Sneaker-Cool-zilver-beige-405431.png\",\"contentUrl\":\"https:\/\/www.voustensports.com\/wp-content\/uploads\/2023\/06\/Hogan-Sneaker-Cool-zilver-beige-405431.png\",\"width\":2000,\"height\":2000},{\"@type\":\"BreadcrumbList\",\"@id\":\"https:\/\/www.voustensports.com\/de\/hogan-dames-hogan-sneaker-cool-silber-beige-40543\/#breadcrumb\",\"itemListElement\":[{\"@type\":\"ListItem\",\"position\":1,\"name\":\"Home\",\"item\":\"https:\/\/www.voustensports.com\/de\/\"},{\"@type\":\"ListItem\",\"position\":2,\"name\":\"Shop\",\"item\":\"https:\/\/www.voustensports.com\/de\/shop\/\"},{\"@type\":\"ListItem\",\"position\":3,\"name\":\"HOGAN Dames &#8211; Hogan Sneaker Cool silber \/ beige (40543)\"}]},{\"@type\":\"WebSite\",\"@id\":\"https:\/\/www.voustensports.com\/nl\/#website\",\"url\":\"https:\/\/www.voustensports.com\/nl\/\",\"name\":\"Vousten Sports\",\"description\":\"\",\"potentialAction\":[{\"@type\":\"SearchAction\",\"target\":{\"@type\":\"EntryPoint\",\"urlTemplate\":\"https:\/\/www.voustensports.com\/nl\/?s={search_term_string}\"},\"query-input\":{\"@type\":\"PropertyValueSpecification\",\"valueRequired\":true,\"valueName\":\"search_term_string\"}}],\"inLanguage\":\"de-DE\"}]}<\/script>\n<!-- \/ Yoast SEO plugin. -->","yoast_head_json":{"title":"HOGAN Dames - Hogan Sneaker Cool silber \/ beige (40543) - Vousten Sports","robots":{"index":"index","follow":"follow","max-snippet":"max-snippet:-1","max-image-preview":"max-image-preview:large","max-video-preview":"max-video-preview:-1"},"canonical":"https:\/\/www.voustensports.com\/de\/hogan-dames-hogan-sneaker-cool-silber-beige-40543\/","og_locale":"de_DE","og_type":"article","og_title":"HOGAN Dames - Hogan Sneaker Cool silber \/ beige (40543) - Vousten Sports","og_description":"Die Hogan Cool Sneakers sind eine perfekte Mischung aus Retro-Elementen und modernen Linien und zeichnen sich durch einen schlichten und raffinierten Look aus. Das Obermaterial ist hier aus Metallic-Leder gefertigt und verf\u00fcgt \u00fcber eine gepolsterte Zunge und ein gezacktes H aus Nubuk an der Seite. Die Au\u00dfensohle ist eine Neuinterpretation des historischen H327-Modells und erinnert [...]","og_url":"https:\/\/www.voustensports.com\/de\/hogan-dames-hogan-sneaker-cool-silber-beige-40543\/","og_site_name":"Vousten Sports","article_modified_time":"2026-04-15T22:30:21+00:00","og_image":[{"width":2000,"height":2000,"url":"https:\/\/www.voustensports.com\/wp-content\/uploads\/2023\/06\/Hogan-Sneaker-Cool-zilver-beige-405431.png","type":"image\/png"}],"twitter_card":"summary_large_image","twitter_misc":{"Est. reading time":"1 Minute"},"schema":{"@context":"https:\/\/schema.org","@graph":[{"@type":"WebPage","@id":"https:\/\/www.voustensports.com\/de\/hogan-dames-hogan-sneaker-cool-silber-beige-40543\/","url":"https:\/\/www.voustensports.com\/de\/hogan-dames-hogan-sneaker-cool-silber-beige-40543\/","name":"HOGAN Dames - Hogan Sneaker Cool silber \/ beige (40543) - Vousten Sports","isPartOf":{"@id":"https:\/\/www.voustensports.com\/nl\/#website"},"primaryImageOfPage":{"@id":"https:\/\/www.voustensports.com\/de\/hogan-dames-hogan-sneaker-cool-silber-beige-40543\/#primaryimage"},"image":{"@id":"https:\/\/www.voustensports.com\/de\/hogan-dames-hogan-sneaker-cool-silber-beige-40543\/#primaryimage"},"thumbnailUrl":"https:\/\/www.voustensports.com\/wp-content\/uploads\/2023\/06\/Hogan-Sneaker-Cool-zilver-beige-405431.png","datePublished":"2025-02-08T10:16:23+00:00","dateModified":"2026-04-15T22:30:21+00:00","breadcrumb":{"@id":"https:\/\/www.voustensports.com\/de\/hogan-dames-hogan-sneaker-cool-silber-beige-40543\/#breadcrumb"},"inLanguage":"de-DE","potentialAction":[{"@type":"ReadAction","target":["https:\/\/www.voustensports.com\/de\/hogan-dames-hogan-sneaker-cool-silber-beige-40543\/"]}]},{"@type":"ImageObject","inLanguage":"de-DE","@id":"https:\/\/www.voustensports.com\/de\/hogan-dames-hogan-sneaker-cool-silber-beige-40543\/#primaryimage","url":"https:\/\/www.voustensports.com\/wp-content\/uploads\/2023\/06\/Hogan-Sneaker-Cool-zilver-beige-405431.png","contentUrl":"https:\/\/www.voustensports.com\/wp-content\/uploads\/2023\/06\/Hogan-Sneaker-Cool-zilver-beige-405431.png","width":2000,"height":2000},{"@type":"BreadcrumbList","@id":"https:\/\/www.voustensports.com\/de\/hogan-dames-hogan-sneaker-cool-silber-beige-40543\/#breadcrumb","itemListElement":[{"@type":"ListItem","position":1,"name":"Home","item":"https:\/\/www.voustensports.com\/de\/"},{"@type":"ListItem","position":2,"name":"Shop","item":"https:\/\/www.voustensports.com\/de\/shop\/"},{"@type":"ListItem","position":3,"name":"HOGAN Dames &#8211; Hogan Sneaker Cool silber \/ beige (40543)"}]},{"@type":"WebSite","@id":"https:\/\/www.voustensports.com\/nl\/#website","url":"https:\/\/www.voustensports.com\/nl\/","name":"Vousten Sports","description":"","potentialAction":[{"@type":"SearchAction","target":{"@type":"EntryPoint","urlTemplate":"https:\/\/www.voustensports.com\/nl\/?s={search_term_string}"},"query-input":{"@type":"PropertyValueSpecification","valueRequired":true,"valueName":"search_term_string"}}],"inLanguage":"de-DE"}]}},"_links":{"self":[{"href":"https:\/\/www.voustensports.com\/de\/wp-json\/wp\/v2\/product\/196500","targetHints":{"allow":["GET"]}}],"collection":[{"href":"https:\/\/www.voustensports.com\/de\/wp-json\/wp\/v2\/product"}],"about":[{"href":"https:\/\/www.voustensports.com\/de\/wp-json\/wp\/v2\/types\/product"}],"replies":[{"embeddable":true,"href":"https:\/\/www.voustensports.com\/de\/wp-json\/wp\/v2\/comments?post=196500"}],"wp:featuredmedia":[{"embeddable":true,"href":"https:\/\/www.voustensports.com\/de\/wp-json\/wp\/v2\/media\/196480"}],"wp:attachment":[{"href":"https:\/\/www.voustensports.com\/de\/wp-json\/wp\/v2\/media?parent=196500"}],"wp:term":[{"taxonomy":"product_cat","embeddable":true,"href":"https:\/\/www.voustensports.com\/de\/wp-json\/wp\/v2\/product_cat?post=196500"},{"taxonomy":"product_tag","embeddable":true,"href":"https:\/\/www.voustensports.com\/de\/wp-json\/wp\/v2\/product_tag?post=196500"}],"curies":[{"name":"wp","href":"https:\/\/api.w.org\/{rel}","templated":true}]}}