{"id":195900,"date":"2025-01-31T16:46:32","date_gmt":"2025-01-31T15:46:32","guid":{"rendered":"https:\/\/www.voustensports.com\/hogan-sneaker-h580-braun-beige-40643\/"},"modified":"2026-02-05T12:28:20","modified_gmt":"2026-02-05T11:28:20","slug":"hogan-sneaker-h580-braun-beige-40643","status":"publish","type":"product","link":"https:\/\/www.voustensports.com\/de\/hogan-sneaker-h580-braun-beige-40643\/","title":{"rendered":"HOGAN &#8211; Sneaker H580 braun \/ beige (40643)"},"content":{"rendered":"<div>Die Herren-Sneaker H580 wurden mit Blick auf den Wind und seine Str\u00f6mung entworfen, mit harmonischen Volumen und einer aerodynamischen Au\u00dfensohle. Das Obermaterial aus Wildleder mit weichen und essentiellen Linien bildet den Hintergrund eines verl\u00e4ngerten H, das in einem Spitzendurchgang endet. Ein Modell im urbanen Casual-Stil mit einer Memory-Schaum-Einlegesohle, die eine gepolsterte Passform garantiert.<\/div>\n<ul>\n<li>Hergestellt in Italien<\/li>\n<li>Obermaterial aus Wildleder<\/li>\n<li>Seite H<\/li>\n<li>Details aus Glattleder<\/li>\n<li>Memory-Schaum-Einlegesohle 8 mm<\/li>\n<li>Gummi-Au\u00dfensohle<\/li>\n<li>Gesamth\u00f6he 4,5 cm<\/li>\n<li>Wartungs- und Pflegekarten inklusive<\/li>\n<li>Staubbeutel aus Stoff im Lieferumfang enthalten<\/li>\n<\/ul>\n","protected":false},"excerpt":{"rendered":"<p>Die Herren-Sneaker H580 wurden mit Blick auf den Wind und seine Str\u00f6mung entworfen, mit harmonischen Volumen und einer aerodynamischen Au\u00dfensohle. Das Obermaterial aus Wildleder mit weichen und essentiellen Linien bildet den Hintergrund eines verl\u00e4ngerten H, das in einem Spitzendurchgang endet. Ein Modell im urbanen Casual-Stil mit einer Memory-Schaum-Einlegesohle, die eine gepolsterte Passform garantiert. Hergestellt in [&#8230;]\n","protected":false},"featured_media":195876,"comment_status":"open","ping_status":"closed","template":"","meta":{"rank_math_lock_modified_date":false},"product_cat":[447,451,463,519,523,527,531,917],"product_tag":[],"class_list":{"0":"post-195900","1":"product","2":"type-product","3":"status-publish","4":"has-post-thumbnail","6":"product_cat-kleding-de","7":"product_cat-heren-de","8":"product_cat-vousten-sports-de-2","9":"product_cat-hogan-de","10":"product_cat-schoenen-de-2","11":"product_cat-sneakers-de-2","12":"product_cat-herenschoenen-de","13":"product_cat-veterschoenen-de","15":"first","16":"outofstock","17":"taxable","18":"shipping-taxable","19":"purchasable","20":"product-type-variable"},"acf":[],"yoast_head":"<!-- This site is optimized with the Yoast SEO plugin v23.9 - https:\/\/yoast.com\/wordpress\/plugins\/seo\/ -->\n<title>HOGAN - Sneaker H580 braun \/ beige (40643) - Vousten Sports<\/title>\n<meta name=\"robots\" content=\"index, follow, max-snippet:-1, max-image-preview:large, max-video-preview:-1\" \/>\n<link rel=\"canonical\" href=\"https:\/\/www.voustensports.com\/de\/hogan-sneaker-h580-braun-beige-40643\/\" \/>\n<meta property=\"og:locale\" content=\"de_DE\" \/>\n<meta property=\"og:type\" content=\"article\" \/>\n<meta property=\"og:title\" content=\"HOGAN - Sneaker H580 braun \/ beige (40643) - Vousten Sports\" \/>\n<meta property=\"og:description\" content=\"Die Herren-Sneaker H580 wurden mit Blick auf den Wind und seine Str\u00f6mung entworfen, mit harmonischen Volumen und einer aerodynamischen Au\u00dfensohle. Das Obermaterial aus Wildleder mit weichen und essentiellen Linien bildet den Hintergrund eines verl\u00e4ngerten H, das in einem Spitzendurchgang endet. Ein Modell im urbanen Casual-Stil mit einer Memory-Schaum-Einlegesohle, die eine gepolsterte Passform garantiert. Hergestellt in [...]\" \/>\n<meta property=\"og:url\" content=\"https:\/\/www.voustensports.com\/de\/hogan-sneaker-h580-braun-beige-40643\/\" \/>\n<meta property=\"og:site_name\" content=\"Vousten Sports\" \/>\n<meta property=\"article:modified_time\" content=\"2026-02-05T11:28:20+00:00\" \/>\n<meta property=\"og:image\" content=\"https:\/\/www.voustensports.com\/wp-content\/uploads\/2023\/06\/Sneaker-H580-bruin-beige-406431.png\" \/>\n\t<meta property=\"og:image:width\" content=\"2000\" \/>\n\t<meta property=\"og:image:height\" content=\"2000\" \/>\n\t<meta property=\"og:image:type\" content=\"image\/png\" \/>\n<meta name=\"twitter:card\" content=\"summary_large_image\" \/>\n<script type=\"application\/ld+json\" class=\"yoast-schema-graph\">{\"@context\":\"https:\/\/schema.org\",\"@graph\":[{\"@type\":\"WebPage\",\"@id\":\"https:\/\/www.voustensports.com\/de\/hogan-sneaker-h580-braun-beige-40643\/\",\"url\":\"https:\/\/www.voustensports.com\/de\/hogan-sneaker-h580-braun-beige-40643\/\",\"name\":\"HOGAN - Sneaker H580 braun \/ beige (40643) - Vousten Sports\",\"isPartOf\":{\"@id\":\"https:\/\/www.voustensports.com\/nl\/#website\"},\"primaryImageOfPage\":{\"@id\":\"https:\/\/www.voustensports.com\/de\/hogan-sneaker-h580-braun-beige-40643\/#primaryimage\"},\"image\":{\"@id\":\"https:\/\/www.voustensports.com\/de\/hogan-sneaker-h580-braun-beige-40643\/#primaryimage\"},\"thumbnailUrl\":\"https:\/\/www.voustensports.com\/wp-content\/uploads\/2023\/06\/Sneaker-H580-bruin-beige-406431.png\",\"datePublished\":\"2025-01-31T15:46:32+00:00\",\"dateModified\":\"2026-02-05T11:28:20+00:00\",\"breadcrumb\":{\"@id\":\"https:\/\/www.voustensports.com\/de\/hogan-sneaker-h580-braun-beige-40643\/#breadcrumb\"},\"inLanguage\":\"de-DE\",\"potentialAction\":[{\"@type\":\"ReadAction\",\"target\":[\"https:\/\/www.voustensports.com\/de\/hogan-sneaker-h580-braun-beige-40643\/\"]}]},{\"@type\":\"ImageObject\",\"inLanguage\":\"de-DE\",\"@id\":\"https:\/\/www.voustensports.com\/de\/hogan-sneaker-h580-braun-beige-40643\/#primaryimage\",\"url\":\"https:\/\/www.voustensports.com\/wp-content\/uploads\/2023\/06\/Sneaker-H580-bruin-beige-406431.png\",\"contentUrl\":\"https:\/\/www.voustensports.com\/wp-content\/uploads\/2023\/06\/Sneaker-H580-bruin-beige-406431.png\",\"width\":2000,\"height\":2000},{\"@type\":\"BreadcrumbList\",\"@id\":\"https:\/\/www.voustensports.com\/de\/hogan-sneaker-h580-braun-beige-40643\/#breadcrumb\",\"itemListElement\":[{\"@type\":\"ListItem\",\"position\":1,\"name\":\"Home\",\"item\":\"https:\/\/www.voustensports.com\/de\/\"},{\"@type\":\"ListItem\",\"position\":2,\"name\":\"Shop\",\"item\":\"https:\/\/www.voustensports.com\/de\/shop\/\"},{\"@type\":\"ListItem\",\"position\":3,\"name\":\"HOGAN &#8211; Sneaker H580 braun \/ beige (40643)\"}]},{\"@type\":\"WebSite\",\"@id\":\"https:\/\/www.voustensports.com\/nl\/#website\",\"url\":\"https:\/\/www.voustensports.com\/nl\/\",\"name\":\"Vousten Sports\",\"description\":\"\",\"potentialAction\":[{\"@type\":\"SearchAction\",\"target\":{\"@type\":\"EntryPoint\",\"urlTemplate\":\"https:\/\/www.voustensports.com\/nl\/?s={search_term_string}\"},\"query-input\":{\"@type\":\"PropertyValueSpecification\",\"valueRequired\":true,\"valueName\":\"search_term_string\"}}],\"inLanguage\":\"de-DE\"}]}<\/script>\n<!-- \/ Yoast SEO plugin. -->","yoast_head_json":{"title":"HOGAN - Sneaker H580 braun \/ beige (40643) - Vousten Sports","robots":{"index":"index","follow":"follow","max-snippet":"max-snippet:-1","max-image-preview":"max-image-preview:large","max-video-preview":"max-video-preview:-1"},"canonical":"https:\/\/www.voustensports.com\/de\/hogan-sneaker-h580-braun-beige-40643\/","og_locale":"de_DE","og_type":"article","og_title":"HOGAN - Sneaker H580 braun \/ beige (40643) - Vousten Sports","og_description":"Die Herren-Sneaker H580 wurden mit Blick auf den Wind und seine Str\u00f6mung entworfen, mit harmonischen Volumen und einer aerodynamischen Au\u00dfensohle. Das Obermaterial aus Wildleder mit weichen und essentiellen Linien bildet den Hintergrund eines verl\u00e4ngerten H, das in einem Spitzendurchgang endet. Ein Modell im urbanen Casual-Stil mit einer Memory-Schaum-Einlegesohle, die eine gepolsterte Passform garantiert. Hergestellt in [...]","og_url":"https:\/\/www.voustensports.com\/de\/hogan-sneaker-h580-braun-beige-40643\/","og_site_name":"Vousten Sports","article_modified_time":"2026-02-05T11:28:20+00:00","og_image":[{"width":2000,"height":2000,"url":"https:\/\/www.voustensports.com\/wp-content\/uploads\/2023\/06\/Sneaker-H580-bruin-beige-406431.png","type":"image\/png"}],"twitter_card":"summary_large_image","schema":{"@context":"https:\/\/schema.org","@graph":[{"@type":"WebPage","@id":"https:\/\/www.voustensports.com\/de\/hogan-sneaker-h580-braun-beige-40643\/","url":"https:\/\/www.voustensports.com\/de\/hogan-sneaker-h580-braun-beige-40643\/","name":"HOGAN - Sneaker H580 braun \/ beige (40643) - Vousten Sports","isPartOf":{"@id":"https:\/\/www.voustensports.com\/nl\/#website"},"primaryImageOfPage":{"@id":"https:\/\/www.voustensports.com\/de\/hogan-sneaker-h580-braun-beige-40643\/#primaryimage"},"image":{"@id":"https:\/\/www.voustensports.com\/de\/hogan-sneaker-h580-braun-beige-40643\/#primaryimage"},"thumbnailUrl":"https:\/\/www.voustensports.com\/wp-content\/uploads\/2023\/06\/Sneaker-H580-bruin-beige-406431.png","datePublished":"2025-01-31T15:46:32+00:00","dateModified":"2026-02-05T11:28:20+00:00","breadcrumb":{"@id":"https:\/\/www.voustensports.com\/de\/hogan-sneaker-h580-braun-beige-40643\/#breadcrumb"},"inLanguage":"de-DE","potentialAction":[{"@type":"ReadAction","target":["https:\/\/www.voustensports.com\/de\/hogan-sneaker-h580-braun-beige-40643\/"]}]},{"@type":"ImageObject","inLanguage":"de-DE","@id":"https:\/\/www.voustensports.com\/de\/hogan-sneaker-h580-braun-beige-40643\/#primaryimage","url":"https:\/\/www.voustensports.com\/wp-content\/uploads\/2023\/06\/Sneaker-H580-bruin-beige-406431.png","contentUrl":"https:\/\/www.voustensports.com\/wp-content\/uploads\/2023\/06\/Sneaker-H580-bruin-beige-406431.png","width":2000,"height":2000},{"@type":"BreadcrumbList","@id":"https:\/\/www.voustensports.com\/de\/hogan-sneaker-h580-braun-beige-40643\/#breadcrumb","itemListElement":[{"@type":"ListItem","position":1,"name":"Home","item":"https:\/\/www.voustensports.com\/de\/"},{"@type":"ListItem","position":2,"name":"Shop","item":"https:\/\/www.voustensports.com\/de\/shop\/"},{"@type":"ListItem","position":3,"name":"HOGAN &#8211; Sneaker H580 braun \/ beige (40643)"}]},{"@type":"WebSite","@id":"https:\/\/www.voustensports.com\/nl\/#website","url":"https:\/\/www.voustensports.com\/nl\/","name":"Vousten Sports","description":"","potentialAction":[{"@type":"SearchAction","target":{"@type":"EntryPoint","urlTemplate":"https:\/\/www.voustensports.com\/nl\/?s={search_term_string}"},"query-input":{"@type":"PropertyValueSpecification","valueRequired":true,"valueName":"search_term_string"}}],"inLanguage":"de-DE"}]}},"_links":{"self":[{"href":"https:\/\/www.voustensports.com\/de\/wp-json\/wp\/v2\/product\/195900","targetHints":{"allow":["GET"]}}],"collection":[{"href":"https:\/\/www.voustensports.com\/de\/wp-json\/wp\/v2\/product"}],"about":[{"href":"https:\/\/www.voustensports.com\/de\/wp-json\/wp\/v2\/types\/product"}],"replies":[{"embeddable":true,"href":"https:\/\/www.voustensports.com\/de\/wp-json\/wp\/v2\/comments?post=195900"}],"wp:featuredmedia":[{"embeddable":true,"href":"https:\/\/www.voustensports.com\/de\/wp-json\/wp\/v2\/media\/195876"}],"wp:attachment":[{"href":"https:\/\/www.voustensports.com\/de\/wp-json\/wp\/v2\/media?parent=195900"}],"wp:term":[{"taxonomy":"product_cat","embeddable":true,"href":"https:\/\/www.voustensports.com\/de\/wp-json\/wp\/v2\/product_cat?post=195900"},{"taxonomy":"product_tag","embeddable":true,"href":"https:\/\/www.voustensports.com\/de\/wp-json\/wp\/v2\/product_tag?post=195900"}],"curies":[{"name":"wp","href":"https:\/\/api.w.org\/{rel}","templated":true}]}}