{"id":195836,"date":"2025-01-31T16:02:40","date_gmt":"2025-01-31T15:02:40","guid":{"rendered":"https:\/\/www.voustensports.com\/hogan-dames-sneaker-h-streifen-weis-silber-40545\/"},"modified":"2026-04-16T00:45:19","modified_gmt":"2026-04-15T22:45:19","slug":"hogan-dames-sneaker-h-streifen-weis-silber-40545","status":"publish","type":"product","link":"https:\/\/www.voustensports.com\/de\/hogan-dames-sneaker-h-streifen-weis-silber-40545\/","title":{"rendered":"HOGAN Dames &#8211; Sneaker H-Streifen wei\u00df \/ silber (40545)"},"content":{"rendered":"<div>Hogan H-Stripes-Sneaker f\u00fcr Damen. Die H-Stripes-Sneaker zeichnen sich durch sportliche und vielseitige Linien aus und verf\u00fcgen \u00fcber eine extraleichte Au\u00dfensohle mit vertikalen Streifen. Das Obermaterial mit kompaktem und ausgewogenem Design zeichnet sich durch das metallische H aus Leder aus, das sich \u00fcber die Seite erstreckt. Der obere Besatz mit N\u00e4hten auf dem R\u00fcckenpatch ist weich gepolstert. Diese Version ist aus Nappaleder gefertigt und verf\u00fcgt \u00fcber eine Memory-Schaum-Innensohle, die eine angenehme D\u00e4mpfung garantiert.<\/div>\n<ul>\n<li>Hergestellt in Italien<\/li>\n<li>Obermaterial aus Nappaleder<\/li>\n<li>Metallisches Leder an der Seite H<\/li>\n<li>Memory-Schaum-Einlegesohle 8 mm<\/li>\n<li>EVA-Au\u00dfensohle<\/li>\n<li>Gesamth\u00f6he 5,8 cm<\/li>\n<li>Wartungs- und Pflegekarten inklusive<\/li>\n<li>Staubbeutel aus Stoff im Lieferumfang enthalten<\/li>\n<li>Zus\u00e4tzliche Schn\u00fcrsenkel im Lieferumfang enthalten<\/li>\n<\/ul>\n","protected":false},"excerpt":{"rendered":"<p>Hogan H-Stripes-Sneaker f\u00fcr Damen. Die H-Stripes-Sneaker zeichnen sich durch sportliche und vielseitige Linien aus und verf\u00fcgen \u00fcber eine extraleichte Au\u00dfensohle mit vertikalen Streifen. Das Obermaterial mit kompaktem und ausgewogenem Design zeichnet sich durch das metallische H aus Leder aus, das sich \u00fcber die Seite erstreckt. Der obere Besatz mit N\u00e4hten auf dem R\u00fcckenpatch ist weich [&#8230;]\n","protected":false},"featured_media":195812,"comment_status":"open","ping_status":"closed","template":"","meta":{"rank_math_lock_modified_date":false},"product_cat":[523,527,636,888,917,447,463,519],"product_tag":[],"class_list":{"0":"post-195836","1":"product","2":"type-product","3":"status-publish","4":"has-post-thumbnail","6":"product_cat-schoenen-de-2","7":"product_cat-sneakers-de-2","8":"product_cat-dames-de","9":"product_cat-damesschoenen-de","10":"product_cat-veterschoenen-de","11":"product_cat-kleding-de","12":"product_cat-vousten-sports-de-2","13":"product_cat-hogan-de","15":"first","16":"instock","17":"taxable","18":"shipping-taxable","19":"purchasable","20":"product-type-variable"},"acf":[],"yoast_head":"<!-- This site is optimized with the Yoast SEO plugin v23.9 - https:\/\/yoast.com\/wordpress\/plugins\/seo\/ -->\n<title>HOGAN Dames - Sneaker H-Streifen wei\u00df \/ silber (40545) - Vousten Sports<\/title>\n<meta name=\"robots\" content=\"index, follow, max-snippet:-1, max-image-preview:large, max-video-preview:-1\" \/>\n<link rel=\"canonical\" href=\"https:\/\/www.voustensports.com\/de\/hogan-dames-sneaker-h-streifen-weis-silber-40545\/\" \/>\n<meta property=\"og:locale\" content=\"de_DE\" \/>\n<meta property=\"og:type\" content=\"article\" \/>\n<meta property=\"og:title\" content=\"HOGAN Dames - Sneaker H-Streifen wei\u00df \/ silber (40545) - Vousten Sports\" \/>\n<meta property=\"og:description\" content=\"Hogan H-Stripes-Sneaker f\u00fcr Damen. Die H-Stripes-Sneaker zeichnen sich durch sportliche und vielseitige Linien aus und verf\u00fcgen \u00fcber eine extraleichte Au\u00dfensohle mit vertikalen Streifen. Das Obermaterial mit kompaktem und ausgewogenem Design zeichnet sich durch das metallische H aus Leder aus, das sich \u00fcber die Seite erstreckt. Der obere Besatz mit N\u00e4hten auf dem R\u00fcckenpatch ist weich [...]\" \/>\n<meta property=\"og:url\" content=\"https:\/\/www.voustensports.com\/de\/hogan-dames-sneaker-h-streifen-weis-silber-40545\/\" \/>\n<meta property=\"og:site_name\" content=\"Vousten Sports\" \/>\n<meta property=\"article:modified_time\" content=\"2026-04-15T22:45:19+00:00\" \/>\n<meta property=\"og:image\" content=\"https:\/\/www.voustensports.com\/wp-content\/uploads\/2023\/06\/Sneaker-H-Stripes-wit-zilver-405451.png\" \/>\n\t<meta property=\"og:image:width\" content=\"2000\" \/>\n\t<meta property=\"og:image:height\" content=\"2000\" \/>\n\t<meta property=\"og:image:type\" content=\"image\/png\" \/>\n<meta name=\"twitter:card\" content=\"summary_large_image\" \/>\n<meta name=\"twitter:label1\" content=\"Est. reading time\" \/>\n\t<meta name=\"twitter:data1\" content=\"1 Minute\" \/>\n<script type=\"application\/ld+json\" class=\"yoast-schema-graph\">{\"@context\":\"https:\/\/schema.org\",\"@graph\":[{\"@type\":\"WebPage\",\"@id\":\"https:\/\/www.voustensports.com\/de\/hogan-dames-sneaker-h-streifen-weis-silber-40545\/\",\"url\":\"https:\/\/www.voustensports.com\/de\/hogan-dames-sneaker-h-streifen-weis-silber-40545\/\",\"name\":\"HOGAN Dames - Sneaker H-Streifen wei\u00df \/ silber (40545) - Vousten Sports\",\"isPartOf\":{\"@id\":\"https:\/\/www.voustensports.com\/nl\/#website\"},\"primaryImageOfPage\":{\"@id\":\"https:\/\/www.voustensports.com\/de\/hogan-dames-sneaker-h-streifen-weis-silber-40545\/#primaryimage\"},\"image\":{\"@id\":\"https:\/\/www.voustensports.com\/de\/hogan-dames-sneaker-h-streifen-weis-silber-40545\/#primaryimage\"},\"thumbnailUrl\":\"https:\/\/www.voustensports.com\/wp-content\/uploads\/2023\/06\/Sneaker-H-Stripes-wit-zilver-405451.png\",\"datePublished\":\"2025-01-31T15:02:40+00:00\",\"dateModified\":\"2026-04-15T22:45:19+00:00\",\"breadcrumb\":{\"@id\":\"https:\/\/www.voustensports.com\/de\/hogan-dames-sneaker-h-streifen-weis-silber-40545\/#breadcrumb\"},\"inLanguage\":\"de-DE\",\"potentialAction\":[{\"@type\":\"ReadAction\",\"target\":[\"https:\/\/www.voustensports.com\/de\/hogan-dames-sneaker-h-streifen-weis-silber-40545\/\"]}]},{\"@type\":\"ImageObject\",\"inLanguage\":\"de-DE\",\"@id\":\"https:\/\/www.voustensports.com\/de\/hogan-dames-sneaker-h-streifen-weis-silber-40545\/#primaryimage\",\"url\":\"https:\/\/www.voustensports.com\/wp-content\/uploads\/2023\/06\/Sneaker-H-Stripes-wit-zilver-405451.png\",\"contentUrl\":\"https:\/\/www.voustensports.com\/wp-content\/uploads\/2023\/06\/Sneaker-H-Stripes-wit-zilver-405451.png\",\"width\":2000,\"height\":2000},{\"@type\":\"BreadcrumbList\",\"@id\":\"https:\/\/www.voustensports.com\/de\/hogan-dames-sneaker-h-streifen-weis-silber-40545\/#breadcrumb\",\"itemListElement\":[{\"@type\":\"ListItem\",\"position\":1,\"name\":\"Home\",\"item\":\"https:\/\/www.voustensports.com\/de\/\"},{\"@type\":\"ListItem\",\"position\":2,\"name\":\"Shop\",\"item\":\"https:\/\/www.voustensports.com\/de\/shop\/\"},{\"@type\":\"ListItem\",\"position\":3,\"name\":\"HOGAN Dames &#8211; Sneaker H-Streifen wei\u00df \/ silber (40545)\"}]},{\"@type\":\"WebSite\",\"@id\":\"https:\/\/www.voustensports.com\/nl\/#website\",\"url\":\"https:\/\/www.voustensports.com\/nl\/\",\"name\":\"Vousten Sports\",\"description\":\"\",\"potentialAction\":[{\"@type\":\"SearchAction\",\"target\":{\"@type\":\"EntryPoint\",\"urlTemplate\":\"https:\/\/www.voustensports.com\/nl\/?s={search_term_string}\"},\"query-input\":{\"@type\":\"PropertyValueSpecification\",\"valueRequired\":true,\"valueName\":\"search_term_string\"}}],\"inLanguage\":\"de-DE\"}]}<\/script>\n<!-- \/ Yoast SEO plugin. -->","yoast_head_json":{"title":"HOGAN Dames - Sneaker H-Streifen wei\u00df \/ silber (40545) - Vousten Sports","robots":{"index":"index","follow":"follow","max-snippet":"max-snippet:-1","max-image-preview":"max-image-preview:large","max-video-preview":"max-video-preview:-1"},"canonical":"https:\/\/www.voustensports.com\/de\/hogan-dames-sneaker-h-streifen-weis-silber-40545\/","og_locale":"de_DE","og_type":"article","og_title":"HOGAN Dames - Sneaker H-Streifen wei\u00df \/ silber (40545) - Vousten Sports","og_description":"Hogan H-Stripes-Sneaker f\u00fcr Damen. Die H-Stripes-Sneaker zeichnen sich durch sportliche und vielseitige Linien aus und verf\u00fcgen \u00fcber eine extraleichte Au\u00dfensohle mit vertikalen Streifen. Das Obermaterial mit kompaktem und ausgewogenem Design zeichnet sich durch das metallische H aus Leder aus, das sich \u00fcber die Seite erstreckt. Der obere Besatz mit N\u00e4hten auf dem R\u00fcckenpatch ist weich [...]","og_url":"https:\/\/www.voustensports.com\/de\/hogan-dames-sneaker-h-streifen-weis-silber-40545\/","og_site_name":"Vousten Sports","article_modified_time":"2026-04-15T22:45:19+00:00","og_image":[{"width":2000,"height":2000,"url":"https:\/\/www.voustensports.com\/wp-content\/uploads\/2023\/06\/Sneaker-H-Stripes-wit-zilver-405451.png","type":"image\/png"}],"twitter_card":"summary_large_image","twitter_misc":{"Est. reading time":"1 Minute"},"schema":{"@context":"https:\/\/schema.org","@graph":[{"@type":"WebPage","@id":"https:\/\/www.voustensports.com\/de\/hogan-dames-sneaker-h-streifen-weis-silber-40545\/","url":"https:\/\/www.voustensports.com\/de\/hogan-dames-sneaker-h-streifen-weis-silber-40545\/","name":"HOGAN Dames - Sneaker H-Streifen wei\u00df \/ silber (40545) - Vousten Sports","isPartOf":{"@id":"https:\/\/www.voustensports.com\/nl\/#website"},"primaryImageOfPage":{"@id":"https:\/\/www.voustensports.com\/de\/hogan-dames-sneaker-h-streifen-weis-silber-40545\/#primaryimage"},"image":{"@id":"https:\/\/www.voustensports.com\/de\/hogan-dames-sneaker-h-streifen-weis-silber-40545\/#primaryimage"},"thumbnailUrl":"https:\/\/www.voustensports.com\/wp-content\/uploads\/2023\/06\/Sneaker-H-Stripes-wit-zilver-405451.png","datePublished":"2025-01-31T15:02:40+00:00","dateModified":"2026-04-15T22:45:19+00:00","breadcrumb":{"@id":"https:\/\/www.voustensports.com\/de\/hogan-dames-sneaker-h-streifen-weis-silber-40545\/#breadcrumb"},"inLanguage":"de-DE","potentialAction":[{"@type":"ReadAction","target":["https:\/\/www.voustensports.com\/de\/hogan-dames-sneaker-h-streifen-weis-silber-40545\/"]}]},{"@type":"ImageObject","inLanguage":"de-DE","@id":"https:\/\/www.voustensports.com\/de\/hogan-dames-sneaker-h-streifen-weis-silber-40545\/#primaryimage","url":"https:\/\/www.voustensports.com\/wp-content\/uploads\/2023\/06\/Sneaker-H-Stripes-wit-zilver-405451.png","contentUrl":"https:\/\/www.voustensports.com\/wp-content\/uploads\/2023\/06\/Sneaker-H-Stripes-wit-zilver-405451.png","width":2000,"height":2000},{"@type":"BreadcrumbList","@id":"https:\/\/www.voustensports.com\/de\/hogan-dames-sneaker-h-streifen-weis-silber-40545\/#breadcrumb","itemListElement":[{"@type":"ListItem","position":1,"name":"Home","item":"https:\/\/www.voustensports.com\/de\/"},{"@type":"ListItem","position":2,"name":"Shop","item":"https:\/\/www.voustensports.com\/de\/shop\/"},{"@type":"ListItem","position":3,"name":"HOGAN Dames &#8211; Sneaker H-Streifen wei\u00df \/ silber (40545)"}]},{"@type":"WebSite","@id":"https:\/\/www.voustensports.com\/nl\/#website","url":"https:\/\/www.voustensports.com\/nl\/","name":"Vousten Sports","description":"","potentialAction":[{"@type":"SearchAction","target":{"@type":"EntryPoint","urlTemplate":"https:\/\/www.voustensports.com\/nl\/?s={search_term_string}"},"query-input":{"@type":"PropertyValueSpecification","valueRequired":true,"valueName":"search_term_string"}}],"inLanguage":"de-DE"}]}},"_links":{"self":[{"href":"https:\/\/www.voustensports.com\/de\/wp-json\/wp\/v2\/product\/195836","targetHints":{"allow":["GET"]}}],"collection":[{"href":"https:\/\/www.voustensports.com\/de\/wp-json\/wp\/v2\/product"}],"about":[{"href":"https:\/\/www.voustensports.com\/de\/wp-json\/wp\/v2\/types\/product"}],"replies":[{"embeddable":true,"href":"https:\/\/www.voustensports.com\/de\/wp-json\/wp\/v2\/comments?post=195836"}],"wp:featuredmedia":[{"embeddable":true,"href":"https:\/\/www.voustensports.com\/de\/wp-json\/wp\/v2\/media\/195812"}],"wp:attachment":[{"href":"https:\/\/www.voustensports.com\/de\/wp-json\/wp\/v2\/media?parent=195836"}],"wp:term":[{"taxonomy":"product_cat","embeddable":true,"href":"https:\/\/www.voustensports.com\/de\/wp-json\/wp\/v2\/product_cat?post=195836"},{"taxonomy":"product_tag","embeddable":true,"href":"https:\/\/www.voustensports.com\/de\/wp-json\/wp\/v2\/product_tag?post=195836"}],"curies":[{"name":"wp","href":"https:\/\/api.w.org\/{rel}","templated":true}]}}