{"id":195772,"date":"2025-01-31T15:24:36","date_gmt":"2025-01-31T14:24:36","guid":{"rendered":"https:\/\/www.voustensports.com\/hogan-dames-sneaker-hogan-h630-glitzer-weis-40542\/"},"modified":"2026-03-24T03:15:08","modified_gmt":"2026-03-24T02:15:08","slug":"hogan-dames-sneaker-hogan-h630-glitzer-weis-40542","status":"publish","type":"product","link":"https:\/\/www.voustensports.com\/de\/hogan-dames-sneaker-hogan-h630-glitzer-weis-40542\/","title":{"rendered":"HOGAN Dames &#8211; Sneaker Hogan H630 Glitzer wei\u00df (40542)"},"content":{"rendered":"<div>Hogan H630-Sneaker f\u00fcr Damen. Kombinieren Sie von der Basketballwelt inspirierte Linien mit klassischem Markenstil. Das Obermaterial aus Wildleder und Glattleder verf\u00fcgt \u00fcber ein verl\u00e4ngertes H aus Glitzerstoff, das die Ferse umh\u00fcllt. Die Au\u00dfensohle besteht aus extraleichtem EVA mit gepr\u00e4gtem Logo an der Seite und schattierten Streifen, die die ikonischen Rebel-Rillen neu interpretieren. Dieser dynamische Stil ist ein Must-have f\u00fcr die moderne Garderobe und wird durch eine Memory-Schaum-Innensohle erg\u00e4nzt, die f\u00fcr Weichheit und D\u00e4mpfung sorgt.<\/div>\n<ul>\n<li>Hergestellt in Italien<\/li>\n<li>Obermaterial aus Wildleder<\/li>\n<li>Eins\u00e4tze aus Glattleder<\/li>\n<li>Seite H und Eins\u00e4tze aus glitzerndem Stoff<\/li>\n<li>Details aus Nappaleder<\/li>\n<li>Memory-Schaum-Einlegesohle 9 mm<\/li>\n<li>Gummi-Au\u00dfensohle<\/li>\n<li>Gesamth\u00f6he 4 cm<\/li>\n<li>Wartungs- und Pflegekarten inklusive<\/li>\n<li>Staubbeutel aus Stoff im Lieferumfang enthalten<\/li>\n<li>Zus\u00e4tzliche Schn\u00fcrsenkel im Lieferumfang enthalten<\/li>\n<\/ul>\n","protected":false},"excerpt":{"rendered":"<p>Hogan H630-Sneaker f\u00fcr Damen. Kombinieren Sie von der Basketballwelt inspirierte Linien mit klassischem Markenstil. Das Obermaterial aus Wildleder und Glattleder verf\u00fcgt \u00fcber ein verl\u00e4ngertes H aus Glitzerstoff, das die Ferse umh\u00fcllt. Die Au\u00dfensohle besteht aus extraleichtem EVA mit gepr\u00e4gtem Logo an der Seite und schattierten Streifen, die die ikonischen Rebel-Rillen neu interpretieren. Dieser dynamische Stil [&#8230;]\n","protected":false},"featured_media":195752,"comment_status":"open","ping_status":"closed","template":"","meta":{"rank_math_lock_modified_date":false},"product_cat":[447,463,519,523,527,636,888,917],"product_tag":[],"class_list":{"0":"post-195772","1":"product","2":"type-product","3":"status-publish","4":"has-post-thumbnail","6":"product_cat-kleding-de","7":"product_cat-vousten-sports-de-2","8":"product_cat-hogan-de","9":"product_cat-schoenen-de-2","10":"product_cat-sneakers-de-2","11":"product_cat-dames-de","12":"product_cat-damesschoenen-de","13":"product_cat-veterschoenen-de","15":"first","16":"outofstock","17":"taxable","18":"shipping-taxable","19":"purchasable","20":"product-type-variable"},"acf":[],"yoast_head":"<!-- This site is optimized with the Yoast SEO plugin v23.9 - https:\/\/yoast.com\/wordpress\/plugins\/seo\/ -->\n<title>HOGAN Dames - Sneaker Hogan H630 Glitzer wei\u00df (40542) - Vousten Sports<\/title>\n<meta name=\"robots\" content=\"index, follow, max-snippet:-1, max-image-preview:large, max-video-preview:-1\" \/>\n<link rel=\"canonical\" href=\"https:\/\/www.voustensports.com\/de\/hogan-dames-sneaker-hogan-h630-glitzer-weis-40542\/\" \/>\n<meta property=\"og:locale\" content=\"de_DE\" \/>\n<meta property=\"og:type\" content=\"article\" \/>\n<meta property=\"og:title\" content=\"HOGAN Dames - Sneaker Hogan H630 Glitzer wei\u00df (40542) - Vousten Sports\" \/>\n<meta property=\"og:description\" content=\"Hogan H630-Sneaker f\u00fcr Damen. Kombinieren Sie von der Basketballwelt inspirierte Linien mit klassischem Markenstil. Das Obermaterial aus Wildleder und Glattleder verf\u00fcgt \u00fcber ein verl\u00e4ngertes H aus Glitzerstoff, das die Ferse umh\u00fcllt. Die Au\u00dfensohle besteht aus extraleichtem EVA mit gepr\u00e4gtem Logo an der Seite und schattierten Streifen, die die ikonischen Rebel-Rillen neu interpretieren. Dieser dynamische Stil [...]\" \/>\n<meta property=\"og:url\" content=\"https:\/\/www.voustensports.com\/de\/hogan-dames-sneaker-hogan-h630-glitzer-weis-40542\/\" \/>\n<meta property=\"og:site_name\" content=\"Vousten Sports\" \/>\n<meta property=\"article:modified_time\" content=\"2026-03-24T02:15:08+00:00\" \/>\n<meta property=\"og:image\" content=\"https:\/\/www.voustensports.com\/wp-content\/uploads\/2023\/06\/Sneaker-Hogan-H630-Glitter-wit-405421.png\" \/>\n\t<meta property=\"og:image:width\" content=\"2000\" \/>\n\t<meta property=\"og:image:height\" content=\"2000\" \/>\n\t<meta property=\"og:image:type\" content=\"image\/png\" \/>\n<meta name=\"twitter:card\" content=\"summary_large_image\" \/>\n<meta name=\"twitter:label1\" content=\"Est. reading time\" \/>\n\t<meta name=\"twitter:data1\" content=\"1 Minute\" \/>\n<script type=\"application\/ld+json\" class=\"yoast-schema-graph\">{\"@context\":\"https:\/\/schema.org\",\"@graph\":[{\"@type\":\"WebPage\",\"@id\":\"https:\/\/www.voustensports.com\/de\/hogan-dames-sneaker-hogan-h630-glitzer-weis-40542\/\",\"url\":\"https:\/\/www.voustensports.com\/de\/hogan-dames-sneaker-hogan-h630-glitzer-weis-40542\/\",\"name\":\"HOGAN Dames - Sneaker Hogan H630 Glitzer wei\u00df (40542) - Vousten Sports\",\"isPartOf\":{\"@id\":\"https:\/\/www.voustensports.com\/nl\/#website\"},\"primaryImageOfPage\":{\"@id\":\"https:\/\/www.voustensports.com\/de\/hogan-dames-sneaker-hogan-h630-glitzer-weis-40542\/#primaryimage\"},\"image\":{\"@id\":\"https:\/\/www.voustensports.com\/de\/hogan-dames-sneaker-hogan-h630-glitzer-weis-40542\/#primaryimage\"},\"thumbnailUrl\":\"https:\/\/www.voustensports.com\/wp-content\/uploads\/2023\/06\/Sneaker-Hogan-H630-Glitter-wit-405421.png\",\"datePublished\":\"2025-01-31T14:24:36+00:00\",\"dateModified\":\"2026-03-24T02:15:08+00:00\",\"breadcrumb\":{\"@id\":\"https:\/\/www.voustensports.com\/de\/hogan-dames-sneaker-hogan-h630-glitzer-weis-40542\/#breadcrumb\"},\"inLanguage\":\"de-DE\",\"potentialAction\":[{\"@type\":\"ReadAction\",\"target\":[\"https:\/\/www.voustensports.com\/de\/hogan-dames-sneaker-hogan-h630-glitzer-weis-40542\/\"]}]},{\"@type\":\"ImageObject\",\"inLanguage\":\"de-DE\",\"@id\":\"https:\/\/www.voustensports.com\/de\/hogan-dames-sneaker-hogan-h630-glitzer-weis-40542\/#primaryimage\",\"url\":\"https:\/\/www.voustensports.com\/wp-content\/uploads\/2023\/06\/Sneaker-Hogan-H630-Glitter-wit-405421.png\",\"contentUrl\":\"https:\/\/www.voustensports.com\/wp-content\/uploads\/2023\/06\/Sneaker-Hogan-H630-Glitter-wit-405421.png\",\"width\":2000,\"height\":2000},{\"@type\":\"BreadcrumbList\",\"@id\":\"https:\/\/www.voustensports.com\/de\/hogan-dames-sneaker-hogan-h630-glitzer-weis-40542\/#breadcrumb\",\"itemListElement\":[{\"@type\":\"ListItem\",\"position\":1,\"name\":\"Home\",\"item\":\"https:\/\/www.voustensports.com\/de\/\"},{\"@type\":\"ListItem\",\"position\":2,\"name\":\"Shop\",\"item\":\"https:\/\/www.voustensports.com\/de\/shop\/\"},{\"@type\":\"ListItem\",\"position\":3,\"name\":\"HOGAN Dames &#8211; Sneaker Hogan H630 Glitzer wei\u00df (40542)\"}]},{\"@type\":\"WebSite\",\"@id\":\"https:\/\/www.voustensports.com\/nl\/#website\",\"url\":\"https:\/\/www.voustensports.com\/nl\/\",\"name\":\"Vousten Sports\",\"description\":\"\",\"potentialAction\":[{\"@type\":\"SearchAction\",\"target\":{\"@type\":\"EntryPoint\",\"urlTemplate\":\"https:\/\/www.voustensports.com\/nl\/?s={search_term_string}\"},\"query-input\":{\"@type\":\"PropertyValueSpecification\",\"valueRequired\":true,\"valueName\":\"search_term_string\"}}],\"inLanguage\":\"de-DE\"}]}<\/script>\n<!-- \/ Yoast SEO plugin. -->","yoast_head_json":{"title":"HOGAN Dames - Sneaker Hogan H630 Glitzer wei\u00df (40542) - Vousten Sports","robots":{"index":"index","follow":"follow","max-snippet":"max-snippet:-1","max-image-preview":"max-image-preview:large","max-video-preview":"max-video-preview:-1"},"canonical":"https:\/\/www.voustensports.com\/de\/hogan-dames-sneaker-hogan-h630-glitzer-weis-40542\/","og_locale":"de_DE","og_type":"article","og_title":"HOGAN Dames - Sneaker Hogan H630 Glitzer wei\u00df (40542) - Vousten Sports","og_description":"Hogan H630-Sneaker f\u00fcr Damen. Kombinieren Sie von der Basketballwelt inspirierte Linien mit klassischem Markenstil. Das Obermaterial aus Wildleder und Glattleder verf\u00fcgt \u00fcber ein verl\u00e4ngertes H aus Glitzerstoff, das die Ferse umh\u00fcllt. Die Au\u00dfensohle besteht aus extraleichtem EVA mit gepr\u00e4gtem Logo an der Seite und schattierten Streifen, die die ikonischen Rebel-Rillen neu interpretieren. Dieser dynamische Stil [...]","og_url":"https:\/\/www.voustensports.com\/de\/hogan-dames-sneaker-hogan-h630-glitzer-weis-40542\/","og_site_name":"Vousten Sports","article_modified_time":"2026-03-24T02:15:08+00:00","og_image":[{"width":2000,"height":2000,"url":"https:\/\/www.voustensports.com\/wp-content\/uploads\/2023\/06\/Sneaker-Hogan-H630-Glitter-wit-405421.png","type":"image\/png"}],"twitter_card":"summary_large_image","twitter_misc":{"Est. reading time":"1 Minute"},"schema":{"@context":"https:\/\/schema.org","@graph":[{"@type":"WebPage","@id":"https:\/\/www.voustensports.com\/de\/hogan-dames-sneaker-hogan-h630-glitzer-weis-40542\/","url":"https:\/\/www.voustensports.com\/de\/hogan-dames-sneaker-hogan-h630-glitzer-weis-40542\/","name":"HOGAN Dames - Sneaker Hogan H630 Glitzer wei\u00df (40542) - Vousten Sports","isPartOf":{"@id":"https:\/\/www.voustensports.com\/nl\/#website"},"primaryImageOfPage":{"@id":"https:\/\/www.voustensports.com\/de\/hogan-dames-sneaker-hogan-h630-glitzer-weis-40542\/#primaryimage"},"image":{"@id":"https:\/\/www.voustensports.com\/de\/hogan-dames-sneaker-hogan-h630-glitzer-weis-40542\/#primaryimage"},"thumbnailUrl":"https:\/\/www.voustensports.com\/wp-content\/uploads\/2023\/06\/Sneaker-Hogan-H630-Glitter-wit-405421.png","datePublished":"2025-01-31T14:24:36+00:00","dateModified":"2026-03-24T02:15:08+00:00","breadcrumb":{"@id":"https:\/\/www.voustensports.com\/de\/hogan-dames-sneaker-hogan-h630-glitzer-weis-40542\/#breadcrumb"},"inLanguage":"de-DE","potentialAction":[{"@type":"ReadAction","target":["https:\/\/www.voustensports.com\/de\/hogan-dames-sneaker-hogan-h630-glitzer-weis-40542\/"]}]},{"@type":"ImageObject","inLanguage":"de-DE","@id":"https:\/\/www.voustensports.com\/de\/hogan-dames-sneaker-hogan-h630-glitzer-weis-40542\/#primaryimage","url":"https:\/\/www.voustensports.com\/wp-content\/uploads\/2023\/06\/Sneaker-Hogan-H630-Glitter-wit-405421.png","contentUrl":"https:\/\/www.voustensports.com\/wp-content\/uploads\/2023\/06\/Sneaker-Hogan-H630-Glitter-wit-405421.png","width":2000,"height":2000},{"@type":"BreadcrumbList","@id":"https:\/\/www.voustensports.com\/de\/hogan-dames-sneaker-hogan-h630-glitzer-weis-40542\/#breadcrumb","itemListElement":[{"@type":"ListItem","position":1,"name":"Home","item":"https:\/\/www.voustensports.com\/de\/"},{"@type":"ListItem","position":2,"name":"Shop","item":"https:\/\/www.voustensports.com\/de\/shop\/"},{"@type":"ListItem","position":3,"name":"HOGAN Dames &#8211; Sneaker Hogan H630 Glitzer wei\u00df (40542)"}]},{"@type":"WebSite","@id":"https:\/\/www.voustensports.com\/nl\/#website","url":"https:\/\/www.voustensports.com\/nl\/","name":"Vousten Sports","description":"","potentialAction":[{"@type":"SearchAction","target":{"@type":"EntryPoint","urlTemplate":"https:\/\/www.voustensports.com\/nl\/?s={search_term_string}"},"query-input":{"@type":"PropertyValueSpecification","valueRequired":true,"valueName":"search_term_string"}}],"inLanguage":"de-DE"}]}},"_links":{"self":[{"href":"https:\/\/www.voustensports.com\/de\/wp-json\/wp\/v2\/product\/195772","targetHints":{"allow":["GET"]}}],"collection":[{"href":"https:\/\/www.voustensports.com\/de\/wp-json\/wp\/v2\/product"}],"about":[{"href":"https:\/\/www.voustensports.com\/de\/wp-json\/wp\/v2\/types\/product"}],"replies":[{"embeddable":true,"href":"https:\/\/www.voustensports.com\/de\/wp-json\/wp\/v2\/comments?post=195772"}],"wp:featuredmedia":[{"embeddable":true,"href":"https:\/\/www.voustensports.com\/de\/wp-json\/wp\/v2\/media\/195752"}],"wp:attachment":[{"href":"https:\/\/www.voustensports.com\/de\/wp-json\/wp\/v2\/media?parent=195772"}],"wp:term":[{"taxonomy":"product_cat","embeddable":true,"href":"https:\/\/www.voustensports.com\/de\/wp-json\/wp\/v2\/product_cat?post=195772"},{"taxonomy":"product_tag","embeddable":true,"href":"https:\/\/www.voustensports.com\/de\/wp-json\/wp\/v2\/product_tag?post=195772"}],"curies":[{"name":"wp","href":"https:\/\/api.w.org\/{rel}","templated":true}]}}