{"id":195606,"date":"2025-01-31T13:46:44","date_gmt":"2025-01-31T12:46:44","guid":{"rendered":"https:\/\/www.voustensports.com\/hogan-sneaker-h-streifen-weis-dunkelblau-40641\/"},"modified":"2026-02-24T05:12:08","modified_gmt":"2026-02-24T04:12:08","slug":"hogan-sneaker-h-streifen-weis-dunkelblau-40641","status":"publish","type":"product","link":"https:\/\/www.voustensports.com\/de\/hogan-sneaker-h-streifen-weis-dunkelblau-40641\/","title":{"rendered":"HOGAN &#8211; Sneaker H-Streifen wei\u00df \/ dunkelblau (40641)"},"content":{"rendered":"<div>Der H-Stripes ist ein neuer Stil mit sportlichen und vielseitigen Linien und verf\u00fcgt \u00fcber eine extraleichte Au\u00dfensohle mit vertikalen Streifen. Das Obermaterial mit kompaktem und ausgewogenem Design zeichnet sich durch ein H aus, das sich \u00fcber die Seite erstreckt. Der obere Besatz mit N\u00e4hten auf dem R\u00fcckenpatch ist weich gepolstert. Diese Version ist aus Nappa- und Glattleder gefertigt und verf\u00fcgt \u00fcber eine Memory-Schaum-Innensohle, die eine angenehme D\u00e4mpfung garantiert.<\/div>\n<ul>\n<li>Hogan H-Stripes-Sneaker f\u00fcr Herren<\/li>\n<li>Hergestellt in Italien<\/li>\n<li>Obermaterial aus Nappaleder<\/li>\n<li>Glattlederseite H<\/li>\n<li>Memory-Schaum-Einlegesohle 8 mm<\/li>\n<li>EVA-Au\u00dfensohle<\/li>\n<li>Gesamth\u00f6he 4,8 cm<\/li>\n<li>Wartungs- und Pflegekarten inklusive<\/li>\n<li>Staubbeutel aus Stoff im Lieferumfang enthalten<\/li>\n<li>Zus\u00e4tzliche Schn\u00fcrsenkel im Lieferumfang enthalten<\/li>\n<\/ul>\n","protected":false},"excerpt":{"rendered":"<p>Der H-Stripes ist ein neuer Stil mit sportlichen und vielseitigen Linien und verf\u00fcgt \u00fcber eine extraleichte Au\u00dfensohle mit vertikalen Streifen. Das Obermaterial mit kompaktem und ausgewogenem Design zeichnet sich durch ein H aus, das sich \u00fcber die Seite erstreckt. Der obere Besatz mit N\u00e4hten auf dem R\u00fcckenpatch ist weich gepolstert. Diese Version ist aus Nappa- [&#8230;]\n","protected":false},"featured_media":195578,"comment_status":"open","ping_status":"closed","template":"","meta":{"rank_math_lock_modified_date":false},"product_cat":[447,451,463,519,523,527],"product_tag":[],"class_list":{"0":"post-195606","1":"product","2":"type-product","3":"status-publish","4":"has-post-thumbnail","6":"product_cat-kleding-de","7":"product_cat-heren-de","8":"product_cat-vousten-sports-de-2","9":"product_cat-hogan-de","10":"product_cat-schoenen-de-2","11":"product_cat-sneakers-de-2","13":"first","14":"instock","15":"taxable","16":"shipping-taxable","17":"purchasable","18":"product-type-variable"},"acf":[],"yoast_head":"<!-- This site is optimized with the Yoast SEO plugin v23.9 - https:\/\/yoast.com\/wordpress\/plugins\/seo\/ -->\n<title>HOGAN - Sneaker H-Streifen wei\u00df \/ dunkelblau (40641) - Vousten Sports<\/title>\n<meta name=\"robots\" content=\"index, follow, max-snippet:-1, max-image-preview:large, max-video-preview:-1\" \/>\n<link rel=\"canonical\" href=\"https:\/\/www.voustensports.com\/de\/hogan-sneaker-h-streifen-weis-dunkelblau-40641\/\" \/>\n<meta property=\"og:locale\" content=\"de_DE\" \/>\n<meta property=\"og:type\" content=\"article\" \/>\n<meta property=\"og:title\" content=\"HOGAN - Sneaker H-Streifen wei\u00df \/ dunkelblau (40641) - Vousten Sports\" \/>\n<meta property=\"og:description\" content=\"Der H-Stripes ist ein neuer Stil mit sportlichen und vielseitigen Linien und verf\u00fcgt \u00fcber eine extraleichte Au\u00dfensohle mit vertikalen Streifen. Das Obermaterial mit kompaktem und ausgewogenem Design zeichnet sich durch ein H aus, das sich \u00fcber die Seite erstreckt. Der obere Besatz mit N\u00e4hten auf dem R\u00fcckenpatch ist weich gepolstert. Diese Version ist aus Nappa- [...]\" \/>\n<meta property=\"og:url\" content=\"https:\/\/www.voustensports.com\/de\/hogan-sneaker-h-streifen-weis-dunkelblau-40641\/\" \/>\n<meta property=\"og:site_name\" content=\"Vousten Sports\" \/>\n<meta property=\"article:modified_time\" content=\"2026-02-24T04:12:08+00:00\" \/>\n<meta property=\"og:image\" content=\"https:\/\/www.voustensports.com\/wp-content\/uploads\/2023\/06\/Sneaker-H-Stripes-wit-donkerblauw-406411.png\" \/>\n\t<meta property=\"og:image:width\" content=\"2000\" \/>\n\t<meta property=\"og:image:height\" content=\"2000\" \/>\n\t<meta property=\"og:image:type\" content=\"image\/png\" \/>\n<meta name=\"twitter:card\" content=\"summary_large_image\" \/>\n<meta name=\"twitter:label1\" content=\"Est. reading time\" \/>\n\t<meta name=\"twitter:data1\" content=\"1 Minute\" \/>\n<script type=\"application\/ld+json\" class=\"yoast-schema-graph\">{\"@context\":\"https:\/\/schema.org\",\"@graph\":[{\"@type\":\"WebPage\",\"@id\":\"https:\/\/www.voustensports.com\/de\/hogan-sneaker-h-streifen-weis-dunkelblau-40641\/\",\"url\":\"https:\/\/www.voustensports.com\/de\/hogan-sneaker-h-streifen-weis-dunkelblau-40641\/\",\"name\":\"HOGAN - Sneaker H-Streifen wei\u00df \/ dunkelblau (40641) - Vousten Sports\",\"isPartOf\":{\"@id\":\"https:\/\/www.voustensports.com\/nl\/#website\"},\"primaryImageOfPage\":{\"@id\":\"https:\/\/www.voustensports.com\/de\/hogan-sneaker-h-streifen-weis-dunkelblau-40641\/#primaryimage\"},\"image\":{\"@id\":\"https:\/\/www.voustensports.com\/de\/hogan-sneaker-h-streifen-weis-dunkelblau-40641\/#primaryimage\"},\"thumbnailUrl\":\"https:\/\/www.voustensports.com\/wp-content\/uploads\/2023\/06\/Sneaker-H-Stripes-wit-donkerblauw-406411.png\",\"datePublished\":\"2025-01-31T12:46:44+00:00\",\"dateModified\":\"2026-02-24T04:12:08+00:00\",\"breadcrumb\":{\"@id\":\"https:\/\/www.voustensports.com\/de\/hogan-sneaker-h-streifen-weis-dunkelblau-40641\/#breadcrumb\"},\"inLanguage\":\"de-DE\",\"potentialAction\":[{\"@type\":\"ReadAction\",\"target\":[\"https:\/\/www.voustensports.com\/de\/hogan-sneaker-h-streifen-weis-dunkelblau-40641\/\"]}]},{\"@type\":\"ImageObject\",\"inLanguage\":\"de-DE\",\"@id\":\"https:\/\/www.voustensports.com\/de\/hogan-sneaker-h-streifen-weis-dunkelblau-40641\/#primaryimage\",\"url\":\"https:\/\/www.voustensports.com\/wp-content\/uploads\/2023\/06\/Sneaker-H-Stripes-wit-donkerblauw-406411.png\",\"contentUrl\":\"https:\/\/www.voustensports.com\/wp-content\/uploads\/2023\/06\/Sneaker-H-Stripes-wit-donkerblauw-406411.png\",\"width\":2000,\"height\":2000},{\"@type\":\"BreadcrumbList\",\"@id\":\"https:\/\/www.voustensports.com\/de\/hogan-sneaker-h-streifen-weis-dunkelblau-40641\/#breadcrumb\",\"itemListElement\":[{\"@type\":\"ListItem\",\"position\":1,\"name\":\"Home\",\"item\":\"https:\/\/www.voustensports.com\/de\/\"},{\"@type\":\"ListItem\",\"position\":2,\"name\":\"Shop\",\"item\":\"https:\/\/www.voustensports.com\/de\/shop\/\"},{\"@type\":\"ListItem\",\"position\":3,\"name\":\"HOGAN &#8211; Sneaker H-Streifen wei\u00df \/ dunkelblau (40641)\"}]},{\"@type\":\"WebSite\",\"@id\":\"https:\/\/www.voustensports.com\/nl\/#website\",\"url\":\"https:\/\/www.voustensports.com\/nl\/\",\"name\":\"Vousten Sports\",\"description\":\"\",\"potentialAction\":[{\"@type\":\"SearchAction\",\"target\":{\"@type\":\"EntryPoint\",\"urlTemplate\":\"https:\/\/www.voustensports.com\/nl\/?s={search_term_string}\"},\"query-input\":{\"@type\":\"PropertyValueSpecification\",\"valueRequired\":true,\"valueName\":\"search_term_string\"}}],\"inLanguage\":\"de-DE\"}]}<\/script>\n<!-- \/ Yoast SEO plugin. -->","yoast_head_json":{"title":"HOGAN - Sneaker H-Streifen wei\u00df \/ dunkelblau (40641) - Vousten Sports","robots":{"index":"index","follow":"follow","max-snippet":"max-snippet:-1","max-image-preview":"max-image-preview:large","max-video-preview":"max-video-preview:-1"},"canonical":"https:\/\/www.voustensports.com\/de\/hogan-sneaker-h-streifen-weis-dunkelblau-40641\/","og_locale":"de_DE","og_type":"article","og_title":"HOGAN - Sneaker H-Streifen wei\u00df \/ dunkelblau (40641) - Vousten Sports","og_description":"Der H-Stripes ist ein neuer Stil mit sportlichen und vielseitigen Linien und verf\u00fcgt \u00fcber eine extraleichte Au\u00dfensohle mit vertikalen Streifen. Das Obermaterial mit kompaktem und ausgewogenem Design zeichnet sich durch ein H aus, das sich \u00fcber die Seite erstreckt. Der obere Besatz mit N\u00e4hten auf dem R\u00fcckenpatch ist weich gepolstert. Diese Version ist aus Nappa- [...]","og_url":"https:\/\/www.voustensports.com\/de\/hogan-sneaker-h-streifen-weis-dunkelblau-40641\/","og_site_name":"Vousten Sports","article_modified_time":"2026-02-24T04:12:08+00:00","og_image":[{"width":2000,"height":2000,"url":"https:\/\/www.voustensports.com\/wp-content\/uploads\/2023\/06\/Sneaker-H-Stripes-wit-donkerblauw-406411.png","type":"image\/png"}],"twitter_card":"summary_large_image","twitter_misc":{"Est. reading time":"1 Minute"},"schema":{"@context":"https:\/\/schema.org","@graph":[{"@type":"WebPage","@id":"https:\/\/www.voustensports.com\/de\/hogan-sneaker-h-streifen-weis-dunkelblau-40641\/","url":"https:\/\/www.voustensports.com\/de\/hogan-sneaker-h-streifen-weis-dunkelblau-40641\/","name":"HOGAN - Sneaker H-Streifen wei\u00df \/ dunkelblau (40641) - Vousten Sports","isPartOf":{"@id":"https:\/\/www.voustensports.com\/nl\/#website"},"primaryImageOfPage":{"@id":"https:\/\/www.voustensports.com\/de\/hogan-sneaker-h-streifen-weis-dunkelblau-40641\/#primaryimage"},"image":{"@id":"https:\/\/www.voustensports.com\/de\/hogan-sneaker-h-streifen-weis-dunkelblau-40641\/#primaryimage"},"thumbnailUrl":"https:\/\/www.voustensports.com\/wp-content\/uploads\/2023\/06\/Sneaker-H-Stripes-wit-donkerblauw-406411.png","datePublished":"2025-01-31T12:46:44+00:00","dateModified":"2026-02-24T04:12:08+00:00","breadcrumb":{"@id":"https:\/\/www.voustensports.com\/de\/hogan-sneaker-h-streifen-weis-dunkelblau-40641\/#breadcrumb"},"inLanguage":"de-DE","potentialAction":[{"@type":"ReadAction","target":["https:\/\/www.voustensports.com\/de\/hogan-sneaker-h-streifen-weis-dunkelblau-40641\/"]}]},{"@type":"ImageObject","inLanguage":"de-DE","@id":"https:\/\/www.voustensports.com\/de\/hogan-sneaker-h-streifen-weis-dunkelblau-40641\/#primaryimage","url":"https:\/\/www.voustensports.com\/wp-content\/uploads\/2023\/06\/Sneaker-H-Stripes-wit-donkerblauw-406411.png","contentUrl":"https:\/\/www.voustensports.com\/wp-content\/uploads\/2023\/06\/Sneaker-H-Stripes-wit-donkerblauw-406411.png","width":2000,"height":2000},{"@type":"BreadcrumbList","@id":"https:\/\/www.voustensports.com\/de\/hogan-sneaker-h-streifen-weis-dunkelblau-40641\/#breadcrumb","itemListElement":[{"@type":"ListItem","position":1,"name":"Home","item":"https:\/\/www.voustensports.com\/de\/"},{"@type":"ListItem","position":2,"name":"Shop","item":"https:\/\/www.voustensports.com\/de\/shop\/"},{"@type":"ListItem","position":3,"name":"HOGAN &#8211; Sneaker H-Streifen wei\u00df \/ dunkelblau (40641)"}]},{"@type":"WebSite","@id":"https:\/\/www.voustensports.com\/nl\/#website","url":"https:\/\/www.voustensports.com\/nl\/","name":"Vousten Sports","description":"","potentialAction":[{"@type":"SearchAction","target":{"@type":"EntryPoint","urlTemplate":"https:\/\/www.voustensports.com\/nl\/?s={search_term_string}"},"query-input":{"@type":"PropertyValueSpecification","valueRequired":true,"valueName":"search_term_string"}}],"inLanguage":"de-DE"}]}},"_links":{"self":[{"href":"https:\/\/www.voustensports.com\/de\/wp-json\/wp\/v2\/product\/195606","targetHints":{"allow":["GET"]}}],"collection":[{"href":"https:\/\/www.voustensports.com\/de\/wp-json\/wp\/v2\/product"}],"about":[{"href":"https:\/\/www.voustensports.com\/de\/wp-json\/wp\/v2\/types\/product"}],"replies":[{"embeddable":true,"href":"https:\/\/www.voustensports.com\/de\/wp-json\/wp\/v2\/comments?post=195606"}],"wp:featuredmedia":[{"embeddable":true,"href":"https:\/\/www.voustensports.com\/de\/wp-json\/wp\/v2\/media\/195578"}],"wp:attachment":[{"href":"https:\/\/www.voustensports.com\/de\/wp-json\/wp\/v2\/media?parent=195606"}],"wp:term":[{"taxonomy":"product_cat","embeddable":true,"href":"https:\/\/www.voustensports.com\/de\/wp-json\/wp\/v2\/product_cat?post=195606"},{"taxonomy":"product_tag","embeddable":true,"href":"https:\/\/www.voustensports.com\/de\/wp-json\/wp\/v2\/product_tag?post=195606"}],"curies":[{"name":"wp","href":"https:\/\/api.w.org\/{rel}","templated":true}]}}