{"id":195474,"date":"2025-01-30T12:46:33","date_gmt":"2025-01-30T11:46:33","guid":{"rendered":"https:\/\/www.voustensports.com\/hogan-h630-sneaker-blau-40638\/"},"modified":"2026-02-05T12:28:06","modified_gmt":"2026-02-05T11:28:06","slug":"hogan-h630-sneaker-blau-40638","status":"publish","type":"product","link":"https:\/\/www.voustensports.com\/de\/hogan-h630-sneaker-blau-40638\/","title":{"rendered":"HOGAN &#8211; H630 Sneaker blau (40638)"},"content":{"rendered":"<div>Die Hogan H630 Turnschuhe kombinieren vom Basketball inspirierte Linien mit dem klassischen Stil der Marke. Das Obermaterial aus Nubukleder und technischem Gewebe weist ein verl\u00e4ngertes H auf, das die Ferse umschlie\u00dft, sowie Zickzack-N\u00e4hte. Die Laufsohle ist aus besonders leichtem EVA, mit einem gepr\u00e4gten Logo an der Seite und schattigen Streifen, die die ikonischen Rebel-Rillen neu interpretieren. Dieser dynamische Stil ist ein Muss f\u00fcr die moderne Garderobe und wird durch eine Innensohle aus Memory Foam erg\u00e4nzt, die f\u00fcr Weichheit und D\u00e4mpfung sorgt.<\/div>\n<ul>\n<li>Hogan H630 Sneakers f\u00fcr M\u00e4nner<\/li>\n<li>Hergestellt in Italien<\/li>\n<li>Obermaterial aus Nubukleder<\/li>\n<li>Eins\u00e4tze aus technischem Gewebe und Glattleder<\/li>\n<li>Details aus Nappaleder<\/li>\n<li>H-Logo an der Seite<\/li>\n<li>Einlegesohle aus Memory Foam 9 mm<\/li>\n<li>Laufsohle aus Gummi<\/li>\n<li>Gesamth\u00f6he der Sohle 3,8 cm<\/li>\n<li>Inklusive Pflege- und Betreuungskarten<\/li>\n<li>Inklusive Staubsaugerbeutel<\/li>\n<li>Inklusive zus\u00e4tzlicher Schn\u00fcrsenkel<\/li>\n<\/ul>\n","protected":false},"excerpt":{"rendered":"<p>Die Hogan H630 Turnschuhe kombinieren vom Basketball inspirierte Linien mit dem klassischen Stil der Marke. Das Obermaterial aus Nubukleder und technischem Gewebe weist ein verl\u00e4ngertes H auf, das die Ferse umschlie\u00dft, sowie Zickzack-N\u00e4hte. Die Laufsohle ist aus besonders leichtem EVA, mit einem gepr\u00e4gten Logo an der Seite und schattigen Streifen, die die ikonischen Rebel-Rillen neu [&#8230;]\n","protected":false},"featured_media":195446,"comment_status":"open","ping_status":"closed","template":"","meta":{"rank_math_lock_modified_date":false},"product_cat":[523,527,917,451,463,519],"product_tag":[],"class_list":{"0":"post-195474","1":"product","2":"type-product","3":"status-publish","4":"has-post-thumbnail","6":"product_cat-schoenen-de-2","7":"product_cat-sneakers-de-2","8":"product_cat-veterschoenen-de","9":"product_cat-heren-de","10":"product_cat-vousten-sports-de-2","11":"product_cat-hogan-de","13":"first","14":"outofstock","15":"taxable","16":"shipping-taxable","17":"purchasable","18":"product-type-variable"},"acf":[],"yoast_head":"<!-- This site is optimized with the Yoast SEO plugin v23.9 - https:\/\/yoast.com\/wordpress\/plugins\/seo\/ -->\n<title>HOGAN - H630 Sneaker blau (40638) - Vousten Sports<\/title>\n<meta name=\"robots\" content=\"index, follow, max-snippet:-1, max-image-preview:large, max-video-preview:-1\" \/>\n<link rel=\"canonical\" href=\"https:\/\/www.voustensports.com\/de\/hogan-h630-sneaker-blau-40638\/\" \/>\n<meta property=\"og:locale\" content=\"de_DE\" \/>\n<meta property=\"og:type\" content=\"article\" \/>\n<meta property=\"og:title\" content=\"HOGAN - H630 Sneaker blau (40638) - Vousten Sports\" \/>\n<meta property=\"og:description\" content=\"Die Hogan H630 Turnschuhe kombinieren vom Basketball inspirierte Linien mit dem klassischen Stil der Marke. Das Obermaterial aus Nubukleder und technischem Gewebe weist ein verl\u00e4ngertes H auf, das die Ferse umschlie\u00dft, sowie Zickzack-N\u00e4hte. Die Laufsohle ist aus besonders leichtem EVA, mit einem gepr\u00e4gten Logo an der Seite und schattigen Streifen, die die ikonischen Rebel-Rillen neu [...]\" \/>\n<meta property=\"og:url\" content=\"https:\/\/www.voustensports.com\/de\/hogan-h630-sneaker-blau-40638\/\" \/>\n<meta property=\"og:site_name\" content=\"Vousten Sports\" \/>\n<meta property=\"article:modified_time\" content=\"2026-02-05T11:28:06+00:00\" \/>\n<meta property=\"og:image\" content=\"https:\/\/www.voustensports.com\/wp-content\/uploads\/2023\/06\/HOGAN-H630-Sneaker-blue-40638.png\" \/>\n\t<meta property=\"og:image:width\" content=\"2000\" \/>\n\t<meta property=\"og:image:height\" content=\"2000\" \/>\n\t<meta property=\"og:image:type\" content=\"image\/png\" \/>\n<meta name=\"twitter:card\" content=\"summary_large_image\" \/>\n<meta name=\"twitter:label1\" content=\"Est. reading time\" \/>\n\t<meta name=\"twitter:data1\" content=\"1 Minute\" \/>\n<script type=\"application\/ld+json\" class=\"yoast-schema-graph\">{\"@context\":\"https:\/\/schema.org\",\"@graph\":[{\"@type\":\"WebPage\",\"@id\":\"https:\/\/www.voustensports.com\/de\/hogan-h630-sneaker-blau-40638\/\",\"url\":\"https:\/\/www.voustensports.com\/de\/hogan-h630-sneaker-blau-40638\/\",\"name\":\"HOGAN - H630 Sneaker blau (40638) - Vousten Sports\",\"isPartOf\":{\"@id\":\"https:\/\/www.voustensports.com\/nl\/#website\"},\"primaryImageOfPage\":{\"@id\":\"https:\/\/www.voustensports.com\/de\/hogan-h630-sneaker-blau-40638\/#primaryimage\"},\"image\":{\"@id\":\"https:\/\/www.voustensports.com\/de\/hogan-h630-sneaker-blau-40638\/#primaryimage\"},\"thumbnailUrl\":\"https:\/\/www.voustensports.com\/wp-content\/uploads\/2023\/06\/HOGAN-H630-Sneaker-blue-40638.png\",\"datePublished\":\"2025-01-30T11:46:33+00:00\",\"dateModified\":\"2026-02-05T11:28:06+00:00\",\"breadcrumb\":{\"@id\":\"https:\/\/www.voustensports.com\/de\/hogan-h630-sneaker-blau-40638\/#breadcrumb\"},\"inLanguage\":\"de-DE\",\"potentialAction\":[{\"@type\":\"ReadAction\",\"target\":[\"https:\/\/www.voustensports.com\/de\/hogan-h630-sneaker-blau-40638\/\"]}]},{\"@type\":\"ImageObject\",\"inLanguage\":\"de-DE\",\"@id\":\"https:\/\/www.voustensports.com\/de\/hogan-h630-sneaker-blau-40638\/#primaryimage\",\"url\":\"https:\/\/www.voustensports.com\/wp-content\/uploads\/2023\/06\/HOGAN-H630-Sneaker-blue-40638.png\",\"contentUrl\":\"https:\/\/www.voustensports.com\/wp-content\/uploads\/2023\/06\/HOGAN-H630-Sneaker-blue-40638.png\",\"width\":2000,\"height\":2000},{\"@type\":\"BreadcrumbList\",\"@id\":\"https:\/\/www.voustensports.com\/de\/hogan-h630-sneaker-blau-40638\/#breadcrumb\",\"itemListElement\":[{\"@type\":\"ListItem\",\"position\":1,\"name\":\"Home\",\"item\":\"https:\/\/www.voustensports.com\/de\/\"},{\"@type\":\"ListItem\",\"position\":2,\"name\":\"Shop\",\"item\":\"https:\/\/www.voustensports.com\/de\/shop\/\"},{\"@type\":\"ListItem\",\"position\":3,\"name\":\"HOGAN &#8211; H630 Sneaker blau (40638)\"}]},{\"@type\":\"WebSite\",\"@id\":\"https:\/\/www.voustensports.com\/nl\/#website\",\"url\":\"https:\/\/www.voustensports.com\/nl\/\",\"name\":\"Vousten Sports\",\"description\":\"\",\"potentialAction\":[{\"@type\":\"SearchAction\",\"target\":{\"@type\":\"EntryPoint\",\"urlTemplate\":\"https:\/\/www.voustensports.com\/nl\/?s={search_term_string}\"},\"query-input\":{\"@type\":\"PropertyValueSpecification\",\"valueRequired\":true,\"valueName\":\"search_term_string\"}}],\"inLanguage\":\"de-DE\"}]}<\/script>\n<!-- \/ Yoast SEO plugin. -->","yoast_head_json":{"title":"HOGAN - H630 Sneaker blau (40638) - Vousten Sports","robots":{"index":"index","follow":"follow","max-snippet":"max-snippet:-1","max-image-preview":"max-image-preview:large","max-video-preview":"max-video-preview:-1"},"canonical":"https:\/\/www.voustensports.com\/de\/hogan-h630-sneaker-blau-40638\/","og_locale":"de_DE","og_type":"article","og_title":"HOGAN - H630 Sneaker blau (40638) - Vousten Sports","og_description":"Die Hogan H630 Turnschuhe kombinieren vom Basketball inspirierte Linien mit dem klassischen Stil der Marke. Das Obermaterial aus Nubukleder und technischem Gewebe weist ein verl\u00e4ngertes H auf, das die Ferse umschlie\u00dft, sowie Zickzack-N\u00e4hte. Die Laufsohle ist aus besonders leichtem EVA, mit einem gepr\u00e4gten Logo an der Seite und schattigen Streifen, die die ikonischen Rebel-Rillen neu [...]","og_url":"https:\/\/www.voustensports.com\/de\/hogan-h630-sneaker-blau-40638\/","og_site_name":"Vousten Sports","article_modified_time":"2026-02-05T11:28:06+00:00","og_image":[{"width":2000,"height":2000,"url":"https:\/\/www.voustensports.com\/wp-content\/uploads\/2023\/06\/HOGAN-H630-Sneaker-blue-40638.png","type":"image\/png"}],"twitter_card":"summary_large_image","twitter_misc":{"Est. reading time":"1 Minute"},"schema":{"@context":"https:\/\/schema.org","@graph":[{"@type":"WebPage","@id":"https:\/\/www.voustensports.com\/de\/hogan-h630-sneaker-blau-40638\/","url":"https:\/\/www.voustensports.com\/de\/hogan-h630-sneaker-blau-40638\/","name":"HOGAN - H630 Sneaker blau (40638) - Vousten Sports","isPartOf":{"@id":"https:\/\/www.voustensports.com\/nl\/#website"},"primaryImageOfPage":{"@id":"https:\/\/www.voustensports.com\/de\/hogan-h630-sneaker-blau-40638\/#primaryimage"},"image":{"@id":"https:\/\/www.voustensports.com\/de\/hogan-h630-sneaker-blau-40638\/#primaryimage"},"thumbnailUrl":"https:\/\/www.voustensports.com\/wp-content\/uploads\/2023\/06\/HOGAN-H630-Sneaker-blue-40638.png","datePublished":"2025-01-30T11:46:33+00:00","dateModified":"2026-02-05T11:28:06+00:00","breadcrumb":{"@id":"https:\/\/www.voustensports.com\/de\/hogan-h630-sneaker-blau-40638\/#breadcrumb"},"inLanguage":"de-DE","potentialAction":[{"@type":"ReadAction","target":["https:\/\/www.voustensports.com\/de\/hogan-h630-sneaker-blau-40638\/"]}]},{"@type":"ImageObject","inLanguage":"de-DE","@id":"https:\/\/www.voustensports.com\/de\/hogan-h630-sneaker-blau-40638\/#primaryimage","url":"https:\/\/www.voustensports.com\/wp-content\/uploads\/2023\/06\/HOGAN-H630-Sneaker-blue-40638.png","contentUrl":"https:\/\/www.voustensports.com\/wp-content\/uploads\/2023\/06\/HOGAN-H630-Sneaker-blue-40638.png","width":2000,"height":2000},{"@type":"BreadcrumbList","@id":"https:\/\/www.voustensports.com\/de\/hogan-h630-sneaker-blau-40638\/#breadcrumb","itemListElement":[{"@type":"ListItem","position":1,"name":"Home","item":"https:\/\/www.voustensports.com\/de\/"},{"@type":"ListItem","position":2,"name":"Shop","item":"https:\/\/www.voustensports.com\/de\/shop\/"},{"@type":"ListItem","position":3,"name":"HOGAN &#8211; H630 Sneaker blau (40638)"}]},{"@type":"WebSite","@id":"https:\/\/www.voustensports.com\/nl\/#website","url":"https:\/\/www.voustensports.com\/nl\/","name":"Vousten Sports","description":"","potentialAction":[{"@type":"SearchAction","target":{"@type":"EntryPoint","urlTemplate":"https:\/\/www.voustensports.com\/nl\/?s={search_term_string}"},"query-input":{"@type":"PropertyValueSpecification","valueRequired":true,"valueName":"search_term_string"}}],"inLanguage":"de-DE"}]}},"_links":{"self":[{"href":"https:\/\/www.voustensports.com\/de\/wp-json\/wp\/v2\/product\/195474","targetHints":{"allow":["GET"]}}],"collection":[{"href":"https:\/\/www.voustensports.com\/de\/wp-json\/wp\/v2\/product"}],"about":[{"href":"https:\/\/www.voustensports.com\/de\/wp-json\/wp\/v2\/types\/product"}],"replies":[{"embeddable":true,"href":"https:\/\/www.voustensports.com\/de\/wp-json\/wp\/v2\/comments?post=195474"}],"wp:featuredmedia":[{"embeddable":true,"href":"https:\/\/www.voustensports.com\/de\/wp-json\/wp\/v2\/media\/195446"}],"wp:attachment":[{"href":"https:\/\/www.voustensports.com\/de\/wp-json\/wp\/v2\/media?parent=195474"}],"wp:term":[{"taxonomy":"product_cat","embeddable":true,"href":"https:\/\/www.voustensports.com\/de\/wp-json\/wp\/v2\/product_cat?post=195474"},{"taxonomy":"product_tag","embeddable":true,"href":"https:\/\/www.voustensports.com\/de\/wp-json\/wp\/v2\/product_tag?post=195474"}],"curies":[{"name":"wp","href":"https:\/\/api.w.org\/{rel}","templated":true}]}}