{"id":195202,"date":"2025-01-25T15:44:13","date_gmt":"2025-01-25T14:44:13","guid":{"rendered":"https:\/\/www.voustensports.com\/gran-sasso-full-zip-sand-40684\/"},"modified":"2026-04-07T02:30:05","modified_gmt":"2026-04-07T00:30:05","slug":"gran-sasso-full-zip-sand-40684","status":"publish","type":"product","link":"https:\/\/www.voustensports.com\/de\/gran-sasso-full-zip-sand-40684\/","title":{"rendered":"Gran Sasso &#8211; FULL ZIP SAND (40684)"},"content":{"rendered":"<p>Strickjacke aus reiner Baumwolle mit Doppelrei\u00dfverschluss. Ein Kleidungsst\u00fcck, das sich leicht kombinieren l\u00e4sst, perfekt f\u00fcr Ihr B\u00fcrooutfit, wenn Sie es mit einem lang\u00e4rmeligen Hemd oder Poloshirt kombinieren, oder in der Freizeit, wenn Sie es mit einem T-Shirt kombinieren.<\/p>\n<ul>\n<li>Modische Passform.<\/li>\n<li>100 % BAUMWOLLE<\/li>\n<\/ul>\n","protected":false},"excerpt":{"rendered":"<p>Strickjacke aus reiner Baumwolle mit Doppelrei\u00dfverschluss. Ein Kleidungsst\u00fcck, das sich leicht kombinieren l\u00e4sst, perfekt f\u00fcr Ihr B\u00fcrooutfit, wenn Sie es mit einem lang\u00e4rmeligen Hemd oder Poloshirt kombinieren, oder in der Freizeit, wenn Sie es mit einem T-Shirt kombinieren. Modische Passform. 100 % BAUMWOLLE<\/p>\n","protected":false},"featured_media":195190,"comment_status":"open","ping_status":"closed","template":"","meta":{"rank_math_lock_modified_date":false},"product_cat":[535,539,676,695,925,447,451,463],"product_tag":[],"class_list":{"0":"post-195202","1":"product","2":"type-product","3":"status-publish","4":"has-post-thumbnail","6":"product_cat-truien-de-2","7":"product_cat-knitwear-de","8":"product_cat-westen-de","9":"product_cat-truien-vesten-de-2","10":"product_cat-gran-sasso-de","11":"product_cat-kleding-de","12":"product_cat-heren-de","13":"product_cat-vousten-sports-de-2","15":"first","16":"instock","17":"taxable","18":"shipping-taxable","19":"purchasable","20":"product-type-variable"},"acf":[],"yoast_head":"<!-- This site is optimized with the Yoast SEO plugin v23.9 - https:\/\/yoast.com\/wordpress\/plugins\/seo\/ -->\n<title>Gran Sasso - FULL ZIP SAND (40684) - Vousten Sports<\/title>\n<meta name=\"robots\" content=\"index, follow, max-snippet:-1, max-image-preview:large, max-video-preview:-1\" \/>\n<link rel=\"canonical\" href=\"https:\/\/www.voustensports.com\/de\/gran-sasso-full-zip-sand-40684\/\" \/>\n<meta property=\"og:locale\" content=\"de_DE\" \/>\n<meta property=\"og:type\" content=\"article\" \/>\n<meta property=\"og:title\" content=\"Gran Sasso - FULL ZIP SAND (40684) - Vousten Sports\" \/>\n<meta property=\"og:description\" content=\"Strickjacke aus reiner Baumwolle mit Doppelrei\u00dfverschluss. Ein Kleidungsst\u00fcck, das sich leicht kombinieren l\u00e4sst, perfekt f\u00fcr Ihr B\u00fcrooutfit, wenn Sie es mit einem lang\u00e4rmeligen Hemd oder Poloshirt kombinieren, oder in der Freizeit, wenn Sie es mit einem T-Shirt kombinieren. Modische Passform. 100 % BAUMWOLLE\" \/>\n<meta property=\"og:url\" content=\"https:\/\/www.voustensports.com\/de\/gran-sasso-full-zip-sand-40684\/\" \/>\n<meta property=\"og:site_name\" content=\"Vousten Sports\" \/>\n<meta property=\"article:modified_time\" content=\"2026-04-07T00:30:05+00:00\" \/>\n<meta property=\"og:image\" content=\"https:\/\/www.voustensports.com\/wp-content\/uploads\/2023\/06\/FULL-ZIP-ZAND-406841.jpg\" \/>\n\t<meta property=\"og:image:width\" content=\"1480\" \/>\n\t<meta property=\"og:image:height\" content=\"2048\" \/>\n\t<meta property=\"og:image:type\" content=\"image\/jpeg\" \/>\n<meta name=\"twitter:card\" content=\"summary_large_image\" \/>\n<script type=\"application\/ld+json\" class=\"yoast-schema-graph\">{\"@context\":\"https:\/\/schema.org\",\"@graph\":[{\"@type\":\"WebPage\",\"@id\":\"https:\/\/www.voustensports.com\/de\/gran-sasso-full-zip-sand-40684\/\",\"url\":\"https:\/\/www.voustensports.com\/de\/gran-sasso-full-zip-sand-40684\/\",\"name\":\"Gran Sasso - FULL ZIP SAND (40684) - Vousten Sports\",\"isPartOf\":{\"@id\":\"https:\/\/www.voustensports.com\/nl\/#website\"},\"primaryImageOfPage\":{\"@id\":\"https:\/\/www.voustensports.com\/de\/gran-sasso-full-zip-sand-40684\/#primaryimage\"},\"image\":{\"@id\":\"https:\/\/www.voustensports.com\/de\/gran-sasso-full-zip-sand-40684\/#primaryimage\"},\"thumbnailUrl\":\"https:\/\/www.voustensports.com\/wp-content\/uploads\/2023\/06\/FULL-ZIP-ZAND-406841.jpg\",\"datePublished\":\"2025-01-25T14:44:13+00:00\",\"dateModified\":\"2026-04-07T00:30:05+00:00\",\"breadcrumb\":{\"@id\":\"https:\/\/www.voustensports.com\/de\/gran-sasso-full-zip-sand-40684\/#breadcrumb\"},\"inLanguage\":\"de-DE\",\"potentialAction\":[{\"@type\":\"ReadAction\",\"target\":[\"https:\/\/www.voustensports.com\/de\/gran-sasso-full-zip-sand-40684\/\"]}]},{\"@type\":\"ImageObject\",\"inLanguage\":\"de-DE\",\"@id\":\"https:\/\/www.voustensports.com\/de\/gran-sasso-full-zip-sand-40684\/#primaryimage\",\"url\":\"https:\/\/www.voustensports.com\/wp-content\/uploads\/2023\/06\/FULL-ZIP-ZAND-406841.jpg\",\"contentUrl\":\"https:\/\/www.voustensports.com\/wp-content\/uploads\/2023\/06\/FULL-ZIP-ZAND-406841.jpg\",\"width\":1480,\"height\":2048},{\"@type\":\"BreadcrumbList\",\"@id\":\"https:\/\/www.voustensports.com\/de\/gran-sasso-full-zip-sand-40684\/#breadcrumb\",\"itemListElement\":[{\"@type\":\"ListItem\",\"position\":1,\"name\":\"Home\",\"item\":\"https:\/\/www.voustensports.com\/de\/\"},{\"@type\":\"ListItem\",\"position\":2,\"name\":\"Shop\",\"item\":\"https:\/\/www.voustensports.com\/de\/shop\/\"},{\"@type\":\"ListItem\",\"position\":3,\"name\":\"Gran Sasso &#8211; FULL ZIP SAND (40684)\"}]},{\"@type\":\"WebSite\",\"@id\":\"https:\/\/www.voustensports.com\/nl\/#website\",\"url\":\"https:\/\/www.voustensports.com\/nl\/\",\"name\":\"Vousten Sports\",\"description\":\"\",\"potentialAction\":[{\"@type\":\"SearchAction\",\"target\":{\"@type\":\"EntryPoint\",\"urlTemplate\":\"https:\/\/www.voustensports.com\/nl\/?s={search_term_string}\"},\"query-input\":{\"@type\":\"PropertyValueSpecification\",\"valueRequired\":true,\"valueName\":\"search_term_string\"}}],\"inLanguage\":\"de-DE\"}]}<\/script>\n<!-- \/ Yoast SEO plugin. -->","yoast_head_json":{"title":"Gran Sasso - FULL ZIP SAND (40684) - Vousten Sports","robots":{"index":"index","follow":"follow","max-snippet":"max-snippet:-1","max-image-preview":"max-image-preview:large","max-video-preview":"max-video-preview:-1"},"canonical":"https:\/\/www.voustensports.com\/de\/gran-sasso-full-zip-sand-40684\/","og_locale":"de_DE","og_type":"article","og_title":"Gran Sasso - FULL ZIP SAND (40684) - Vousten Sports","og_description":"Strickjacke aus reiner Baumwolle mit Doppelrei\u00dfverschluss. Ein Kleidungsst\u00fcck, das sich leicht kombinieren l\u00e4sst, perfekt f\u00fcr Ihr B\u00fcrooutfit, wenn Sie es mit einem lang\u00e4rmeligen Hemd oder Poloshirt kombinieren, oder in der Freizeit, wenn Sie es mit einem T-Shirt kombinieren. Modische Passform. 100 % BAUMWOLLE","og_url":"https:\/\/www.voustensports.com\/de\/gran-sasso-full-zip-sand-40684\/","og_site_name":"Vousten Sports","article_modified_time":"2026-04-07T00:30:05+00:00","og_image":[{"width":1480,"height":2048,"url":"https:\/\/www.voustensports.com\/wp-content\/uploads\/2023\/06\/FULL-ZIP-ZAND-406841.jpg","type":"image\/jpeg"}],"twitter_card":"summary_large_image","schema":{"@context":"https:\/\/schema.org","@graph":[{"@type":"WebPage","@id":"https:\/\/www.voustensports.com\/de\/gran-sasso-full-zip-sand-40684\/","url":"https:\/\/www.voustensports.com\/de\/gran-sasso-full-zip-sand-40684\/","name":"Gran Sasso - FULL ZIP SAND (40684) - Vousten Sports","isPartOf":{"@id":"https:\/\/www.voustensports.com\/nl\/#website"},"primaryImageOfPage":{"@id":"https:\/\/www.voustensports.com\/de\/gran-sasso-full-zip-sand-40684\/#primaryimage"},"image":{"@id":"https:\/\/www.voustensports.com\/de\/gran-sasso-full-zip-sand-40684\/#primaryimage"},"thumbnailUrl":"https:\/\/www.voustensports.com\/wp-content\/uploads\/2023\/06\/FULL-ZIP-ZAND-406841.jpg","datePublished":"2025-01-25T14:44:13+00:00","dateModified":"2026-04-07T00:30:05+00:00","breadcrumb":{"@id":"https:\/\/www.voustensports.com\/de\/gran-sasso-full-zip-sand-40684\/#breadcrumb"},"inLanguage":"de-DE","potentialAction":[{"@type":"ReadAction","target":["https:\/\/www.voustensports.com\/de\/gran-sasso-full-zip-sand-40684\/"]}]},{"@type":"ImageObject","inLanguage":"de-DE","@id":"https:\/\/www.voustensports.com\/de\/gran-sasso-full-zip-sand-40684\/#primaryimage","url":"https:\/\/www.voustensports.com\/wp-content\/uploads\/2023\/06\/FULL-ZIP-ZAND-406841.jpg","contentUrl":"https:\/\/www.voustensports.com\/wp-content\/uploads\/2023\/06\/FULL-ZIP-ZAND-406841.jpg","width":1480,"height":2048},{"@type":"BreadcrumbList","@id":"https:\/\/www.voustensports.com\/de\/gran-sasso-full-zip-sand-40684\/#breadcrumb","itemListElement":[{"@type":"ListItem","position":1,"name":"Home","item":"https:\/\/www.voustensports.com\/de\/"},{"@type":"ListItem","position":2,"name":"Shop","item":"https:\/\/www.voustensports.com\/de\/shop\/"},{"@type":"ListItem","position":3,"name":"Gran Sasso &#8211; FULL ZIP SAND (40684)"}]},{"@type":"WebSite","@id":"https:\/\/www.voustensports.com\/nl\/#website","url":"https:\/\/www.voustensports.com\/nl\/","name":"Vousten Sports","description":"","potentialAction":[{"@type":"SearchAction","target":{"@type":"EntryPoint","urlTemplate":"https:\/\/www.voustensports.com\/nl\/?s={search_term_string}"},"query-input":{"@type":"PropertyValueSpecification","valueRequired":true,"valueName":"search_term_string"}}],"inLanguage":"de-DE"}]}},"_links":{"self":[{"href":"https:\/\/www.voustensports.com\/de\/wp-json\/wp\/v2\/product\/195202","targetHints":{"allow":["GET"]}}],"collection":[{"href":"https:\/\/www.voustensports.com\/de\/wp-json\/wp\/v2\/product"}],"about":[{"href":"https:\/\/www.voustensports.com\/de\/wp-json\/wp\/v2\/types\/product"}],"replies":[{"embeddable":true,"href":"https:\/\/www.voustensports.com\/de\/wp-json\/wp\/v2\/comments?post=195202"}],"wp:featuredmedia":[{"embeddable":true,"href":"https:\/\/www.voustensports.com\/de\/wp-json\/wp\/v2\/media\/195190"}],"wp:attachment":[{"href":"https:\/\/www.voustensports.com\/de\/wp-json\/wp\/v2\/media?parent=195202"}],"wp:term":[{"taxonomy":"product_cat","embeddable":true,"href":"https:\/\/www.voustensports.com\/de\/wp-json\/wp\/v2\/product_cat?post=195202"},{"taxonomy":"product_tag","embeddable":true,"href":"https:\/\/www.voustensports.com\/de\/wp-json\/wp\/v2\/product_tag?post=195202"}],"curies":[{"name":"wp","href":"https:\/\/api.w.org\/{rel}","templated":true}]}}