{"id":194496,"date":"2025-01-24T14:46:11","date_gmt":"2025-01-24T13:46:11","guid":{"rendered":"https:\/\/www.voustensports.com\/flaneur-logo-t-shirt-dunkelblau-40464\/"},"modified":"2026-04-06T08:57:05","modified_gmt":"2026-04-06T06:57:05","slug":"flaneur-logo-t-shirt-dunkelblau-40464","status":"publish","type":"product","link":"https:\/\/www.voustensports.com\/de\/flaneur-logo-t-shirt-dunkelblau-40464\/","title":{"rendered":"FL\u00c2NEUR &#8211; Logo T-Shirt dunkelblau (40464)\u00a0"},"content":{"rendered":"<div>Das Fl\u00e2neur Logo T-Shirt in Dunkelblau mit Fl\u00e2neur-Schriftzug auf der Brust. Regular-Fit-Silhouette, hergestellt aus weichem Baumwolljersey bester Qualit\u00e4t.<\/div>\n<ul>\n<li>Zusammensetzung: 100 % Baumwolle<\/li>\n<li>Hergestellt in der T\u00fcrkei<\/li>\n<\/ul>\n","protected":false},"excerpt":{"rendered":"<p>Das Fl\u00e2neur Logo T-Shirt in Dunkelblau mit Fl\u00e2neur-Schriftzug auf der Brust. Regular-Fit-Silhouette, hergestellt aus weichem Baumwolljersey bester Qualit\u00e4t. Zusammensetzung: 100 % Baumwolle Hergestellt in der T\u00fcrkei<\/p>\n","protected":false},"featured_media":194484,"comment_status":"open","ping_status":"closed","template":"","meta":{"rank_math_lock_modified_date":false},"product_cat":[487,491,913,447,451,463],"product_tag":[],"class_list":{"0":"post-194496","1":"product","2":"type-product","3":"status-publish","4":"has-post-thumbnail","6":"product_cat-shirt-de-2","7":"product_cat-t-shirts-de-2","8":"product_cat-flaneur-de","9":"product_cat-kleding-de","10":"product_cat-heren-de","11":"product_cat-vousten-sports-de-2","13":"first","14":"instock","15":"taxable","16":"shipping-taxable","17":"purchasable","18":"product-type-variable"},"acf":[],"yoast_head":"<!-- This site is optimized with the Yoast SEO plugin v23.9 - https:\/\/yoast.com\/wordpress\/plugins\/seo\/ -->\n<title>FL\u00c2NEUR - Logo T-Shirt dunkelblau (40464)\u00a0 - Vousten Sports<\/title>\n<meta name=\"robots\" content=\"index, follow, max-snippet:-1, max-image-preview:large, max-video-preview:-1\" \/>\n<link rel=\"canonical\" href=\"https:\/\/www.voustensports.com\/de\/flaneur-logo-t-shirt-dunkelblau-40464\/\" \/>\n<meta property=\"og:locale\" content=\"de_DE\" \/>\n<meta property=\"og:type\" content=\"article\" \/>\n<meta property=\"og:title\" content=\"FL\u00c2NEUR - Logo T-Shirt dunkelblau (40464)\u00a0 - Vousten Sports\" \/>\n<meta property=\"og:description\" content=\"Das Fl\u00e2neur Logo T-Shirt in Dunkelblau mit Fl\u00e2neur-Schriftzug auf der Brust. Regular-Fit-Silhouette, hergestellt aus weichem Baumwolljersey bester Qualit\u00e4t. Zusammensetzung: 100 % Baumwolle Hergestellt in der T\u00fcrkei\" \/>\n<meta property=\"og:url\" content=\"https:\/\/www.voustensports.com\/de\/flaneur-logo-t-shirt-dunkelblau-40464\/\" \/>\n<meta property=\"og:site_name\" content=\"Vousten Sports\" \/>\n<meta property=\"article:modified_time\" content=\"2026-04-06T06:57:05+00:00\" \/>\n<meta property=\"og:image\" content=\"https:\/\/www.voustensports.com\/wp-content\/uploads\/2023\/06\/Logo-T-Shirt-donkerblauw-40464-1.jpg\" \/>\n\t<meta property=\"og:image:width\" content=\"2048\" \/>\n\t<meta property=\"og:image:height\" content=\"1783\" \/>\n\t<meta property=\"og:image:type\" content=\"image\/jpeg\" \/>\n<meta name=\"twitter:card\" content=\"summary_large_image\" \/>\n<script type=\"application\/ld+json\" class=\"yoast-schema-graph\">{\"@context\":\"https:\/\/schema.org\",\"@graph\":[{\"@type\":\"WebPage\",\"@id\":\"https:\/\/www.voustensports.com\/de\/flaneur-logo-t-shirt-dunkelblau-40464\/\",\"url\":\"https:\/\/www.voustensports.com\/de\/flaneur-logo-t-shirt-dunkelblau-40464\/\",\"name\":\"FL\u00c2NEUR - Logo T-Shirt dunkelblau (40464)\u00a0 - Vousten Sports\",\"isPartOf\":{\"@id\":\"https:\/\/www.voustensports.com\/nl\/#website\"},\"primaryImageOfPage\":{\"@id\":\"https:\/\/www.voustensports.com\/de\/flaneur-logo-t-shirt-dunkelblau-40464\/#primaryimage\"},\"image\":{\"@id\":\"https:\/\/www.voustensports.com\/de\/flaneur-logo-t-shirt-dunkelblau-40464\/#primaryimage\"},\"thumbnailUrl\":\"https:\/\/www.voustensports.com\/wp-content\/uploads\/2023\/06\/Logo-T-Shirt-donkerblauw-40464-1.jpg\",\"datePublished\":\"2025-01-24T13:46:11+00:00\",\"dateModified\":\"2026-04-06T06:57:05+00:00\",\"breadcrumb\":{\"@id\":\"https:\/\/www.voustensports.com\/de\/flaneur-logo-t-shirt-dunkelblau-40464\/#breadcrumb\"},\"inLanguage\":\"de-DE\",\"potentialAction\":[{\"@type\":\"ReadAction\",\"target\":[\"https:\/\/www.voustensports.com\/de\/flaneur-logo-t-shirt-dunkelblau-40464\/\"]}]},{\"@type\":\"ImageObject\",\"inLanguage\":\"de-DE\",\"@id\":\"https:\/\/www.voustensports.com\/de\/flaneur-logo-t-shirt-dunkelblau-40464\/#primaryimage\",\"url\":\"https:\/\/www.voustensports.com\/wp-content\/uploads\/2023\/06\/Logo-T-Shirt-donkerblauw-40464-1.jpg\",\"contentUrl\":\"https:\/\/www.voustensports.com\/wp-content\/uploads\/2023\/06\/Logo-T-Shirt-donkerblauw-40464-1.jpg\",\"width\":2048,\"height\":1783},{\"@type\":\"BreadcrumbList\",\"@id\":\"https:\/\/www.voustensports.com\/de\/flaneur-logo-t-shirt-dunkelblau-40464\/#breadcrumb\",\"itemListElement\":[{\"@type\":\"ListItem\",\"position\":1,\"name\":\"Home\",\"item\":\"https:\/\/www.voustensports.com\/de\/\"},{\"@type\":\"ListItem\",\"position\":2,\"name\":\"Shop\",\"item\":\"https:\/\/www.voustensports.com\/de\/shop\/\"},{\"@type\":\"ListItem\",\"position\":3,\"name\":\"FL\u00c2NEUR &#8211; Logo T-Shirt dunkelblau (40464)\u00a0\"}]},{\"@type\":\"WebSite\",\"@id\":\"https:\/\/www.voustensports.com\/nl\/#website\",\"url\":\"https:\/\/www.voustensports.com\/nl\/\",\"name\":\"Vousten Sports\",\"description\":\"\",\"potentialAction\":[{\"@type\":\"SearchAction\",\"target\":{\"@type\":\"EntryPoint\",\"urlTemplate\":\"https:\/\/www.voustensports.com\/nl\/?s={search_term_string}\"},\"query-input\":{\"@type\":\"PropertyValueSpecification\",\"valueRequired\":true,\"valueName\":\"search_term_string\"}}],\"inLanguage\":\"de-DE\"}]}<\/script>\n<!-- \/ Yoast SEO plugin. -->","yoast_head_json":{"title":"FL\u00c2NEUR - Logo T-Shirt dunkelblau (40464)\u00a0 - Vousten Sports","robots":{"index":"index","follow":"follow","max-snippet":"max-snippet:-1","max-image-preview":"max-image-preview:large","max-video-preview":"max-video-preview:-1"},"canonical":"https:\/\/www.voustensports.com\/de\/flaneur-logo-t-shirt-dunkelblau-40464\/","og_locale":"de_DE","og_type":"article","og_title":"FL\u00c2NEUR - Logo T-Shirt dunkelblau (40464)\u00a0 - Vousten Sports","og_description":"Das Fl\u00e2neur Logo T-Shirt in Dunkelblau mit Fl\u00e2neur-Schriftzug auf der Brust. Regular-Fit-Silhouette, hergestellt aus weichem Baumwolljersey bester Qualit\u00e4t. Zusammensetzung: 100 % Baumwolle Hergestellt in der T\u00fcrkei","og_url":"https:\/\/www.voustensports.com\/de\/flaneur-logo-t-shirt-dunkelblau-40464\/","og_site_name":"Vousten Sports","article_modified_time":"2026-04-06T06:57:05+00:00","og_image":[{"width":2048,"height":1783,"url":"https:\/\/www.voustensports.com\/wp-content\/uploads\/2023\/06\/Logo-T-Shirt-donkerblauw-40464-1.jpg","type":"image\/jpeg"}],"twitter_card":"summary_large_image","schema":{"@context":"https:\/\/schema.org","@graph":[{"@type":"WebPage","@id":"https:\/\/www.voustensports.com\/de\/flaneur-logo-t-shirt-dunkelblau-40464\/","url":"https:\/\/www.voustensports.com\/de\/flaneur-logo-t-shirt-dunkelblau-40464\/","name":"FL\u00c2NEUR - Logo T-Shirt dunkelblau (40464)\u00a0 - Vousten Sports","isPartOf":{"@id":"https:\/\/www.voustensports.com\/nl\/#website"},"primaryImageOfPage":{"@id":"https:\/\/www.voustensports.com\/de\/flaneur-logo-t-shirt-dunkelblau-40464\/#primaryimage"},"image":{"@id":"https:\/\/www.voustensports.com\/de\/flaneur-logo-t-shirt-dunkelblau-40464\/#primaryimage"},"thumbnailUrl":"https:\/\/www.voustensports.com\/wp-content\/uploads\/2023\/06\/Logo-T-Shirt-donkerblauw-40464-1.jpg","datePublished":"2025-01-24T13:46:11+00:00","dateModified":"2026-04-06T06:57:05+00:00","breadcrumb":{"@id":"https:\/\/www.voustensports.com\/de\/flaneur-logo-t-shirt-dunkelblau-40464\/#breadcrumb"},"inLanguage":"de-DE","potentialAction":[{"@type":"ReadAction","target":["https:\/\/www.voustensports.com\/de\/flaneur-logo-t-shirt-dunkelblau-40464\/"]}]},{"@type":"ImageObject","inLanguage":"de-DE","@id":"https:\/\/www.voustensports.com\/de\/flaneur-logo-t-shirt-dunkelblau-40464\/#primaryimage","url":"https:\/\/www.voustensports.com\/wp-content\/uploads\/2023\/06\/Logo-T-Shirt-donkerblauw-40464-1.jpg","contentUrl":"https:\/\/www.voustensports.com\/wp-content\/uploads\/2023\/06\/Logo-T-Shirt-donkerblauw-40464-1.jpg","width":2048,"height":1783},{"@type":"BreadcrumbList","@id":"https:\/\/www.voustensports.com\/de\/flaneur-logo-t-shirt-dunkelblau-40464\/#breadcrumb","itemListElement":[{"@type":"ListItem","position":1,"name":"Home","item":"https:\/\/www.voustensports.com\/de\/"},{"@type":"ListItem","position":2,"name":"Shop","item":"https:\/\/www.voustensports.com\/de\/shop\/"},{"@type":"ListItem","position":3,"name":"FL\u00c2NEUR &#8211; Logo T-Shirt dunkelblau (40464)\u00a0"}]},{"@type":"WebSite","@id":"https:\/\/www.voustensports.com\/nl\/#website","url":"https:\/\/www.voustensports.com\/nl\/","name":"Vousten Sports","description":"","potentialAction":[{"@type":"SearchAction","target":{"@type":"EntryPoint","urlTemplate":"https:\/\/www.voustensports.com\/nl\/?s={search_term_string}"},"query-input":{"@type":"PropertyValueSpecification","valueRequired":true,"valueName":"search_term_string"}}],"inLanguage":"de-DE"}]}},"_links":{"self":[{"href":"https:\/\/www.voustensports.com\/de\/wp-json\/wp\/v2\/product\/194496","targetHints":{"allow":["GET"]}}],"collection":[{"href":"https:\/\/www.voustensports.com\/de\/wp-json\/wp\/v2\/product"}],"about":[{"href":"https:\/\/www.voustensports.com\/de\/wp-json\/wp\/v2\/types\/product"}],"replies":[{"embeddable":true,"href":"https:\/\/www.voustensports.com\/de\/wp-json\/wp\/v2\/comments?post=194496"}],"wp:featuredmedia":[{"embeddable":true,"href":"https:\/\/www.voustensports.com\/de\/wp-json\/wp\/v2\/media\/194484"}],"wp:attachment":[{"href":"https:\/\/www.voustensports.com\/de\/wp-json\/wp\/v2\/media?parent=194496"}],"wp:term":[{"taxonomy":"product_cat","embeddable":true,"href":"https:\/\/www.voustensports.com\/de\/wp-json\/wp\/v2\/product_cat?post=194496"},{"taxonomy":"product_tag","embeddable":true,"href":"https:\/\/www.voustensports.com\/de\/wp-json\/wp\/v2\/product_tag?post=194496"}],"curies":[{"name":"wp","href":"https:\/\/api.w.org\/{rel}","templated":true}]}}