{"id":194274,"date":"2025-01-18T16:46:09","date_gmt":"2025-01-18T15:46:09","guid":{"rendered":"https:\/\/www.voustensports.com\/gran-sasso-2-lagiger-rollkragenpullover-aus-vintage-merinowolle-dunkelblau-39788\/"},"modified":"2026-02-05T12:21:51","modified_gmt":"2026-02-05T11:21:51","slug":"gran-sasso-2-lagiger-rollkragenpullover-aus-vintage-merinowolle-dunkelblau-39788","status":"publish","type":"product","link":"https:\/\/www.voustensports.com\/de\/gran-sasso-2-lagiger-rollkragenpullover-aus-vintage-merinowolle-dunkelblau-39788\/","title":{"rendered":"Gran Sasso &#8211; 2-lagiger Rollkragenpullover aus Vintage-Merinowolle, Dunkelblau (39788)"},"content":{"rendered":"<div>2-lagiger Rollkragenpullover aus Vintage-Merinowolle. Ein warmes und vielseitiges Basic f\u00fcr die Garderobe. F\u00fcr etwas Gewagteres und Modischeres kann er mit Hemd und freiem Kragen getragen werden, f\u00fcr einen eleganteren Look kann er mit einem Mantel \u00fcbereinander getragen werden.<\/div>\n<ul>\n<li>Hergestellt in Italien.<\/li>\n<li>Zusammensetzung: 100 % Merinowolle, extrafein<\/li>\n<\/ul>\n","protected":false},"excerpt":{"rendered":"<p>2-lagiger Rollkragenpullover aus Vintage-Merinowolle. Ein warmes und vielseitiges Basic f\u00fcr die Garderobe. F\u00fcr etwas Gewagteres und Modischeres kann er mit Hemd und freiem Kragen getragen werden, f\u00fcr einen eleganteren Look kann er mit einem Mantel \u00fcbereinander getragen werden. Hergestellt in Italien. Zusammensetzung: 100 % Merinowolle, extrafein<\/p>\n","protected":false},"featured_media":194262,"comment_status":"open","ping_status":"closed","template":"","meta":{"rank_math_lock_modified_date":false},"product_cat":[447,451,463,535,539,695,925],"product_tag":[],"class_list":{"0":"post-194274","1":"product","2":"type-product","3":"status-publish","4":"has-post-thumbnail","6":"product_cat-kleding-de","7":"product_cat-heren-de","8":"product_cat-vousten-sports-de-2","9":"product_cat-truien-de-2","10":"product_cat-knitwear-de","11":"product_cat-truien-vesten-de-2","12":"product_cat-gran-sasso-de","14":"first","15":"instock","16":"taxable","17":"shipping-taxable","18":"purchasable","19":"product-type-variable"},"acf":[],"yoast_head":"<!-- This site is optimized with the Yoast SEO plugin v23.9 - https:\/\/yoast.com\/wordpress\/plugins\/seo\/ -->\n<title>Gran Sasso - 2-lagiger Rollkragenpullover aus Vintage-Merinowolle, Dunkelblau (39788) - Vousten Sports<\/title>\n<meta name=\"robots\" content=\"index, follow, max-snippet:-1, max-image-preview:large, max-video-preview:-1\" \/>\n<link rel=\"canonical\" href=\"https:\/\/www.voustensports.com\/de\/gran-sasso-2-lagiger-rollkragenpullover-aus-vintage-merinowolle-dunkelblau-39788\/\" \/>\n<meta property=\"og:locale\" content=\"de_DE\" \/>\n<meta property=\"og:type\" content=\"article\" \/>\n<meta property=\"og:title\" content=\"Gran Sasso - 2-lagiger Rollkragenpullover aus Vintage-Merinowolle, Dunkelblau (39788) - Vousten Sports\" \/>\n<meta property=\"og:description\" content=\"2-lagiger Rollkragenpullover aus Vintage-Merinowolle. Ein warmes und vielseitiges Basic f\u00fcr die Garderobe. F\u00fcr etwas Gewagteres und Modischeres kann er mit Hemd und freiem Kragen getragen werden, f\u00fcr einen eleganteren Look kann er mit einem Mantel \u00fcbereinander getragen werden. Hergestellt in Italien. Zusammensetzung: 100 % Merinowolle, extrafein\" \/>\n<meta property=\"og:url\" content=\"https:\/\/www.voustensports.com\/de\/gran-sasso-2-lagiger-rollkragenpullover-aus-vintage-merinowolle-dunkelblau-39788\/\" \/>\n<meta property=\"og:site_name\" content=\"Vousten Sports\" \/>\n<meta property=\"article:modified_time\" content=\"2026-02-05T11:21:51+00:00\" \/>\n<meta property=\"og:image\" content=\"https:\/\/www.voustensports.com\/wp-content\/uploads\/2023\/06\/2-PLY-VINTAGE-MERINOS-TURTLENECK-DONKERBLAUW-397881.jpg\" \/>\n\t<meta property=\"og:image:width\" content=\"1362\" \/>\n\t<meta property=\"og:image:height\" content=\"2048\" \/>\n\t<meta property=\"og:image:type\" content=\"image\/jpeg\" \/>\n<meta name=\"twitter:card\" content=\"summary_large_image\" \/>\n<script type=\"application\/ld+json\" class=\"yoast-schema-graph\">{\"@context\":\"https:\/\/schema.org\",\"@graph\":[{\"@type\":\"WebPage\",\"@id\":\"https:\/\/www.voustensports.com\/de\/gran-sasso-2-lagiger-rollkragenpullover-aus-vintage-merinowolle-dunkelblau-39788\/\",\"url\":\"https:\/\/www.voustensports.com\/de\/gran-sasso-2-lagiger-rollkragenpullover-aus-vintage-merinowolle-dunkelblau-39788\/\",\"name\":\"Gran Sasso - 2-lagiger Rollkragenpullover aus Vintage-Merinowolle, Dunkelblau (39788) - Vousten Sports\",\"isPartOf\":{\"@id\":\"https:\/\/www.voustensports.com\/nl\/#website\"},\"primaryImageOfPage\":{\"@id\":\"https:\/\/www.voustensports.com\/de\/gran-sasso-2-lagiger-rollkragenpullover-aus-vintage-merinowolle-dunkelblau-39788\/#primaryimage\"},\"image\":{\"@id\":\"https:\/\/www.voustensports.com\/de\/gran-sasso-2-lagiger-rollkragenpullover-aus-vintage-merinowolle-dunkelblau-39788\/#primaryimage\"},\"thumbnailUrl\":\"https:\/\/www.voustensports.com\/wp-content\/uploads\/2023\/06\/2-PLY-VINTAGE-MERINOS-TURTLENECK-DONKERBLAUW-397881.jpg\",\"datePublished\":\"2025-01-18T15:46:09+00:00\",\"dateModified\":\"2026-02-05T11:21:51+00:00\",\"breadcrumb\":{\"@id\":\"https:\/\/www.voustensports.com\/de\/gran-sasso-2-lagiger-rollkragenpullover-aus-vintage-merinowolle-dunkelblau-39788\/#breadcrumb\"},\"inLanguage\":\"de-DE\",\"potentialAction\":[{\"@type\":\"ReadAction\",\"target\":[\"https:\/\/www.voustensports.com\/de\/gran-sasso-2-lagiger-rollkragenpullover-aus-vintage-merinowolle-dunkelblau-39788\/\"]}]},{\"@type\":\"ImageObject\",\"inLanguage\":\"de-DE\",\"@id\":\"https:\/\/www.voustensports.com\/de\/gran-sasso-2-lagiger-rollkragenpullover-aus-vintage-merinowolle-dunkelblau-39788\/#primaryimage\",\"url\":\"https:\/\/www.voustensports.com\/wp-content\/uploads\/2023\/06\/2-PLY-VINTAGE-MERINOS-TURTLENECK-DONKERBLAUW-397881.jpg\",\"contentUrl\":\"https:\/\/www.voustensports.com\/wp-content\/uploads\/2023\/06\/2-PLY-VINTAGE-MERINOS-TURTLENECK-DONKERBLAUW-397881.jpg\",\"width\":1362,\"height\":2048},{\"@type\":\"BreadcrumbList\",\"@id\":\"https:\/\/www.voustensports.com\/de\/gran-sasso-2-lagiger-rollkragenpullover-aus-vintage-merinowolle-dunkelblau-39788\/#breadcrumb\",\"itemListElement\":[{\"@type\":\"ListItem\",\"position\":1,\"name\":\"Home\",\"item\":\"https:\/\/www.voustensports.com\/de\/\"},{\"@type\":\"ListItem\",\"position\":2,\"name\":\"Shop\",\"item\":\"https:\/\/www.voustensports.com\/de\/shop\/\"},{\"@type\":\"ListItem\",\"position\":3,\"name\":\"Gran Sasso &#8211; 2-lagiger Rollkragenpullover aus Vintage-Merinowolle, Dunkelblau (39788)\"}]},{\"@type\":\"WebSite\",\"@id\":\"https:\/\/www.voustensports.com\/nl\/#website\",\"url\":\"https:\/\/www.voustensports.com\/nl\/\",\"name\":\"Vousten Sports\",\"description\":\"\",\"potentialAction\":[{\"@type\":\"SearchAction\",\"target\":{\"@type\":\"EntryPoint\",\"urlTemplate\":\"https:\/\/www.voustensports.com\/nl\/?s={search_term_string}\"},\"query-input\":{\"@type\":\"PropertyValueSpecification\",\"valueRequired\":true,\"valueName\":\"search_term_string\"}}],\"inLanguage\":\"de-DE\"}]}<\/script>\n<!-- \/ Yoast SEO plugin. -->","yoast_head_json":{"title":"Gran Sasso - 2-lagiger Rollkragenpullover aus Vintage-Merinowolle, Dunkelblau (39788) - Vousten Sports","robots":{"index":"index","follow":"follow","max-snippet":"max-snippet:-1","max-image-preview":"max-image-preview:large","max-video-preview":"max-video-preview:-1"},"canonical":"https:\/\/www.voustensports.com\/de\/gran-sasso-2-lagiger-rollkragenpullover-aus-vintage-merinowolle-dunkelblau-39788\/","og_locale":"de_DE","og_type":"article","og_title":"Gran Sasso - 2-lagiger Rollkragenpullover aus Vintage-Merinowolle, Dunkelblau (39788) - Vousten Sports","og_description":"2-lagiger Rollkragenpullover aus Vintage-Merinowolle. Ein warmes und vielseitiges Basic f\u00fcr die Garderobe. F\u00fcr etwas Gewagteres und Modischeres kann er mit Hemd und freiem Kragen getragen werden, f\u00fcr einen eleganteren Look kann er mit einem Mantel \u00fcbereinander getragen werden. Hergestellt in Italien. Zusammensetzung: 100 % Merinowolle, extrafein","og_url":"https:\/\/www.voustensports.com\/de\/gran-sasso-2-lagiger-rollkragenpullover-aus-vintage-merinowolle-dunkelblau-39788\/","og_site_name":"Vousten Sports","article_modified_time":"2026-02-05T11:21:51+00:00","og_image":[{"width":1362,"height":2048,"url":"https:\/\/www.voustensports.com\/wp-content\/uploads\/2023\/06\/2-PLY-VINTAGE-MERINOS-TURTLENECK-DONKERBLAUW-397881.jpg","type":"image\/jpeg"}],"twitter_card":"summary_large_image","schema":{"@context":"https:\/\/schema.org","@graph":[{"@type":"WebPage","@id":"https:\/\/www.voustensports.com\/de\/gran-sasso-2-lagiger-rollkragenpullover-aus-vintage-merinowolle-dunkelblau-39788\/","url":"https:\/\/www.voustensports.com\/de\/gran-sasso-2-lagiger-rollkragenpullover-aus-vintage-merinowolle-dunkelblau-39788\/","name":"Gran Sasso - 2-lagiger Rollkragenpullover aus Vintage-Merinowolle, Dunkelblau (39788) - Vousten Sports","isPartOf":{"@id":"https:\/\/www.voustensports.com\/nl\/#website"},"primaryImageOfPage":{"@id":"https:\/\/www.voustensports.com\/de\/gran-sasso-2-lagiger-rollkragenpullover-aus-vintage-merinowolle-dunkelblau-39788\/#primaryimage"},"image":{"@id":"https:\/\/www.voustensports.com\/de\/gran-sasso-2-lagiger-rollkragenpullover-aus-vintage-merinowolle-dunkelblau-39788\/#primaryimage"},"thumbnailUrl":"https:\/\/www.voustensports.com\/wp-content\/uploads\/2023\/06\/2-PLY-VINTAGE-MERINOS-TURTLENECK-DONKERBLAUW-397881.jpg","datePublished":"2025-01-18T15:46:09+00:00","dateModified":"2026-02-05T11:21:51+00:00","breadcrumb":{"@id":"https:\/\/www.voustensports.com\/de\/gran-sasso-2-lagiger-rollkragenpullover-aus-vintage-merinowolle-dunkelblau-39788\/#breadcrumb"},"inLanguage":"de-DE","potentialAction":[{"@type":"ReadAction","target":["https:\/\/www.voustensports.com\/de\/gran-sasso-2-lagiger-rollkragenpullover-aus-vintage-merinowolle-dunkelblau-39788\/"]}]},{"@type":"ImageObject","inLanguage":"de-DE","@id":"https:\/\/www.voustensports.com\/de\/gran-sasso-2-lagiger-rollkragenpullover-aus-vintage-merinowolle-dunkelblau-39788\/#primaryimage","url":"https:\/\/www.voustensports.com\/wp-content\/uploads\/2023\/06\/2-PLY-VINTAGE-MERINOS-TURTLENECK-DONKERBLAUW-397881.jpg","contentUrl":"https:\/\/www.voustensports.com\/wp-content\/uploads\/2023\/06\/2-PLY-VINTAGE-MERINOS-TURTLENECK-DONKERBLAUW-397881.jpg","width":1362,"height":2048},{"@type":"BreadcrumbList","@id":"https:\/\/www.voustensports.com\/de\/gran-sasso-2-lagiger-rollkragenpullover-aus-vintage-merinowolle-dunkelblau-39788\/#breadcrumb","itemListElement":[{"@type":"ListItem","position":1,"name":"Home","item":"https:\/\/www.voustensports.com\/de\/"},{"@type":"ListItem","position":2,"name":"Shop","item":"https:\/\/www.voustensports.com\/de\/shop\/"},{"@type":"ListItem","position":3,"name":"Gran Sasso &#8211; 2-lagiger Rollkragenpullover aus Vintage-Merinowolle, Dunkelblau (39788)"}]},{"@type":"WebSite","@id":"https:\/\/www.voustensports.com\/nl\/#website","url":"https:\/\/www.voustensports.com\/nl\/","name":"Vousten Sports","description":"","potentialAction":[{"@type":"SearchAction","target":{"@type":"EntryPoint","urlTemplate":"https:\/\/www.voustensports.com\/nl\/?s={search_term_string}"},"query-input":{"@type":"PropertyValueSpecification","valueRequired":true,"valueName":"search_term_string"}}],"inLanguage":"de-DE"}]}},"_links":{"self":[{"href":"https:\/\/www.voustensports.com\/de\/wp-json\/wp\/v2\/product\/194274","targetHints":{"allow":["GET"]}}],"collection":[{"href":"https:\/\/www.voustensports.com\/de\/wp-json\/wp\/v2\/product"}],"about":[{"href":"https:\/\/www.voustensports.com\/de\/wp-json\/wp\/v2\/types\/product"}],"replies":[{"embeddable":true,"href":"https:\/\/www.voustensports.com\/de\/wp-json\/wp\/v2\/comments?post=194274"}],"wp:featuredmedia":[{"embeddable":true,"href":"https:\/\/www.voustensports.com\/de\/wp-json\/wp\/v2\/media\/194262"}],"wp:attachment":[{"href":"https:\/\/www.voustensports.com\/de\/wp-json\/wp\/v2\/media?parent=194274"}],"wp:term":[{"taxonomy":"product_cat","embeddable":true,"href":"https:\/\/www.voustensports.com\/de\/wp-json\/wp\/v2\/product_cat?post=194274"},{"taxonomy":"product_tag","embeddable":true,"href":"https:\/\/www.voustensports.com\/de\/wp-json\/wp\/v2\/product_tag?post=194274"}],"curies":[{"name":"wp","href":"https:\/\/api.w.org\/{rel}","templated":true}]}}