{"id":194158,"date":"2025-01-18T13:16:19","date_gmt":"2025-01-18T12:16:19","guid":{"rendered":"https:\/\/www.voustensports.com\/valenza-t-shirt-danubio-40704-2\/"},"modified":"2026-02-05T12:29:41","modified_gmt":"2026-02-05T11:29:41","slug":"valenza-t-shirt-danubio-40704-2","status":"publish","type":"product","link":"https:\/\/www.voustensports.com\/de\/valenza-t-shirt-danubio-40704-2\/","title":{"rendered":"VALENZA &#8211; T-Shirt danubio (40704)"},"content":{"rendered":"<div>Valenza T-Shirt in T\u00fcrkis<\/div>\n<ul>\n<li>Tailliertes T-Shirt<\/li>\n<li>Glanzeffekt<\/li>\n<li>W\u00e4hlen Sie eine Gr\u00f6\u00dfe gr\u00f6\u00dfer f\u00fcr einen \u00fcbergro\u00dfen Look<\/li>\n<li>Rundhalsausschnitt<\/li>\n<li>Interlock-Supima-Baumwolle<\/li>\n<li>Material: 100 % Baumwolle<\/li>\n<li>Gewicht: 190 g\/m\u00b2<\/li>\n<li>Etiketten aus recycelter Baumwolle<\/li>\n<li>H\u00e4ngeetiketten aus Recyclingpapier<\/li>\n<li>Hergestellt in Italien<\/li>\n<\/ul>\n<div>Hergestellt in Marken, Italien. Zertifiziert zu 100 % nach handwerklichen Verfahren in Italien hergestellt.<\/div>\n","protected":false},"excerpt":{"rendered":"<p>Valenza T-Shirt in T\u00fcrkis Tailliertes T-Shirt Glanzeffekt W\u00e4hlen Sie eine Gr\u00f6\u00dfe gr\u00f6\u00dfer f\u00fcr einen \u00fcbergro\u00dfen Look Rundhalsausschnitt Interlock-Supima-Baumwolle Material: 100 % Baumwolle Gewicht: 190 g\/m\u00b2 Etiketten aus recycelter Baumwolle H\u00e4ngeetiketten aus Recyclingpapier Hergestellt in Italien Hergestellt in Marken, Italien. Zertifiziert zu 100 % nach handwerklichen Verfahren in Italien hergestellt.<\/p>\n","protected":false},"featured_media":194150,"comment_status":"open","ping_status":"closed","template":"","meta":{"rank_math_lock_modified_date":false},"product_cat":[447,451,463,487,491,779],"product_tag":[],"class_list":{"0":"post-194158","1":"product","2":"type-product","3":"status-publish","4":"has-post-thumbnail","6":"product_cat-kleding-de","7":"product_cat-heren-de","8":"product_cat-vousten-sports-de-2","9":"product_cat-shirt-de-2","10":"product_cat-t-shirts-de-2","11":"product_cat-valenza-de","13":"first","14":"instock","15":"taxable","16":"shipping-taxable","17":"purchasable","18":"product-type-variable"},"acf":[],"yoast_head":"<!-- This site is optimized with the Yoast SEO plugin v23.9 - https:\/\/yoast.com\/wordpress\/plugins\/seo\/ -->\n<title>VALENZA - T-Shirt danubio (40704) - Vousten Sports<\/title>\n<meta name=\"robots\" content=\"index, follow, max-snippet:-1, max-image-preview:large, max-video-preview:-1\" \/>\n<link rel=\"canonical\" href=\"https:\/\/www.voustensports.com\/de\/valenza-t-shirt-danubio-40704-2\/\" \/>\n<meta property=\"og:locale\" content=\"de_DE\" \/>\n<meta property=\"og:type\" content=\"article\" \/>\n<meta property=\"og:title\" content=\"VALENZA - T-Shirt danubio (40704) - Vousten Sports\" \/>\n<meta property=\"og:description\" content=\"Valenza T-Shirt in T\u00fcrkis Tailliertes T-Shirt Glanzeffekt W\u00e4hlen Sie eine Gr\u00f6\u00dfe gr\u00f6\u00dfer f\u00fcr einen \u00fcbergro\u00dfen Look Rundhalsausschnitt Interlock-Supima-Baumwolle Material: 100 % Baumwolle Gewicht: 190 g\/m\u00b2 Etiketten aus recycelter Baumwolle H\u00e4ngeetiketten aus Recyclingpapier Hergestellt in Italien Hergestellt in Marken, Italien. Zertifiziert zu 100 % nach handwerklichen Verfahren in Italien hergestellt.\" \/>\n<meta property=\"og:url\" content=\"https:\/\/www.voustensports.com\/de\/valenza-t-shirt-danubio-40704-2\/\" \/>\n<meta property=\"og:site_name\" content=\"Vousten Sports\" \/>\n<meta property=\"article:modified_time\" content=\"2026-02-05T11:29:41+00:00\" \/>\n<meta property=\"og:image\" content=\"https:\/\/www.voustensports.com\/wp-content\/uploads\/2023\/06\/T-shirt-danubio-407041.jpg\" \/>\n\t<meta property=\"og:image:width\" content=\"1536\" \/>\n\t<meta property=\"og:image:height\" content=\"2048\" \/>\n\t<meta property=\"og:image:type\" content=\"image\/jpeg\" \/>\n<meta name=\"twitter:card\" content=\"summary_large_image\" \/>\n<script type=\"application\/ld+json\" class=\"yoast-schema-graph\">{\"@context\":\"https:\/\/schema.org\",\"@graph\":[{\"@type\":\"WebPage\",\"@id\":\"https:\/\/www.voustensports.com\/de\/valenza-t-shirt-danubio-40704-2\/\",\"url\":\"https:\/\/www.voustensports.com\/de\/valenza-t-shirt-danubio-40704-2\/\",\"name\":\"VALENZA - T-Shirt danubio (40704) - Vousten Sports\",\"isPartOf\":{\"@id\":\"https:\/\/www.voustensports.com\/nl\/#website\"},\"primaryImageOfPage\":{\"@id\":\"https:\/\/www.voustensports.com\/de\/valenza-t-shirt-danubio-40704-2\/#primaryimage\"},\"image\":{\"@id\":\"https:\/\/www.voustensports.com\/de\/valenza-t-shirt-danubio-40704-2\/#primaryimage\"},\"thumbnailUrl\":\"https:\/\/www.voustensports.com\/wp-content\/uploads\/2023\/06\/T-shirt-danubio-407041.jpg\",\"datePublished\":\"2025-01-18T12:16:19+00:00\",\"dateModified\":\"2026-02-05T11:29:41+00:00\",\"breadcrumb\":{\"@id\":\"https:\/\/www.voustensports.com\/de\/valenza-t-shirt-danubio-40704-2\/#breadcrumb\"},\"inLanguage\":\"de-DE\",\"potentialAction\":[{\"@type\":\"ReadAction\",\"target\":[\"https:\/\/www.voustensports.com\/de\/valenza-t-shirt-danubio-40704-2\/\"]}]},{\"@type\":\"ImageObject\",\"inLanguage\":\"de-DE\",\"@id\":\"https:\/\/www.voustensports.com\/de\/valenza-t-shirt-danubio-40704-2\/#primaryimage\",\"url\":\"https:\/\/www.voustensports.com\/wp-content\/uploads\/2023\/06\/T-shirt-danubio-407041.jpg\",\"contentUrl\":\"https:\/\/www.voustensports.com\/wp-content\/uploads\/2023\/06\/T-shirt-danubio-407041.jpg\",\"width\":1536,\"height\":2048},{\"@type\":\"BreadcrumbList\",\"@id\":\"https:\/\/www.voustensports.com\/de\/valenza-t-shirt-danubio-40704-2\/#breadcrumb\",\"itemListElement\":[{\"@type\":\"ListItem\",\"position\":1,\"name\":\"Home\",\"item\":\"https:\/\/www.voustensports.com\/de\/\"},{\"@type\":\"ListItem\",\"position\":2,\"name\":\"Shop\",\"item\":\"https:\/\/www.voustensports.com\/de\/shop\/\"},{\"@type\":\"ListItem\",\"position\":3,\"name\":\"VALENZA &#8211; T-Shirt danubio (40704)\"}]},{\"@type\":\"WebSite\",\"@id\":\"https:\/\/www.voustensports.com\/nl\/#website\",\"url\":\"https:\/\/www.voustensports.com\/nl\/\",\"name\":\"Vousten Sports\",\"description\":\"\",\"potentialAction\":[{\"@type\":\"SearchAction\",\"target\":{\"@type\":\"EntryPoint\",\"urlTemplate\":\"https:\/\/www.voustensports.com\/nl\/?s={search_term_string}\"},\"query-input\":{\"@type\":\"PropertyValueSpecification\",\"valueRequired\":true,\"valueName\":\"search_term_string\"}}],\"inLanguage\":\"de-DE\"}]}<\/script>\n<!-- \/ Yoast SEO plugin. -->","yoast_head_json":{"title":"VALENZA - T-Shirt danubio (40704) - Vousten Sports","robots":{"index":"index","follow":"follow","max-snippet":"max-snippet:-1","max-image-preview":"max-image-preview:large","max-video-preview":"max-video-preview:-1"},"canonical":"https:\/\/www.voustensports.com\/de\/valenza-t-shirt-danubio-40704-2\/","og_locale":"de_DE","og_type":"article","og_title":"VALENZA - T-Shirt danubio (40704) - Vousten Sports","og_description":"Valenza T-Shirt in T\u00fcrkis Tailliertes T-Shirt Glanzeffekt W\u00e4hlen Sie eine Gr\u00f6\u00dfe gr\u00f6\u00dfer f\u00fcr einen \u00fcbergro\u00dfen Look Rundhalsausschnitt Interlock-Supima-Baumwolle Material: 100 % Baumwolle Gewicht: 190 g\/m\u00b2 Etiketten aus recycelter Baumwolle H\u00e4ngeetiketten aus Recyclingpapier Hergestellt in Italien Hergestellt in Marken, Italien. Zertifiziert zu 100 % nach handwerklichen Verfahren in Italien hergestellt.","og_url":"https:\/\/www.voustensports.com\/de\/valenza-t-shirt-danubio-40704-2\/","og_site_name":"Vousten Sports","article_modified_time":"2026-02-05T11:29:41+00:00","og_image":[{"width":1536,"height":2048,"url":"https:\/\/www.voustensports.com\/wp-content\/uploads\/2023\/06\/T-shirt-danubio-407041.jpg","type":"image\/jpeg"}],"twitter_card":"summary_large_image","schema":{"@context":"https:\/\/schema.org","@graph":[{"@type":"WebPage","@id":"https:\/\/www.voustensports.com\/de\/valenza-t-shirt-danubio-40704-2\/","url":"https:\/\/www.voustensports.com\/de\/valenza-t-shirt-danubio-40704-2\/","name":"VALENZA - T-Shirt danubio (40704) - Vousten Sports","isPartOf":{"@id":"https:\/\/www.voustensports.com\/nl\/#website"},"primaryImageOfPage":{"@id":"https:\/\/www.voustensports.com\/de\/valenza-t-shirt-danubio-40704-2\/#primaryimage"},"image":{"@id":"https:\/\/www.voustensports.com\/de\/valenza-t-shirt-danubio-40704-2\/#primaryimage"},"thumbnailUrl":"https:\/\/www.voustensports.com\/wp-content\/uploads\/2023\/06\/T-shirt-danubio-407041.jpg","datePublished":"2025-01-18T12:16:19+00:00","dateModified":"2026-02-05T11:29:41+00:00","breadcrumb":{"@id":"https:\/\/www.voustensports.com\/de\/valenza-t-shirt-danubio-40704-2\/#breadcrumb"},"inLanguage":"de-DE","potentialAction":[{"@type":"ReadAction","target":["https:\/\/www.voustensports.com\/de\/valenza-t-shirt-danubio-40704-2\/"]}]},{"@type":"ImageObject","inLanguage":"de-DE","@id":"https:\/\/www.voustensports.com\/de\/valenza-t-shirt-danubio-40704-2\/#primaryimage","url":"https:\/\/www.voustensports.com\/wp-content\/uploads\/2023\/06\/T-shirt-danubio-407041.jpg","contentUrl":"https:\/\/www.voustensports.com\/wp-content\/uploads\/2023\/06\/T-shirt-danubio-407041.jpg","width":1536,"height":2048},{"@type":"BreadcrumbList","@id":"https:\/\/www.voustensports.com\/de\/valenza-t-shirt-danubio-40704-2\/#breadcrumb","itemListElement":[{"@type":"ListItem","position":1,"name":"Home","item":"https:\/\/www.voustensports.com\/de\/"},{"@type":"ListItem","position":2,"name":"Shop","item":"https:\/\/www.voustensports.com\/de\/shop\/"},{"@type":"ListItem","position":3,"name":"VALENZA &#8211; T-Shirt danubio (40704)"}]},{"@type":"WebSite","@id":"https:\/\/www.voustensports.com\/nl\/#website","url":"https:\/\/www.voustensports.com\/nl\/","name":"Vousten Sports","description":"","potentialAction":[{"@type":"SearchAction","target":{"@type":"EntryPoint","urlTemplate":"https:\/\/www.voustensports.com\/nl\/?s={search_term_string}"},"query-input":{"@type":"PropertyValueSpecification","valueRequired":true,"valueName":"search_term_string"}}],"inLanguage":"de-DE"}]}},"_links":{"self":[{"href":"https:\/\/www.voustensports.com\/de\/wp-json\/wp\/v2\/product\/194158","targetHints":{"allow":["GET"]}}],"collection":[{"href":"https:\/\/www.voustensports.com\/de\/wp-json\/wp\/v2\/product"}],"about":[{"href":"https:\/\/www.voustensports.com\/de\/wp-json\/wp\/v2\/types\/product"}],"replies":[{"embeddable":true,"href":"https:\/\/www.voustensports.com\/de\/wp-json\/wp\/v2\/comments?post=194158"}],"wp:featuredmedia":[{"embeddable":true,"href":"https:\/\/www.voustensports.com\/de\/wp-json\/wp\/v2\/media\/194150"}],"wp:attachment":[{"href":"https:\/\/www.voustensports.com\/de\/wp-json\/wp\/v2\/media?parent=194158"}],"wp:term":[{"taxonomy":"product_cat","embeddable":true,"href":"https:\/\/www.voustensports.com\/de\/wp-json\/wp\/v2\/product_cat?post=194158"},{"taxonomy":"product_tag","embeddable":true,"href":"https:\/\/www.voustensports.com\/de\/wp-json\/wp\/v2\/product_tag?post=194158"}],"curies":[{"name":"wp","href":"https:\/\/api.w.org\/{rel}","templated":true}]}}