{"id":191409,"date":"2024-12-07T14:48:10","date_gmt":"2024-12-07T13:48:10","guid":{"rendered":"https:\/\/www.voustensports.com\/gran-sasso-athleisure-knit-shirt-donkergroen-39786-2\/"},"modified":"2026-02-05T12:21:48","modified_gmt":"2026-02-05T11:21:48","slug":"gran-sasso-athleisure-knit-shirt-donkergroen-39786-2","status":"publish","type":"product","link":"https:\/\/www.voustensports.com\/de\/gran-sasso-athleisure-knit-shirt-donkergroen-39786-2\/","title":{"rendered":"Gran Sasso &#8211; ATHLEISURE STRICKHEMD DUNKELGR\u00dcN (39786)\u00a0"},"content":{"rendered":"<div>Athleisure-Shirt aus extrafeiner, pflegeleichter, maschinenwaschbarer und trocknergeeigneter technischer Merinowolle. Ein knitterfreies, pflegeleichtes, hoch atmungsaktives Garn, k\u00fchlend und feuchtigkeitstransportierend. Der 7-Knopf-Verschluss macht es noch bequemer. Ein minimalistisches Kleidungsst\u00fcck, perfekt, um jedes Outfit m\u00fchelos zu vervollst\u00e4ndigen.<\/div>\n<ul>\n<li>Hergestellt in Italien.<\/li>\n<li>ZUSAMMENSETZUNG: 100 % EXTRAFEINE MERINO-WOLLE<\/li>\n<\/ul>\n","protected":false},"excerpt":{"rendered":"<p>Athleisure-Shirt aus extrafeiner, pflegeleichter, maschinenwaschbarer und trocknergeeigneter technischer Merinowolle. Ein knitterfreies, pflegeleichtes, hoch atmungsaktives Garn, k\u00fchlend und feuchtigkeitstransportierend. Der 7-Knopf-Verschluss macht es noch bequemer. Ein minimalistisches Kleidungsst\u00fcck, perfekt, um jedes Outfit m\u00fchelos zu vervollst\u00e4ndigen. Hergestellt in Italien. ZUSAMMENSETZUNG: 100 % EXTRAFEINE MERINO-WOLLE<\/p>\n","protected":false},"featured_media":194208,"comment_status":"open","ping_status":"closed","template":"","meta":{"rank_math_lock_modified_date":false},"product_cat":[487,539,740,925,447,451,463],"product_tag":[],"class_list":{"0":"post-191409","1":"product","2":"type-product","3":"status-publish","4":"has-post-thumbnail","6":"product_cat-shirt-de-2","7":"product_cat-knitwear-de","8":"product_cat-overshirt-de-2","9":"product_cat-gran-sasso-de","10":"product_cat-kleding-de","11":"product_cat-heren-de","12":"product_cat-vousten-sports-de-2","14":"first","15":"instock","16":"taxable","17":"shipping-taxable","18":"purchasable","19":"product-type-variable"},"acf":[],"yoast_head":"<!-- This site is optimized with the Yoast SEO plugin v23.9 - https:\/\/yoast.com\/wordpress\/plugins\/seo\/ -->\n<title>Gran Sasso - ATHLEISURE STRICKHEMD DUNKELGR\u00dcN (39786)\u00a0 - Vousten Sports<\/title>\n<meta name=\"robots\" content=\"index, follow, max-snippet:-1, max-image-preview:large, max-video-preview:-1\" \/>\n<link rel=\"canonical\" href=\"https:\/\/www.voustensports.com\/de\/gran-sasso-athleisure-knit-shirt-donkergroen-39786-2\/\" \/>\n<meta property=\"og:locale\" content=\"de_DE\" \/>\n<meta property=\"og:type\" content=\"article\" \/>\n<meta property=\"og:title\" content=\"Gran Sasso - ATHLEISURE STRICKHEMD DUNKELGR\u00dcN (39786)\u00a0 - Vousten Sports\" \/>\n<meta property=\"og:description\" content=\"Athleisure-Shirt aus extrafeiner, pflegeleichter, maschinenwaschbarer und trocknergeeigneter technischer Merinowolle. Ein knitterfreies, pflegeleichtes, hoch atmungsaktives Garn, k\u00fchlend und feuchtigkeitstransportierend. Der 7-Knopf-Verschluss macht es noch bequemer. Ein minimalistisches Kleidungsst\u00fcck, perfekt, um jedes Outfit m\u00fchelos zu vervollst\u00e4ndigen. Hergestellt in Italien. ZUSAMMENSETZUNG: 100 % EXTRAFEINE MERINO-WOLLE\" \/>\n<meta property=\"og:url\" content=\"https:\/\/www.voustensports.com\/de\/gran-sasso-athleisure-knit-shirt-donkergroen-39786-2\/\" \/>\n<meta property=\"og:site_name\" content=\"Vousten Sports\" \/>\n<meta property=\"article:modified_time\" content=\"2026-02-05T11:21:48+00:00\" \/>\n<meta property=\"og:image\" content=\"https:\/\/www.voustensports.com\/wp-content\/uploads\/2023\/06\/ATHLEISURE-KNIT-SHIRT-DARK-BROWN397851-3.jpg\" \/>\n\t<meta property=\"og:image:width\" content=\"1457\" \/>\n\t<meta property=\"og:image:height\" content=\"2048\" \/>\n\t<meta property=\"og:image:type\" content=\"image\/jpeg\" \/>\n<meta name=\"twitter:card\" content=\"summary_large_image\" \/>\n<script type=\"application\/ld+json\" class=\"yoast-schema-graph\">{\"@context\":\"https:\/\/schema.org\",\"@graph\":[{\"@type\":\"WebPage\",\"@id\":\"https:\/\/www.voustensports.com\/de\/gran-sasso-athleisure-knit-shirt-donkergroen-39786-2\/\",\"url\":\"https:\/\/www.voustensports.com\/de\/gran-sasso-athleisure-knit-shirt-donkergroen-39786-2\/\",\"name\":\"Gran Sasso - ATHLEISURE STRICKHEMD DUNKELGR\u00dcN (39786)\u00a0 - Vousten Sports\",\"isPartOf\":{\"@id\":\"https:\/\/www.voustensports.com\/nl\/#website\"},\"primaryImageOfPage\":{\"@id\":\"https:\/\/www.voustensports.com\/de\/gran-sasso-athleisure-knit-shirt-donkergroen-39786-2\/#primaryimage\"},\"image\":{\"@id\":\"https:\/\/www.voustensports.com\/de\/gran-sasso-athleisure-knit-shirt-donkergroen-39786-2\/#primaryimage\"},\"thumbnailUrl\":\"https:\/\/www.voustensports.com\/wp-content\/uploads\/2023\/06\/ATHLEISURE-KNIT-SHIRT-DONKERGROEN-397861.jpg\",\"datePublished\":\"2024-12-07T13:48:10+00:00\",\"dateModified\":\"2026-02-05T11:21:48+00:00\",\"breadcrumb\":{\"@id\":\"https:\/\/www.voustensports.com\/de\/gran-sasso-athleisure-knit-shirt-donkergroen-39786-2\/#breadcrumb\"},\"inLanguage\":\"de-DE\",\"potentialAction\":[{\"@type\":\"ReadAction\",\"target\":[\"https:\/\/www.voustensports.com\/de\/gran-sasso-athleisure-knit-shirt-donkergroen-39786-2\/\"]}]},{\"@type\":\"ImageObject\",\"inLanguage\":\"de-DE\",\"@id\":\"https:\/\/www.voustensports.com\/de\/gran-sasso-athleisure-knit-shirt-donkergroen-39786-2\/#primaryimage\",\"url\":\"https:\/\/www.voustensports.com\/wp-content\/uploads\/2023\/06\/ATHLEISURE-KNIT-SHIRT-DONKERGROEN-397861.jpg\",\"contentUrl\":\"https:\/\/www.voustensports.com\/wp-content\/uploads\/2023\/06\/ATHLEISURE-KNIT-SHIRT-DONKERGROEN-397861.jpg\",\"width\":1457,\"height\":2048},{\"@type\":\"BreadcrumbList\",\"@id\":\"https:\/\/www.voustensports.com\/de\/gran-sasso-athleisure-knit-shirt-donkergroen-39786-2\/#breadcrumb\",\"itemListElement\":[{\"@type\":\"ListItem\",\"position\":1,\"name\":\"Home\",\"item\":\"https:\/\/www.voustensports.com\/de\/\"},{\"@type\":\"ListItem\",\"position\":2,\"name\":\"Shop\",\"item\":\"https:\/\/www.voustensports.com\/de\/shop\/\"},{\"@type\":\"ListItem\",\"position\":3,\"name\":\"Gran Sasso &#8211; ATHLEISURE STRICKHEMD DUNKELGR\u00dcN (39786)\u00a0\"}]},{\"@type\":\"WebSite\",\"@id\":\"https:\/\/www.voustensports.com\/nl\/#website\",\"url\":\"https:\/\/www.voustensports.com\/nl\/\",\"name\":\"Vousten Sports\",\"description\":\"\",\"potentialAction\":[{\"@type\":\"SearchAction\",\"target\":{\"@type\":\"EntryPoint\",\"urlTemplate\":\"https:\/\/www.voustensports.com\/nl\/?s={search_term_string}\"},\"query-input\":{\"@type\":\"PropertyValueSpecification\",\"valueRequired\":true,\"valueName\":\"search_term_string\"}}],\"inLanguage\":\"de-DE\"}]}<\/script>\n<!-- \/ Yoast SEO plugin. -->","yoast_head_json":{"title":"Gran Sasso - ATHLEISURE STRICKHEMD DUNKELGR\u00dcN (39786)\u00a0 - Vousten Sports","robots":{"index":"index","follow":"follow","max-snippet":"max-snippet:-1","max-image-preview":"max-image-preview:large","max-video-preview":"max-video-preview:-1"},"canonical":"https:\/\/www.voustensports.com\/de\/gran-sasso-athleisure-knit-shirt-donkergroen-39786-2\/","og_locale":"de_DE","og_type":"article","og_title":"Gran Sasso - ATHLEISURE STRICKHEMD DUNKELGR\u00dcN (39786)\u00a0 - Vousten Sports","og_description":"Athleisure-Shirt aus extrafeiner, pflegeleichter, maschinenwaschbarer und trocknergeeigneter technischer Merinowolle. Ein knitterfreies, pflegeleichtes, hoch atmungsaktives Garn, k\u00fchlend und feuchtigkeitstransportierend. Der 7-Knopf-Verschluss macht es noch bequemer. Ein minimalistisches Kleidungsst\u00fcck, perfekt, um jedes Outfit m\u00fchelos zu vervollst\u00e4ndigen. Hergestellt in Italien. ZUSAMMENSETZUNG: 100 % EXTRAFEINE MERINO-WOLLE","og_url":"https:\/\/www.voustensports.com\/de\/gran-sasso-athleisure-knit-shirt-donkergroen-39786-2\/","og_site_name":"Vousten Sports","article_modified_time":"2026-02-05T11:21:48+00:00","og_image":[{"width":1457,"height":2048,"url":"https:\/\/www.voustensports.com\/wp-content\/uploads\/2023\/06\/ATHLEISURE-KNIT-SHIRT-DARK-BROWN397851-3.jpg","type":"image\/jpeg"}],"twitter_card":"summary_large_image","schema":{"@context":"https:\/\/schema.org","@graph":[{"@type":"WebPage","@id":"https:\/\/www.voustensports.com\/de\/gran-sasso-athleisure-knit-shirt-donkergroen-39786-2\/","url":"https:\/\/www.voustensports.com\/de\/gran-sasso-athleisure-knit-shirt-donkergroen-39786-2\/","name":"Gran Sasso - ATHLEISURE STRICKHEMD DUNKELGR\u00dcN (39786)\u00a0 - Vousten Sports","isPartOf":{"@id":"https:\/\/www.voustensports.com\/nl\/#website"},"primaryImageOfPage":{"@id":"https:\/\/www.voustensports.com\/de\/gran-sasso-athleisure-knit-shirt-donkergroen-39786-2\/#primaryimage"},"image":{"@id":"https:\/\/www.voustensports.com\/de\/gran-sasso-athleisure-knit-shirt-donkergroen-39786-2\/#primaryimage"},"thumbnailUrl":"https:\/\/www.voustensports.com\/wp-content\/uploads\/2023\/06\/ATHLEISURE-KNIT-SHIRT-DONKERGROEN-397861.jpg","datePublished":"2024-12-07T13:48:10+00:00","dateModified":"2026-02-05T11:21:48+00:00","breadcrumb":{"@id":"https:\/\/www.voustensports.com\/de\/gran-sasso-athleisure-knit-shirt-donkergroen-39786-2\/#breadcrumb"},"inLanguage":"de-DE","potentialAction":[{"@type":"ReadAction","target":["https:\/\/www.voustensports.com\/de\/gran-sasso-athleisure-knit-shirt-donkergroen-39786-2\/"]}]},{"@type":"ImageObject","inLanguage":"de-DE","@id":"https:\/\/www.voustensports.com\/de\/gran-sasso-athleisure-knit-shirt-donkergroen-39786-2\/#primaryimage","url":"https:\/\/www.voustensports.com\/wp-content\/uploads\/2023\/06\/ATHLEISURE-KNIT-SHIRT-DONKERGROEN-397861.jpg","contentUrl":"https:\/\/www.voustensports.com\/wp-content\/uploads\/2023\/06\/ATHLEISURE-KNIT-SHIRT-DONKERGROEN-397861.jpg","width":1457,"height":2048},{"@type":"BreadcrumbList","@id":"https:\/\/www.voustensports.com\/de\/gran-sasso-athleisure-knit-shirt-donkergroen-39786-2\/#breadcrumb","itemListElement":[{"@type":"ListItem","position":1,"name":"Home","item":"https:\/\/www.voustensports.com\/de\/"},{"@type":"ListItem","position":2,"name":"Shop","item":"https:\/\/www.voustensports.com\/de\/shop\/"},{"@type":"ListItem","position":3,"name":"Gran Sasso &#8211; ATHLEISURE STRICKHEMD DUNKELGR\u00dcN (39786)\u00a0"}]},{"@type":"WebSite","@id":"https:\/\/www.voustensports.com\/nl\/#website","url":"https:\/\/www.voustensports.com\/nl\/","name":"Vousten Sports","description":"","potentialAction":[{"@type":"SearchAction","target":{"@type":"EntryPoint","urlTemplate":"https:\/\/www.voustensports.com\/nl\/?s={search_term_string}"},"query-input":{"@type":"PropertyValueSpecification","valueRequired":true,"valueName":"search_term_string"}}],"inLanguage":"de-DE"}]}},"_links":{"self":[{"href":"https:\/\/www.voustensports.com\/de\/wp-json\/wp\/v2\/product\/191409","targetHints":{"allow":["GET"]}}],"collection":[{"href":"https:\/\/www.voustensports.com\/de\/wp-json\/wp\/v2\/product"}],"about":[{"href":"https:\/\/www.voustensports.com\/de\/wp-json\/wp\/v2\/types\/product"}],"replies":[{"embeddable":true,"href":"https:\/\/www.voustensports.com\/de\/wp-json\/wp\/v2\/comments?post=191409"}],"wp:featuredmedia":[{"embeddable":true,"href":"https:\/\/www.voustensports.com\/de\/wp-json\/wp\/v2\/media\/194208"}],"wp:attachment":[{"href":"https:\/\/www.voustensports.com\/de\/wp-json\/wp\/v2\/media?parent=191409"}],"wp:term":[{"taxonomy":"product_cat","embeddable":true,"href":"https:\/\/www.voustensports.com\/de\/wp-json\/wp\/v2\/product_cat?post=191409"},{"taxonomy":"product_tag","embeddable":true,"href":"https:\/\/www.voustensports.com\/de\/wp-json\/wp\/v2\/product_tag?post=191409"}],"curies":[{"name":"wp","href":"https:\/\/api.w.org\/{rel}","templated":true}]}}